{"id":621,"date":"2013-07-22T16:31:56","date_gmt":"2013-07-22T16:31:56","guid":{"rendered":"http:\/\/www.photojosebueno.com\/blog\/?page_id=621"},"modified":"2017-04-18T10:36:37","modified_gmt":"2017-04-18T08:36:37","slug":"cuadernos-tecnicos","status":"publish","type":"page","link":"https:\/\/www.photojosebueno.com\/?page_id=621","title":{"rendered":"NOTEBOOKS"},"content":{"rendered":"<p style=\"text-align: justify;\"><span style=\"color: #808080;\">This section is addressed to fellow photographers who at some point have asked me about these issues.<\/span><\/p>\n<p style=\"text-align: justify;\">Este apartado est\u00e1 dirigido a colegas fot\u00f3grafos que en alg\u00fan momento me han preguntado sobre estos temas.<\/p>\n<p style=\"text-align: justify;\"><strong><img loading=\"lazy\" decoding=\"async\" class=\"alignleft wp-image-629\" src=\"http:\/\/photojosebueno.com\/wp-content\/uploads\/2013\/07\/Cuaderno-Distancia-Hiperfocal.gif\" alt=\"\" width=\"100\" height=\"79\" \/><span style=\"color: #808080;\"><a style=\"color: #808080;\" href=\"http:\/\/www.photojosebueno.com\/?page_id=98\"><span style=\"text-decoration: underline;\">HYPERFOCAL DISTANCE &#8211; DISTANCIA HIPERFOCAL:<\/span><\/a><\/span>\u00a0<\/strong>Here you can find the definition and how to calculate the hyperfocal distance, what are the Circles of Confusion, as well as tables and examples on this topic.<\/p>\n<p style=\"text-align: justify;\">Aqu\u00ed podr\u00e1s encontrar la definici\u00f3n y c\u00f3mo calcular la distancia hiperfocal, qu\u00e9 son los C\u00edrculos de Confusi\u00f3n, as\u00ed como tablas y ejemplos sobre este tema.<\/p>\n<p style=\"text-align: justify;\"><img loading=\"lazy\" decoding=\"async\" class=\"alignleft wp-image-630\" src=\"http:\/\/photojosebueno.com\/wp-content\/uploads\/2013\/07\/Cuaderno-La-gesti\u00f3n-del-color.gif\" alt=\"\" width=\"100\" height=\"79\" \/><span style=\"color: #808080;\"><a style=\"color: #808080;\" href=\"http:\/\/www.photojosebueno.com\/?page_id=355\"><span style=\"text-decoration: underline;\"><strong>COLOR MANAGEMENT &#8211; GESTION DEL COLOR:<\/strong><\/span><\/a><\/span>\u00a0If you are interested in controlling the entire color management chain. Learn to calibrate the screen of your computer, our work sessions or the printing systems. With many examples.<\/p>\n<p style=\"text-align: justify;\">Si te interesa controlar toda la cadena de gesti\u00f3n del color. Aprende calibrar la pantalla de tu ordenador, \u00a0nuestras sesiones de trabajo o los sistemas de impresi\u00f3n. Con muchos ejemplos.<\/p>\n<p style=\"text-align: justify;\"><img loading=\"lazy\" decoding=\"async\" class=\"alignleft wp-image-682\" src=\"http:\/\/photojosebueno.com\/wp-content\/uploads\/2013\/07\/Factor-de-Recorte.gif\" alt=\"\" width=\"100\" height=\"79\" \/><\/p>\n<p style=\"text-align: justify;\"><strong><span style=\"color: #808080;\"><a style=\"color: #808080;\" href=\"http:\/\/www.photojosebueno.com\/?page_id=613\">CROP FACTOR &#8211; FACTOR DE RECORTE:<\/a>\u00a0<\/span>\u00a0<\/strong>If you want to know how to calculate the Crop Factor or Multiplier of any optics in any sensor you just have to access this notebook. Easy, they&#8217;re basic math.<\/p>\n<p style=\"text-align: justify;\">Si quieres conocer c\u00f3mo calcular el Factor de Recorte o Multiplicador de cualquier \u00f3ptica en cualquier sensor tan solo tienes que acceder a este cuaderno. \u00a0Tranquilo, son matem\u00e1ticas b\u00e1sicas.<\/p>\n","protected":false},"excerpt":{"rendered":"<p>This section is addressed to fellow photographers who at some point have asked me about these issues. Este apartado est\u00e1 dirigido a colegas fot\u00f3grafos que en alg\u00fan momento me han preguntado sobre estos temas. HYPERFOCAL DISTANCE &#8211; DISTANCIA HIPERFOCAL:\u00a0Here you can find the definition and how to calculate the hyperfocal distance, what are the Circles [&hellip;]<\/p>\n","protected":false},"author":1,"featured_media":0,"parent":0,"menu_order":0,"comment_status":"closed","ping_status":"closed","template":"","meta":{"footnotes":""},"class_list":["post-621","page","type-page","status-publish","hentry"],"_links":{"self":[{"href":"https:\/\/www.photojosebueno.com\/index.php?rest_route=\/wp\/v2\/pages\/621","targetHints":{"allow":["GET"]}}],"collection":[{"href":"https:\/\/www.photojosebueno.com\/index.php?rest_route=\/wp\/v2\/pages"}],"about":[{"href":"https:\/\/www.photojosebueno.com\/index.php?rest_route=\/wp\/v2\/types\/page"}],"author":[{"embeddable":true,"href":"https:\/\/www.photojosebueno.com\/index.php?rest_route=\/wp\/v2\/users\/1"}],"replies":[{"embeddable":true,"href":"https:\/\/www.photojosebueno.com\/index.php?rest_route=%2Fwp%2Fv2%2Fcomments&post=621"}],"version-history":[{"count":66,"href":"https:\/\/www.photojosebueno.com\/index.php?rest_route=\/wp\/v2\/pages\/621\/revisions"}],"predecessor-version":[{"id":2012,"href":"https:\/\/www.photojosebueno.com\/index.php?rest_route=\/wp\/v2\/pages\/621\/revisions\/2012"}],"wp:attachment":[{"href":"https:\/\/www.photojosebueno.com\/index.php?rest_route=%2Fwp%2Fv2%2Fmedia&parent=621"}],"curies":[{"name":"wp","href":"https:\/\/api.w.org\/{rel}","templated":true}]}}