{"id":613,"date":"2013-07-22T16:31:21","date_gmt":"2013-07-22T16:31:21","guid":{"rendered":"http:\/\/www.photojosebueno.com\/blog\/?page_id=613"},"modified":"2017-04-15T16:05:28","modified_gmt":"2017-04-15T14:05:28","slug":"factor-de-recorte","status":"publish","type":"page","link":"https:\/\/www.photojosebueno.com\/?page_id=613","title":{"rendered":"Factor de Recorte"},"content":{"rendered":"<p style=\"text-align: justify;\"><strong>CROP FACTOR &#8211; FACTOR DE RECORTE<\/strong><\/p>\n<p style=\"text-align: justify;\">En m\u00e1s de una ocasi\u00f3n seguro que has le\u00eddo que tal c\u00e1mara tiene un factor de recorte o factor multiplicador y seguramente lo utilices para saber con qu\u00e9 focal cuentas o est\u00e1s trabajando pero sabes c\u00f3mo calcular ese factor de recorte o el multiplicador para una c\u00e1mara concreta y objetivo. Si la respuesta es que no lo sabes, te aconsejo que sigas leyendo este blog pues intentar\u00e9 explicarlo de la forma m\u00e1s sencilla posible.<\/p>\n<p style=\"text-align: justify;\">Pero antes de ir al grano, me gustar\u00eda explicar algunos conceptos b\u00e1sicos para entender lo que viene despu\u00e9s.<\/p>\n<p style=\"text-align: justify;\">El primer concepto que debemos saber es que es la distancia focal ya que mucha gente piensa que es la longitud del objetivo y esto no es as\u00ed.<\/p>\n<p style=\"text-align: justify;\">La distancia focal en un objetivo es la distancia que existe entre el centro \u00f3ptico del objetivo y el plano donde se concentra el foco en el sensor o pel\u00edcula, tambi\u00e9n conocido como plano focal. Esta distancia normalmente se mide en mil\u00edmetros.<\/p>\n<p><img loading=\"lazy\" decoding=\"async\" class=\"aligncenter wp-image-667 size-full\" src=\"http:\/\/photojosebueno.com\/wp-content\/uploads\/2013\/07\/JBM7822.jpg\" alt=\"_JBM7822\" width=\"900\" height=\"592\" srcset=\"https:\/\/photojosebueno.com\/wp-content\/uploads\/2013\/07\/JBM7822.jpg 900w, https:\/\/photojosebueno.com\/wp-content\/uploads\/2013\/07\/JBM7822-300x197.jpg 300w, https:\/\/photojosebueno.com\/wp-content\/uploads\/2013\/07\/JBM7822-456x300.jpg 456w\" sizes=\"auto, (max-width: 900px) 100vw, 900px\" \/><\/p>\n<p style=\"text-align: justify;\">Esa distancia focal suele venir impresa en el objetivo y es normal que queramos conocer su equivalencia a la medida m\u00e1s est\u00e1ndar, me refiero al sensor o pel\u00edcula de 24mmx36mm o tambi\u00e9n conocido en la era digital como full frame.<\/p>\n<p style=\"text-align: justify;\">Pues bien conociendo el factor de recorte o factor de multiplicaci\u00f3n, resulta muy f\u00e1cil conocer dicha equivalencia pues tan solo tendremos que multiplicar ese factor por la distancia focal. Ojo es equivalencia pues el sensor al ser m\u00e1s peque\u00f1o recoge menos campo o informaci\u00f3n pero quede claro que la distancia focal del objetivo no var\u00eda.<\/p>\n<p style=\"text-align: justify;\">Por ejemplo si tenemos un objetivo de 16mm., dise\u00f1ado para una c\u00e1mara con sensor APS-C, debemos saber que tiene un factor de recorte o multiplicador de 1,52 por lo que si hacemos una simple multiplicaci\u00f3n, sabremos que ese objetivo ser\u00eda equivalente a un objetivo de 24mm. en el formato full frame.<\/p>\n<p style=\"text-align: justify;\">Hay m\u00e1s ejemplos que veremos m\u00e1s adelante donde nos resultar\u00e1 interesante conocer ese factor pero, \u2026 c\u00f3mo se calcula?<\/p>\n<p style=\"text-align: justify;\">Siguiendo con el sensor APS-C cuyas medidas son 23,6 x 15,7mm. vamos a calcular cual ser\u00eda su factor de recorte con respecto a formato full frame.<\/p>\n<p style=\"text-align: justify;\">Para ello vamos a utilizar el famoso Teorema de Pit\u00e1goras pero no te asustes que son matem\u00e1ticas b\u00e1sicas.<\/p>\n<p style=\"text-align: justify;\">Simplemente calculamos el valor de la hipotenusa que es la medida de la diagonal del sensor, seguro que as\u00ed te resulte mucho m\u00e1s f\u00e1cil de entender:<\/p>\n<p style=\"text-align: justify;\"><img loading=\"lazy\" decoding=\"async\" class=\"aligncenter wp-image-679 size-full\" src=\"http:\/\/photojosebueno.com\/wp-content\/uploads\/2013\/07\/Calculo-hipotenusa.jpg\" alt=\"Calculo hipotenusa\" width=\"500\" height=\"189\" srcset=\"https:\/\/photojosebueno.com\/wp-content\/uploads\/2013\/07\/Calculo-hipotenusa.jpg 500w, https:\/\/photojosebueno.com\/wp-content\/uploads\/2013\/07\/Calculo-hipotenusa-300x113.jpg 300w\" sizes=\"auto, (max-width: 500px) 100vw, 500px\" \/><\/p>\n<p style=\"text-align: justify;\">H(Full frame-35mm.)= \u221a a\u22272+b\u22272 = \u221a36\u22272+24\u22272 = 43,27<\/p>\n<p style=\"text-align: justify;\">H(APS-C)= \u221a a\u22272+b\u22272 = \u221a23,6\u22272+15,7\u22272 = 28,43<\/p>\n<p style=\"text-align: justify;\">Ya conocemos las dos hipotenusas, tranquilo que ya solo tenemos que hacer una divisi\u00f3n:<\/p>\n<p style=\"text-align: justify;\">Factor de Recorte o Multiplicaci\u00f3n = H(35mm.) \/ H(APS-C)<\/p>\n<p style=\"text-align: justify;\">Fr\/Fm= 43,27 \/ 28,43 = 1,52<\/p>\n<p style=\"text-align: justify;\">Por fin tenemos esa cifra m\u00e1gica y sabemos que si multiplicamos el dato que viene en nuestro objetivo APS-C podemos saber a que equivale en full frame.<\/p>\n<p style=\"text-align: justify;\"><img loading=\"lazy\" decoding=\"async\" class=\"aligncenter wp-image-671 size-full\" src=\"http:\/\/photojosebueno.com\/wp-content\/uploads\/2013\/07\/Sensores.jpg\" alt=\"Sensores\" width=\"800\" height=\"323\" srcset=\"https:\/\/photojosebueno.com\/wp-content\/uploads\/2013\/07\/Sensores.jpg 800w, https:\/\/photojosebueno.com\/wp-content\/uploads\/2013\/07\/Sensores-300x121.jpg 300w, https:\/\/photojosebueno.com\/wp-content\/uploads\/2013\/07\/Sensores-500x201.jpg 500w\" sizes=\"auto, (max-width: 800px) 100vw, 800px\" \/><\/p>\n<p style=\"text-align: justify;\"><img loading=\"lazy\" decoding=\"async\" class=\"aligncenter wp-image-674 size-full\" src=\"http:\/\/photojosebueno.com\/wp-content\/uploads\/2013\/07\/JBM7858.jpg\" alt=\"_JBM7858\" width=\"846\" height=\"582\" srcset=\"https:\/\/photojosebueno.com\/wp-content\/uploads\/2013\/07\/JBM7858.jpg 846w, https:\/\/photojosebueno.com\/wp-content\/uploads\/2013\/07\/JBM7858-300x206.jpg 300w, https:\/\/photojosebueno.com\/wp-content\/uploads\/2013\/07\/JBM7858-436x300.jpg 436w\" sizes=\"auto, (max-width: 846px) 100vw, 846px\" \/><\/p>\n<p style=\"text-align: justify;\">Espero que a partir de ahora no tengas ning\u00fan problema en calcular la focal que llevas en tu c\u00e1mara e incluso te sirva para comprar objetivos que seguramente no hab\u00edas pensado.<\/p>\n<p style=\"text-align: justify;\"><img loading=\"lazy\" decoding=\"async\" class=\"aligncenter wp-image-676 size-full\" src=\"http:\/\/photojosebueno.com\/wp-content\/uploads\/2013\/07\/JBM7856.jpg\" alt=\"_JBM7856\" width=\"1200\" height=\"568\" srcset=\"https:\/\/photojosebueno.com\/wp-content\/uploads\/2013\/07\/JBM7856.jpg 1200w, https:\/\/photojosebueno.com\/wp-content\/uploads\/2013\/07\/JBM7856-300x142.jpg 300w, https:\/\/photojosebueno.com\/wp-content\/uploads\/2013\/07\/JBM7856-1024x484.jpg 1024w, https:\/\/photojosebueno.com\/wp-content\/uploads\/2013\/07\/JBM7856-500x236.jpg 500w\" sizes=\"auto, (max-width: 1200px) 100vw, 1200px\" \/><\/p>\n<p style=\"text-align: justify;\">No te pierdas la entrada en la que probaremos este \u201cpepino\u201d y si te ha resultado interesante este tema recuerda compartir con tus amigos.<\/p>\n<p style=\"text-align: justify;\"><em>On more than one occasion sure you&#8217;ve read that this camera has a crop factor or multiplier factor surely use to know what focal accounts or are working but you know how to calculate the crop factor or multiplier for a specific camera and lens . If the answer is you do not know, I suggest you stop reading this blog then try to explain it in the simplest way possible.<\/em><\/p>\n<p style=\"text-align: justify;\"><em>But before we get to the point, I would like to explain some basics to understand what comes next.<\/em><\/p>\n<p style=\"text-align: justify;\"><em>The first concept we need to know is that the focal length is because many people think it is the length of the lens and this is not so.<\/em><\/p>\n<p style=\"text-align: justify;\"><em>The focal length in a lens is the distance between the optical center of the lens and the plane where the focus is concentrated on the sensor or film, also known as focal plane. This distance is typically measured in millimeters.<\/em><\/p>\n<p style=\"text-align: justify;\"><em>That usually comes focal length printed on the lens and the camera always related to that goal was designed but it is very normal to want to know the equivalence of the objective standard to measure, I mean the sensor or film or even 24mmx36mm known in the digital age as full frame.<\/em><\/p>\n<p style=\"text-align: justify;\"><em>Well knowing the crop factor or multiplication factor, it is very easy to meet this equivalence because we just multiply that factor by the focal length. Eye is equivalent for the sensor to be smaller or information collected under field but it is clear that the focal length does not change.<\/em><\/p>\n<p style=\"text-align: justify;\"><em>For example if we have a 16mm objective., Designed for a camera with APS-C sensor, we know you have a crop factor or multiplier of 1.52 so if we do a simple multiplication, we know that this goal would be equivalent to a 24mm lens. in full frame format.<\/em><\/p>\n<p style=\"text-align: justify;\"><em>There are more examples that we will see where we find it interesting to know that factor but &#8230; how is it calculated?<\/em><\/p>\n<p style=\"text-align: justify;\"><em>Following the APS-C sensor whose measurements are 23.6 x 15.7 mm. we will calculate what your crop factor compared to full frame format.<\/em><\/p>\n<p style=\"text-align: justify;\"><em>For this we will use the famous Pythagorean Theorem but do not panic they are basic math.<\/em><\/p>\n<p style=\"text-align: justify;\"><em>We simply calculate the value of the hypotenuse which is the measure of the diagonal of the sensor, so you certainly much easier to understand:<\/em><\/p>\n<p style=\"text-align: justify;\"><em>H (35mm Full-frame.) \u2227 = \u221a a 2 + b 2 = \u221a 36 \u2227 \u2227 \u2227 2 +24 2 = 43.27<\/em><\/p>\n<p style=\"text-align: justify;\"><em>H (APS-C) \u2227 = \u221a a 2 + b 2 = \u221a 23.6 \u2227 \u2227 2 \u2227 2 = 28.43 +15.7<\/em><\/p>\n<p style=\"text-align: justify;\"><em>We know the two hypotenuse, quiet and just have to do a division:<\/em><\/p>\n<p style=\"text-align: justify;\"><em>Trim or Multiplication Factor = H (35mm.) \/ H (APS-C)<\/em><\/p>\n<p style=\"text-align: justify;\"><em>Fr \/ Fm = 43.27 \/ 28.43 = 1.52<\/em><\/p>\n<p style=\"text-align: justify;\"><em>We finally have that magic number and we know that if we multiply the data that comes in our goal APS-C we know in full frame equivalent.<\/em><\/p>\n<p style=\"text-align: justify;\"><em>I hope from now on you have no problem in calculating the length you have in your camera and even serve you for buying objectives certainly not thought.<\/em><\/p>\n<p style=\"text-align: justify;\"><em>Do not miss the entry that prove this \u00absalad\u00bb and if you found it interesting this topic reminds share with your friends.<\/em><\/p>\n","protected":false},"excerpt":{"rendered":"<p>CROP FACTOR &#8211; FACTOR DE RECORTE En m\u00e1s de una ocasi\u00f3n seguro que has le\u00eddo que tal c\u00e1mara tiene un factor de recorte o factor multiplicador y seguramente lo utilices para saber con qu\u00e9 focal cuentas o est\u00e1s trabajando pero sabes c\u00f3mo calcular ese factor de recorte o el multiplicador para una c\u00e1mara concreta y [&hellip;]<\/p>\n","protected":false},"author":1,"featured_media":0,"parent":0,"menu_order":0,"comment_status":"closed","ping_status":"closed","template":"","meta":{"footnotes":""},"class_list":["post-613","page","type-page","status-publish","hentry"],"_links":{"self":[{"href":"https:\/\/www.photojosebueno.com\/index.php?rest_route=\/wp\/v2\/pages\/613","targetHints":{"allow":["GET"]}}],"collection":[{"href":"https:\/\/www.photojosebueno.com\/index.php?rest_route=\/wp\/v2\/pages"}],"about":[{"href":"https:\/\/www.photojosebueno.com\/index.php?rest_route=\/wp\/v2\/types\/page"}],"author":[{"embeddable":true,"href":"https:\/\/www.photojosebueno.com\/index.php?rest_route=\/wp\/v2\/users\/1"}],"replies":[{"embeddable":true,"href":"https:\/\/www.photojosebueno.com\/index.php?rest_route=%2Fwp%2Fv2%2Fcomments&post=613"}],"version-history":[{"count":27,"href":"https:\/\/www.photojosebueno.com\/index.php?rest_route=\/wp\/v2\/pages\/613\/revisions"}],"predecessor-version":[{"id":1992,"href":"https:\/\/www.photojosebueno.com\/index.php?rest_route=\/wp\/v2\/pages\/613\/revisions\/1992"}],"wp:attachment":[{"href":"https:\/\/www.photojosebueno.com\/index.php?rest_route=%2Fwp%2Fv2%2Fmedia&parent=613"}],"curies":[{"name":"wp","href":"https:\/\/api.w.org\/{rel}","templated":true}]}}