{"id":410,"date":"2013-04-07T20:43:37","date_gmt":"2013-04-07T20:43:37","guid":{"rendered":"http:\/\/www.photojosebueno.com\/blog\/?page_id=410"},"modified":"2017-04-15T17:23:34","modified_gmt":"2017-04-15T15:23:34","slug":"calibracion-de-los-sistemas-de-impresion","status":"publish","type":"page","link":"https:\/\/www.photojosebueno.com\/?page_id=410","title":{"rendered":"CALIBRACION DE LOS SISTEMAS DE IMPRESI\u00d3N"},"content":{"rendered":"<p style=\"text-align: left;\"><strong>CALIBRACION DE LOS SISTEMAS DE IMPRESI\u00d3N<\/strong><\/p>\n<p style=\"text-align: left;\"><a href=\"http:\/\/www.photojosebueno.com\/?attachment_id=435\" rel=\"attachment wp-att-435\"><img loading=\"lazy\" decoding=\"async\" class=\"alignleft wp-image-435 size-medium\" src=\"http:\/\/photojosebueno.com\/wp-content\/uploads\/2013\/04\/DSCF1270-300x226.png\" alt=\"\" width=\"300\" height=\"226\" srcset=\"https:\/\/photojosebueno.com\/wp-content\/uploads\/2013\/04\/DSCF1270-300x226.png 300w, https:\/\/photojosebueno.com\/wp-content\/uploads\/2013\/04\/DSCF1270-397x300.png 397w, https:\/\/photojosebueno.com\/wp-content\/uploads\/2013\/04\/DSCF1270.png 800w\" sizes=\"auto, (max-width: 300px) 100vw, 300px\" \/><\/a>Por fin llegamos al \u00faltimo eslab\u00f3n importante de la cadena de la gesti\u00f3n del color.<\/p>\n<p style=\"text-align: justify;\">Recuerdo con cari\u00f1o y en ocasiones con a\u00f1oranza los cientos de horas que me he pasado en un cuarto oscuro revelando carretes con los l\u00edquidos alguno de ellos muy venenosos pero he de reconocer que \u201crevelar\u201d con un ordenador y una impresora a plena luz es tambi\u00e9n una delicia. Ya se que muchos puristas dir\u00e1n que los resultados no son los mismos, pues bien, en mi caso son m\u00e1s que suficientes y adem\u00e1s podemos \u201crevelar\u201d en color sin las complicaciones y lio que era hacerlo con una ampliadora.<\/p>\n<p style=\"text-align: justify;\">Actualmente son muchos y buenos los fabricantes tanto de impresoras como de papeles especializados en fotograf\u00eda. Papeles en ocasiones ciertamente caros pero especiales para color, blanco y negro etc. etc. Papeles por ejemplo baritados. Qui\u00e9n conoce el proceso del papel baritado en el laboratorio qu\u00edmico, al menos reconocer\u00e1 de lo tedioso que resultaba el proceso. Recuerdo una especie de tostadora en la que hab\u00eda que poner el papel y que a veces si te pasabas se iba todo el proceso a la porra. Pero centr\u00e9monos en la actualidad y de c\u00f3mo conseguir que esas fotos perfectamente calibradas en nuestro monitor y nuestros perfiles de la c\u00e1mara, se impriman de la mejor manera en nuestra impresora.<\/p>\n<p style=\"text-align: justify;\">La primera decisi\u00f3n complicada es elegir el papel y es que hay muchas marcas y muchas variables, como gramaje o peso, acabado en brillo, mate, la opacidad, glossy, baritado, uff \u2026, hay m\u00e1s variedad que cuando los qu\u00edmicos. Mi consejo es conseguir pruebas y cuando encuentres uno que te gusta, pues ya sabes, c\u00e1sate.<\/p>\n<p style=\"text-align: justify;\">Pero seguimos con el tema de calibraci\u00f3n. Normalmente los fabricantes buenos de papel ofrecen el perfil ICC para cada modelo en sus p\u00e1ginas web.\u00a0 Papeles como Hahnem\u00fchle, Somerset, Harman, Canson, Ilford e incluso Epson o HP puedes acudir a sus p\u00e1ginas y bajar el correspondiente ICC. Una vez descargado, tan solo tendr\u00e1s que instalarlo dependiendo de si el ordenador es Mac o PC y no olvides que cuando est\u00e9s realizando todos los ajustes de impresi\u00f3n tienes que decir que el programa de edici\u00f3n utilice el ICC correspondiente.<\/p>\n<p style=\"text-align: justify;\">A\u00fan as\u00ed podemos generar para cada papel un perfil ICC con nuestro ColoMunki Photo, si ese mismo cacharro que hemos utilizado para calibrar el monitor. \u00a0Para ello arrancamos el programa ColorMunki y seleccionamos la opci\u00f3n Perfilar mi impresora.<\/p>\n<p style=\"text-align: justify;\"><img loading=\"lazy\" decoding=\"async\" class=\"aligncenter wp-image-375 size-full\" src=\"http:\/\/photojosebueno.com\/wp-content\/uploads\/2013\/04\/Foto16.png\" alt=\"\" width=\"980\" height=\"682\" srcset=\"https:\/\/photojosebueno.com\/wp-content\/uploads\/2013\/04\/Foto16.png 980w, https:\/\/photojosebueno.com\/wp-content\/uploads\/2013\/04\/Foto16-300x208.png 300w, https:\/\/photojosebueno.com\/wp-content\/uploads\/2013\/04\/Foto16-431x300.png 431w\" sizes=\"auto, (max-width: 980px) 100vw, 980px\" \/><\/p>\n<p style=\"text-align: justify;\">A continuaci\u00f3n seleccionamos la impresora y el nombre que queremos identificar el papel a calibrar. Mi consejo es dar como nombre el de la marca y modelo del papel.<\/p>\n<p style=\"text-align: justify;\">Colocamos unas hojas del papel que queremos generar el ICC y le damos a imprimir.<\/p>\n<p style=\"text-align: justify;\"><img loading=\"lazy\" decoding=\"async\" class=\"aligncenter wp-image-376 size-full\" src=\"http:\/\/photojosebueno.com\/wp-content\/uploads\/2013\/04\/Foto17.png\" alt=\"\" width=\"984\" height=\"684\" srcset=\"https:\/\/photojosebueno.com\/wp-content\/uploads\/2013\/04\/Foto17.png 984w, https:\/\/photojosebueno.com\/wp-content\/uploads\/2013\/04\/Foto17-300x208.png 300w, https:\/\/photojosebueno.com\/wp-content\/uploads\/2013\/04\/Foto17-431x300.png 431w\" sizes=\"auto, (max-width: 984px) 100vw, 984px\" \/><\/p>\n<p>El programa enviar\u00e1 una primera impresi\u00f3n con cinco filas de parches de color.<\/p>\n<p style=\"text-align: center;\"><img loading=\"lazy\" decoding=\"async\" class=\"aligncenter wp-image-381 size-full\" src=\"http:\/\/photojosebueno.com\/wp-content\/uploads\/2013\/04\/carta11.png\" alt=\"\" width=\"537\" height=\"725\" srcset=\"https:\/\/photojosebueno.com\/wp-content\/uploads\/2013\/04\/carta11.png 537w, https:\/\/photojosebueno.com\/wp-content\/uploads\/2013\/04\/carta11-222x300.png 222w\" sizes=\"auto, (max-width: 537px) 100vw, 537px\" \/><\/p>\n<p>Con esta carta deslizaremos el ColoMunki Photo por cada una de las cinco filas siguiendo las instrucciones en la pantalla.<\/p>\n<p style=\"text-align: center;\"><img loading=\"lazy\" decoding=\"async\" class=\"aligncenter wp-image-382 size-full\" src=\"http:\/\/photojosebueno.com\/wp-content\/uploads\/2013\/04\/Foto-Parche.png\" alt=\"\" width=\"632\" height=\"675\" srcset=\"https:\/\/photojosebueno.com\/wp-content\/uploads\/2013\/04\/Foto-Parche.png 632w, https:\/\/photojosebueno.com\/wp-content\/uploads\/2013\/04\/Foto-Parche-280x300.png 280w\" sizes=\"auto, (max-width: 632px) 100vw, 632px\" \/><\/p>\n<p>Una vez realizado este proceso, el programa nos avisa que enviar\u00e1 otra impresi\u00f3n, esta vez basado en un c\u00e1lculo del anterior y con cara a aumentar la precisi\u00f3n y uniformidad.<\/p>\n<p><img loading=\"lazy\" decoding=\"async\" class=\"aligncenter wp-image-383 size-full\" src=\"http:\/\/photojosebueno.com\/wp-content\/uploads\/2013\/04\/Foto18.png\" alt=\"\" width=\"978\" height=\"680\" srcset=\"https:\/\/photojosebueno.com\/wp-content\/uploads\/2013\/04\/Foto18.png 978w, https:\/\/photojosebueno.com\/wp-content\/uploads\/2013\/04\/Foto18-300x208.png 300w, https:\/\/photojosebueno.com\/wp-content\/uploads\/2013\/04\/Foto18-431x300.png 431w\" sizes=\"auto, (max-width: 978px) 100vw, 978px\" \/><\/p>\n<p style=\"text-align: justify;\">Con esta segunda carta repetimos el proceso anterior y una vez finalizado, ya tenemos el perfil ICC creado para ese papel y esa impresora.<\/p>\n<p style=\"text-align: justify;\">Tan solo tenemos que enviar esa imagen perfecta que tanto no has costado obtener con nuestra c\u00e1mara pero no olvidemos utilizar el perfil de nuestro espacio de trabajo, si ese con el que empezamos este tema y el perfil ICC en la impresi\u00f3n.<\/p>\n<p style=\"text-align: justify;\"><img loading=\"lazy\" decoding=\"async\" class=\"aligncenter wp-image-384 size-full\" src=\"http:\/\/photojosebueno.com\/wp-content\/uploads\/2013\/04\/Foto19.jpg\" alt=\"\" width=\"800\" height=\"514\" srcset=\"https:\/\/photojosebueno.com\/wp-content\/uploads\/2013\/04\/Foto19.jpg 800w, https:\/\/photojosebueno.com\/wp-content\/uploads\/2013\/04\/Foto19-300x192.jpg 300w, https:\/\/photojosebueno.com\/wp-content\/uploads\/2013\/04\/Foto19-466x300.jpg 466w\" sizes=\"auto, (max-width: 800px) 100vw, 800px\" \/><\/p>\n<p style=\"text-align: justify;\">Con estos procesos habremos conseguido que nuestra imagen se mueva y entienda con los distintos sistemas que utilizamos en nuestro workflow fotogr\u00e1fico.<\/p>\n","protected":false},"excerpt":{"rendered":"<p>CALIBRACION DE LOS SISTEMAS DE IMPRESI\u00d3N Por fin llegamos al \u00faltimo eslab\u00f3n importante de la cadena de la gesti\u00f3n del color. Recuerdo con cari\u00f1o y en ocasiones con a\u00f1oranza los cientos de horas que me he pasado en un cuarto oscuro revelando carretes con los l\u00edquidos alguno de ellos muy venenosos pero he de reconocer [&hellip;]<\/p>\n","protected":false},"author":1,"featured_media":0,"parent":355,"menu_order":3,"comment_status":"open","ping_status":"open","template":"","meta":{"footnotes":""},"class_list":["post-410","page","type-page","status-publish","hentry"],"_links":{"self":[{"href":"https:\/\/www.photojosebueno.com\/index.php?rest_route=\/wp\/v2\/pages\/410","targetHints":{"allow":["GET"]}}],"collection":[{"href":"https:\/\/www.photojosebueno.com\/index.php?rest_route=\/wp\/v2\/pages"}],"about":[{"href":"https:\/\/www.photojosebueno.com\/index.php?rest_route=\/wp\/v2\/types\/page"}],"author":[{"embeddable":true,"href":"https:\/\/www.photojosebueno.com\/index.php?rest_route=\/wp\/v2\/users\/1"}],"replies":[{"embeddable":true,"href":"https:\/\/www.photojosebueno.com\/index.php?rest_route=%2Fwp%2Fv2%2Fcomments&post=410"}],"version-history":[{"count":6,"href":"https:\/\/www.photojosebueno.com\/index.php?rest_route=\/wp\/v2\/pages\/410\/revisions"}],"predecessor-version":[{"id":2000,"href":"https:\/\/www.photojosebueno.com\/index.php?rest_route=\/wp\/v2\/pages\/410\/revisions\/2000"}],"up":[{"embeddable":true,"href":"https:\/\/www.photojosebueno.com\/index.php?rest_route=\/wp\/v2\/pages\/355"}],"wp:attachment":[{"href":"https:\/\/www.photojosebueno.com\/index.php?rest_route=%2Fwp%2Fv2%2Fmedia&parent=410"}],"curies":[{"name":"wp","href":"https:\/\/api.w.org\/{rel}","templated":true}]}}