{"id":398,"date":"2013-04-07T20:44:10","date_gmt":"2013-04-07T20:44:10","guid":{"rendered":"http:\/\/www.photojosebueno.com\/blog\/?page_id=398"},"modified":"2017-04-15T17:07:06","modified_gmt":"2017-04-15T15:07:06","slug":"calibracion-de-pantallas","status":"publish","type":"page","link":"https:\/\/www.photojosebueno.com\/?page_id=398","title":{"rendered":"CALIBRACI\u00d3N DE PANTALLAS"},"content":{"rendered":"<p><strong>CALIBRACI\u00d3N DE PANTALLAS<\/strong><\/p>\n<p><strong>\u00a0<img loading=\"lazy\" decoding=\"async\" class=\"alignleft wp-image-393 size-medium\" src=\"http:\/\/photojosebueno.com\/wp-content\/uploads\/2013\/04\/pagina-color-300x199.jpg\" alt=\"\" width=\"300\" height=\"199\" srcset=\"https:\/\/photojosebueno.com\/wp-content\/uploads\/2013\/04\/pagina-color-300x199.jpg 300w, https:\/\/photojosebueno.com\/wp-content\/uploads\/2013\/04\/pagina-color-451x300.jpg 451w, https:\/\/photojosebueno.com\/wp-content\/uploads\/2013\/04\/pagina-color.jpg 800w\" sizes=\"auto, (max-width: 300px) 100vw, 300px\" \/><\/strong>Para calibrar las pantallas la soluci\u00f3n ideal es hacerse con un calibrador tambi\u00e9n llamado espectrofot\u00f3metro que afortunadamente en la actualidad est\u00e1n a un precio m\u00e1s o menos asequible. Recuerdo mi primer calibrador que pagu\u00e9 en pesetas, superaba lo que hoy ser\u00edan mil euros, vamos una pasta tan solo adquirido por alg\u00fan profesional entre lo que me incluyo.<\/p>\n<p style=\"text-align: justify;\">Actualmente existen buenos calibradores por un precio aproximado de 300 euros, m\u00e1s o menos lo que cuesta cualquier cachivache in\u00fatil de fotograf\u00eda que a veces compramos simplemente para probarlo.<\/p>\n<p style=\"text-align: justify;\">Actualmente en mi casa utilizo el calibrador ColoMunki Photo de la casa X-rite, capaz de calibrar monitores LCD, monitores de ordenadores port\u00e1tiles, impresoras, etc., etc. pero \u2026, \u00bfc\u00f3mo funciona el proceso de calibrar nuestros monitores?.<\/p>\n<p style=\"text-align: justify;\">Una vez instalado el software en nuestro ordenador y con unas condiciones de luz lo m\u00e1s parecidas a las que solemos utilizar en nuestro trabajo y a ser posible con el monitor funcionando media hora antes, arrancamos el software y la primera pantalla que aparecer\u00e1 ser\u00e1 para escoger entre tres opciones: Igualar la impresora con la pantalla, Perfilar la pantalla o Perfilar la impresora.\u00a0 Tambi\u00e9n aparece la posibilidad de acceder a DigitalPouch, una aplicaci\u00f3n que inserta un perfil de color a una imagen y Photo ColorPicker una herramienta para crear y trabajar con paletas de color.<\/p>\n<p style=\"text-align: justify;\">Pero en nuestro caso como lo que vamos a calibrar es el monitor, seleccionamos la segunda opci\u00f3n \u00abPerfilar mi pantalla\u00bb:<a href=\"http:\/\/www.photojosebueno.com\/blog\/wp-content\/uploads\/2013\/04\/Foto1.png\"><br \/>\n<\/a><\/p>\n<p style=\"text-align: justify;\"><a href=\"http:\/\/www.photojosebueno.com\/?attachment_id=357\" rel=\"attachment wp-att-357\"><img loading=\"lazy\" decoding=\"async\" class=\"aligncenter size-full wp-image-357\" src=\"http:\/\/photojosebueno.com\/wp-content\/uploads\/2013\/04\/Foto1.png\" alt=\"\" width=\"600\" height=\"417\" srcset=\"https:\/\/photojosebueno.com\/wp-content\/uploads\/2013\/04\/Foto1.png 600w, https:\/\/photojosebueno.com\/wp-content\/uploads\/2013\/04\/Foto1-300x208.png 300w, https:\/\/photojosebueno.com\/wp-content\/uploads\/2013\/04\/Foto1-431x300.png 431w\" sizes=\"auto, (max-width: 600px) 100vw, 600px\" \/><\/a><\/p>\n<p style=\"text-align: justify;\">A continuaci\u00f3n el programa nos indicar\u00e1 que tipo de dispositivo queremos calibrar, una pantalla LCD, una pantalla de un port\u00e1til o un proyector. En esta ocasi\u00f3n vamos a calibrar un Mac Book Pro que por cierto su color y calibrado es siempre excelente y no var\u00eda entre un calibrado y otro. Sin embargo en el caso del Mac Pro con una pantalla mate de Apple si que suele tener alguna peque\u00f1a variaci\u00f3n. Pero &#8230; continuemos con nuestra aventura.<\/p>\n<p style=\"text-align: center;\"><a href=\"http:\/\/www.photojosebueno.com\/?attachment_id=358\" rel=\"attachment wp-att-358\"><img loading=\"lazy\" decoding=\"async\" class=\"aligncenter size-full wp-image-358\" src=\"http:\/\/photojosebueno.com\/wp-content\/uploads\/2013\/04\/Foto2.png\" alt=\"\" width=\"600\" height=\"419\" srcset=\"https:\/\/photojosebueno.com\/wp-content\/uploads\/2013\/04\/Foto2.png 600w, https:\/\/photojosebueno.com\/wp-content\/uploads\/2013\/04\/Foto2-300x209.png 300w, https:\/\/photojosebueno.com\/wp-content\/uploads\/2013\/04\/Foto2-429x300.png 429w\" sizes=\"auto, (max-width: 600px) 100vw, 600px\" \/><\/a><\/p>\n<p style=\"text-align: justify;\">Por fin, el programa solicita que movamos una rueda que lleva el calibrador situ\u00e1ndolo en la posici\u00f3n que aparece en pantalla. Esto es tan solo para comprobar el estado del calibrador.<\/p>\n<p style=\"text-align: center;\"><a href=\"http:\/\/www.photojosebueno.com\/?attachment_id=359\" rel=\"attachment wp-att-359\"><img loading=\"lazy\" decoding=\"async\" class=\"aligncenter size-full wp-image-359\" src=\"http:\/\/photojosebueno.com\/wp-content\/uploads\/2013\/04\/Foto-3.png\" alt=\"\" width=\"600\" height=\"417\" srcset=\"https:\/\/photojosebueno.com\/wp-content\/uploads\/2013\/04\/Foto-3.png 600w, https:\/\/photojosebueno.com\/wp-content\/uploads\/2013\/04\/Foto-3-300x208.png 300w, https:\/\/photojosebueno.com\/wp-content\/uploads\/2013\/04\/Foto-3-431x300.png 431w\" sizes=\"auto, (max-width: 600px) 100vw, 600px\" \/><\/a><\/p>\n<p>Nos volver\u00e1 a pedir mover la rueda a otra posici\u00f3n y si todo est\u00e1 ok. Daremos a siguiente.<\/p>\n<p style=\"text-align: center;\"><a href=\"http:\/\/www.photojosebueno.com\/?attachment_id=360\" rel=\"attachment wp-att-360\"><img loading=\"lazy\" decoding=\"async\" class=\"aligncenter size-full wp-image-360\" src=\"http:\/\/photojosebueno.com\/wp-content\/uploads\/2013\/04\/Foto4.png\" alt=\"\" width=\"600\" height=\"417\" srcset=\"https:\/\/photojosebueno.com\/wp-content\/uploads\/2013\/04\/Foto4.png 600w, https:\/\/photojosebueno.com\/wp-content\/uploads\/2013\/04\/Foto4-300x208.png 300w, https:\/\/photojosebueno.com\/wp-content\/uploads\/2013\/04\/Foto4-431x300.png 431w\" sizes=\"auto, (max-width: 600px) 100vw, 600px\" \/><\/a><\/p>\n<p>El siguiente paso que har\u00e1 nuestro calibrador es medir la luz ambiente. Es aconsejable tener el calibrador cerca de la pantalla y as\u00ed medir la luz ambiente en esa zona.\u00a0 Damos a medir,<\/p>\n<p style=\"text-align: center;\"><a href=\"http:\/\/www.photojosebueno.com\/?attachment_id=361\" rel=\"attachment wp-att-361\"><img loading=\"lazy\" decoding=\"async\" class=\"aligncenter size-full wp-image-361\" src=\"http:\/\/photojosebueno.com\/wp-content\/uploads\/2013\/04\/Foto5.png\" alt=\"\" width=\"600\" height=\"419\" srcset=\"https:\/\/photojosebueno.com\/wp-content\/uploads\/2013\/04\/Foto5.png 600w, https:\/\/photojosebueno.com\/wp-content\/uploads\/2013\/04\/Foto5-300x209.png 300w, https:\/\/photojosebueno.com\/wp-content\/uploads\/2013\/04\/Foto5-429x300.png 429w\" sizes=\"auto, (max-width: 600px) 100vw, 600px\" \/><\/a><\/p>\n<p style=\"text-align: justify;\">Todo listo para medir nuestra pantalla pero antes debemos colocar a nuestro dispositivo un \u201cabrigo\u201d, en serio, hay que poner una funda que lleva contrapeso para que el calibrador se sujete de forma vertical a la pantalla, desafiando las leyes de la gravedad.<\/p>\n<p style=\"text-align: justify;\">Con la funda o bolsa de transporte como dice el programa, situamos el calibrador en la zona marcada y damos a siguiente.<\/p>\n<p style=\"text-align: center;\"><a href=\"http:\/\/www.photojosebueno.com\/?attachment_id=362\" rel=\"attachment wp-att-362\"><img loading=\"lazy\" decoding=\"async\" class=\"aligncenter size-full wp-image-362\" src=\"http:\/\/photojosebueno.com\/wp-content\/uploads\/2013\/04\/Foto6.png\" alt=\"\" width=\"600\" height=\"419\" srcset=\"https:\/\/photojosebueno.com\/wp-content\/uploads\/2013\/04\/Foto6.png 600w, https:\/\/photojosebueno.com\/wp-content\/uploads\/2013\/04\/Foto6-300x209.png 300w, https:\/\/photojosebueno.com\/wp-content\/uploads\/2013\/04\/Foto6-429x300.png 429w\" sizes=\"auto, (max-width: 600px) 100vw, 600px\" \/><\/a><\/p>\n<p>A continuaci\u00f3n es posible que tengamos que ajustar la luminancia de nuestro monitor, no te asustes que tan solo tenemos que subir o bajar el brillo hasta que nos aparezca el ok.<\/p>\n<p><a href=\"http:\/\/www.photojosebueno.com\/?attachment_id=363\" rel=\"attachment wp-att-363\"><img loading=\"lazy\" decoding=\"async\" class=\"aligncenter size-full wp-image-363\" src=\"http:\/\/photojosebueno.com\/wp-content\/uploads\/2013\/04\/Foto7.png\" alt=\"\" width=\"193\" height=\"400\" \/><\/a><\/p>\n<p style=\"text-align: justify;\">Hasta ahora solo hemos preparado todo el sistema pero ahora viene lo bueno, el c\u00e1lculo de la calibraci\u00f3n, tranquilo que lo har\u00e1 todo el programa tu solo tienes que relajarte un minuto y esperar.<\/p>\n<p style=\"text-align: justify;\">Terminado el proceso, el sistema informa que ya dispone de toda la informaci\u00f3n para crear un perfil, al que le podemos dar un nombre con la extensi\u00f3n ICC y que luego podremos, mejor dicho tendremos que utilizar.<\/p>\n<p style=\"text-align: justify;\">Enhorabuena!!, pero tranquilo que todav\u00eda falta parte del proceso y tenemos que continuar.<\/p>\n<p style=\"text-align: center;\"><a href=\"http:\/\/www.photojosebueno.com\/?attachment_id=364\" rel=\"attachment wp-att-364\"><img loading=\"lazy\" decoding=\"async\" class=\"aligncenter size-full wp-image-364\" src=\"http:\/\/photojosebueno.com\/wp-content\/uploads\/2013\/04\/Foto8.png\" alt=\"\" width=\"600\" height=\"419\" srcset=\"https:\/\/photojosebueno.com\/wp-content\/uploads\/2013\/04\/Foto8.png 600w, https:\/\/photojosebueno.com\/wp-content\/uploads\/2013\/04\/Foto8-300x209.png 300w, https:\/\/photojosebueno.com\/wp-content\/uploads\/2013\/04\/Foto8-429x300.png 429w\" sizes=\"auto, (max-width: 600px) 100vw, 600px\" \/><\/a><\/p>\n<p style=\"text-align: justify;\">Ahora podemos elegir cuando queremos que nos avise para realizar de nuevo el proceso de\u00a0calibrado. En mi caso, en el port\u00e1til, suelo seleccionar 4 semanas y en el caso del \u00a0 monitor del MacPro que suele tener alguna variaci\u00f3n, suelo seleccionar una semana para repetir el proceso.<\/p>\n<p style=\"text-align: center;\"><a href=\"http:\/\/www.photojosebueno.com\/?attachment_id=365\" rel=\"attachment wp-att-365\"><img loading=\"lazy\" decoding=\"async\" class=\"aligncenter size-full wp-image-365\" src=\"http:\/\/photojosebueno.com\/wp-content\/uploads\/2013\/04\/Foto9.png\" alt=\"\" width=\"600\" height=\"416\" srcset=\"https:\/\/photojosebueno.com\/wp-content\/uploads\/2013\/04\/Foto9.png 600w, https:\/\/photojosebueno.com\/wp-content\/uploads\/2013\/04\/Foto9-300x208.png 300w, https:\/\/photojosebueno.com\/wp-content\/uploads\/2013\/04\/Foto9-432x300.png 432w\" sizes=\"auto, (max-width: 600px) 100vw, 600px\" \/><\/a><\/p>\n<p>Por \u00faltimo tenemos la oportunidad de ver si ha merecido la pena tanto esfuerzo viendo una foto que viene por defecto con el antes y el despu\u00e9s.<\/p>\n<p><a href=\"http:\/\/www.photojosebueno.com\/?attachment_id=367\" rel=\"attachment wp-att-367\"><img loading=\"lazy\" decoding=\"async\" class=\"aligncenter size-full wp-image-367\" src=\"http:\/\/photojosebueno.com\/wp-content\/uploads\/2013\/04\/Foto10.png\" alt=\"\" width=\"800\" height=\"278\" srcset=\"https:\/\/photojosebueno.com\/wp-content\/uploads\/2013\/04\/Foto10.png 800w, https:\/\/photojosebueno.com\/wp-content\/uploads\/2013\/04\/Foto10-300x104.png 300w, https:\/\/photojosebueno.com\/wp-content\/uploads\/2013\/04\/Foto10-500x173.png 500w\" sizes=\"auto, (max-width: 800px) 100vw, 800px\" \/><\/a><\/p>\n<p style=\"text-align: justify;\">Te aseguro que ese esfuerzo ha merecido la pena, sobre todo si nunca lo has realizado. Adem\u00e1s lo de esfuerzo lo digo con sorna pues todo el proceso se hace en menos de 5 minutos y los resultados los vamos a notar.<\/p>\n<p style=\"text-align: justify;\">Ah! y no olvides decir a tus programas que utilicen ese perfil, algunos lo har\u00e1n de forma autom\u00e1tica.<\/p>\n","protected":false},"excerpt":{"rendered":"<p>CALIBRACI\u00d3N DE PANTALLAS \u00a0Para calibrar las pantallas la soluci\u00f3n ideal es hacerse con un calibrador tambi\u00e9n llamado espectrofot\u00f3metro que afortunadamente en la actualidad est\u00e1n a un precio m\u00e1s o menos asequible. Recuerdo mi primer calibrador que pagu\u00e9 en pesetas, superaba lo que hoy ser\u00edan mil euros, vamos una pasta tan solo adquirido por alg\u00fan profesional [&hellip;]<\/p>\n","protected":false},"author":1,"featured_media":0,"parent":355,"menu_order":1,"comment_status":"open","ping_status":"open","template":"","meta":{"footnotes":""},"class_list":["post-398","page","type-page","status-publish","hentry"],"_links":{"self":[{"href":"https:\/\/www.photojosebueno.com\/index.php?rest_route=\/wp\/v2\/pages\/398","targetHints":{"allow":["GET"]}}],"collection":[{"href":"https:\/\/www.photojosebueno.com\/index.php?rest_route=\/wp\/v2\/pages"}],"about":[{"href":"https:\/\/www.photojosebueno.com\/index.php?rest_route=\/wp\/v2\/types\/page"}],"author":[{"embeddable":true,"href":"https:\/\/www.photojosebueno.com\/index.php?rest_route=\/wp\/v2\/users\/1"}],"replies":[{"embeddable":true,"href":"https:\/\/www.photojosebueno.com\/index.php?rest_route=%2Fwp%2Fv2%2Fcomments&post=398"}],"version-history":[{"count":13,"href":"https:\/\/www.photojosebueno.com\/index.php?rest_route=\/wp\/v2\/pages\/398\/revisions"}],"predecessor-version":[{"id":1997,"href":"https:\/\/www.photojosebueno.com\/index.php?rest_route=\/wp\/v2\/pages\/398\/revisions\/1997"}],"up":[{"embeddable":true,"href":"https:\/\/www.photojosebueno.com\/index.php?rest_route=\/wp\/v2\/pages\/355"}],"wp:attachment":[{"href":"https:\/\/www.photojosebueno.com\/index.php?rest_route=%2Fwp%2Fv2%2Fmedia&parent=398"}],"curies":[{"name":"wp","href":"https:\/\/api.w.org\/{rel}","templated":true}]}}