{"id":355,"date":"2013-04-07T20:37:22","date_gmt":"2013-04-07T20:37:22","guid":{"rendered":"http:\/\/www.photojosebueno.com\/blog\/?page_id=355"},"modified":"2017-04-15T16:58:23","modified_gmt":"2017-04-15T14:58:23","slug":"la-gestion-del-color","status":"publish","type":"page","link":"https:\/\/www.photojosebueno.com\/?page_id=355","title":{"rendered":"La gesti\u00f3n del COLOR"},"content":{"rendered":"<p style=\"text-align: justify;\"><strong>COLOR MANAGEMENT &#8211; GESTION DEL COLOR<\/strong><\/p>\n<p style=\"text-align: justify;\"><a href=\"http:\/\/www.photojosebueno.com\/?attachment_id=392\" rel=\"attachment wp-att-392\"><img loading=\"lazy\" decoding=\"async\" class=\"wp-image-392 alignleft\" src=\"http:\/\/photojosebueno.com\/wp-content\/uploads\/2013\/04\/Facebook.png\" alt=\"\" width=\"274\" height=\"143\" srcset=\"https:\/\/photojosebueno.com\/wp-content\/uploads\/2013\/04\/Facebook.png 800w, https:\/\/photojosebueno.com\/wp-content\/uploads\/2013\/04\/Facebook-300x156.png 300w, https:\/\/photojosebueno.com\/wp-content\/uploads\/2013\/04\/Facebook-500x260.png 500w\" sizes=\"auto, (max-width: 274px) 100vw, 274px\" \/><\/a>Antes de comenzar est\u00e1 p\u00e1gina dedicada a los espacios de color, si me permites, me gustar\u00eda hacer una pregunta de la que estoy seguro conoces la respuesta: \u00bfqu\u00e9 tienen en com\u00fan un coche, un avi\u00f3n y un barco?, efectivamente todos sirven para viajar, pero \u2026, uno va por tierra, otro viaja por el aire y el otro le encanta el agua.<\/p>\n<p style=\"text-align: justify;\">En el tema del color sucede algo parecido y para demostrarlo har\u00e9 otra pregunta, \u00bfqu\u00e9 tienen en com\u00fan una imagen que tomamos con nuestra c\u00e1mara, luego la vemos en el monitor y decidimos ampliarla en papel con una impresi\u00f3n?, pues efectivamente tambi\u00e9n has acertado, tienen en com\u00fan las formas y el color.<\/p>\n<p style=\"text-align: justify;\">Pero, \u00a0\u00bfqu\u00e9 ocurre en ocasiones cuando tomamos una imagen con nuestra c\u00e1mara y despu\u00e9s la vemos en el monitor y terminamos imprimi\u00e9ndola?. Pues puede suceder que los colores que vimos cuando hicimos la foto no se parezcan en nada a lo que vemos en el monitor y difieran tambi\u00e9n en la impresi\u00f3n.<\/p>\n<p style=\"text-align: justify;\">Es cierto que cada medio tiene unas capacidades y limitaciones distintas pero si realizamos toda la cadena de calibraci\u00f3n\u00a0 es muy posible que lo que vemos en distintos medios sea lo m\u00e1s parecido a la realidad, vamos que el rojo no sea anaranjado y el azul no se haya convertido en un violeta.<\/p>\n<p style=\"text-align: justify;\">En ocasiones son los peque\u00f1os detalles los que marcan la diferencia y te preguntar\u00e1s porqu\u00e9 hago esa afirmaci\u00f3n. La sutileza de muchos colores mezclados unos con otros ofrecen el resultado de lo perfecto o la imperfecci\u00f3n de lo que busc\u00e1bamos.<\/p>\n<p style=\"text-align: justify;\">Al igual que lo medios de transporte miden su velocidad en kil\u00f3metros, millas o nudos que recorren en un espacio de tiempo como una hora, los distintos dispositivos que manejan una imagen tambi\u00e9n tienen sus espacios de color o ICCs (In Color Management)\u00a0capaces de ajustar y medir los colores de una manera que todos coincidan.<\/p>\n<p style=\"text-align: justify;\">Voy a permitirme poner un ejemplo que nada tiene que ver pero que conozco por mi afici\u00f3n al mundo del autom\u00f3vil deportivo. Cuando accedes a un circuito de automovilismo, para ir r\u00e1pido con un coche y cuando digo r\u00e1pido me refiero a practicar una conducci\u00f3n deportiva, el estado del veh\u00edculo, las\u00a0presiones, ca\u00eddas y convergencias de las ruedas, etc. son lo que te permitir\u00e1 bajar esas d\u00e9cimas de segundo incluso algo m\u00e1s.\u00a0 Y si adem\u00e1s de llevar bien todos esos reglajes coincide con la pista en muy buen estado de temperatura etc. y t\u00fa ese d\u00eda estas \u201cestupendo\u201d, es posible que hagas un \u201ctiempazo\u201d y todo perfecto dentro de tu categor\u00eda.<\/p>\n<p style=\"text-align: justify;\">Esa conjunci\u00f3n con toda la cadena del color bien calibrada ser\u00e1 la que marque la diferencia entre una imagen perfecta en cuanto a color se refiere y una imagen pasable y seguro que mejorable.<\/p>\n<p style=\"text-align: justify;\">Cuando hacemos fotos para publicar en Internet o medios parecidos quiz\u00e1s esto sea menos importante, o no, pero si tienes que hacer por ejemplo una reproducci\u00f3n de una obra de arte, o un cat\u00e1logo de coches donde el color si es muy importante tanto para los creativos de una campa\u00f1a publicitaria como para los propios clientes, entonces aplicar la gesti\u00f3n del color en tu flujo de trabajo es imprescindible y es por ello que he creado esta p\u00e1gina para contarte como realizo mis trabajos. \u00a0Por cierto no olvides que la gesti\u00f3n de color es indispensable tambi\u00e9n para trabajos hechos en blanco y negro y es que conseguir esos negros y blancos puros\u00a0 con la buena gama de grises que vemos en el monitor, sin calibraci\u00f3n \u2026, dudo mucho que los consigas en papel.<\/p>\n<p style=\"text-align: justify;\">Para empezar quiero distinguir tres procesos totalmente independientes y diferenciados pero ojo casi siempre formar\u00e1n una cadena que al igual que la cadena del fr\u00edo, no debes romper nunca.<\/p>\n<p style=\"text-align: justify;\">Estos procesos son:<\/p>\n<p style=\"text-align: justify;\">&#8211;\u00a0\u00a0\u00a0\u00a0\u00a0\u00a0 <a title=\"CALIBRACION DE PANTALLAS\" href=\"http:\/\/www.photojosebueno.com\/?page_id=398\" target=\"_blank\">Calibraci\u00f3n de las pantallas de ordenador con las que trabajamos<\/a><\/p>\n<p style=\"text-align: justify;\">&#8211;\u00a0\u00a0\u00a0\u00a0\u00a0\u00a0 <a title=\"CALIBRACION DE NUESTRAS SESIONES\" href=\"http:\/\/www.photojosebueno.com\/?page_id=405\" target=\"_blank\">Calibraci\u00f3n de nuestras sesiones de trabajo en funci\u00f3n de la luz en la que utilicemos<\/a><\/p>\n<p style=\"text-align: justify;\">&#8211;\u00a0\u00a0\u00a0\u00a0\u00a0\u00a0 <a title=\"CALIBRACION SISTEMAS DE IMPRESION\" href=\"http:\/\/www.photojosebueno.com\/?page_id=410\" target=\"_blank\">Calibraci\u00f3n de los sistemas de impresi\u00f3n<\/a><\/p>\n","protected":false},"excerpt":{"rendered":"<p>COLOR MANAGEMENT &#8211; GESTION DEL COLOR Antes de comenzar est\u00e1 p\u00e1gina dedicada a los espacios de color, si me permites, me gustar\u00eda hacer una pregunta de la que estoy seguro conoces la respuesta: \u00bfqu\u00e9 tienen en com\u00fan un coche, un avi\u00f3n y un barco?, efectivamente todos sirven para viajar, pero \u2026, uno va por tierra, [&hellip;]<\/p>\n","protected":false},"author":1,"featured_media":0,"parent":0,"menu_order":0,"comment_status":"open","ping_status":"open","template":"","meta":{"footnotes":""},"class_list":["post-355","page","type-page","status-publish","hentry"],"_links":{"self":[{"href":"https:\/\/www.photojosebueno.com\/index.php?rest_route=\/wp\/v2\/pages\/355","targetHints":{"allow":["GET"]}}],"collection":[{"href":"https:\/\/www.photojosebueno.com\/index.php?rest_route=\/wp\/v2\/pages"}],"about":[{"href":"https:\/\/www.photojosebueno.com\/index.php?rest_route=\/wp\/v2\/types\/page"}],"author":[{"embeddable":true,"href":"https:\/\/www.photojosebueno.com\/index.php?rest_route=\/wp\/v2\/users\/1"}],"replies":[{"embeddable":true,"href":"https:\/\/www.photojosebueno.com\/index.php?rest_route=%2Fwp%2Fv2%2Fcomments&post=355"}],"version-history":[{"count":33,"href":"https:\/\/www.photojosebueno.com\/index.php?rest_route=\/wp\/v2\/pages\/355\/revisions"}],"predecessor-version":[{"id":1996,"href":"https:\/\/www.photojosebueno.com\/index.php?rest_route=\/wp\/v2\/pages\/355\/revisions\/1996"}],"wp:attachment":[{"href":"https:\/\/www.photojosebueno.com\/index.php?rest_route=%2Fwp%2Fv2%2Fmedia&parent=355"}],"curies":[{"name":"wp","href":"https:\/\/api.w.org\/{rel}","templated":true}]}}