{"id":1922,"date":"2017-04-12T13:40:42","date_gmt":"2017-04-12T11:40:42","guid":{"rendered":"http:\/\/www.photojosebueno.com\/?page_id=1922"},"modified":"2017-04-12T13:40:42","modified_gmt":"2017-04-12T11:40:42","slug":"gymcana-leica-madrid-spain","status":"publish","type":"page","link":"https:\/\/www.photojosebueno.com\/?page_id=1922","title":{"rendered":"GYMCANA LEICA MADRID (SPAIN)"},"content":{"rendered":"<div>\n<dl id=\"attachment_33\">\n<dt>\n<p><div id=\"attachment_33\" style=\"width: 810px\" class=\"wp-caption aligncenter\"><img loading=\"lazy\" decoding=\"async\" aria-describedby=\"caption-attachment-33\" class=\"  wp-image-33 size-full\" title=\"Movimiento\" src=\"http:\/\/photojosebueno.com\/wp-content\/uploads\/2013\/01\/L1040349.jpg\" alt=\"\" width=\"800\" height=\"578\" srcset=\"https:\/\/photojosebueno.com\/wp-content\/uploads\/2013\/01\/L1040349.jpg 800w, https:\/\/photojosebueno.com\/wp-content\/uploads\/2013\/01\/L1040349-300x216.jpg 300w, https:\/\/photojosebueno.com\/wp-content\/uploads\/2013\/01\/L1040349-415x300.jpg 415w\" sizes=\"auto, (max-width: 800px) 100vw, 800px\" \/><p id=\"caption-attachment-33\" class=\"wp-caption-text\">Movimiento &#8211; Leica M8 &#8211; Tele Elmarit 90mm ISO 320<\/p><\/div><\/dt>\n<\/dl>\n<\/div>\n<p style=\"text-align: justify;\">Hola de nuevo. Tal como dije al inicio de este blog ir\u00e9 realizando entradas de mis actividades relacionadas con el mundo de la fotograf\u00eda. Para comenzar este blog ten\u00eda varias alternativas pero al final me he decidido por una actividad l\u00fadica, en concreto he organizado una Gymcana fotogr\u00e1fica por el centro de Madrid convocada desde un foro espa\u00f1ol de amantes de la m\u00edtica marca Leica, me refiero al foro de\u00a0<a title=\"Foro Leicanistas\" href=\"http:\/\/www.leicanistas.com\/\" target=\"_blank\">Leicanistas<\/a>. La Gymcana era realmente era una disculpa para quedar y compartir buenos momentos fotogr\u00e1ficos con amigos amantes de la imagen que sienten la fotograf\u00eda.<\/p>\n<p style=\"text-align: justify;\">Despu\u00e9s de la t\u00edpica charla entre amigos sobre los distintos modelos de c\u00e1maras y objetivos Leica se dio la salida en la que todos part\u00edamos decididos a realizar las 20 fotograf\u00edas, perd\u00f3n, 20 obras maestras propuestas, im\u00e1genes fundamentalmente de gente que por cierto abunda siempre en el centro de Madrid y m\u00e1s un domingo por la ma\u00f1ana y con la salsa de la Navidad.<\/p>\n<p style=\"text-align: justify;\">Una de las im\u00e1genes que hab\u00eda que realizar era en plasmar el movimiento. Para ello puse mi c\u00e1mara Leica en un monopi\u00e9 y enfoqu\u00e9 a un grafitti realizado sobre un cierre met\u00e1lico. En la c\u00e1mara llevaba puesto un 90mm Tele Elmarit de Leica con la idea de realizar la foto alejado del grafitti y as\u00ed dejar paso a las personas que no paraban de circular por esa zona. Para conseguir el movimiento cerr\u00e9 al m\u00e1ximo el diafragma del objetivo, en concreto a f:16 lo que me permiti\u00f3 realizar la toma a una velocidad de \u00bc s, por lo que no fue necesario bajar los ISO ni mucho menos poner un filtro ND. No paraba de pasar gente hasta que de pronto apareci\u00f3 una se\u00f1ora con su abrigo rojo que destacaba sobre el fondo gris del grafitti.\u00a0De la imagen obtenida me gustar\u00eda enfatizar la generosa gama de color rojo que ofrece la Leica M8, un color muy complicado para casi todas las c\u00e1maras digitales.<\/p>\n<p><img loading=\"lazy\" decoding=\"async\" class=\"  aligncenter wp-image-34 size-full\" title=\"Lector\" src=\"http:\/\/photojosebueno.com\/wp-content\/uploads\/2013\/01\/L1040356.jpg\" alt=\"\" width=\"800\" height=\"578\" srcset=\"https:\/\/photojosebueno.com\/wp-content\/uploads\/2013\/01\/L1040356.jpg 800w, https:\/\/photojosebueno.com\/wp-content\/uploads\/2013\/01\/L1040356-300x216.jpg 300w, https:\/\/photojosebueno.com\/wp-content\/uploads\/2013\/01\/L1040356-415x300.jpg 415w\" sizes=\"auto, (max-width: 800px) 100vw, 800px\" \/><\/p>\n<p style=\"text-align: justify;\">Tambi\u00e9n hab\u00eda que fotografiar a alguien leyendo, pues bien, en la misma Puerta del Sol, en pleno centro de Madrid, estaba este se\u00f1or tan ensimismado comprobando la lista de premios de la loter\u00eda que ni siquiera not\u00f3 mi presencia a medio para realizar la toma con el Summicron de 35mm, un gran objetivo\u00a0 y es que la calidad que ofrece la Leica M8 con ese cristal permite ver casi hasta los n\u00fameros. A pesar que la toma original se realiz\u00f3 en RAW, me atra\u00eda hacer un \u201crevelado\u201d neutro en blanco y negro, obteniendo una buena gama de grises y con unos negros y blancos muy puros.<\/p>\n<div id=\"attachment_68\" style=\"width: 810px\" class=\"wp-caption alignnone\"><img loading=\"lazy\" decoding=\"async\" aria-describedby=\"caption-attachment-68\" class=\"wp-image-68 size-full\" src=\"http:\/\/photojosebueno.com\/wp-content\/uploads\/2012\/12\/L1040375.jpg\" alt=\"Cadenas - Leica M8 - Summicron 35mm ISO 320\" width=\"800\" height=\"566\" srcset=\"https:\/\/photojosebueno.com\/wp-content\/uploads\/2012\/12\/L1040375.jpg 800w, https:\/\/photojosebueno.com\/wp-content\/uploads\/2012\/12\/L1040375-300x212.jpg 300w, https:\/\/photojosebueno.com\/wp-content\/uploads\/2012\/12\/L1040375-424x300.jpg 424w\" sizes=\"auto, (max-width: 800px) 100vw, 800px\" \/><p id=\"caption-attachment-68\" class=\"wp-caption-text\">Cadenas &#8211; Leica M8 &#8211; Summicron 35mm ISO 320<\/p><\/div>\n<p style=\"text-align: justify;\">Otro reto consist\u00eda en obtener una cadena y se me ocurri\u00f3 esta composici\u00f3n con una enorme cadena ocupando todo el fotograma e incluyendo tambi\u00e9n el paso de un taxi madrile\u00f1o fuera de foco que le confiere a la fotograf\u00eda un toque de ubicaci\u00f3n. El enfoque lo realic\u00e9 claramente al primer plano de la cadena enfatizando esa zona m\u00e1s voluminosa.<\/p>\n<p style=\"text-align: justify;\">Por \u00faltimo pondr\u00e9 una foto del making off con mi amiga Elvira posando. L\u00e1stima que en ese momento el fot\u00f3grafo estaba utilizando su c\u00e1mara Canon en lugar de su Leica M de carrete y nada menos que con un Noctilux pero bueno creo que ese detalle solo es para fotogr\u00e1fos.<\/p>\n<div id=\"attachment_55\" style=\"width: 810px\" class=\"wp-caption aligncenter\"><img loading=\"lazy\" decoding=\"async\" aria-describedby=\"caption-attachment-55\" class=\"  wp-image-55 size-full\" title=\"Making off con Elvira\" src=\"http:\/\/photojosebueno.com\/wp-content\/uploads\/2012\/12\/L1040405.jpg\" alt=\"\" width=\"800\" height=\"574\" srcset=\"https:\/\/photojosebueno.com\/wp-content\/uploads\/2012\/12\/L1040405.jpg 800w, https:\/\/photojosebueno.com\/wp-content\/uploads\/2012\/12\/L1040405-300x215.jpg 300w, https:\/\/photojosebueno.com\/wp-content\/uploads\/2012\/12\/L1040405-418x300.jpg 418w\" sizes=\"auto, (max-width: 800px) 100vw, 800px\" \/><p id=\"caption-attachment-55\" class=\"wp-caption-text\">Making off con Elvira<\/p><\/div>\n<p style=\"text-align: justify;\">M\u00e1s adelante, en futuras entradas contar\u00e9 experiencias con este sistema Telem\u00e9trico e incluso hablar\u00e9 de alguna que otra an\u00e9cdota.<\/p>\n<p style=\"text-align: justify;\">Gracias a los amigos fot\u00f3grafos participantes y a mi amiga Elvira que pos\u00f3 para una de las pruebas. Haremos m\u00e1s reuniones con las Leica, seguramente para la pr\u00f3xima organizar\u00e9 una sesi\u00f3n de strobist con modelos,&#8230;. ummhhh! qu\u00e9 interesante.<\/p>\n<p style=\"text-align: justify;\"><strong><span style=\"color: #cc99ff;\">Leica Gymcana Madrid (Spain)<\/span><\/strong><\/p>\n<p style=\"text-align: justify;\"><span style=\"color: #cc99ff;\"><em>Hello again. As I said at the beginning of this blog I made entries of my activities related to the world of photography. To start this blog had several alternatives but in the end I decided on a recreational activity, specifically&#8217;ve organized a photographic Gymcana downtown Madrid called from a Spanish forum of lovers of the mythical brand Leica, I mean\u00a0<a title=\"Leicanistas Forum\" href=\"http:\/\/www.leicanistas.com\/\" target=\"_blank\">Leicanistas<\/a>\u00a0forum. The Gymcana was really was an excuse to meet and share good times with friends photographic image lovers who feel photography.<\/em><\/span><\/p>\n<p style=\"text-align: justify;\"><span style=\"color: #cc99ff;\"><em>After the typical conversation between friends about the various models of Leica cameras and lenses came out in which all were leaving determined to make the 20 photographs, forgiveness, 20 masterpieces proposals, mainly images of people who by the way always abounding in the center of Madrid and a Sunday morning and Christmas sauce.<\/em><\/span><br \/>\n<span style=\"color: #cc99ff;\"><em>One of the images that had to be done was to translate the movement. This put my Leica camera on a monopod and focus to a graffiti done on a metal closure. In the camera wearing a Leica Elmarit 90mm Tele with the idea of \u200b\u200bthe photo away from graffiti and so make way for people who would not stop driving on that area. To get full movement closed the lens aperture, namely f: 16 which allowed me to take the shot at a rate of \u00bc s, so it was not necessary to lower the ISO, much less put a ND filter. I kept passing people until suddenly appeared a lady with her red coat that stood on the gray background of graffiti.<\/em><\/span><\/p>\n<p style=\"text-align: justify;\"><span style=\"color: #cc99ff;\"><em>From the obtained image I would like to emphasize the generous red range offered by the Leica M8, a color very difficult for most digital cameras.<\/em><\/span><\/p>\n<p style=\"text-align: justify;\"><span style=\"color: #cc99ff;\"><em>You also had to shoot someone reading, well, in the Puerta del Sol, in the heart of Madrid, this man was so engrossed by checking the list of lottery prizes that did not even notice my presence in the medium for the shot with the Summicron 35mm is a great lens and the quality offered by the Leica M8 with that glass lets you see almost to the numbers. Although the original shot was made in RAW, I was drawn to make a \u00abrevealed\u00bb neutral black and white, giving a good range of grays and blacks and whites very pure.<\/em><\/span><\/p>\n<p style=\"text-align: justify;\"><span style=\"color: #cc99ff;\"><em>Another challenge was to get a string and I thought this composition with a huge chain occupying the entire frame and also including the passage of a taxi Madrid out of focus which gives the photograph a touch location. The approach I made it clear to the forefront of the chain bulkier emphasizing that area.<\/em><\/span><\/p>\n<p style=\"text-align: justify;\"><span style=\"color: #cc99ff;\"><em>Finally put a photo of making off with my friend Elvira posing. Too bad then the photographer was using his Canon camera instead of your Leica M reel and nothing less than a Noctilux but well I think that detail is only for photographers.<\/em><\/span><\/p>\n<p style=\"text-align: justify;\"><span style=\"color: #cc99ff;\"><em>Later in future entries tell Telemetry experience with this system and even talk about the odd anecdote.<\/em><\/span><\/p>\n<p style=\"text-align: justify;\"><span style=\"color: #cc99ff;\"><em>Thanks to photographer friends and my friend Elvira participants who posed for one of the tests. We further meetings with the Leica, probably for the next gorgonzola strobist session with models &#8230;. ummhhh! how interesting.<\/em><\/span><\/p>\n","protected":false},"excerpt":{"rendered":"<p>Hola de nuevo. Tal como dije al inicio de este blog ir\u00e9 realizando entradas de mis actividades relacionadas con el mundo de la fotograf\u00eda. Para comenzar este blog ten\u00eda varias alternativas pero al final me he decidido por una actividad l\u00fadica, en concreto he organizado una Gymcana fotogr\u00e1fica por el centro de Madrid convocada desde [&hellip;]<\/p>\n","protected":false},"author":1,"featured_media":0,"parent":0,"menu_order":0,"comment_status":"closed","ping_status":"closed","template":"","meta":{"footnotes":""},"class_list":["post-1922","page","type-page","status-publish","hentry"],"_links":{"self":[{"href":"https:\/\/www.photojosebueno.com\/index.php?rest_route=\/wp\/v2\/pages\/1922","targetHints":{"allow":["GET"]}}],"collection":[{"href":"https:\/\/www.photojosebueno.com\/index.php?rest_route=\/wp\/v2\/pages"}],"about":[{"href":"https:\/\/www.photojosebueno.com\/index.php?rest_route=\/wp\/v2\/types\/page"}],"author":[{"embeddable":true,"href":"https:\/\/www.photojosebueno.com\/index.php?rest_route=\/wp\/v2\/users\/1"}],"replies":[{"embeddable":true,"href":"https:\/\/www.photojosebueno.com\/index.php?rest_route=%2Fwp%2Fv2%2Fcomments&post=1922"}],"version-history":[{"count":1,"href":"https:\/\/www.photojosebueno.com\/index.php?rest_route=\/wp\/v2\/pages\/1922\/revisions"}],"predecessor-version":[{"id":1923,"href":"https:\/\/www.photojosebueno.com\/index.php?rest_route=\/wp\/v2\/pages\/1922\/revisions\/1923"}],"wp:attachment":[{"href":"https:\/\/www.photojosebueno.com\/index.php?rest_route=%2Fwp%2Fv2%2Fmedia&parent=1922"}],"curies":[{"name":"wp","href":"https:\/\/api.w.org\/{rel}","templated":true}]}}