{"id":1911,"date":"2017-04-12T12:57:44","date_gmt":"2017-04-12T10:57:44","guid":{"rendered":"http:\/\/www.photojosebueno.com\/?page_id=1911"},"modified":"2017-04-12T12:57:44","modified_gmt":"2017-04-12T10:57:44","slug":"nos-vamos-al-teatro","status":"publish","type":"page","link":"https:\/\/www.photojosebueno.com\/?page_id=1911","title":{"rendered":"NOS VAMOS AL TEATRO"},"content":{"rendered":"<div id=\"attachment_199\" style=\"width: 810px\" class=\"wp-caption aligncenter\"><img loading=\"lazy\" decoding=\"async\" aria-describedby=\"caption-attachment-199\" class=\"  wp-image-199 size-full\" src=\"http:\/\/photojosebueno.com\/wp-content\/uploads\/2013\/01\/JBM0341.jpg\" alt=\"\" width=\"800\" height=\"532\" srcset=\"https:\/\/photojosebueno.com\/wp-content\/uploads\/2013\/01\/JBM0341.jpg 800w, https:\/\/photojosebueno.com\/wp-content\/uploads\/2013\/01\/JBM0341-300x199.jpg 300w, https:\/\/photojosebueno.com\/wp-content\/uploads\/2013\/01\/JBM0341-451x300.jpg 451w\" sizes=\"auto, (max-width: 800px) 100vw, 800px\" \/><p id=\"caption-attachment-199\" class=\"wp-caption-text\">Nikon D700 &#8211; 70-200VRII &#8211; f:2.8 &#8211; 1\/100s &#8211; ISO 3200<\/p><\/div>\n<p style=\"text-align: justify;\">En esta ocasi\u00f3n y para variar\u00a0 nos vamos al Teatro del Arte, situado en la calle San Cosme y San Damian n\u00famero 3 de Madrid para hacer fotos en un pase exclusivo para la prensa especializada y que aparecer\u00e1 en las t\u00edpicas columnas dedicadas a cultura.<\/p>\n<div id=\"attachment_200\" style=\"width: 810px\" class=\"wp-caption aligncenter\"><img loading=\"lazy\" decoding=\"async\" aria-describedby=\"caption-attachment-200\" class=\"  wp-image-200 size-full\" src=\"http:\/\/photojosebueno.com\/wp-content\/uploads\/2013\/01\/JBM0353.jpg\" alt=\"\" width=\"800\" height=\"800\" srcset=\"https:\/\/photojosebueno.com\/wp-content\/uploads\/2013\/01\/JBM0353.jpg 800w, https:\/\/photojosebueno.com\/wp-content\/uploads\/2013\/01\/JBM0353-150x150.jpg 150w, https:\/\/photojosebueno.com\/wp-content\/uploads\/2013\/01\/JBM0353-300x300.jpg 300w\" sizes=\"auto, (max-width: 800px) 100vw, 800px\" \/><p id=\"caption-attachment-200\" class=\"wp-caption-text\">Nikon D700 &#8211; Nikkor 70-200VRII &#8211; f:2.8 &#8211; 1\/250- ISO 3200<\/p><\/div>\n<p style=\"text-align: justify;\">La obra que acaba de estrenarse y se titula\u00a0<strong>La Indagaci\u00f3n<\/strong>\u00a0 de Peter Weiss y afronta el juicio del gobierno alem\u00e1n contra militares nazis.<\/p>\n<div id=\"attachment_201\" style=\"width: 542px\" class=\"wp-caption aligncenter\"><img loading=\"lazy\" decoding=\"async\" aria-describedby=\"caption-attachment-201\" class=\"wp-image-201 size-full\" src=\"http:\/\/photojosebueno.com\/wp-content\/uploads\/2013\/01\/JBM0388.jpg\" alt=\"\" width=\"532\" height=\"800\" srcset=\"https:\/\/photojosebueno.com\/wp-content\/uploads\/2013\/01\/JBM0388.jpg 532w, https:\/\/photojosebueno.com\/wp-content\/uploads\/2013\/01\/JBM0388-199x300.jpg 199w\" sizes=\"auto, (max-width: 532px) 100vw, 532px\" \/><p id=\"caption-attachment-201\" class=\"wp-caption-text\">Nikon D700 &#8211; Nikkor 70-200VRII &#8211; f:3.2 &#8211; 1\/160 &#8211; ISO 3200<\/p><\/div>\n<p style=\"text-align: justify;\">Representada por actores formados en la RESAD y dirigida por Charo Amador, estar\u00e1 en cartel hasta el pr\u00f3ximo d\u00eda 27 de febrero coincidiendo con el D\u00eda Internacional en Memoria de las V\u00edctimas del Holocausto.<\/p>\n<p style=\"text-align: justify;\">Pero dejando a un lado el tema de la obra pues ser\u00e1n las columnas de cultura las que hagan \u00a0eco del tema y dado que este blog est\u00e1 orientado a la fotograf\u00eda si os parece lo retomamos.<\/p>\n<p style=\"text-align: justify;\">Cuando seamos invitados para realizar este tipo de trabajos, lo primero que debemos saber antes de acudir a un previo es que no debemos utilizar flash por cortes\u00eda con otros compa\u00f1eros que graban video. Es por eso que conviene llevar una c\u00e1mara capaz de trabajar sin problemas con ISOS altos y por supuesto llevar al menos un monopi\u00e9.<\/p>\n<p style=\"text-align: justify;\">Otro tema a tener en cuenta es el tipo de iluminaci\u00f3n del escenario que no siempre es la adecuada si bien le podemos solicitar al t\u00e9cnico de iluminaci\u00f3n que var\u00ede alguno de los focos para poder hacer bien nuestro trabajo.<\/p>\n<p style=\"text-align: justify;\">En este caso el t\u00e9cnico de iluminaci\u00f3n no estaba y ten\u00edamos una luz en el fondo demasiado dura. Afortunadamente otro t\u00e9cnico, supongo que el de sonido, nos ech\u00f3 una mano suavizando un poco ese potente foco.<\/p>\n<div id=\"attachment_208\" style=\"width: 810px\" class=\"wp-caption alignnone\"><img loading=\"lazy\" decoding=\"async\" aria-describedby=\"caption-attachment-208\" class=\"wp-image-208 size-full\" src=\"http:\/\/photojosebueno.com\/wp-content\/uploads\/2013\/01\/JBM0347.jpg\" alt=\"Nikon D700 - Nikkor 24-70mm - f:2.8 - 1\/160s - ISO 3200\" width=\"800\" height=\"600\" srcset=\"https:\/\/photojosebueno.com\/wp-content\/uploads\/2013\/01\/JBM0347.jpg 800w, https:\/\/photojosebueno.com\/wp-content\/uploads\/2013\/01\/JBM0347-300x225.jpg 300w, https:\/\/photojosebueno.com\/wp-content\/uploads\/2013\/01\/JBM0347-400x300.jpg 400w\" sizes=\"auto, (max-width: 800px) 100vw, 800px\" \/><p id=\"caption-attachment-208\" class=\"wp-caption-text\">Nikon D700 &#8211; Nikkor 24-70mm &#8211; f:2.8 &#8211; 1\/160s &#8211; ISO 3200<\/p><\/div>\n<p style=\"text-align: justify;\">El previo de la representaci\u00f3n suele durar tan solo unos 15 minutos y hay que estar atento en el tipo de tomas que queremos realizar.\u00a0 En esas tomas no podremos invadir el escenario ni molestar a otros compa\u00f1eros aunque en este caso, un peque\u00f1o teatro, tanto el escenario como la sala tienen una medida m\u00e1s que comedida lo que supongo har\u00e1 muy agradable al p\u00fablico asistente ver una obra y es que est\u00e1s pr\u00e1cticamente de protagonista junto con los actores.<\/p>\n<p style=\"text-align: justify;\">Para esta ocasi\u00f3n me llev\u00e9 la Nikon D700 con el 24-70mm. 2.8 y el 70-200mm VRII ambos de Nikkor. Tambi\u00e9n llev\u00e9 un monopi\u00e9 ligero de la marca Manfrotto, en concreto el modelo 390 y es que a pesar que el teleobjetivo 70-200mm tiene estabilizador, con poca iluminaci\u00f3n prefiero utilizar el monopi\u00e9.<\/p>\n<p style=\"text-align: justify;\">Antes de empezar y con una iluminaci\u00f3n tan complicada, lo primero que hice fue hacer una foto del ColorChecker, un calibrador de color que siempre me acompa\u00f1a y al que dedicar\u00e9 una p\u00e1gina especial en este blog similar a la dedicada a la distancia hiperfocal, pero ser\u00e1 pr\u00f3ximamente por lo que no olvides estar atento a esa p\u00e1gina.<\/p>\n<div id=\"attachment_203\" style=\"width: 810px\" class=\"wp-caption alignnone\"><img loading=\"lazy\" decoding=\"async\" aria-describedby=\"caption-attachment-203\" class=\"wp-image-203 size-full\" src=\"http:\/\/photojosebueno.com\/wp-content\/uploads\/2013\/01\/JBM0404.jpg\" alt=\"Nikon D700 - Nikkor 24-70mm - f:4.5 - 1\/80s - ISO 3200\" width=\"800\" height=\"532\" srcset=\"https:\/\/photojosebueno.com\/wp-content\/uploads\/2013\/01\/JBM0404.jpg 800w, https:\/\/photojosebueno.com\/wp-content\/uploads\/2013\/01\/JBM0404-300x199.jpg 300w, https:\/\/photojosebueno.com\/wp-content\/uploads\/2013\/01\/JBM0404-451x300.jpg 451w\" sizes=\"auto, (max-width: 800px) 100vw, 800px\" \/><p id=\"caption-attachment-203\" class=\"wp-caption-text\">Nikon D700 &#8211; Nikkor 24-70mm &#8211; f:4.5 &#8211; 1\/80s &#8211; ISO 3200<\/p><\/div>\n<p style=\"text-align: justify;\">Las fotograf\u00edas que he puesto en esta entrada dan una peque\u00f1a idea de c\u00f3mo es la obra y sus actores si bien es cierto que voy dando las pistas poco a poco pues con la primera foto es muy dif\u00edcil adivinar de que va la obra y eso que ha sido revelada en blanco y negro. Tambi\u00e9n es importante decir que salvo ese revelado, las im\u00e1genes que he puesto son tal cual las hizo la c\u00e1mara sin m\u00e1s ajustes y con el balance de blancos en autom\u00e1tico. Como dec\u00eda anteriormente tratar\u00e9 de explicar poco a poco ciertas modificaciones necesarias antes de la entrega.<\/p>\n<p style=\"text-align: justify;\">Despu\u00e9s de la sesi\u00f3n viene lo complicado \u2026 vender las fotos a las distintas agencias pero eso ahora es casi una utop\u00eda. Al menos me quedo con el buen sabor de haber conocido este peque\u00f1o teatro.<\/p>\n<p style=\"text-align: justify;\">Distinta suerte tienen otros compa\u00f1eros que acuden a este previo con el trabajo vendido y eso que lo realizan con tan solo un m\u00f3vil. Es cierto y ellos lo comentan que seg\u00fan para la \u201cred\u201d es suficiente \u2026 que suerte tienen. De todas formas la calidad de una reflex me sigue pareciendo excitante y de momento no renuncio a ir cargado con ese peso.<\/p>\n<p style=\"text-align: justify;\"><strong><span style=\"color: #cc99ff;\">We go to the theater<\/span><\/strong><\/p>\n<p style=\"text-align: justify;\"><span style=\"color: #cc99ff;\"><em>This time for a change and we go to the Art Theatre, located in San Cosme and San Damian No. 3 in Madrid to take pictures in an exclusive pass to the press and will appear in the typical columns dedicated to culture.<\/em><\/span><br \/>\n<span style=\"color: #cc99ff;\"><em>\u00a0<\/em><\/span><\/p>\n<p style=\"text-align: justify;\"><span style=\"color: #cc99ff;\"><em>The work that has just been released and is entitled The Inquiry of Peter Weiss and face the judgment of the military against Nazi German government.<\/em><\/span><\/p>\n<p style=\"text-align: justify;\"><span style=\"color: #cc99ff;\"><em>Represented by actors trained in RESAD and directed by Charo Amador, will run until next February 27 to coincide with the International Day in Memory of the Victims of the Holocaust.<\/em><\/span><\/p>\n<p style=\"text-align: justify;\"><span style=\"color: #cc99ff;\"><em>But leaving aside the issue of the work they will be the pillars of culture which echo the theme and since this blog to the picture if you think we use it.<\/em><\/span><\/p>\n<p style=\"text-align: justify;\"><span style=\"color: #cc99ff;\"><em>When we are invited to do this kind of work, the first thing to know before going to a prior is that we should not use flash courtesy with colleagues that record video. That&#8217;s why we should take a camera able to work smoothly with high ISOS and of course bring at least a monopod.<\/em><\/span><\/p>\n<p style=\"text-align: justify;\"><span style=\"color: #cc99ff;\"><em>Another issue to consider is the type of stage lighting that is not always adequate but we can ask the lighting technician to vary one of the spotlights to do our job.<\/em><\/span><\/p>\n<p style=\"text-align: justify;\"><span style=\"color: #cc99ff;\"><i>In this case the lighting technician was not and we had a light on the bottom too hard. Fortunately another technician, I guess the sound, we had a hand easing a bit this powerful focus.<\/i><\/span><\/p>\n<p style=\"text-align: justify;\"><span style=\"color: #cc99ff;\"><em>The previous representation only usually lasts about 15 minutes and you must pay attention to the type of shots you want to make. In these shots we can not invade the stage or disturb other classmates although in this case, a small theater, both the stage and the room has a more restrained so I guess that will make it very pleasant to the audience see a play and you&#8217;re virtually protagonist with actors.<\/em><\/span><\/p>\n<p style=\"text-align: justify;\"><span style=\"color: #cc99ff;\"><em>For this occasion I took the Nikon D700 with 24-70mm. 2.8 and 70-200mm Nikkor VRII both. I also carried a lightweight monopod Manfrotto brand, specifically the 390 model is that although the 70-200mm telephoto lens has stabilization, low light I prefer to use the monopod.<\/em><\/span><\/p>\n<p style=\"text-align: justify;\"><span style=\"color: #cc99ff;\"><em>The photographs in this post I have given a small idea of \u200b\u200bhow actors work and although I&#8217;m giving the tracks slowly because the first picture is very hard to guess that it will work and that it has been revealed in black and white. It is also important to say except that revealed, the images are so I put the camera which made \u200b\u200bno further adjustments and the automatic white balance. As I said before try to explain slowly certain modifications necessary before delivery.<\/em><\/span><\/p>\n<p style=\"text-align: justify;\"><span style=\"color: #cc99ff;\"><em>After the session is so complicated &#8230; sell the photos to various agencies but now it is almost a utopia. At least I&#8217;ll have the good taste of this small theater known ..<\/em><\/span><\/p>\n<p style=\"text-align: justify;\"><span style=\"color: #cc99ff;\"><em>The photographs in this post I have given a small idea of \u200b\u200bwhat the play and its players but after the session comes the complicated &#8230; sell the photos to various agencies but now it is almost a utopia. At least I keep the good taste to have met this little theater.<\/em><\/span><\/p>\n<p style=\"text-align: justify;\"><span style=\"color: #cc99ff;\"><em>Different fate have other companions who come to this prior work and why selling is done with just a mobile. True, and they say that according to the \u00abred\u00bb enough &#8230; you are lucky. Anyway the quality of a reflex I still find exciting and not waive time be loaded with that weight.<\/em><\/span><\/p>\n","protected":false},"excerpt":{"rendered":"<p>En esta ocasi\u00f3n y para variar\u00a0 nos vamos al Teatro del Arte, situado en la calle San Cosme y San Damian n\u00famero 3 de Madrid para hacer fotos en un pase exclusivo para la prensa especializada y que aparecer\u00e1 en las t\u00edpicas columnas dedicadas a cultura. La obra que acaba de estrenarse y se titula\u00a0La [&hellip;]<\/p>\n","protected":false},"author":1,"featured_media":0,"parent":0,"menu_order":0,"comment_status":"closed","ping_status":"closed","template":"","meta":{"footnotes":""},"class_list":["post-1911","page","type-page","status-publish","hentry"],"_links":{"self":[{"href":"https:\/\/www.photojosebueno.com\/index.php?rest_route=\/wp\/v2\/pages\/1911","targetHints":{"allow":["GET"]}}],"collection":[{"href":"https:\/\/www.photojosebueno.com\/index.php?rest_route=\/wp\/v2\/pages"}],"about":[{"href":"https:\/\/www.photojosebueno.com\/index.php?rest_route=\/wp\/v2\/types\/page"}],"author":[{"embeddable":true,"href":"https:\/\/www.photojosebueno.com\/index.php?rest_route=\/wp\/v2\/users\/1"}],"replies":[{"embeddable":true,"href":"https:\/\/www.photojosebueno.com\/index.php?rest_route=%2Fwp%2Fv2%2Fcomments&post=1911"}],"version-history":[{"count":1,"href":"https:\/\/www.photojosebueno.com\/index.php?rest_route=\/wp\/v2\/pages\/1911\/revisions"}],"predecessor-version":[{"id":1912,"href":"https:\/\/www.photojosebueno.com\/index.php?rest_route=\/wp\/v2\/pages\/1911\/revisions\/1912"}],"wp:attachment":[{"href":"https:\/\/www.photojosebueno.com\/index.php?rest_route=%2Fwp%2Fv2%2Fmedia&parent=1911"}],"curies":[{"name":"wp","href":"https:\/\/api.w.org\/{rel}","templated":true}]}}