{"id":1905,"date":"2017-04-12T12:45:32","date_gmt":"2017-04-12T10:45:32","guid":{"rendered":"http:\/\/www.photojosebueno.com\/?page_id=1905"},"modified":"2017-04-12T12:47:49","modified_gmt":"2017-04-12T10:47:49","slug":"silencio-se-rueda","status":"publish","type":"page","link":"https:\/\/www.photojosebueno.com\/?page_id=1905","title":{"rendered":"SILENCIO &#8230; SE RUEDA"},"content":{"rendered":"<p style=\"text-align: justify;\">En esta ocasi\u00f3n quiero que me acompa\u00f1es a visitar a un primo hermano de la fotograf\u00eda, me refiero al rodaje de un spot publicitario realizado con medios como dios manda y en un entorno id\u00edlico junto a la que es para m\u00ed la octava maravilla del mundo, me refiero al Monasterio del Escorial.<\/p>\n<div id=\"attachment_236\" style=\"width: 810px\" class=\"wp-caption aligncenter\"><img loading=\"lazy\" decoding=\"async\" aria-describedby=\"caption-attachment-236\" class=\"  wp-image-236 size-full\" src=\"http:\/\/photojosebueno.com\/wp-content\/uploads\/2013\/02\/JBM0508.jpg\" alt=\"\" width=\"800\" height=\"557\" srcset=\"https:\/\/photojosebueno.com\/wp-content\/uploads\/2013\/02\/JBM0508.jpg 800w, https:\/\/photojosebueno.com\/wp-content\/uploads\/2013\/02\/JBM0508-300x208.jpg 300w, https:\/\/photojosebueno.com\/wp-content\/uploads\/2013\/02\/JBM0508-430x300.jpg 430w\" sizes=\"auto, (max-width: 800px) 100vw, 800px\" \/><p id=\"caption-attachment-236\" class=\"wp-caption-text\">Nikon D700 &#8211; 24-70mm &#8211; f:13 &#8211; 1\/250s &#8211; ISO 200<\/p><\/div>\n<p style=\"text-align: justify;\">Es cierto que muchos puristas de la fotograf\u00eda miran con malos ojos aquellas c\u00e1maras que incluyen v\u00eddeo pero hasta las marcas m\u00e1s at\u00edpicas en este terreno como la Leica y su famoso sistema M ya lo han incluido en sus \u00faltimas versiones y es que el v\u00eddeo se impone cada vez m\u00e1s en nuestras vidas.<\/p>\n<p style=\"text-align: justify;\">Personalmente he de reconocer que prefiero con mucho la fotograf\u00eda pues el v\u00eddeo en mi opini\u00f3n le falta esa pizca de magia capaz de transmitir las mismas sensaciones que el v\u00eddeo pero en silencio y eso amigo m\u00edo es mucho. Por otra parte para la realizaci\u00f3n de video profesional se necesita mucha m\u00e1s inversi\u00f3n y la postproducci\u00f3n es much\u00edsimo m\u00e1s tediosa.<\/p>\n<p style=\"text-align: justify;\">Pero te adelanto que esta vez voy de modelo o mejor dicho llevo conmigo al modelo que posar\u00e1 para la nada despreciable cifra de uno o dos segundos de aparici\u00f3n en el video, me estoy refiriendo al coche deportivo que me acompa\u00f1a.<\/p>\n<p style=\"text-align: justify;\">No puedo dar muchos detalles del trabajo concreto al que hemos asistido pues no ser\u00eda muy profesional por mi parte dar ese tipo de datos pero si puedo dar alguna pista.<\/p>\n<p style=\"text-align: justify;\">Como ya he adelantado, el anuncio se ha rodado en distintas zonas de Madrid, en concreto a la que hemos asistido, en un campo de golf del Escorial, un pueblo cercano a Madrid que es muy conocido por su famoso Monasterio, El Monasterio de San Lorenzo del Escorial, un complejo formado por un palacio, la bas\u00edlica y el propio monasterio que fue construido entre 1563 y 1584 bajo la idea y atenta mirada del Rey Felipe II, toda una obra de arte que si no conoces te invito a que lo visites aunque tengas que viajar desde cualquier parte del mundo.<\/p>\n<div id=\"attachment_241\" style=\"width: 310px\" class=\"wp-caption alignleft\"><img loading=\"lazy\" decoding=\"async\" aria-describedby=\"caption-attachment-241\" class=\"  wp-image-241 size-medium\" src=\"http:\/\/photojosebueno.com\/wp-content\/uploads\/2013\/02\/20130129_154607-300x225.jpg\" alt=\"\" width=\"300\" height=\"225\" srcset=\"https:\/\/photojosebueno.com\/wp-content\/uploads\/2013\/02\/20130129_154607-300x225.jpg 300w, https:\/\/photojosebueno.com\/wp-content\/uploads\/2013\/02\/20130129_154607.jpg 400w\" sizes=\"auto, (max-width: 300px) 100vw, 300px\" \/><p id=\"caption-attachment-241\" class=\"wp-caption-text\">Samsung Note 2<\/p><\/div>\n<p style=\"text-align: justify;\">Cuando llegamos mi amigo y yo me sorprendi\u00f3 el despliegue de medios para la realizaci\u00f3n de las tomas. Si no me equivoqu\u00e9 en las cuentas hab\u00eda 33 personas incluyendo actores con el correspondiente atrezo, operarios de luz, sonido, c\u00e1maras, etc etc. y todo dirigido por un se\u00f1or que hablaba en alem\u00e1n por lo que sospecho que originalmente ese spot se ver\u00e1 en ese pa\u00eds \u00a0y \u00a0desconozco si se emitir\u00e1 en \u00a0Espa\u00f1a.<\/p>\n<p style=\"text-align: justify;\">Como dec\u00eda al inicio el video y la fotograf\u00eda son primos hermanos y es que la iluminaci\u00f3n es similar en los dos medios. Lo que no afecta a la fotograf\u00eda es el ruido inesperado de un helic\u00f3ptero o de alguien que sin saberlo que se rueda arranca en el momento m\u00e1s inoportuno un coche. Pero esto es as\u00ed y por ello son numerosas las veces que se realiza la misma toma para ese segundo de publicidad.<\/p>\n<p style=\"text-align: justify;\">Entre todos los cables y todos los operarios, se encontraba el famoso story board lo que me hizo recordar a un amigo cuyo trabajo era realizar estos dibujos y as\u00ed facilitar al director su trabajo a la hora de explicar como interpretar las historias que los actores deben interpretar.<\/p>\n<div id=\"attachment_242\" style=\"width: 310px\" class=\"wp-caption alignright\"><img loading=\"lazy\" decoding=\"async\" aria-describedby=\"caption-attachment-242\" class=\"  wp-image-242 size-medium\" src=\"http:\/\/photojosebueno.com\/wp-content\/uploads\/2013\/02\/20130129_112458-300x225.jpg\" alt=\"\" width=\"300\" height=\"225\" srcset=\"https:\/\/photojosebueno.com\/wp-content\/uploads\/2013\/02\/20130129_112458-300x225.jpg 300w, https:\/\/photojosebueno.com\/wp-content\/uploads\/2013\/02\/20130129_112458.jpg 400w\" sizes=\"auto, (max-width: 300px) 100vw, 300px\" \/><p id=\"caption-attachment-242\" class=\"wp-caption-text\">Samsung Note 2<\/p><\/div>\n<p style=\"text-align: justify;\">La verdad es que a pesar del espectacular entorno, del buen tiempo que hizo y de lo interesante que era el tema, he de reconocer que acab\u00e9 muy cansado y tambi\u00e9n confieso que sent\u00ed un poco de envidia sana por la cantidad de medios desplegados para rodar esos veinte segundos de gloria de un coche utilitario rodeado de colegas deportivos.<\/p>\n<p style=\"text-align: justify;\">Tambi\u00e9n me quedo con el buen sabor que Espa\u00f1a es uno de los destinos favoritos para la realizaci\u00f3n de este tipo de trabajos y espero que esta moda contin\u00fae generando puestos de trabajo y es que es sano que las multinacionales aprovechen ese sol casi siempre asomando y\u00a0 dando color a esos diversos paisajes que tenemos.<\/p>\n<p style=\"text-align: justify;\">Me anoto en mi agenda dos temas que seguramente te han dejado con algo de apetito, me refiero a una entrada dedicada a mi amigo y otra a ese bello sitio.<\/p>\n<div id=\"attachment_238\" style=\"width: 810px\" class=\"wp-caption aligncenter\"><img loading=\"lazy\" decoding=\"async\" aria-describedby=\"caption-attachment-238\" class=\"  wp-image-238 size-full\" src=\"http:\/\/photojosebueno.com\/wp-content\/uploads\/2013\/02\/JBM0496.jpg\" alt=\"\" width=\"800\" height=\"366\" srcset=\"https:\/\/photojosebueno.com\/wp-content\/uploads\/2013\/02\/JBM0496.jpg 800w, https:\/\/photojosebueno.com\/wp-content\/uploads\/2013\/02\/JBM0496-300x137.jpg 300w, https:\/\/photojosebueno.com\/wp-content\/uploads\/2013\/02\/JBM0496-500x228.jpg 500w\" sizes=\"auto, (max-width: 800px) 100vw, 800px\" \/><p id=\"caption-attachment-238\" class=\"wp-caption-text\">Nikon D700 &#8211; 24-70mm. &#8211; f:2.8 &#8211; 1\/800s &#8211; ISO 200<\/p><\/div>\n<p style=\"text-align: justify;\"><span style=\"color: #cc99ff;\"><strong>Silence is rolled &#8230;<\/strong><\/span><\/p>\n<p style=\"text-align: justify;\"><span style=\"color: #cc99ff;\"><em>This time I want you to accompany me to visit a cousin of photography, I refer to the set of a TV commercial made like god means and in an idyllic setting beside which to me is the eighth wonder of the world, I mean the Escorial Monastery.<\/em><\/span><\/p>\n<p style=\"text-align: justify;\"><span style=\"color: #cc99ff;\"><em>True, many photography purists look askance at those that include video cameras but so atypical brands in this field such as the Leica M system and its famous and have included it in their latest versions and the video is imposed each again in our lives.<\/em><\/span><\/p>\n<p style=\"text-align: justify;\"><span style=\"color: #cc99ff;\"><em>Personally I must admit that I much prefer the video photography because in my opinion it lacks that bit of magic capable of transmitting the same sensations that video but silent and that my friend is a lot. In addition to conducting professional video requires much more investment and post-production is much more tedious.<\/em><\/span><\/p>\n<p style=\"text-align: justify;\"><span style=\"color: #cc99ff;\"><em>But this time you&#8217;ll advance a model or rather took me to the model pose for the not inconsiderable figure of one or two seconds of appearance in the video, I am referring to the sports car with me.<\/em><\/span><\/p>\n<p style=\"text-align: justify;\"><span style=\"color: #cc99ff;\"><em>I can not give many details of the actual work that we have seen it would not be very professional of me to give that kind of data, but if I can give some clue.<\/em><\/span><\/p>\n<p style=\"text-align: justify;\"><span style=\"color: #cc99ff;\"><em>As I have already said, the ad was shot in various areas of Madrid, namely to which we have witnessed, in a golf course in the Escorial, a town near Madrid which is well known for its famous monastery, the Monastery of St. Lorenzo del Escorial, a palace complex of the basilica and monastery itself was built between 1563 and 1584 under the watchful eye of the idea and King Philip II, a work of art that you do not know if I invite you to visit it though have to travel anywhere in the world.<\/em><\/span><\/p>\n<p style=\"text-align: justify;\"><span style=\"color: #cc99ff;\"><em>When my friend and I got surprised me deploying means for performing outlets. If I was right in 33 people had accounts with the relevant stakeholders including props, lighting operators, sound, cameras, etc etc. and all led by a man who spoke German so I suspect that originally the spot will be there and what they do not know and come to Spain.<\/em><\/span><\/p>\n<p style=\"text-align: justify;\"><span style=\"color: #cc99ff;\"><em>As I said at the start the video and photography are first cousins \u200b\u200band the lighting is similar in the two media. What does not affect the photograph is the unexpected noise of a helicopter or someone who unknowingly wheel that starts at the most inopportune moment a car. But this is so and so are many times it is the same shot for that second ad.<\/em><\/span><\/p>\n<p style=\"text-align: justify;\"><span style=\"color: #cc99ff;\"><em>Among all the cables and all the workers, was the famous story board which made me remember a friend whose job was to make these drawings and so facilitate their work to the editor explaining how to interpret the stories that people must interpret .<\/em><\/span><\/p>\n<p style=\"text-align: justify;\"><span style=\"color: #cc99ff;\"><em>The truth is that despite the spectacular scenery, good weather that made it interesting and that was the issue, I must admit that I finished very tired and I confess that I felt a little envious of the amount of resources deployed to roll these twenty seconds of glory of a car surrounded by fellow sports utility.<\/em><\/span><\/p>\n<p style=\"text-align: justify;\"><span style=\"color: #cc99ff;\"><em>I also prefer the good taste that Spain is one of the favorite destinations for conducting this type of work and I hope that this trend continues to create jobs and that is healthy is that multinationals exploit the sun almost always sticking and coloring these diverse landscapes that we have.<\/em><\/span><\/p>\n<p style=\"text-align: justify;\"><span style=\"color: #cc99ff;\"><em>I scored on my agenda two items that will surely have left with some appetite, I refer to an entry on my friend and again to this beautiful place.<\/em><\/span><\/p>\n","protected":false},"excerpt":{"rendered":"<p>En esta ocasi\u00f3n quiero que me acompa\u00f1es a visitar a un primo hermano de la fotograf\u00eda, me refiero al rodaje de un spot publicitario realizado con medios como dios manda y en un entorno id\u00edlico junto a la que es para m\u00ed la octava maravilla del mundo, me refiero al Monasterio del Escorial. Es cierto [&hellip;]<\/p>\n","protected":false},"author":1,"featured_media":0,"parent":0,"menu_order":0,"comment_status":"closed","ping_status":"closed","template":"","meta":{"footnotes":""},"class_list":["post-1905","page","type-page","status-publish","hentry"],"_links":{"self":[{"href":"https:\/\/www.photojosebueno.com\/index.php?rest_route=\/wp\/v2\/pages\/1905","targetHints":{"allow":["GET"]}}],"collection":[{"href":"https:\/\/www.photojosebueno.com\/index.php?rest_route=\/wp\/v2\/pages"}],"about":[{"href":"https:\/\/www.photojosebueno.com\/index.php?rest_route=\/wp\/v2\/types\/page"}],"author":[{"embeddable":true,"href":"https:\/\/www.photojosebueno.com\/index.php?rest_route=\/wp\/v2\/users\/1"}],"replies":[{"embeddable":true,"href":"https:\/\/www.photojosebueno.com\/index.php?rest_route=%2Fwp%2Fv2%2Fcomments&post=1905"}],"version-history":[{"count":3,"href":"https:\/\/www.photojosebueno.com\/index.php?rest_route=\/wp\/v2\/pages\/1905\/revisions"}],"predecessor-version":[{"id":1908,"href":"https:\/\/www.photojosebueno.com\/index.php?rest_route=\/wp\/v2\/pages\/1905\/revisions\/1908"}],"wp:attachment":[{"href":"https:\/\/www.photojosebueno.com\/index.php?rest_route=%2Fwp%2Fv2%2Fmedia&parent=1905"}],"curies":[{"name":"wp","href":"https:\/\/api.w.org\/{rel}","templated":true}]}}