{"id":1894,"date":"2017-04-12T11:05:18","date_gmt":"2017-04-12T09:05:18","guid":{"rendered":"http:\/\/www.photojosebueno.com\/?page_id=1894"},"modified":"2017-04-12T11:12:44","modified_gmt":"2017-04-12T09:12:44","slug":"un-dia-en-la-escuela-espanola-de-pilotos","status":"publish","type":"page","link":"https:\/\/www.photojosebueno.com\/?page_id=1894","title":{"rendered":"UN D\u00cdA EN LA ESCUELA ESPA\u00d1OLA DE PILOTOS"},"content":{"rendered":"<p><img loading=\"lazy\" decoding=\"async\" class=\"aligncenter wp-image-285 size-full\" src=\"http:\/\/photojosebueno.com\/wp-content\/uploads\/2013\/02\/JBM_1640.jpg\" alt=\"\" width=\"800\" height=\"465\" srcset=\"https:\/\/photojosebueno.com\/wp-content\/uploads\/2013\/02\/JBM_1640.jpg 800w, https:\/\/photojosebueno.com\/wp-content\/uploads\/2013\/02\/JBM_1640-300x174.jpg 300w, https:\/\/photojosebueno.com\/wp-content\/uploads\/2013\/02\/JBM_1640-500x290.jpg 500w\" sizes=\"auto, (max-width: 800px) 100vw, 800px\" \/><\/p>\n<p style=\"text-align: justify;\">Una vez m\u00e1s no vamos a un circuito, El Jarama en Madrid, para pasar un d\u00eda ameno con la\u00a0<a title=\"Escuela Espa\u00f1ola de Pilotos\" href=\"http:\/\/www.escueladepilotos.com\/esc\/esc_index.php\" target=\"_blank\">Escuela Espa\u00f1ola de Pilotos<\/a>. Antes de entrar en materia con el tema de fotograf\u00eda dir\u00e9 que la Escuela Espa\u00f1ola de Pilotos lleva nada menos que desde 1980 dedicando sus esfuerzos a la formaci\u00f3n de pilotos as\u00ed como su contribuci\u00f3n a la mejora de la seguridad vial. En ese tiempo han pasado mas de veinte mil alumnos, alguno de ellos con gran renombre como Carlos Sainz, Pedro M. De la Rosa, Marc Gen\u00e9,\u00a0 Fernando Alonso, \u2026<\/p>\n<p style=\"text-align: justify;\">He de reconocer que en alguna ocasi\u00f3n he acudido como alumno pues me encanta el formato que tienen y es que cada ve que sales a pista un instructor te acompa\u00f1a en el asiento del copiloto mejorando todo aquello que necesitas y por supuesto teniendo en cuenta tu nivel. Esto resulta muy divertido adem\u00e1s de interesante pues la primera vez que hice un curso baj\u00e9 nada menos que 5 segundos mi tiempo por vuelta.<\/p>\n<p style=\"text-align: justify;\">Pero en esta ocasi\u00f3n vuelvo a formar parte de la Escuela haciendo la labor de fot\u00f3grafo que tambi\u00e9n me da muchas satisfacciones. Poder hacer todo tipo de tomas oliendo a pi\u00e9 de pista los coches, es todo un lujo.<\/p>\n<div id=\"attachment_287\" style=\"width: 810px\" class=\"wp-caption aligncenter\"><img loading=\"lazy\" decoding=\"async\" aria-describedby=\"caption-attachment-287\" class=\"  wp-image-287 size-full\" src=\"http:\/\/photojosebueno.com\/wp-content\/uploads\/2013\/02\/JBM_1805.jpg\" alt=\"\" width=\"800\" height=\"525\" srcset=\"https:\/\/photojosebueno.com\/wp-content\/uploads\/2013\/02\/JBM_1805.jpg 800w, https:\/\/photojosebueno.com\/wp-content\/uploads\/2013\/02\/JBM_1805-300x196.jpg 300w, https:\/\/photojosebueno.com\/wp-content\/uploads\/2013\/02\/JBM_1805-457x300.jpg 457w\" sizes=\"auto, (max-width: 800px) 100vw, 800px\" \/><p id=\"caption-attachment-287\" class=\"wp-caption-text\">Nikon D700 Nikkor 70-200VRII &#8211; f:5.6 &#8211; 1\/80s &#8211; ISO 400<\/p><\/div>\n<p style=\"text-align: justify;\">Como siempre y antes de ir a un evento decido que equipo llevar y hago la consabida revisi\u00f3n. En este caso solo tuve que limpiar con aire el sensor ya que ten\u00eda una mota que a buen seguro hubiese estropeado m\u00e1s de una foto. El tiempo anunciaba chubascos intermitentes y por ello decid\u00ed llevar mi chaqueta Gitzo, genial para trabajar con mal tiempo. Como es un circuito que conozco tan solo llev\u00e9 el cuerpo Nikon D700 y los Nikkor 24-70mm. y 70-200mm.VRII, ambos con f:2.8. Tambi\u00e9n llev\u00e9 el monopi\u00e9 Manfrotto y el polarizador de la marca B+W, de lo mejor.<\/p>\n<p style=\"text-align: justify;\">Una vez all\u00ed pude hacer las primeras tomas siempre interesantes de los mec\u00e1nicos realizado ajustes, los pilotos concentrados antes de salir etc. Lo que m\u00e1s me gusta es el buen ambiente y la buena disposici\u00f3n del Director de la Escuela, Javier Morcillo, siempre dispuesto a resolver dudas a los participantes.<\/p>\n<div id=\"attachment_289\" style=\"width: 810px\" class=\"wp-caption aligncenter\"><img loading=\"lazy\" decoding=\"async\" aria-describedby=\"caption-attachment-289\" class=\"  wp-image-289 size-full\" src=\"http:\/\/photojosebueno.com\/wp-content\/uploads\/2013\/02\/JBM_2344.jpg\" alt=\"\" width=\"800\" height=\"498\" srcset=\"https:\/\/photojosebueno.com\/wp-content\/uploads\/2013\/02\/JBM_2344.jpg 800w, https:\/\/photojosebueno.com\/wp-content\/uploads\/2013\/02\/JBM_2344-300x186.jpg 300w, https:\/\/photojosebueno.com\/wp-content\/uploads\/2013\/02\/JBM_2344-481x300.jpg 481w\" sizes=\"auto, (max-width: 800px) 100vw, 800px\" \/><p id=\"caption-attachment-289\" class=\"wp-caption-text\">Nikon D700 &#8211; Nikkor 24-70mm. &#8211; f:4.5 &#8211; 1\/80s &#8211; ISO 1250<\/p><\/div>\n<p style=\"text-align: justify;\">Entre tanda y tanda aproveche para ir con mi peque\u00f1o coche hasta una de las zonas m\u00e1s interesantes aprovechando que por la ma\u00f1ana el sol est\u00e1 a favor y adem\u00e1s se pueden hacer interesantes planos de barrido, est\u00e1ticas y apoyos, vamos casi toda la gama de fotos deportivas en pista.<\/p>\n<p style=\"text-align: justify;\"><img loading=\"lazy\" decoding=\"async\" class=\"alignright wp-image-293 size-medium\" src=\"http:\/\/photojosebueno.com\/wp-content\/uploads\/2013\/02\/JBM_2129-300x216.jpg\" alt=\"\" width=\"300\" height=\"216\" srcset=\"https:\/\/photojosebueno.com\/wp-content\/uploads\/2013\/02\/JBM_2129-300x216.jpg 300w, https:\/\/photojosebueno.com\/wp-content\/uploads\/2013\/02\/JBM_2129-1024x739.jpg 1024w, https:\/\/photojosebueno.com\/wp-content\/uploads\/2013\/02\/JBM_2129-415x300.jpg 415w, https:\/\/photojosebueno.com\/wp-content\/uploads\/2013\/02\/JBM_2129.jpg 1186w\" sizes=\"auto, (max-width: 300px) 100vw, 300px\" \/>Como el d\u00eda estaba muy nublado, el polarizador me result\u00f3 de gran ayuda e incluso pude hacer alguna toma a contraluz y es que el ambiente nublado a veces ayuda si bien no es la luz que m\u00e1s me gusta para trabajar en un circuito.<\/p>\n<p style=\"text-align: justify;\">Los barridos que realic\u00e9 los hice controlando la velocidad y es que en este tipo de eventos te encuentras coches\u00a0 de carreras que van pilotados por gente experta y pasan muy r\u00e1pidos y tambi\u00e9n te encuentras otros participantes con menos experiencia que al pasar m\u00e1s lentos, necesitas bajar la velocidad para hacer un buen barrido. Personalmente prefiero hacer el barrido con la c\u00e1mara en la mano sin el monopi\u00e9 ya que me da mucha m\u00e1s libertad de encuadres. Es cierto que juego con la ventaja del VR del Nikkor 70-200mmVRII que es fant\u00e1stico a la hora de eliminar vibraciones. \u00a0 En ocasiones tambi\u00e9n utilizo \u00a0el monopi\u00e9 y es cierto que lo us\u00e9 en alg\u00fan momento de la ma\u00f1ana pero no hay que olvidar quitar el VR del objetivo.<\/p>\n<div id=\"attachment_290\" style=\"width: 810px\" class=\"wp-caption aligncenter\"><img loading=\"lazy\" decoding=\"async\" aria-describedby=\"caption-attachment-290\" class=\"  wp-image-290 size-full\" src=\"http:\/\/photojosebueno.com\/wp-content\/uploads\/2013\/02\/JBM_2407.jpg\" alt=\"\" width=\"800\" height=\"529\" srcset=\"https:\/\/photojosebueno.com\/wp-content\/uploads\/2013\/02\/JBM_2407.jpg 800w, https:\/\/photojosebueno.com\/wp-content\/uploads\/2013\/02\/JBM_2407-300x198.jpg 300w, https:\/\/photojosebueno.com\/wp-content\/uploads\/2013\/02\/JBM_2407-453x300.jpg 453w\" sizes=\"auto, (max-width: 800px) 100vw, 800px\" \/><p id=\"caption-attachment-290\" class=\"wp-caption-text\">Nikon D700 &#8211; Nikkor 70-200mm.VRII &#8211; f:2.8 &#8211; 1\/1600s &#8211; ISO 1600<\/p><\/div>\n<p style=\"text-align: justify;\">En la zona de la recta situado en el muro, tambi\u00e9n hice fotos a los coches que se dirig\u00edan \u00a0a gran velocidad hacia mi c\u00e1mara.\u00a0 En este caso lo interesante el destacar el coche y su piloto pues por lo general a todo el mundo le gusta salir en una situaci\u00f3n as\u00ed. Adem\u00e1s resulta interesante ambientar la imagen dejando constancia que el coche circula por un circuito.\u00a0 En estas tomas me gusta poner el diafragma con una apertura grande para conseguir desenfocar el fondo e insinuar la situaci\u00f3n de velocidad en un circuito.<\/p>\n<div id=\"attachment_291\" style=\"width: 1694px\" class=\"wp-caption aligncenter\"><img loading=\"lazy\" decoding=\"async\" aria-describedby=\"caption-attachment-291\" class=\"  wp-image-291 size-full\" src=\"http:\/\/photojosebueno.com\/wp-content\/uploads\/2013\/02\/JBM_2410.jpg\" alt=\"\" width=\"1684\" height=\"1254\" srcset=\"https:\/\/photojosebueno.com\/wp-content\/uploads\/2013\/02\/JBM_2410.jpg 1684w, https:\/\/photojosebueno.com\/wp-content\/uploads\/2013\/02\/JBM_2410-300x223.jpg 300w, https:\/\/photojosebueno.com\/wp-content\/uploads\/2013\/02\/JBM_2410-1024x762.jpg 1024w, https:\/\/photojosebueno.com\/wp-content\/uploads\/2013\/02\/JBM_2410-402x300.jpg 402w\" sizes=\"auto, (max-width: 1684px) 100vw, 1684px\" \/><p id=\"caption-attachment-291\" class=\"wp-caption-text\">Nikon D700 &#8211; Nikkor 70-200mm.VRII &#8211; f:2.8 &#8211; 1\/1600s &#8211; ISO 1600<\/p><\/div>\n<p style=\"text-align: justify;\">En este tipo de fotograf\u00eda es muy importante hacer un buen enfoque y eso no es precisamente f\u00e1cil con c\u00e1maras \u201clentas\u201d. Afortunadamente la Nikon D700 es bastante \u00e1gil a la hora de trabajar con el sistema AF de servo continuo que utiliza el sistema de seguimiento con enfoque predictivo. Este sistema es cierto que a veces me sacaba fotos desenfocadas pero volviendo a confiar en la electr\u00f3nica,\u00a0 \u00faltimamente llevo programado la prioridad al enfoque en lugar del disparo lo que me permite hacer r\u00e1fagas a veces con menos im\u00e1genes pero todas enfocadas. Cuando prob\u00e9 la Nikon D4 esto fue lo que m\u00e1s me gust\u00f3 y sorprendi\u00f3 &#8230; su velocidad de enfoque &#8230; incre\u00edble, l\u00e1stima su precio pero todo se andar\u00e1.<\/p>\n<p><img loading=\"lazy\" decoding=\"async\" class=\"  alignleft wp-image-292 size-medium\" title=\"Rallye de Torrelodones a\u00f1o 2004 - Autor: an\u00f3nimo\" src=\"http:\/\/photojosebueno.com\/wp-content\/uploads\/2013\/02\/II_Torrel_06_1-300x225.jpg\" alt=\"\" width=\"300\" height=\"225\" srcset=\"https:\/\/photojosebueno.com\/wp-content\/uploads\/2013\/02\/II_Torrel_06_1-300x225.jpg 300w, https:\/\/photojosebueno.com\/wp-content\/uploads\/2013\/02\/II_Torrel_06_1-400x300.jpg 400w, https:\/\/photojosebueno.com\/wp-content\/uploads\/2013\/02\/II_Torrel_06_1.jpg 600w\" sizes=\"auto, (max-width: 300px) 100vw, 300px\" \/><\/p>\n<p style=\"text-align: justify;\">Tambi\u00e9n tengo una curiosa an\u00e9cdota que me sucedi\u00f3 y que quiero compartir con vosotros. \u00a0Tengo por costumbre que entre coche y coche, si me da tiempo, suelo comprobar la nitidez de las im\u00e1genes y para ello suelo ampliar a una zona con \u201cdibujos\u201d como la matr\u00edcula o una pegatina. Pues bien haciendo esto, de repente uno de los coches que estaban rodando y que se parec\u00eda mucho a uno que tuve hace a\u00f1os, al ampliar la matr\u00edcula comprob\u00e9 que se trataba de la misma unidad de la que fui propietario y que dio nombre a mi nick en algunos foros por su color m\u00e1s el modelo: \u201cFuriaroja911\u201d. Con ese coche particip\u00e9 en varios rallyes. Curiosamente en el Rallye de Torrelodones, all\u00e1 por el a\u00f1o 2004, otro colega me sac\u00f3 una foto en la que estaba a punto de perder el faro derecho como se puede apreciar en la foto. Transit\u00e1bamos por uno de los duros tramos del rallye conocido como la \u00abMuralla China\u00bb, un tramo ideal pare perder el faro y los empastes. La conclusi\u00f3n es que peque\u00f1o que es el mundo. Fue todo un placer realizar fotos a un coche que no ve\u00eda desde hace a\u00f1os y que me llen\u00f3 de satisfacci\u00f3n al comprobar su buen estado f\u00edsico d\u00e1ndolo todo en un circuito.<\/p>\n<p style=\"text-align: center;\"><a href=\"http:\/\/www.photojosebueno.com\/?attachment_id=286\" rel=\"attachment wp-att-286\"><img loading=\"lazy\" decoding=\"async\" class=\"aligncenter wp-image-286 size-full\" title=\"Nikon D700 - Nikkor 70-200mm.VRII - f:2.8 - 1\/1600 - ISO 1600\" src=\"http:\/\/photojosebueno.com\/wp-content\/uploads\/2013\/02\/JBM_1745.jpg\" alt=\"\" width=\"800\" height=\"512\" srcset=\"https:\/\/photojosebueno.com\/wp-content\/uploads\/2013\/02\/JBM_1745.jpg 800w, https:\/\/photojosebueno.com\/wp-content\/uploads\/2013\/02\/JBM_1745-300x192.jpg 300w, https:\/\/photojosebueno.com\/wp-content\/uploads\/2013\/02\/JBM_1745-468x300.jpg 468w\" sizes=\"auto, (max-width: 800px) 100vw, 800px\" \/><\/a><\/p>\n<p style=\"text-align: justify;\">Tambi\u00e9n coincid\u00ed con un buen amigo, Antonio Castro, piloto ganador entre otros del Campeonato de Espa\u00f1a GT y que acababa de recibir un coche preparado para circuito que hab\u00eda comprado hace poco en Inglaterra. Estaba all\u00ed para probar por primera vez ese coche y dejarlo preparado para pruebas de este a\u00f1o y vaya que lo prob\u00f3. En el ejemplo vemos una apurada de frenada donde el coche se qued\u00f3 totalmente clavado. Este tipo de situaciones se suelen dar en carrera y si estas atento puedes tomar unas incre\u00edbles fotos. Por suerte tambi\u00e9n mi amigo Antonio hizo esta incre\u00edble apurada justo delante de donde estaba preparado con mi c\u00e1mara. Estaremos atentos a la evoluci\u00f3n de este coche pues seguro que en las manos de su actual propietario ganar\u00e1 m\u00e1s de alguna prueba.<\/p>\n<div id=\"attachment_288\" style=\"width: 810px\" class=\"wp-caption aligncenter\"><img loading=\"lazy\" decoding=\"async\" aria-describedby=\"caption-attachment-288\" class=\"  wp-image-288 size-full\" src=\"http:\/\/photojosebueno.com\/wp-content\/uploads\/2013\/02\/JBM_1991.jpg\" alt=\"\" width=\"800\" height=\"491\" srcset=\"https:\/\/photojosebueno.com\/wp-content\/uploads\/2013\/02\/JBM_1991.jpg 800w, https:\/\/photojosebueno.com\/wp-content\/uploads\/2013\/02\/JBM_1991-300x184.jpg 300w, https:\/\/photojosebueno.com\/wp-content\/uploads\/2013\/02\/JBM_1991-488x300.jpg 488w\" sizes=\"auto, (max-width: 800px) 100vw, 800px\" \/><p id=\"caption-attachment-288\" class=\"wp-caption-text\">Nikon D700 &#8211; Nikkor 70-200mm.VRII &#8211; f:6.3 &#8211; 1\/200s &#8211; ISO 800<\/p><\/div>\n<p style=\"text-align: justify;\">Para terminar, si te interesa el mundo del autom\u00f3vil y quieres hacer tus pinitos en un circuito te aconsejo que contactes con la Escuela Espa\u00f1ola de Pilotos pues nadie mejor que ellos te podr\u00e1s asesorar en el mundo de la competici\u00f3n y si tan solo quieres aprender a llevar tu coche en el l\u00edmite \u2026 pues tambi\u00e9n es la mejor y m\u00e1s segura manera de hacerlo. Por cierto que tambi\u00e9n tienen coches de competici\u00f3n en alquiler. \u00a0En definitiva son profesionales en todos los sentidos.<\/p>\n<p style=\"text-align: justify;\"><strong><span style=\"color: #cc99ff;\">A day in the Spanish Pilot School<\/span><\/strong><\/p>\n<p style=\"text-align: justify;\"><span style=\"color: #cc99ff;\">Again, do not go to a circuit, the Jarama in Madrid, for a day fun with the Spanish School of Pilots. Before entering the field of photography to tell the subject that the Spanish School of Pilots take no less than from 1980 to devote his efforts to the training of pilots and their contribution to improving road safety. In that time they have spent more than twenty thousand students, some of them with great popularity as Carlos Sainz, Peter M. De la Rosa, Marc Gen\u00e9, Fernando Alonso, &#8230;<\/span><br \/>\n<span style=\"color: #cc99ff;\">I must admit that on occasion I attended as a student because I love having format is that each sees you go to track an instructor with you in the passenger seat improving everything you need and of course taking into account your level. This is very interesting as well as fun the first time I did a course got no less than 5 seconds my lap time.<\/span><br \/>\n<span style=\"color: #cc99ff;\">But this time I return to join the school doing the work of photographer that also gives me great satisfaction. To make all kinds of shots to door smelling cars, is a luxury.<\/span><\/p>\n<p style=\"text-align: justify;\"><span style=\"color: #cc99ff;\">How long before going to an event and decide what equipment I carry the usual review. In this case only had to clean the sensor air as it had a speck that surely would have ruined more than one photo. Weather announcing intermittent showers and so I decided to take my jacket Gitzo, great to work in bad weather. As it is a track I know I took the body only Nikon D700 and Nikkor 24-70mm. and 70-200mm.VRII, both with f: 2.8. I also took the Manfrotto monopod and polarizer B + W brand, the best.<\/span><br \/>\n<span style=\"color: #cc99ff;\">Once there I could do the first shots always interesting mechanics made adjustments, pilots etc concentrates before leaving. What I like is the atmosphere and the willingness of the School Director, Javier Morcillo, always willing to answer questions to the participants.<\/span><\/p>\n<p style=\"text-align: justify;\"><span style=\"color: #cc99ff;\">Among tanda tanda and take a ride with my little car to one of the most interesting areas taking advantage of the morning sun and also favors can be made interesting scanning planes, static and supports, we almost the whole range of sports photos on track.<\/span><\/p>\n<p style=\"text-align: justify;\"><span style=\"color: #cc99ff;\">As the day was overcast, the polarizer me was very helpful and even I could do some back-and that the environment is cloudy sometimes helps but is not the light that I like to work in a circuit.<\/span><br \/>\n<span style=\"color: #cc99ff;\">I made scans I made controlling the speed and is that in this type of events you are going racing cars driven by people skilled and very quick pass and you find other participants with less experience than passing slower, lower need speed to make a good sweep. Personally I prefer to sweep the camera in hand without the monopod as it gives me much more freedom of frames. It is true that game with the advantage of VR Nikkor 70-200mmVRII it&#8217;s great when eliminate vibrations. Sometimes I also use the monopod and it is true that I used it at some time in the morning but do not forget to remove the lens VR.<\/span><\/p>\n<p style=\"text-align: justify;\"><span style=\"color: #cc99ff;\">In the area of \u200b\u200bthe line located on the wall, also took pictures of the cars that were heading at high speed toward my camera. In this case the interesting thing highlighting the car and its driver because usually everyone likes to go out in such a situation. Also interesting image acclimate noting that the car is traveling a circuit. In these shots I like to put the diaphragm with a large aperture to blur the background and get the situation suggest a circuit speed.<\/span><\/p>\n<p style=\"text-align: justify;\"><span style=\"color: #cc99ff;\">In this type of photography is very important to make a good approach and that is not exactly easy with cameras \u00abslow\u00bb. Fortunately the Nikon D700 is quite agile when working with continuous-servo AF system that uses the system with predictive focus tracking. This system is true that sometimes I took pictures blurry but returning to rely on electronics, lately I&#8217;ve programmed the priority approach shot instead of allowing me to do sometimes bursts with fewer images but all focused. When I tested the Nikon D4 that was what I liked and was surprised &#8230; Focus speed &#8230; amazing, shame its price but everything will come.<\/span><br \/>\n<span style=\"color: #cc99ff;\">Also I have a funny story that happened to me and I want to share with you. Well, I have the habit that between car and car floor if I have time to check the sharpness of images and ground it extend to an area with \u00abdrawings\u00bb as tuition or a sticker. Well doing this, suddenly one of the cars that were rolling and that was a lot like one I had years ago, to expand enrollment saw that it was the that was mine and gave my name to Nick in some forums for their color \u00abFuriaroja911\u00bb and with that car is that I made several rallies. The strange thing is that in Torrelodones Rally back in 2004, another colleague I took a picture in which he was about to lose a lighthouse as seen in the photo on one of the hard sections of the rally known as the Chinese Wall. How small the world is. It was a pleasure taking photos at a car that had not seen for years and I could see her taking it all fit in a circuit.<\/span><\/p>\n<p style=\"text-align: justify;\"><span style=\"color: #cc99ff;\">It also coincided with a good friend, Antonio Castro, winning driver including GT Championship of Spain and he had just received a car prepared for the circuit had recently purchased in England. I was there to try for the first time that car and make it ready for testing this year and boy was it tested. In the example we see a rush of braking where the car was totally stuck. Such situations often occur in the race and if you sense you can take some incredible photos. Luckily my friend Antonio also made this incredible rush right in front of where I was ready with my camera.<\/span><\/p>\n<p style=\"text-align: justify;\"><span style=\"color: #cc99ff;\">Finally, if you are interested in the automotive world and want to make your first steps on a circuit I advise you to contact the Spanish School of Pilots for no better than they can advise you in the world of racing and if you just want to learn to lead your car to the limit &#8230; it also is the best and safest way to do it. Of course they also have racing cars for rent. Ultimately are professional in every way<\/span><\/p>\n","protected":false},"excerpt":{"rendered":"<p>Una vez m\u00e1s no vamos a un circuito, El Jarama en Madrid, para pasar un d\u00eda ameno con la\u00a0Escuela Espa\u00f1ola de Pilotos. Antes de entrar en materia con el tema de fotograf\u00eda dir\u00e9 que la Escuela Espa\u00f1ola de Pilotos lleva nada menos que desde 1980 dedicando sus esfuerzos a la formaci\u00f3n de pilotos as\u00ed como [&hellip;]<\/p>\n","protected":false},"author":1,"featured_media":0,"parent":0,"menu_order":0,"comment_status":"closed","ping_status":"closed","template":"","meta":{"footnotes":""},"class_list":["post-1894","page","type-page","status-publish","hentry"],"_links":{"self":[{"href":"https:\/\/www.photojosebueno.com\/index.php?rest_route=\/wp\/v2\/pages\/1894","targetHints":{"allow":["GET"]}}],"collection":[{"href":"https:\/\/www.photojosebueno.com\/index.php?rest_route=\/wp\/v2\/pages"}],"about":[{"href":"https:\/\/www.photojosebueno.com\/index.php?rest_route=\/wp\/v2\/types\/page"}],"author":[{"embeddable":true,"href":"https:\/\/www.photojosebueno.com\/index.php?rest_route=\/wp\/v2\/users\/1"}],"replies":[{"embeddable":true,"href":"https:\/\/www.photojosebueno.com\/index.php?rest_route=%2Fwp%2Fv2%2Fcomments&post=1894"}],"version-history":[{"count":4,"href":"https:\/\/www.photojosebueno.com\/index.php?rest_route=\/wp\/v2\/pages\/1894\/revisions"}],"predecessor-version":[{"id":1898,"href":"https:\/\/www.photojosebueno.com\/index.php?rest_route=\/wp\/v2\/pages\/1894\/revisions\/1898"}],"wp:attachment":[{"href":"https:\/\/www.photojosebueno.com\/index.php?rest_route=%2Fwp%2Fv2%2Fmedia&parent=1894"}],"curies":[{"name":"wp","href":"https:\/\/api.w.org\/{rel}","templated":true}]}}