{"id":1887,"date":"2017-04-12T10:54:44","date_gmt":"2017-04-12T08:54:44","guid":{"rendered":"http:\/\/www.photojosebueno.com\/?page_id=1887"},"modified":"2017-04-12T11:00:20","modified_gmt":"2017-04-12T09:00:20","slug":"chupa-harley-y-camara-nos-vamos-de-fiesta","status":"publish","type":"page","link":"https:\/\/www.photojosebueno.com\/?page_id=1887","title":{"rendered":"CHUPA, HARLEY Y C\u00c1MARA, \u2026 NOS VAMOS DE FIESTA"},"content":{"rendered":"<p style=\"text-align: justify;\">La semana pasada asist\u00ed a uno de los saraos que de vez en cuando monta la gente de Capital un importante distribuidor Harley Davidson en Madrid.<\/p>\n<div id=\"attachment_308\" style=\"width: 810px\" class=\"wp-caption aligncenter\"><img loading=\"lazy\" decoding=\"async\" aria-describedby=\"caption-attachment-308\" class=\"  wp-image-308 size-full\" src=\"http:\/\/photojosebueno.com\/wp-content\/uploads\/2013\/02\/JBM_2590.jpg\" alt=\"\" width=\"800\" height=\"431\" srcset=\"https:\/\/photojosebueno.com\/wp-content\/uploads\/2013\/02\/JBM_2590.jpg 800w, https:\/\/photojosebueno.com\/wp-content\/uploads\/2013\/02\/JBM_2590-300x161.jpg 300w, https:\/\/photojosebueno.com\/wp-content\/uploads\/2013\/02\/JBM_2590-500x269.jpg 500w\" sizes=\"auto, (max-width: 800px) 100vw, 800px\" \/><p id=\"caption-attachment-308\" class=\"wp-caption-text\">Nikon D 700 &#8211; Nikkor 24-70mm. &#8211; f:3.5 &#8211; 1\/200s &#8211; ISO 2500<\/p><\/div>\n<p style=\"text-align: justify;\">En este caso la fiesta pintaba bien pues con el nombre de Harley Premiere Night, el distribuidor Capital nos presentaba los nuevos modelos Harley, aderezado con buena cerveza y una excelente actuaci\u00f3n\u00a0 de Gaby Jogeix.<\/p>\n<p style=\"text-align: justify;\">Se que asistir a estas fiestas te puede salir bien o muy caras dependiendo de si te compras algo del amplio merchandising de la marca o te llevas una moto a tu gusto personalizada\u00a0hasta las muelas. Afortunadamente en el mundo de las dos ruedas de momento estoy sobradamente satisfecho con mi \u201cpeque\u00f1a\u201d Sporster y lo que si me atrae much\u00edsimo siempre ha sido el glamour de la ropa y accesorios de esta marca \u00a0que quitando alguna chupa que puede llegar a 600 pavos puedes encontrar multitud de cosas a precios m\u00e1s que asequibles. Al menos eso me parece a mi si lo comparo con el merchandising de mi marca favorita de coches.<\/p>\n<p style=\"text-align: justify;\">Pero me voy centrar en el mundo de la fotograf\u00eda que es de lo que va este blog.\u00a0Cuando me lleg\u00f3 el email con la invitaci\u00f3n, lo primero que hice fue consultar si pod\u00eda hacer fotos para mi colecci\u00f3n e incluso para mi blog. La respuesta de los responsables de Capital fue inmediata y super positiva, me encant\u00f3 y es que la gente Harley es encantadora, como los buenos moteros. Gracias se\u00f1ores!!<\/p>\n<p style=\"text-align: justify;\">Para la ocasi\u00f3n me hubiese gustado llevar una c\u00e1mara m\u00e1s, como dir\u00eda, \u00a0m\u00e1s &#8230; \u201chierro\u201d y pensaba en una telem\u00e9trica, pero a decir verdad, la idea de trabajar con poca luz, con una c\u00e1mara que no se lleva bien con isos altos no me seduc\u00eda. Para variar cargu\u00e9 con la Nikon D700 que ha sido la c\u00e1mara que nunca me ha defraudado y es que da lo mismo que haya o no luz suficiente. Para no ir muy cargado me llev\u00e9 el 24-70mm. f:2.8. Es el objetivo m\u00e1s usable en temas sociales y os recuerdo que nos vamos de fiesta, por si acaso echo tambi\u00e9n el flash Nikon SB800 que es algo m\u00e1s recogido que el SB900.<\/p>\n<p style=\"text-align: justify;\">En este tipo de im\u00e1genes te puedes encontrar con\u00a0un par de problemas que hay que saber resolver. Uno es que tienes que estar muy atento a todo lo que sucede pues te puedes perder muchas y buenas fotos irrepetibles. El otro problema es, como no, la luz. Si que es cierto que nuestra c\u00e1mara es capaz de trabajar con ISOS muy altos sin despeinarse y sin sacar apenas grano pero el problema lo encontraremos cuando veamos las im\u00e1genes y veamos muchas diferencias en el balance de blancos pues como es l\u00f3gico las fuentes de iluminaci\u00f3n en estos casos suelen emitir temperaturas de color muy dispares. La \u00fanica soluci\u00f3n que suelo utilizar en estos casos es el retoque por zonas con programas que disponen de la tecnolog\u00eda Upoint. Pero tranquilo pues si sigues ese blog te adelanto que en alguna entrada pr\u00f3xima haremos un monogr\u00e1fico sobre este tema. Actualmente ya estoy desarrollando la gesti\u00f3n de color para que se quede en una p\u00e1gina fija acompa\u00f1ado a la que ya existe sobre la distancia hiperfocal.<\/p>\n<p style=\"text-align: justify;\">Utilic\u00e9 muy poco el flash pues me gusta m\u00e1s la luz ambiente y eso que en ocasiones si no te acuerdas de mover los ISO, pueden salir im\u00e1genes un poco movidas pero &#8230; que tambi\u00e9n pueden quedar bien. En la siguiente foto dispar\u00e9 desde la cintura sin que el protagonista se diese cuenta, eso s\u00ed pongo la foto ya que posteriormente habl\u00e9 con \u00e9l \u00abmodelo\u00bb e incluso se ofreci\u00f3 a posar en una foto de grupo. Puede ser que alguno de vosotros no le guste esta foto pero en mi opini\u00f3n tiene \u00abvida\u00bb.<\/p>\n<div id=\"attachment_314\" style=\"width: 542px\" class=\"wp-caption aligncenter\"><img loading=\"lazy\" decoding=\"async\" aria-describedby=\"caption-attachment-314\" class=\"wp-image-314 size-full\" src=\"http:\/\/photojosebueno.com\/wp-content\/uploads\/2013\/02\/JBM_2504.jpg\" alt=\"JBM_2504\" width=\"532\" height=\"800\" srcset=\"https:\/\/photojosebueno.com\/wp-content\/uploads\/2013\/02\/JBM_2504.jpg 532w, https:\/\/photojosebueno.com\/wp-content\/uploads\/2013\/02\/JBM_2504-199x300.jpg 199w\" sizes=\"auto, (max-width: 532px) 100vw, 532px\" \/><p id=\"caption-attachment-314\" class=\"wp-caption-text\">Nikon D700 &#8211; Nikkor 24-70mm. &#8211; f:3.2 &#8211; 1\/20s &#8211; ISO 1250<\/p><\/div>\n<p style=\"text-align: justify;\">Una vez all\u00ed la fiesta no defraud\u00f3 y me encant\u00f3 el buen ambiente adem\u00e1s de encontrar a un buen amigo, Dani, antiguo compa\u00f1ero de trabajo que compart\u00eda conmigo la afici\u00f3n por todo aquello que tiene motor de dos o cuatro ruedas.<\/p>\n<div id=\"attachment_313\" style=\"width: 581px\" class=\"wp-caption aligncenter\"><img loading=\"lazy\" decoding=\"async\" aria-describedby=\"caption-attachment-313\" class=\"  wp-image-313 size-full\" src=\"http:\/\/photojosebueno.com\/wp-content\/uploads\/2013\/02\/JBM_2505.jpg\" alt=\"\" width=\"571\" height=\"800\" srcset=\"https:\/\/photojosebueno.com\/wp-content\/uploads\/2013\/02\/JBM_2505.jpg 571w, https:\/\/photojosebueno.com\/wp-content\/uploads\/2013\/02\/JBM_2505-214x300.jpg 214w\" sizes=\"auto, (max-width: 571px) 100vw, 571px\" \/><p id=\"caption-attachment-313\" class=\"wp-caption-text\">Nikon D700 &#8211; Nikkor 24-70mm. &#8211; f:3.2 &#8211; 1\/60s &#8211; ISO 1250<\/p><\/div>\n<p style=\"text-align: justify;\">Respecto a las fotograf\u00edas que pod\u00eda tomar, pues no era el d\u00eda de hacer im\u00e1genes incre\u00edbles de esas preciosas motos y tocaba hacer fotos de social, algo que he hecho en muchas ocasiones pero que reconozco no es mi pasi\u00f3n. Aun as\u00ed disfrut\u00e9 haciendo fotos a esas chupas coloreadas y que alguna era tapada por la hermosa melena de su due\u00f1a. Las dichosas chupas personalizas con esos llamativos colores me apasionan y no me puedo resistir a fotografiarlas. Y si adem\u00e1s contamos con buenas modelos y un buen fondo, &#8230;<\/p>\n<div id=\"attachment_309\" style=\"width: 542px\" class=\"wp-caption alignnone\"><img loading=\"lazy\" decoding=\"async\" aria-describedby=\"caption-attachment-309\" class=\"wp-image-309 size-full\" src=\"http:\/\/photojosebueno.com\/wp-content\/uploads\/2013\/02\/JBM_2568.jpg\" alt=\"Nikon D700 - Nikkor 24-70mm. - f:8.0 - 1\/10s - ISO 2000\" width=\"532\" height=\"800\" srcset=\"https:\/\/photojosebueno.com\/wp-content\/uploads\/2013\/02\/JBM_2568.jpg 532w, https:\/\/photojosebueno.com\/wp-content\/uploads\/2013\/02\/JBM_2568-199x300.jpg 199w\" sizes=\"auto, (max-width: 532px) 100vw, 532px\" \/><p id=\"caption-attachment-309\" class=\"wp-caption-text\">Nikon D700 &#8211; Nikkor 24-70mm. &#8211; f:8.0 &#8211; 1\/10s &#8211; ISO 2000<\/p><\/div>\n<p style=\"text-align: justify;\">Tambi\u00e9n hice alguna foto divertida a gente que me pidi\u00f3, como los integrantes de este grupo, Capital Chapter que suelen salir con sus\u00a0 motos Harley todos los fines de semana.<\/p>\n<div id=\"attachment_310\" style=\"width: 810px\" class=\"wp-caption aligncenter\"><img loading=\"lazy\" decoding=\"async\" aria-describedby=\"caption-attachment-310\" class=\"  wp-image-310 size-full\" src=\"http:\/\/photojosebueno.com\/wp-content\/uploads\/2013\/02\/JBM_2566.jpg\" alt=\"\" width=\"800\" height=\"532\" srcset=\"https:\/\/photojosebueno.com\/wp-content\/uploads\/2013\/02\/JBM_2566.jpg 800w, https:\/\/photojosebueno.com\/wp-content\/uploads\/2013\/02\/JBM_2566-300x199.jpg 300w, https:\/\/photojosebueno.com\/wp-content\/uploads\/2013\/02\/JBM_2566-451x300.jpg 451w\" sizes=\"auto, (max-width: 800px) 100vw, 800px\" \/><p id=\"caption-attachment-310\" class=\"wp-caption-text\">Nikon D700 &#8211; Nikkor 24-70mm. f:8.0 &#8211; 1\/60s &#8211; ISO 1250 &#8211; Nikon SB800<\/p><\/div>\n<p style=\"text-align: justify;\">No pod\u00eda faltar las fotos del grupo Gaby Jogeix que con su concierto en directo nos hicieron disfrutar a tope. Con los cinco sentidos a tope todos disfrutamos de una fiesta que nos hizo olvidar un rato todas las noticias negativas que aparecen sobre la marcha de la econom\u00eda y la dichosa crisis.<\/p>\n<div id=\"attachment_312\" style=\"width: 810px\" class=\"wp-caption aligncenter\"><img loading=\"lazy\" decoding=\"async\" aria-describedby=\"caption-attachment-312\" class=\"wp-image-312 size-full\" src=\"http:\/\/photojosebueno.com\/wp-content\/uploads\/2013\/02\/JBM_2544.jpg\" alt=\"\" width=\"800\" height=\"532\" srcset=\"https:\/\/photojosebueno.com\/wp-content\/uploads\/2013\/02\/JBM_2544.jpg 800w, https:\/\/photojosebueno.com\/wp-content\/uploads\/2013\/02\/JBM_2544-300x199.jpg 300w, https:\/\/photojosebueno.com\/wp-content\/uploads\/2013\/02\/JBM_2544-451x300.jpg 451w\" sizes=\"auto, (max-width: 800px) 100vw, 800px\" \/><p id=\"caption-attachment-312\" class=\"wp-caption-text\">Nikon D700 &#8211; Nikkor 24-70mm. &#8211; f:5.0 &#8211; 1\/50s &#8211; ISO 1250<\/p><\/div>\n<div id=\"attachment_311\" style=\"width: 810px\" class=\"wp-caption alignnone\"><img loading=\"lazy\" decoding=\"async\" aria-describedby=\"caption-attachment-311\" class=\"wp-image-311 size-full\" src=\"http:\/\/photojosebueno.com\/wp-content\/uploads\/2013\/02\/JBM_2548.jpg\" alt=\"Nikon D700 - Nikkor 24-70mm - f:4.0 - 1\/40s ISO 1250\" width=\"800\" height=\"532\" srcset=\"https:\/\/photojosebueno.com\/wp-content\/uploads\/2013\/02\/JBM_2548.jpg 800w, https:\/\/photojosebueno.com\/wp-content\/uploads\/2013\/02\/JBM_2548-300x199.jpg 300w, https:\/\/photojosebueno.com\/wp-content\/uploads\/2013\/02\/JBM_2548-451x300.jpg 451w\" sizes=\"auto, (max-width: 800px) 100vw, 800px\" \/><p id=\"caption-attachment-311\" class=\"wp-caption-text\">Nikon D700 &#8211; Nikkor 24-70mm &#8211; f:4.0 &#8211; 1\/40s ISO 1250<\/p><\/div>\n<p style=\"text-align: justify;\">Ahora si me permites voy a poner alguna foto de otra fiesta, tambi\u00e9n de Capital y que me lleve la D700 pero con \u00f3pticas Hasselblad con enfoque manual. Los colores y la calidad de estas \u00f3pticas en una c\u00e1mara full frame son espectaculares. El \u00fanico pero es que esa vez no me pude resistir y compr\u00e9 una chupa de piel de las buenas, menos mal que ten\u00edan descuento.<\/p>\n<p><img loading=\"lazy\" decoding=\"async\" class=\"  aligncenter wp-image-316 size-full\" src=\"http:\/\/photojosebueno.com\/wp-content\/uploads\/2013\/02\/JBM6442_01.jpg\" alt=\"\" width=\"800\" height=\"600\" srcset=\"https:\/\/photojosebueno.com\/wp-content\/uploads\/2013\/02\/JBM6442_01.jpg 800w, https:\/\/photojosebueno.com\/wp-content\/uploads\/2013\/02\/JBM6442_01-300x225.jpg 300w, https:\/\/photojosebueno.com\/wp-content\/uploads\/2013\/02\/JBM6442_01-400x300.jpg 400w\" sizes=\"auto, (max-width: 800px) 100vw, 800px\" \/><\/p>\n<div id=\"attachment_315\" style=\"width: 810px\" class=\"wp-caption alignnone\"><img loading=\"lazy\" decoding=\"async\" aria-describedby=\"caption-attachment-315\" class=\"wp-image-315 size-full\" src=\"http:\/\/photojosebueno.com\/wp-content\/uploads\/2013\/02\/JBM6466.jpg\" alt=\"Nikon D700 - Hasselblad 150mm.\" width=\"800\" height=\"800\" srcset=\"https:\/\/photojosebueno.com\/wp-content\/uploads\/2013\/02\/JBM6466.jpg 800w, https:\/\/photojosebueno.com\/wp-content\/uploads\/2013\/02\/JBM6466-150x150.jpg 150w, https:\/\/photojosebueno.com\/wp-content\/uploads\/2013\/02\/JBM6466-300x300.jpg 300w\" sizes=\"auto, (max-width: 800px) 100vw, 800px\" \/><p id=\"caption-attachment-315\" class=\"wp-caption-text\">Nikon D700 &#8211; Hasselblad 150mm.<\/p><\/div>\n<p style=\"text-align: justify;\">Para terminar voy a incluir una foto que le hice a mi \u201cpeque\u00f1a\u201d el verano pasado cuando volv\u00eda de hacer una sesi\u00f3n de fotos a una modelo en la playa. A mi vuelta, de repente me deslumbr\u00f3 el reflejo del sol en el retrovisor y r\u00e1pidamente se me ocurri\u00f3 la idea de hacer un contraluz aprovechando que iba cargado con la c\u00e1mara y los flashes. \u00a0 Pod\u00eda parar y hacer esa foto a contraluz con la imagen del duro sol pero iluminando la moto como se hace en strobist. Tuve muy poco tiempo para sacar el equipo y hacer la fotograf\u00eda pues el sol ya estaba a punto de ponerse. Al final lo consegu\u00ed y el resultado fue bueno. La foto \u00a0acab\u00f3 como fondo de pantalla en mi ordenador.<\/p>\n<p><a href=\"http:\/\/www.photojosebueno.com\/?attachment_id=317\" rel=\"attachment wp-att-317\"><img loading=\"lazy\" decoding=\"async\" class=\"  aligncenter wp-image-317 size-full\" src=\"http:\/\/photojosebueno.com\/wp-content\/uploads\/2013\/02\/JBM4901.jpg\" alt=\"\" width=\"800\" height=\"600\" srcset=\"https:\/\/photojosebueno.com\/wp-content\/uploads\/2013\/02\/JBM4901.jpg 800w, https:\/\/photojosebueno.com\/wp-content\/uploads\/2013\/02\/JBM4901-300x225.jpg 300w, https:\/\/photojosebueno.com\/wp-content\/uploads\/2013\/02\/JBM4901-400x300.jpg 400w\" sizes=\"auto, (max-width: 800px) 100vw, 800px\" \/><\/a><\/p>\n<p style=\"text-align: justify;\">En fin, ya estoy deseando ir a la pr\u00f3xima cita motera de Capital y si es con luz natural, qui\u00e9n sabe lo mismo si que llevo la telem\u00e9trica para sufrir con el enfoque y de lo que estoy seguro es que disfrutar\u00e9 con la familia Harley.<\/p>\n<p style=\"text-align: justify;\"><span style=\"color: #cc99ff;\"><strong>Jacket, Harley and camera &#8230; let us party<\/strong><\/span><\/p>\n<p style=\"text-align: justify;\"><span style=\"color: #cc99ff;\">Last week I attended one of the soirees that occasionally people mounted a major distributor of Capital Harley Davidson in Madrid &#8211; Spain.<\/span><\/p>\n<p style=\"text-align: justify;\"><span style=\"color: #cc99ff;\">In this case look good for the party by the name of Harley Premiere Night we had the new Harley models and all spiced with good beer and a very good performance by Gaby Jogeix.<\/span><\/p>\n<p style=\"text-align: justify;\"><span style=\"color: #cc99ff;\">They attend these festivals you can go right or very expensive depending on if you buy any brand merchandising or you get a motorcycle customized to your liking to the wheels. Fortunately in the world of two wheels at the moment I am amply satisfied with my \u00absmall\u00bb if Sporster and what attracts me much always been the glamor of the clothes of this brand sucks and removing any that can reach 600 bucks, you&#8217;ll many things at more than affordable prices, so it seems to me if compared with the merchandising of my favorite brand of car.<\/span><\/p>\n<p style=\"text-align: justify;\"><span style=\"color: #cc99ff;\">But I want to focus on the world of photography that is what this blog is. When I got the email with the invitation, the first thing I did was see if I could take pictures for my collection and even for my blog. The response was immediate Capital responsible and super positive, and is loved Harley people are lovely, like good bikers. Thank you gentlemen!<\/span><br \/>\n<span style=\"color: #cc99ff;\">On this occasion I wish to carry a camera again, as I would say, more &#8230; \u00abIron\u00bb and thought of a telemetric, but in truth, the idea of \u200b\u200bworking in low light with a camera that does not get along with high isos not appeal to me. For variety loaded with Nikon D700 camera has been that never let me down and it does not matter whether or not enough light. To not go very heavy I took the 24-70mm. f: 2.8 which is the goal most usable social issues and I remember going to party and Nikon SB800 flash that is more collected than the SB900.<\/span><\/p>\n<p style=\"text-align: justify;\"><span style=\"color: #cc99ff;\">There are a couple of problems to be able to solve this type of images, one is you have to be very attentive to everything that happens because you can lose many good photos unrepeatable. The other problem is as light. While our camera is able to work at very high ISOs the problem we will find when we look at the pictures and see many differences in white balance because of course the light sources in these cases typically emit very different color temperatures. The only solution for these cases is use retouching programs for areas that have Upoint technology. But if you keep quiet because this blog in advance that you will do a monograph some input on this topic. Currently I am developing color management.<\/span><\/p>\n<p style=\"text-align: justify;\"><span style=\"color: #cc99ff;\">I used very little flash because I like the ambient light and that sometimes if you do not remember moving the ISO, can go a bit blurred images but &#8230; also look good. In the next photo shoot from the hip without the player noticing, that if I put the picture because after I talked to him and even posed for a group photo. Maybe some of you will not like this but in my opinion is \u00ablife\u00bb.<\/span><\/p>\n<p style=\"text-align: justify;\"><span style=\"color: #cc99ff;\">Once there, the party did not disappoint and I loved the good atmosphere in addition to finding a good friend, former co-worker who shared with me the love of all that is motor.<\/span><\/p>\n<p style=\"text-align: justify;\"><span style=\"color: #cc99ff;\">Regarding the pictures I could take, it was not the day to make incredible images of these beautiful bikes and take pictures of social touch, something I&#8217;ve done many times but I recognize it is my passion. Still enjoyed taking pictures of these suck colored and some were hidden by the hair of his beautiful mistress. The blissful suck personalize with those bright colors I am passionate about and I can not resist photographing. And if we have good models and good background, &#8230;<\/span><\/p>\n<p style=\"text-align: justify;\"><span style=\"color: #cc99ff;\">We could not miss the photos Jogeix Gaby group that live concert made us enjoy to the fullest. With the five senses to stop all enjoyed a party that made us forget for a while all the negative news that appear on the progress of the economy and the happy crisis.<\/span><\/p>\n<p style=\"text-align: justify;\"><span style=\"color: #cc99ff;\">Now if I may I put a picture of another party, also take me Capital and the D700 but with Hasselblad lenses with manual focus. The colors and quality of these lenses on a full frame camera are spectacular. The only but is that this time I could not resist and bought a leather sucks good, luckily had off.<\/span><\/p>\n<p style=\"text-align: justify;\"><span style=\"color: #cc99ff;\">In closing I will include a picture I made to my \u00ablittle\u00bb last summer when he came to do a photo shoot of a model on the beach, I suddenly dazzled the sun&#8217;s reflection in the mirror and I quickly thought that since it was loaded with camera flashes and could stop and take a picture strobist backlit type. I had very little time to make the team and take the picture but the result was good and I got a photo that ran in the background on my computer screen.<\/span><\/p>\n<p style=\"text-align: justify;\"><span style=\"color: #cc99ff;\">Anyway, I&#8217;m looking forward to the next appointment and if natural light, who knows what if I wear the same telemetry to suffer with the approach and I am sure I will enjoy it with family Harley.<\/span><\/p>\n","protected":false},"excerpt":{"rendered":"<p>La semana pasada asist\u00ed a uno de los saraos que de vez en cuando monta la gente de Capital un importante distribuidor Harley Davidson en Madrid. En este caso la fiesta pintaba bien pues con el nombre de Harley Premiere Night, el distribuidor Capital nos presentaba los nuevos modelos Harley, aderezado con buena cerveza y [&hellip;]<\/p>\n","protected":false},"author":1,"featured_media":0,"parent":0,"menu_order":0,"comment_status":"closed","ping_status":"closed","template":"","meta":{"footnotes":""},"class_list":["post-1887","page","type-page","status-publish","hentry"],"_links":{"self":[{"href":"https:\/\/www.photojosebueno.com\/index.php?rest_route=\/wp\/v2\/pages\/1887","targetHints":{"allow":["GET"]}}],"collection":[{"href":"https:\/\/www.photojosebueno.com\/index.php?rest_route=\/wp\/v2\/pages"}],"about":[{"href":"https:\/\/www.photojosebueno.com\/index.php?rest_route=\/wp\/v2\/types\/page"}],"author":[{"embeddable":true,"href":"https:\/\/www.photojosebueno.com\/index.php?rest_route=\/wp\/v2\/users\/1"}],"replies":[{"embeddable":true,"href":"https:\/\/www.photojosebueno.com\/index.php?rest_route=%2Fwp%2Fv2%2Fcomments&post=1887"}],"version-history":[{"count":3,"href":"https:\/\/www.photojosebueno.com\/index.php?rest_route=\/wp\/v2\/pages\/1887\/revisions"}],"predecessor-version":[{"id":1890,"href":"https:\/\/www.photojosebueno.com\/index.php?rest_route=\/wp\/v2\/pages\/1887\/revisions\/1890"}],"wp:attachment":[{"href":"https:\/\/www.photojosebueno.com\/index.php?rest_route=%2Fwp%2Fv2%2Fmedia&parent=1887"}],"curies":[{"name":"wp","href":"https:\/\/api.w.org\/{rel}","templated":true}]}}