{"id":1882,"date":"2017-04-12T10:07:03","date_gmt":"2017-04-12T08:07:03","guid":{"rendered":"http:\/\/www.photojosebueno.com\/?page_id=1882"},"modified":"2017-04-12T10:10:13","modified_gmt":"2017-04-12T08:10:13","slug":"magia-o-inventando-recursos-2","status":"publish","type":"page","link":"https:\/\/www.photojosebueno.com\/?page_id=1882","title":{"rendered":"ENJOYS PHOTOGRAFY"},"content":{"rendered":"<p style=\"text-align: justify;\"><img loading=\"lazy\" decoding=\"async\" class=\"aligncenter wp-image-337 size-full\" src=\"http:\/\/photojosebueno.com\/wp-content\/uploads\/2013\/03\/IMG_20130218_104625.jpg\" alt=\"\" width=\"800\" height=\"800\" srcset=\"https:\/\/photojosebueno.com\/wp-content\/uploads\/2013\/03\/IMG_20130218_104625.jpg 800w, https:\/\/photojosebueno.com\/wp-content\/uploads\/2013\/03\/IMG_20130218_104625-150x150.jpg 150w, https:\/\/photojosebueno.com\/wp-content\/uploads\/2013\/03\/IMG_20130218_104625-300x300.jpg 300w\" sizes=\"auto, (max-width: 800px) 100vw, 800px\" \/>En esta ocasi\u00f3n no se bien como comenzar esta entrada \u00a0 sin herir sensibilidades y es que hoy en d\u00eda todo el mundo va realizando fotograf\u00edas a todo lo que se menea .. o no.<\/p>\n<p style=\"text-align: justify;\"><a href=\"http:\/\/www.photojosebueno.com\/blog\/wp-content\/uploads\/2013\/03\/Sin-t\u00edtulo-1.jpg\"><img loading=\"lazy\" decoding=\"async\" class=\" wp-image-349 alignleft\" src=\"http:\/\/www.photojosebueno.com\/blog\/wp-content\/uploads\/2013\/03\/Sin-t\u00edtulo-1.jpg\" alt=\"Sin-t\u00edtulo-1\" width=\"95\" height=\"93\" \/><\/a><\/p>\n<p style=\"text-align: justify;\">Esa facilidad que ofrecen los tel\u00e9fonos de tomar im\u00e1genes con muchos megapixels y cierta calidad y con el incre\u00edble poder de en pocos segundos ponerlas a disposici\u00f3n del mundo, nos convierte a todos en fot\u00f3grafos per se. Pero no pienses que esto me molesta pues personalmente soy defensor de todo aquello que sea paralelo a la creatividad y si bien el fot\u00f3grafo profesional debe contar con muchos conocimientos de su profesi\u00f3n a veces no todos tienen la capacidad de ser creativos y eso de la creatividad es m\u00e1s que interesante.<\/p>\n<p style=\"text-align: justify;\">Hace poco tiempo la revista digital\u00a0<a title=\"9republic\" href=\"http:\/\/www.9republic.com\/web\/\" target=\"_blank\">9Republic<\/a>\u00a0me solicit\u00f3 para su revista im\u00e1genes de making-off y fotos para Instagram, un programa que apenas conoc\u00eda.<\/p>\n<p style=\"text-align: center;\"><img loading=\"lazy\" decoding=\"async\" class=\"aligncenter wp-image-339 size-full\" src=\"http:\/\/photojosebueno.com\/wp-content\/uploads\/2013\/03\/IMG_20130223_133759.jpg\" alt=\"\" width=\"800\" height=\"800\" srcset=\"https:\/\/photojosebueno.com\/wp-content\/uploads\/2013\/03\/IMG_20130223_133759.jpg 800w, https:\/\/photojosebueno.com\/wp-content\/uploads\/2013\/03\/IMG_20130223_133759-150x150.jpg 150w, https:\/\/photojosebueno.com\/wp-content\/uploads\/2013\/03\/IMG_20130223_133759-300x300.jpg 300w\" sizes=\"auto, (max-width: 800px) 100vw, 800px\" \/><\/p>\n<p style=\"text-align: center;\"><img loading=\"lazy\" decoding=\"async\" class=\"aligncenter wp-image-338 size-full\" src=\"http:\/\/photojosebueno.com\/wp-content\/uploads\/2013\/03\/IMG_20130223_130817.jpg\" alt=\"\" width=\"800\" height=\"800\" srcset=\"https:\/\/photojosebueno.com\/wp-content\/uploads\/2013\/03\/IMG_20130223_130817.jpg 800w, https:\/\/photojosebueno.com\/wp-content\/uploads\/2013\/03\/IMG_20130223_130817-150x150.jpg 150w, https:\/\/photojosebueno.com\/wp-content\/uploads\/2013\/03\/IMG_20130223_130817-300x300.jpg 300w\" sizes=\"auto, (max-width: 800px) 100vw, 800px\" \/><\/p>\n<p style=\"text-align: justify;\">Me baj\u00e9 la aplicaci\u00f3n y r\u00e1pidamente observ\u00e9 que Instagram es una aplicaci\u00f3n dise\u00f1ada para compartir de manera f\u00e1cil y r\u00e1pida instant\u00e1neas realizadas con nuestros tel\u00e9fonos m\u00f3viles. Adem\u00e1s esta aplicaci\u00f3n tiene la gracia de poder modificar sobre la marcha colores, marcos, \u2026, vamos que podemos evocar las im\u00e1genes realizadas con las famos as Kodak Instamatic y Polaroid, dando as\u00ed un efecto vintage ahora tan de moda. Es posible que tanto retoque f\u00e1cil sature la sensibilidad del espectador pero de momento todos los usuarios de esta aplicaci\u00f3n est\u00e1n encantados. Adem\u00e1s compartir nuestras mascotas o nuestra creatividad es un adelanto se mire como se mire.<\/p>\n<p style=\"text-align: justify;\"><img loading=\"lazy\" decoding=\"async\" class=\"aligncenter wp-image-926 size-full\" src=\"http:\/\/photojosebueno.com\/wp-content\/uploads\/2013\/03\/IMG_20130302_1249241.jpg\" alt=\"IMG_20130302_124924\" width=\"800\" height=\"800\" srcset=\"https:\/\/photojosebueno.com\/wp-content\/uploads\/2013\/03\/IMG_20130302_1249241.jpg 800w, https:\/\/photojosebueno.com\/wp-content\/uploads\/2013\/03\/IMG_20130302_1249241-150x150.jpg 150w, https:\/\/photojosebueno.com\/wp-content\/uploads\/2013\/03\/IMG_20130302_1249241-300x300.jpg 300w\" sizes=\"auto, (max-width: 800px) 100vw, 800px\" \/><\/p>\n<p style=\"text-align: center;\"><img loading=\"lazy\" decoding=\"async\" class=\"aligncenter wp-image-343 size-full\" src=\"http:\/\/photojosebueno.com\/wp-content\/uploads\/2013\/03\/IMG_20130305_195449.jpg\" alt=\"\" width=\"800\" height=\"800\" srcset=\"https:\/\/photojosebueno.com\/wp-content\/uploads\/2013\/03\/IMG_20130305_195449.jpg 800w, https:\/\/photojosebueno.com\/wp-content\/uploads\/2013\/03\/IMG_20130305_195449-150x150.jpg 150w, https:\/\/photojosebueno.com\/wp-content\/uploads\/2013\/03\/IMG_20130305_195449-300x300.jpg 300w\" sizes=\"auto, (max-width: 800px) 100vw, 800px\" \/><\/p>\n<p style=\"text-align: justify;\">No me quiero enrollar con los or\u00edgenes e historia del programa pero resulta interesante conocer que esta aplicaci\u00f3n esta disponible para Iphone, Ipad y Android pero no es usable en ordenadores al uso.<\/p>\n<p style=\"text-align: justify;\"><img loading=\"lazy\" decoding=\"async\" class=\"aligncenter wp-image-923 size-full\" src=\"http:\/\/photojosebueno.com\/wp-content\/uploads\/2013\/03\/IMG_20130306_1146081.jpg\" alt=\"IMG_20130306_114608\" width=\"800\" height=\"800\" srcset=\"https:\/\/photojosebueno.com\/wp-content\/uploads\/2013\/03\/IMG_20130306_1146081.jpg 800w, https:\/\/photojosebueno.com\/wp-content\/uploads\/2013\/03\/IMG_20130306_1146081-150x150.jpg 150w, https:\/\/photojosebueno.com\/wp-content\/uploads\/2013\/03\/IMG_20130306_1146081-300x300.jpg 300w\" sizes=\"auto, (max-width: 800px) 100vw, 800px\" \/><\/p>\n<p style=\"text-align: justify;\">Quiero destacar un par de detalles de su funcionamiento. Para empezar podemos tomar una imagen desde la aplicaci\u00f3n o bien cargarla de las que ya tenemos hechas. A continuaci\u00f3n Instagram te da la posibilidad de recortar y reencuadrar la imagen y es que el formato que utiliza es cuadrado, si como el famoso medio formato de 6&#215;6 que fue tan criticado y tan amado a la vez por los fot\u00f3grafos. Aqu\u00ed si me quiero mojar y es que ese formato me tiene enamorado. Debido a esto, quiz\u00e1s es mejor hacer la imagen directamente desde la aplicaci\u00f3n y as\u00ed conocer desde el inicio como ser\u00e1 el encuadre.<\/p>\n<p style=\"text-align: justify;\">El otro tema es que una vez hecha y encuadrada la imagen, podemos utilizar distintos filtros y marcos para dar ese aspecto vintage que antes comentaba. Y eso es todo pues ya podemos poner nuestra \u201cobra de arte\u201d a disposici\u00f3n de todo el globo.<\/p>\n<p style=\"text-align: justify;\"><img loading=\"lazy\" decoding=\"async\" class=\"aligncenter wp-image-927 size-full\" src=\"http:\/\/photojosebueno.com\/wp-content\/uploads\/2013\/03\/IMG_20130308_1050421.jpg\" alt=\"IMG_20130308_105042\" width=\"800\" height=\"800\" srcset=\"https:\/\/photojosebueno.com\/wp-content\/uploads\/2013\/03\/IMG_20130308_1050421.jpg 800w, https:\/\/photojosebueno.com\/wp-content\/uploads\/2013\/03\/IMG_20130308_1050421-150x150.jpg 150w, https:\/\/photojosebueno.com\/wp-content\/uploads\/2013\/03\/IMG_20130308_1050421-300x300.jpg 300w\" sizes=\"auto, (max-width: 800px) 100vw, 800px\" \/><\/p>\n<p style=\"text-align: justify;\">Se me olvidaba decir que si la imagen es importante para tener \u00e9xito, quiz\u00e1s lo es m\u00e1s la inclusi\u00f3n de los Hashtag o etiquetas que acompa\u00f1aran a la foto pues si alguien busca por ejemplo una imagen de Ferrari, nuestra foto podr\u00e1 aparecer si antes pusimos ese Hashtag en la foto.<\/p>\n<p style=\"text-align: justify;\">Tambi\u00e9n hay que tener en cuenta que la imagen que ponemos en la red ya retocada etc. tiene buena calidad para verla en un dispositivo m\u00f3vil pero es muy pobre para utilizarla ya que Instagram hace una redimensi\u00f3n del original dejando el tama\u00f1o en 72 dpis, vamos que casi es inutilizable en otro medio distinto al tel\u00e9fono m\u00f3vil. Otro tema es que la originalidad de la imagen sea copiada y realizada por un fot\u00f3grafo que disponga de mejores medios pero ese es otro tema.<\/p>\n<p style=\"text-align: justify;\">Hablando de originalidad, recientemente le\u00ed que uno de los autores que mayor \u00e9xito de seguidores que hay en Instagram, era un joven que por casualidad fotografi\u00f3 a su novia mientras ella tiraba de su mano. Esa idea gust\u00f3 y el autor la est\u00e1 explotando ya que realiza fotos muy creativas siempre con la imagen esbelta de su novia y su mano. Por supuesto que cambian los fondos y la ropa a veces un poco atrevida de la joven.<\/p>\n<p style=\"text-align: justify;\">Esto puede ser un poco el resumen de las claves del \u00e9xito actual de este programa que personalmente he comenzado a utilizar y que me ha sorprendido su facilidad y buena aceptaci\u00f3n por parte de la gente.<\/p>\n<p style=\"text-align: justify;\"><img loading=\"lazy\" decoding=\"async\" class=\"alignleft wp-image-346 size-medium\" src=\"http:\/\/photojosebueno.com\/wp-content\/uploads\/2013\/03\/IMG_20130308_221936-300x300.jpg\" alt=\"\" width=\"300\" height=\"300\" srcset=\"https:\/\/photojosebueno.com\/wp-content\/uploads\/2013\/03\/IMG_20130308_221936-300x300.jpg 300w, https:\/\/photojosebueno.com\/wp-content\/uploads\/2013\/03\/IMG_20130308_221936-150x150.jpg 150w, https:\/\/photojosebueno.com\/wp-content\/uploads\/2013\/03\/IMG_20130308_221936.jpg 800w\" sizes=\"auto, (max-width: 300px) 100vw, 300px\" \/><\/p>\n<p style=\"text-align: justify;\">Para terminar contar\u00e9 una peque\u00f1a an\u00e9cdota y es que probando los filtros del programa realic\u00e9 una fotograf\u00eda a unas zapatillas que ten\u00eda en el suelo. Por error esas horribles zapatillas muy retocadas las sub\u00ed a la red y cual fue mi sorpresa que hubo muchos seguidores que pusieron \u201cme gusta\u201d y es que en el fondo la imagen qued\u00f3 graciosa.<\/p>\n<p style=\"text-align: justify;\">Estaremos atentos a las nuevas ideas que aporten los millones de usuarios de esta aplicaci\u00f3n.<\/p>\n<p style=\"text-align: justify;\"><span style=\"color: #cc99ff;\">This time not as well start this entry without hurt feelings and is that today everyone will taking photographs of everything that wiggles .. or not.<\/span><\/p>\n<p style=\"text-align: justify;\"><span style=\"color: #cc99ff;\">That facility offering phones to take pictures with many megapixels and certain quality and the incredible power within seconds made available to the world, makes us all into photographers per se. But do not think this bothers me personally because I am a defender of all that is parallel to the creativity and while professional photographer should have much knowledge of their profession sometimes not everyone has the ability to be creative and that creativity is more interesting.<\/span><\/p>\n<p style=\"text-align: justify;\"><span style=\"color: #cc99ff;\">Magazine recently asked me\u00a0<a title=\"9republic\" href=\"http:\/\/www.9republic.com\/web\/\" target=\"_blank\">9Republic<\/a>\u00a0digital magazine for making-off images and photos to Instagram, a program that barely knew.<\/span><\/p>\n<p style=\"text-align: justify;\"><span style=\"color: #cc99ff;\">I downloaded the application and quickly noticed that Instagram is an application designed to share quick and easy snapshots made with our mobile phones. Besides, this application has the grace to change on the fly colors, frames, &#8230;, we we can evoke images taken with the Kodak Instamatic and famos as Polaroid, giving a vintage effect now so fashionable. You may easily saturate both touch sensitivity of the viewer but for now all users of this application are delighted.<\/span><\/p>\n<p style=\"text-align: justify;\"><span style=\"color: #cc99ff;\">I do not want to roll with the origins and history of the program, but it is interesting to know that this app is available for iPhone, iPad and Android but not usable in computers to use.<\/span><\/p>\n<p style=\"text-align: justify;\"><span style=\"color: #cc99ff;\">I want to highlight a few details of its operation. For starters we can take an image from the application or load it from the ones we have made. Instagram then gives you the possibility to cut and trim the image and is the format used is square, if like the famous 6&#215;6 medium format that was so criticized and so loved by photographers while. Here if I want to get wet and this format is that you love me. Because of this, perhaps it is better to make the image directly from the application and get to know from the start as is the frame.<\/span><\/p>\n<p style=\"text-align: justify;\"><span style=\"color: #cc99ff;\">The other issue is that once made and framed the image, we can use different filters and frames to give that vintage look before commenting. And that&#8217;s all because we can put our \u00abartwork\u00bb available around the globe.<\/span><\/p>\n<p style=\"text-align: justify;\"><span style=\"color: #cc99ff;\">I forgot to say that if the image is important to success, perhaps it is the inclusion of the Hashtag or labels that accompany the photo as if someone searches for example a picture of Ferrari, our picture will appear if put before the Hashtag in the photo.<\/span><\/p>\n<p style=\"text-align: justify;\"><span style=\"color: #cc99ff;\">Also keep in mind that the image we put on the network and so retouched. has good quality to view on a mobile device, but is very poor for use as Instagram makes resizing the original one leaving in 72 dpis size, we almost unusable in means other than the mobile phone. Another issue is that the originality of the image is copied and made by a photographer best means available but that&#8217;s another topic.<\/span><\/p>\n<p style=\"text-align: justify;\"><span style=\"color: #cc99ff;\">Speaking of originality, I recently read that one of the most successful authors who&#8217;s in Instagram followers, was a young man who accidentally photographed his girlfriend as she pulled her hand. Liked that idea and the author is exploding as it performs very creative photos always slender image of his girlfriend and her hand. Of course, change funds and clothing sometimes a bit daring of the young.<\/span><\/p>\n<p style=\"text-align: justify;\"><span style=\"color: #cc99ff;\">This may be a little summary of the keys to success of this program now that I have personally started using and that has surprised me ease and well accepted by the people.<\/span><\/p>\n<p style=\"text-align: justify;\"><span style=\"color: #cc99ff;\">Finally tell you a little anecdote is that the filters tested the program takes a shot at a shoe that was on the floor. Mistakenly heavily retouched those horrible slippers got on the network and what was my surprise that there were many followers who put \u00ablike\u00bb and that basically was funny image.<\/span><\/p>\n<p style=\"text-align: justify;\"><span style=\"color: #cc99ff;\">We look forward to the new ideas that bring the millions of users of this application.<\/span><\/p>\n","protected":false},"excerpt":{"rendered":"<p>En esta ocasi\u00f3n no se bien como comenzar esta entrada \u00a0 sin herir sensibilidades y es que hoy en d\u00eda todo el mundo va realizando fotograf\u00edas a todo lo que se menea .. o no. Esa facilidad que ofrecen los tel\u00e9fonos de tomar im\u00e1genes con muchos megapixels y cierta calidad y con el incre\u00edble poder [&hellip;]<\/p>\n","protected":false},"author":1,"featured_media":0,"parent":0,"menu_order":0,"comment_status":"closed","ping_status":"closed","template":"","meta":{"footnotes":""},"class_list":["post-1882","page","type-page","status-publish","hentry"],"_links":{"self":[{"href":"https:\/\/www.photojosebueno.com\/index.php?rest_route=\/wp\/v2\/pages\/1882","targetHints":{"allow":["GET"]}}],"collection":[{"href":"https:\/\/www.photojosebueno.com\/index.php?rest_route=\/wp\/v2\/pages"}],"about":[{"href":"https:\/\/www.photojosebueno.com\/index.php?rest_route=\/wp\/v2\/types\/page"}],"author":[{"embeddable":true,"href":"https:\/\/www.photojosebueno.com\/index.php?rest_route=\/wp\/v2\/users\/1"}],"replies":[{"embeddable":true,"href":"https:\/\/www.photojosebueno.com\/index.php?rest_route=%2Fwp%2Fv2%2Fcomments&post=1882"}],"version-history":[{"count":2,"href":"https:\/\/www.photojosebueno.com\/index.php?rest_route=\/wp\/v2\/pages\/1882\/revisions"}],"predecessor-version":[{"id":1884,"href":"https:\/\/www.photojosebueno.com\/index.php?rest_route=\/wp\/v2\/pages\/1882\/revisions\/1884"}],"wp:attachment":[{"href":"https:\/\/www.photojosebueno.com\/index.php?rest_route=%2Fwp%2Fv2%2Fmedia&parent=1882"}],"curies":[{"name":"wp","href":"https:\/\/api.w.org\/{rel}","templated":true}]}}