{"id":1874,"date":"2017-04-11T13:30:28","date_gmt":"2017-04-11T11:30:28","guid":{"rendered":"http:\/\/www.photojosebueno.com\/?page_id=1874"},"modified":"2017-04-11T13:32:17","modified_gmt":"2017-04-11T11:32:17","slug":"magia-o-inventando-recursos","status":"publish","type":"page","link":"https:\/\/www.photojosebueno.com\/?page_id=1874","title":{"rendered":"MAGIA, O &#8230; INVENTANDO RECURSOS"},"content":{"rendered":"<p><span style=\"text-decoration: underline;\"><img loading=\"lazy\" decoding=\"async\" class=\"aligncenter wp-image-451 size-full\" src=\"http:\/\/photojosebueno.com\/wp-content\/uploads\/2013\/04\/Foto-32.jpg\" alt=\"Foto-32\" width=\"1062\" height=\"651\" srcset=\"https:\/\/photojosebueno.com\/wp-content\/uploads\/2013\/04\/Foto-32.jpg 1062w, https:\/\/photojosebueno.com\/wp-content\/uploads\/2013\/04\/Foto-32-300x183.jpg 300w, https:\/\/photojosebueno.com\/wp-content\/uploads\/2013\/04\/Foto-32-1024x627.jpg 1024w, https:\/\/photojosebueno.com\/wp-content\/uploads\/2013\/04\/Foto-32-489x300.jpg 489w\" sizes=\"auto, (max-width: 1062px) 100vw, 1062px\" \/><\/span><\/p>\n<p style=\"text-align: justify;\">Es muy poco usual que los magos revelen sus trucos pues entre otras cosas algunos de de ellos fuera de la chistera pueden ser una dura decepci\u00f3n para el espectador.<\/p>\n<p style=\"text-align: justify;\">Dicho esto, en esta entrada vamos a realizar un truco que nos puede salvar en alg\u00fan momento por la falta de recursos. Pero tranquilo pues a diferencia de los magos, veremos paso a paso como sale el conejo de la chistera.<\/p>\n<p style=\"text-align: justify;\">En esta ocasi\u00f3n, nuestro cliente \u00a0ha solicitado una imagen de un coche con un fondo de grafittis pero con una iluminaci\u00f3n especial en la que hay que utilizar varios flashes con todo lo que implica, me refiero a que adem\u00e1s de los flashes vamos a necesitar varias unidades remotas, varios pies etc., etc.<\/p>\n<p style=\"text-align: justify;\">Eso se traduce en una inversi\u00f3n importante para muchos bolsillos. Desgraciadamente para este trabajo solo contamos con un flash operativo, por lo que tenemos que resolver el tema sacando la magia de nuestra maleta fotogr\u00e1fica.<\/p>\n<p style=\"text-align: justify;\">Lo primero que haremos es un esquema de la iluminaci\u00f3n solicitada:<\/p>\n<p style=\"text-align: justify;\"><img loading=\"lazy\" decoding=\"async\" class=\"aligncenter wp-image-453 size-full\" src=\"http:\/\/photojosebueno.com\/wp-content\/uploads\/2013\/04\/Esquema-iluminaci\u00f3n.png\" alt=\"Esquema iluminaci\u00f3n\" width=\"928\" height=\"682\" srcset=\"https:\/\/photojosebueno.com\/wp-content\/uploads\/2013\/04\/Esquema-iluminaci\u00f3n.png 928w, https:\/\/photojosebueno.com\/wp-content\/uploads\/2013\/04\/Esquema-iluminaci\u00f3n-300x220.png 300w, https:\/\/photojosebueno.com\/wp-content\/uploads\/2013\/04\/Esquema-iluminaci\u00f3n-408x300.png 408w\" sizes=\"auto, (max-width: 928px) 100vw, 928px\" \/><\/p>\n<p style=\"text-align: justify;\">Si no hemos contado mal necesitamos nada m\u00e1s y nada menos que 8 unidades de luz (flashes, tr\u00edpodes, snoot, nidos de abeja, etc.):<\/p>\n<ul>\n<li>3 Dirigidos al coche. Uno en la parte delantera otro en el medio y otro en la trasera.<\/li>\n<li>2 Snoot con nido de abeja dirigidos a las ruedas.<\/li>\n<li>1 Spot con nido de abeja dirigido a la pared para iluminar el grafitti.<\/li>\n<li>2 Contras situados en el suelo.<\/li>\n<\/ul>\n<p style=\"text-align: justify;\">Analizando el problema veremos como desafiar a las matem\u00e1ticas para resolver la ecuaci\u00f3n x=8, donde x es un solo flash.<\/p>\n<p style=\"text-align: justify;\">Afortunadamente contamos con un as y es que todo lo que aparece en la imagen es est\u00e1tico y gracias a eso convertiremos el par\u00e1metro x en el conejo de la chistera. Sustituiremos la x incluyendo var\u00edas im\u00e1genes en el mismo fotograma, tantas como flashes necesitamos. Ello es posible en algunas c\u00e1maras de la gama profesional.<\/p>\n<p style=\"text-align: justify;\">En este caso voy a utilizar la Nikon D700 que dispone de la opci\u00f3n \u201cExposici\u00f3n m\u00faltiple\u201d\u00a0 y permite hacer hasta 10 im\u00e1genes en un solo fotograma.\u00a0 Es importante hacer caso a lo que dice el manual respecto al tiempo que tenemos para realizar entre foto y foto ya que en el modo por defecto es de tan solo 30 segundos y eso puede ser poco tiempo si tenemos que cambiar la potencia en la unidad del flash y otras cosas. Por ello para tener menos estr\u00e9s entre foto y foto tendremos que ampliar el tiempo de reproducci\u00f3n y problema resuelto.<\/p>\n<p style=\"text-align: justify;\">Un tema que no me ha gustado y que ser\u00eda f\u00e1cilmente solucionable es que este sistema no funciona cuando est\u00e1s conectado a un ordenador y eso ser\u00eda muy interesante pero es lo que hay.<\/p>\n<p style=\"text-align: justify;\">Situado el \u201cmodelo\u201d, un Porsche 911 Carrera 3.2 delante de su fondo, colocamos nuestra c\u00e1mara en un tr\u00edpode potente o resistente. En este caso adem\u00e1s he conectado a la c\u00e1mara un transceptor PocketWizard Plus III, de lo mejor que he probado aun no siendo TTL y otro id\u00e9ntico en el flash.\u00a0 Este sistema no me ha fallado nunca y alcanza hasta 500 metros, muy bueno y aunque no trabaja en TTL tiene la ventaja que vale para todas las c\u00e1maras (de cualquier formato) y flashes que tengo, incluidos cabezales de estudio.<\/p>\n<p style=\"text-align: justify;\">Tambi\u00e9n he conectado a la c\u00e1mara un disparador remoto por radio pues a pesar de contar con 2 ayudantes, en ocasiones es interesante.<\/p>\n<p style=\"text-align: justify;\">Pensar\u00e9is que era como un laboratorio de la NASA pero incluso en estudio, para este tipo de trabajos me gusta ver los resultados en una pantalla mayor a la de la c\u00e1mara por lo que tambi\u00e9n conect\u00e9 un port\u00e1til a la Nikon D700. Desgraciadamente y como ya he comentado antes, el ordenador solo me sirvi\u00f3 para las im\u00e1genes en las que controlaba la luz de cada toma, pero suficiente para ver por ejemplo que en el disparo del flash 2 del esquema dirigido al coche, se colaba la ventana softbox en la ventanilla, por lo que la decisi\u00f3n fue acotar la luz hacia abajo y sin dicha ventana.<\/p>\n<p style=\"text-align: justify;\"><img loading=\"lazy\" decoding=\"async\" class=\"aligncenter wp-image-454 size-full\" src=\"http:\/\/photojosebueno.com\/wp-content\/uploads\/2013\/04\/Pruebas-de-iluminacion.gif\" alt=\"Pruebas-de-iluminacion\" width=\"1200\" height=\"596\" \/><\/p>\n<p style=\"text-align: justify;\">Con todo preparado, con la notas de cada uno de los disparos, potencia, tipo de flash (Snoot, spot, directo, etc. ), posici\u00f3n y el lugar donde hab\u00eda que dirigir el disparo, comenzamos a realizar la imagen m\u00faltiple. Ah, se me olvidaba, dado que era a plena luz del d\u00eda y el encargo ten\u00eda que simular la noche, para trabajar con 1\/250 de velocidad y un f:8 de diafragma, oscurec\u00ed todo con un filtro ND variable. Creo que no hace falta decir que tanto la c\u00e1mara como el flash estaban funcionando en todo momento en el modo manual.<\/p>\n<p style=\"text-align: justify;\">El resultado la foto inicial, espero que esta idea te sirva si alguna vez necesitas realizar algo parecido.<\/p>\n<p style=\"text-align: justify;\"><img loading=\"lazy\" decoding=\"async\" class=\"aligncenter wp-image-929 size-full\" src=\"http:\/\/photojosebueno.com\/wp-content\/uploads\/2013\/04\/DSCF1279.jpg\" alt=\"DSCF1279\" width=\"800\" height=\"543\" srcset=\"https:\/\/photojosebueno.com\/wp-content\/uploads\/2013\/04\/DSCF1279.jpg 800w, https:\/\/photojosebueno.com\/wp-content\/uploads\/2013\/04\/DSCF1279-300x203.jpg 300w, https:\/\/photojosebueno.com\/wp-content\/uploads\/2013\/04\/DSCF1279-441x300.jpg 441w\" sizes=\"auto, (max-width: 800px) 100vw, 800px\" \/><\/p>\n<p style=\"text-align: justify;\">Antes de despedir esta entrada, quiero agradecer a Jos\u00e9 Mar\u00eda y Jos\u00e9 su ayuda y colaboraci\u00f3n.<\/p>\n<p style=\"text-align: justify;\"><span style=\"color: #cc99ff;\"><strong>Magic, or inventing resources &#8230;\u00a0<\/strong><\/span><\/p>\n<p style=\"text-align: justify;\"><span style=\"color: #cc99ff;\">It is very unusual that magicians reveal their tricks for among other things some of his tricks pulled from the hat can be a harsh disappointment for the viewer.<\/span><br \/>\n<span style=\"color: #cc99ff;\">That said, in this post we will perform a trick that can save us some time by the lack of resources. But relax because unlike wizards models, see step by step how to get the rabbit out of the hat.<\/span><br \/>\n<span style=\"color: #cc99ff;\">This time, our client asked us for a picture of a car with a background of graffiti but with special lighting in which you have to use multiple flashes with all that implies, I mean besides the flashes we need several remote units, several feet etc. etc..<\/span><br \/>\n<span style=\"color: #cc99ff;\">That translates into a major investment for many pockets. Unfortunately for this job only have operational flash, so we have to resolve the issue by removing the magic of our suitcase photo.<\/span><\/p>\n<p style=\"text-align: justify;\"><span style=\"color: #cc99ff;\">First thing we do is a lighting scheme requested:<\/span><br \/>\n<span style=\"color: #cc99ff;\">If we have not miscounted need nothing more and nothing less than 8 units of light (flashes, tripods, snoot, honeycombs, etc..:<\/span><\/p>\n<p style=\"text-align: justify;\"><span style=\"color: #cc99ff;\">3 Led the car. One at the front one in the middle and one at the rear.<\/span><br \/>\n<span style=\"color: #cc99ff;\">2 Snoot with honeycomb directed to the wheels.<\/span><br \/>\n<span style=\"color: #cc99ff;\">1 Spot with honeycomb directed to illuminate the graffiti wall.<\/span><br \/>\n<span style=\"color: #cc99ff;\">Cons 2 located on the ground.<\/span><\/p>\n<p style=\"text-align: justify;\"><span style=\"color: #cc99ff;\">Analyzing the problem we will see how challenging math to solve the equation x = 8, where x is 1.<\/span><\/p>\n<p style=\"text-align: justify;\"><span style=\"color: #cc99ff;\">Fortunately all that appears in the image is static and because of that will convert the parameter x in the rabbit out of the hat. The x consists of including multiple images on the same frame, as many as flashes need. This is possible in some professional range cameras.<\/span><\/p>\n<p style=\"text-align: justify;\"><span style=\"color: #cc99ff;\">In this case I will use the Nikon D700 which has the option \u00abMultiple Exposure\u00bb and allows up to 10 images in a single frame. It is important to listen to what the manual says about the time we have to make between shots because in the default mode is only 30 seconds and that can be just if we have to change the power on the flash unit and other things. So to have more time between shots will have to extend the playing time and ready.<\/span><\/p>\n<p style=\"text-align: justify;\"><span style=\"color: #cc99ff;\">One issue that I have not liked and would be easily solved is that this system does not work when connected to a PC and that would be very interesting but it is what it is.<\/span><\/p>\n<p style=\"text-align: justify;\"><span style=\"color: #cc99ff;\">Set the \u00abmodel\u00bb in front of your background, put your camera on a tripod powerful or tough. In this case also I connected the camera a Transceiver PocketWizard Plus III, the best I&#8217;ve tasted while not identical in TTL and flash. This system has never failed me and reaches up to 500 meters, very good and although it works in TTL has the advantage that applies to all cameras and flashes that I have, including studio heads.<\/span><\/p>\n<p style=\"text-align: justify;\"><span style=\"color: #cc99ff;\">I have also connected the camera a radio remote trigger because despite having 2 assistants, it is sometimes interesting. You&#8217;d think it was like a NASA laboratory but also in this type of study or work, I like to see the results on screen so well connected a laptop to the camera. Unfortunately and as I said before, the computer only the images helped me in controlling light each shot, but enough to see for example that in the shot of the flash 2 led scheme to the car, the window streamed softbox so the decision was narrow light downward without window.<\/span><\/p>\n<p style=\"text-align: justify;\"><span style=\"color: #cc99ff;\">With everything ready, with the notes of each of the shots, type of flash power (snoot, spot, direct, etc..) And position where you had to lead the trip, we started to perform multiple image. Oh, I forgot, because it was the full light of day and the order had to simulate night to work with 1\/250 speed and f: 8 diaphragm, darkened everything with an ND filter variable. I think it goes without saying that both the camera and the flash was at all times in manual.<\/span><\/p>\n<p style=\"text-align: justify;\"><span style=\"color: #cc99ff;\">The initial photo result, I hope that this idea will serve you if you ever need to do something.<\/span><br \/>\n<span style=\"color: #cc99ff;\">Before you dismiss this post, I want to thank Jos\u00e9 Mar\u00eda and Jos\u00e9 their help and cooperation.<\/span><\/p>\n","protected":false},"excerpt":{"rendered":"<p>Es muy poco usual que los magos revelen sus trucos pues entre otras cosas algunos de de ellos fuera de la chistera pueden ser una dura decepci\u00f3n para el espectador. Dicho esto, en esta entrada vamos a realizar un truco que nos puede salvar en alg\u00fan momento por la falta de recursos. Pero tranquilo pues [&hellip;]<\/p>\n","protected":false},"author":1,"featured_media":0,"parent":0,"menu_order":0,"comment_status":"closed","ping_status":"closed","template":"","meta":{"footnotes":""},"class_list":["post-1874","page","type-page","status-publish","hentry"],"_links":{"self":[{"href":"https:\/\/www.photojosebueno.com\/index.php?rest_route=\/wp\/v2\/pages\/1874","targetHints":{"allow":["GET"]}}],"collection":[{"href":"https:\/\/www.photojosebueno.com\/index.php?rest_route=\/wp\/v2\/pages"}],"about":[{"href":"https:\/\/www.photojosebueno.com\/index.php?rest_route=\/wp\/v2\/types\/page"}],"author":[{"embeddable":true,"href":"https:\/\/www.photojosebueno.com\/index.php?rest_route=\/wp\/v2\/users\/1"}],"replies":[{"embeddable":true,"href":"https:\/\/www.photojosebueno.com\/index.php?rest_route=%2Fwp%2Fv2%2Fcomments&post=1874"}],"version-history":[{"count":4,"href":"https:\/\/www.photojosebueno.com\/index.php?rest_route=\/wp\/v2\/pages\/1874\/revisions"}],"predecessor-version":[{"id":1878,"href":"https:\/\/www.photojosebueno.com\/index.php?rest_route=\/wp\/v2\/pages\/1874\/revisions\/1878"}],"wp:attachment":[{"href":"https:\/\/www.photojosebueno.com\/index.php?rest_route=%2Fwp%2Fv2%2Fmedia&parent=1874"}],"curies":[{"name":"wp","href":"https:\/\/api.w.org\/{rel}","templated":true}]}}