{"id":1869,"date":"2017-04-11T13:20:11","date_gmt":"2017-04-11T11:20:11","guid":{"rendered":"http:\/\/www.photojosebueno.com\/?page_id=1869"},"modified":"2017-04-11T13:22:07","modified_gmt":"2017-04-11T11:22:07","slug":"un-poco-de-magia","status":"publish","type":"page","link":"https:\/\/www.photojosebueno.com\/?page_id=1869","title":{"rendered":"UN POCO DE MAGIA \u2026"},"content":{"rendered":"<p style=\"text-align: justify;\"><img loading=\"lazy\" decoding=\"async\" class=\"aligncenter wp-image-931 size-full\" src=\"http:\/\/photojosebueno.com\/wp-content\/uploads\/2013\/05\/Lupita-Laia1.jpg\" alt=\"Lupita-Laia\" width=\"800\" height=\"644\" srcset=\"https:\/\/photojosebueno.com\/wp-content\/uploads\/2013\/05\/Lupita-Laia1.jpg 800w, https:\/\/photojosebueno.com\/wp-content\/uploads\/2013\/05\/Lupita-Laia1-300x241.jpg 300w, https:\/\/photojosebueno.com\/wp-content\/uploads\/2013\/05\/Lupita-Laia1-372x300.jpg 372w\" sizes=\"auto, (max-width: 800px) 100vw, 800px\" \/><\/p>\n<p style=\"text-align: justify;\">En la pasada entrada ve\u00edamos como iluminar un coche est\u00e1tico con un solo flash aplicando algo de magia que ofrecen algunas c\u00e1maras de fotos. Pues bien ayer cuando sal\u00eda de la peluquer\u00eda con Lupita y Laia, sal\u00edan las dos tan guapas que pens\u00e9 hacerlas unas fotos en cuanto llegase a casa, improvisando un peque\u00f1o estudio en el sal\u00f3n.<\/p>\n<p style=\"text-align: justify;\">Realmente no es complicado hacer fotos a una mascota siempre y cuando controlemos un poco sus movimientos. A\u00fan as\u00ed es mucho m\u00e1s f\u00e1cil trabajar con una focal autofocus pues no es tan sencillo controlar la expresi\u00f3n, el encuadre y encima el enfoque, al menos para m\u00ed. Por supuesto que huyo de hiperfocales etc. Si bien suelo trabajar con diafragmas \u201cgenerosos\u201d.<\/p>\n<p style=\"text-align: justify;\"><img loading=\"lazy\" decoding=\"async\" class=\"alignleft wp-image-471 size-medium\" src=\"http:\/\/photojosebueno.com\/wp-content\/uploads\/2013\/05\/Lupita-241x300.jpg\" alt=\"\" width=\"241\" height=\"300\" srcset=\"https:\/\/photojosebueno.com\/wp-content\/uploads\/2013\/05\/Lupita-241x300.jpg 241w, https:\/\/photojosebueno.com\/wp-content\/uploads\/2013\/05\/Lupita-824x1024.jpg 824w, https:\/\/photojosebueno.com\/wp-content\/uploads\/2013\/05\/Lupita.jpg 966w\" sizes=\"auto, (max-width: 241px) 100vw, 241px\" \/><\/p>\n<p style=\"text-align: justify;\">Bien hasta aqu\u00ed el tema esta claro pero, \u2026, \u00bfqu\u00e9 ocurre cuando Lupita se junta con su prima Laia? , pues que resulta casi imposible que las dos se est\u00e9n quietas posando y mirando a la c\u00e1mara.<\/p>\n<p style=\"text-align: justify;\">Fue entonces cuando despu\u00e9s de casi agotar mi paciencia y los premios, se me ocurri\u00f3 aplicar un poco de magia parecida a la de la entrada anterior, pero tranquilo que me explicar\u00e9 mejor.<\/p>\n<p style=\"text-align: justify;\">Coloqu\u00e9 un spot a mi flash Nikon y cerr\u00e9 las persianas para conseguir una iluminaci\u00f3n controlada tipo estudio. Con el objetivo 24-70mm f:2.8 de Nikkor, situ\u00e9 a Lupita en el sof\u00e1 con una funda oscura para disimular fondos.<\/p>\n<p style=\"text-align: justify;\"><img loading=\"lazy\" decoding=\"async\" class=\"alignright wp-image-472 size-medium\" src=\"http:\/\/photojosebueno.com\/wp-content\/uploads\/2013\/05\/Laia-241x300.jpg\" alt=\"\" width=\"241\" height=\"300\" srcset=\"https:\/\/photojosebueno.com\/wp-content\/uploads\/2013\/05\/Laia-241x300.jpg 241w, https:\/\/photojosebueno.com\/wp-content\/uploads\/2013\/05\/Laia-824x1024.jpg 824w, https:\/\/photojosebueno.com\/wp-content\/uploads\/2013\/05\/Laia.jpg 966w\" sizes=\"auto, (max-width: 241px) 100vw, 241px\" \/><\/p>\n<p style=\"text-align: justify;\">Antes de disparar,\u00a0 puse la c\u00e1mara en modo manual con una velocidad alta y as\u00ed anular m\u00e1s si cabe la poca luz que quedaba y un diafragma como dije anteriormente generoso. Y como en la foto que hice del coche con un solo flash, utilic\u00e9 el sistema de multiexposici\u00f3n, en esta ocasi\u00f3n para dos im\u00e1genes en el mismo fotograma.<\/p>\n<p style=\"text-align: justify;\">Con todo preparado me centr\u00e9 en Lupita, su mirada, el enfoque y un encuadre donde quedaba situada en la parte izquierda del visor. Dispare la primera imagen, a continuaci\u00f3n baj\u00e9 a Lupita del sof\u00e1 y coloqu\u00e9 a Laia. Una vez enfocada y con el Laia situada en el lado derecho del visor, realic\u00e9 el segundo dispar\u00f3.<\/p>\n<p style=\"text-align: justify;\">Al utilizar un sport, solo iluminaba el \u201cpersonaje\u201d a fotografiar y por supuesto sus expresiones eran como yo quer\u00eda. Algo que juntas me result\u00f3 imposible.<\/p>\n<p style=\"text-align: justify;\">Con esto quiero demostrar que tambi\u00e9n se puede hacer multiexposici\u00f3n a temas en movimiento y es que ambas no paran de moverse delante de la c\u00e1mara esperando su famoso premio. Se que alguno puede pensar que podr\u00eda dedicar m\u00e1s tiempo a educarlas pero lo cierto que son muy felices as\u00ed, sin tanta disciplina.<\/p>\n<p style=\"text-align: justify;\"><img loading=\"lazy\" decoding=\"async\" class=\"alignleft wp-image-473 size-medium\" src=\"http:\/\/photojosebueno.com\/wp-content\/uploads\/2013\/05\/Foto-error-300x199.jpg\" alt=\"\" width=\"300\" height=\"199\" srcset=\"https:\/\/photojosebueno.com\/wp-content\/uploads\/2013\/05\/Foto-error-300x199.jpg 300w, https:\/\/photojosebueno.com\/wp-content\/uploads\/2013\/05\/Foto-error-451x300.jpg 451w, https:\/\/photojosebueno.com\/wp-content\/uploads\/2013\/05\/Foto-error.jpg 800w\" sizes=\"auto, (max-width: 300px) 100vw, 300px\" \/><\/p>\n<p style=\"text-align: justify;\">Las fotos que he puesto en este entrada las hice muy deprisa y se pueden mejorar much\u00edsimo pero en verdad que el sistema funciona, \u2026, cuando funciona pues tambi\u00e9n en la primera foto de prueba quedo un poco rara al mezclarse las dos modelos.<\/p>\n<p style=\"text-align: justify;\">Creo que tambi\u00e9n ser\u00eda interesante hacerla prueba de fotografiarlas por separado como en la multiexposici\u00f3n pero con un fondo croma y mucha post-producci\u00f3n o lo que es lo mismo tiempo de ordenador. Habr\u00e1 que hacer la prueba no muy tarde para as\u00ed valorar resultados y de paso hablar de ese sistema muy utilizado especialmente para ahorrar costes.<\/p>\n<p style=\"text-align: justify;\"><strong><span style=\"color: #cc99ff;\">A little more magic &#8230;<\/span><\/strong><\/p>\n<p style=\"text-align: justify;\"><span style=\"color: #cc99ff;\">In the last entry saw as light a static car with a single flash using some magic to offer some cameras. Well yesterday when leaving a hair salon with Lupita and Laia, leaving both so beautiful that I make some photos as I got home, improvising a small studio in the living room.<\/span><\/p>\n<p style=\"text-align: justify;\"><span style=\"color: #cc99ff;\">It really is not difficult to take pictures of a pet as long as we control some movements. Yet it is much easier to work with a focal autofocus is not as simple as controlling the expression, framing and above the focus, at least for me. Of course hyperfocal fled etc. While I usually work with diaphragms \u00abgenerous\u00bb.<\/span><\/p>\n<p style=\"text-align: justify;\"><span style=\"color: #cc99ff;\">Good to here the issue is clear but &#8230; what happens when Lupita meets her cousin Laia? Because it is almost impossible that the two are being quiet posing and looking at camera.<\/span><\/p>\n<p style=\"text-align: justify;\"><span style=\"color: #cc99ff;\">It was then that after nearly exhausted my patience and prizes, I decided to apply some magic similar to the previous post, but still let me explain better.<\/span><\/p>\n<p style=\"text-align: justify;\"><span style=\"color: #cc99ff;\">Placed a flash spot my Nikon and closed the blinds to get a studio controlled lighting. Aiming 24-70mm f: 2.8 Nikkor, I placed Lupita on the couch with a dark cover to conceal funds.<\/span><\/p>\n<p style=\"text-align: justify;\"><span style=\"color: #cc99ff;\">Before shooting, I put the camera in manual mode with a high speed and so annul more so little light left and a diaphragm as I said generous. And as in the picture I took of the car with a single flash, multiple exposure system used, this time for two images in the same frame.<\/span><\/p>\n<p style=\"text-align: justify;\"><span style=\"color: #cc99ff;\">With everything ready I focused on Lupita, her gaze, focus and framing where it was located on the left side of the viewfinder. Shoot the first image, then went down to the couch and placed Lupita Laia. Once focused, with Laia located on the right side of the viewfinder, I realized the second shot.<\/span><\/p>\n<p style=\"text-align: justify;\"><span style=\"color: #cc99ff;\">When using a sport, only illuminated the \u00abcharacter\u00bb to photograph and of course their expressions as I wanted. Something that I found it impossible together.<\/span><\/p>\n<p style=\"text-align: justify;\"><span style=\"color: #cc99ff;\">By this I prove that you can also do multiple exposure to moving subjects and both not stop moving in front of the camera hoping his famous prize. I know some may think that I could devote more time to educate them but the fact that they are very happy as well, without much discipline.<\/span><\/p>\n<p style=\"text-align: justify;\"><span style=\"color: #cc99ff;\">The pictures I have put into this entry I made very quickly and can improve a lot but in truth that the system works &#8230; when it works as well on the first test shot&#8217;m a little weird to mix the two models.<\/span><\/p>\n<p style=\"text-align: justify;\"><span style=\"color: #cc99ff;\">I think it would also be interesting to make photographing test separately and multiple exposure but with a chroma background and a lot of post or what is the same computer time. We will have to test so not late step evaluate results and talk about this system widely used especially to save costs.<\/span><\/p>\n","protected":false},"excerpt":{"rendered":"<p>En la pasada entrada ve\u00edamos como iluminar un coche est\u00e1tico con un solo flash aplicando algo de magia que ofrecen algunas c\u00e1maras de fotos. Pues bien ayer cuando sal\u00eda de la peluquer\u00eda con Lupita y Laia, sal\u00edan las dos tan guapas que pens\u00e9 hacerlas unas fotos en cuanto llegase a casa, improvisando un peque\u00f1o estudio [&hellip;]<\/p>\n","protected":false},"author":1,"featured_media":0,"parent":0,"menu_order":0,"comment_status":"closed","ping_status":"closed","template":"","meta":{"footnotes":""},"class_list":["post-1869","page","type-page","status-publish","hentry"],"_links":{"self":[{"href":"https:\/\/www.photojosebueno.com\/index.php?rest_route=\/wp\/v2\/pages\/1869","targetHints":{"allow":["GET"]}}],"collection":[{"href":"https:\/\/www.photojosebueno.com\/index.php?rest_route=\/wp\/v2\/pages"}],"about":[{"href":"https:\/\/www.photojosebueno.com\/index.php?rest_route=\/wp\/v2\/types\/page"}],"author":[{"embeddable":true,"href":"https:\/\/www.photojosebueno.com\/index.php?rest_route=\/wp\/v2\/users\/1"}],"replies":[{"embeddable":true,"href":"https:\/\/www.photojosebueno.com\/index.php?rest_route=%2Fwp%2Fv2%2Fcomments&post=1869"}],"version-history":[{"count":1,"href":"https:\/\/www.photojosebueno.com\/index.php?rest_route=\/wp\/v2\/pages\/1869\/revisions"}],"predecessor-version":[{"id":1871,"href":"https:\/\/www.photojosebueno.com\/index.php?rest_route=\/wp\/v2\/pages\/1869\/revisions\/1871"}],"wp:attachment":[{"href":"https:\/\/www.photojosebueno.com\/index.php?rest_route=%2Fwp%2Fv2%2Fmedia&parent=1869"}],"curies":[{"name":"wp","href":"https:\/\/api.w.org\/{rel}","templated":true}]}}