{"id":1857,"date":"2017-04-11T11:21:01","date_gmt":"2017-04-11T09:21:01","guid":{"rendered":"http:\/\/www.photojosebueno.com\/?page_id=1857"},"modified":"2017-04-11T11:21:01","modified_gmt":"2017-04-11T09:21:01","slug":"la-planificacion-o-la-improvisacion","status":"publish","type":"page","link":"https:\/\/www.photojosebueno.com\/?page_id=1857","title":{"rendered":"LA PLANIFICACI\u00d3N O LA IMPROVISACI\u00d3N"},"content":{"rendered":"<p style=\"text-align: justify;\">Cuando uno recibe un encargo de unas fotograf\u00edas espec\u00edficas para un cat\u00e1logo o una campa\u00f1a determinada, lo normal es que el cliente informe de temas b\u00e1sicos como la idea que quiere transmitir y por supuesto el ADN de la empresa y su producto. Adem\u00e1s es normal que tambi\u00e9n te env\u00eden una idea desarrollada por los creativos de una agencia de publicidad con el\u00a0 history board\u00a0 o dibujo de las escenas.<\/p>\n<div id=\"attachment_548\" style=\"width: 993px\" class=\"wp-caption aligncenter\"><img loading=\"lazy\" decoding=\"async\" aria-describedby=\"caption-attachment-548\" class=\"  wp-image-548 size-full\" src=\"http:\/\/photojosebueno.com\/wp-content\/uploads\/2013\/06\/Monstruo2.jpg\" alt=\"\" width=\"983\" height=\"657\" srcset=\"https:\/\/photojosebueno.com\/wp-content\/uploads\/2013\/06\/Monstruo2.jpg 983w, https:\/\/photojosebueno.com\/wp-content\/uploads\/2013\/06\/Monstruo2-300x200.jpg 300w, https:\/\/photojosebueno.com\/wp-content\/uploads\/2013\/06\/Monstruo2-448x300.jpg 448w\" sizes=\"auto, (max-width: 983px) 100vw, 983px\" \/><p id=\"caption-attachment-548\" class=\"wp-caption-text\">Nikon D700 &#8211; Zeiss 25mm. &#8211; f:5.6 &#8211; 1\/100s &#8211; ISO 200<\/p><\/div>\n<p style=\"text-align: justify;\">Recibido esto, nuestra misi\u00f3n consiste en planificar al mil\u00edmetro la o las sesiones que tenemos que realizar. En esta planificaci\u00f3n se incluyen actores modelos que tenemos que contratar y firmar el contrato preceptivo, exteriores acorde a las necesidades de la sesi\u00f3n, ayudantes, maquilladores, atrezzo, \u00a0y como no, los equipos de fotograf\u00eda e iluminaci\u00f3n. Adem\u00e1s es importante determinar la hora exacta\u00a0de la sesi\u00f3n \u00a0y no dejar nada al azahar. Tambi\u00e9n es necesario consultar las previsiones del tiempo que afortunadamente cada d\u00eda son m\u00e1s precisas.<\/p>\n<p style=\"text-align: justify;\">Con todo esto podemos hacer la sesi\u00f3n. Oh! Me olvid\u00e9 del actor principal el producto, vaya, un fallo imperdonable y es que la planificaci\u00f3n es precisamente para eso, para no olvidar nada y dejar la improvisaci\u00f3n para otro tipo de fotograf\u00eda.<\/p>\n<div id=\"attachment_546\" style=\"width: 1045px\" class=\"wp-caption aligncenter\"><img loading=\"lazy\" decoding=\"async\" aria-describedby=\"caption-attachment-546\" class=\"wp-image-546 size-full\" src=\"http:\/\/photojosebueno.com\/wp-content\/uploads\/2013\/06\/JBM7457.jpg\" alt=\"\" width=\"1035\" height=\"694\" srcset=\"https:\/\/photojosebueno.com\/wp-content\/uploads\/2013\/06\/JBM7457.jpg 1035w, https:\/\/photojosebueno.com\/wp-content\/uploads\/2013\/06\/JBM7457-300x201.jpg 300w, https:\/\/photojosebueno.com\/wp-content\/uploads\/2013\/06\/JBM7457-1024x686.jpg 1024w, https:\/\/photojosebueno.com\/wp-content\/uploads\/2013\/06\/JBM7457-447x300.jpg 447w\" sizes=\"auto, (max-width: 1035px) 100vw, 1035px\" \/><p id=\"caption-attachment-546\" class=\"wp-caption-text\">Nikon D700 &#8211; Nikkor 70-200mm VRII &#8211; f:4.0 &#8211; 1\/400s &#8211; ISO 200<\/p><\/div>\n<p style=\"text-align: justify;\">En este caso la protagonista o actriz principal es una tabla de longboard, que para los que no lo sepan es una tabla con cuatro ruedas que sirve para deslizarse o patinar sin gastar nada de combustible a excepci\u00f3n de la energ\u00eda que gasta el que la conduce o la disfruta. Lupita tan solo era una de las modelos que han intervenido en las sesiones.<\/p>\n<p style=\"text-align: justify;\">Ahora si que ya tenemos todo, vaya! Tengo un whatsapp de una de las modelos, no puede venir.\u00a0 Esto a veces ocurre y al final hay que pasar la sesi\u00f3n al d\u00eda siguiente siempre y cuando nuestra agenda y la del resto de participantes lo permita. Otra vez a guardar todo el material hasta ma\u00f1ana.<\/p>\n<p style=\"text-align: justify;\">Por fin se han alineado todos los planetas y comenzamos la primera sesi\u00f3n. Ten\u00eda poco tiempo para preparar todo pues la modelo lleg\u00f3 tarde y adem\u00e1s ten\u00eda una reuni\u00f3n con un buen amigo.<\/p>\n<div id=\"attachment_547\" style=\"width: 760px\" class=\"wp-caption aligncenter\"><img loading=\"lazy\" decoding=\"async\" aria-describedby=\"caption-attachment-547\" class=\"wp-image-547 size-full\" src=\"http:\/\/photojosebueno.com\/wp-content\/uploads\/2013\/06\/JBM7508.jpg\" alt=\"Nikon D700 - Nikkor 70-200mm VRII - f:2.8 - 1\/500s - ISO 400\" width=\"750\" height=\"984\" srcset=\"https:\/\/photojosebueno.com\/wp-content\/uploads\/2013\/06\/JBM7508.jpg 750w, https:\/\/photojosebueno.com\/wp-content\/uploads\/2013\/06\/JBM7508-228x300.jpg 228w\" sizes=\"auto, (max-width: 750px) 100vw, 750px\" \/><p id=\"caption-attachment-547\" class=\"wp-caption-text\">Nikon D700 &#8211; Nikkor 70-200mm VRII &#8211; f:2.8 &#8211; 1\/500s &#8211; ISO 400<\/p><\/div>\n<p style=\"text-align: justify;\">Justo nada m\u00e1s empezar la sesi\u00f3n, apareci\u00f3 mi amigo Rub\u00e9n que no se bien si se adelant\u00f3 para ver, \u2026 dej\u00e9moslo ah\u00ed, pero lo cierto es que \u00a0Rub\u00e9n es un personaje, inquieto, divertido. Por ello era consciente que me iba a incordiar m\u00e1s que ayudar, pero para eso est\u00e1n los amigos, no?.<\/p>\n<p style=\"text-align: justify;\">Efectivamente en cuanto la modelo dej\u00f3 su tabla, la cogi\u00f3 Rub\u00e9n para probarla. Como s\u00e9 que es muy atrevido y pens\u00e9 que no ten\u00eda ni idea de patinar, lo m\u00e1s probable es que se diese un buen trastazo con la dichosa tabla por lo que le ped\u00ed que era mejor que se estuviese quieto.<\/p>\n<p style=\"text-align: justify;\">Basta que a Rub\u00e9n le digas una cosa para que haga la contraria, es as\u00ed y quiz\u00e1s por eso le quiero. Con su look muy arreglado, pues ven\u00eda de una reuni\u00f3n, ni corto ni perezoso se sube a la tabla y de repente veo que no solo sabe manejarla sino que su estilo es muy pero que muy bueno. R\u00e1pidamente cambio de objetivo, estaba trabajando con la Nikon D700, poniendo el Nikkor 70-200mm. VRII. Le ped\u00ed \u00a0que se acercara desliz\u00e1ndose con la tabla hacia m\u00ed y justo al lado de una raya cont\u00ednua que hab\u00eda pintada en la calzada.<\/p>\n<p style=\"text-align: justify;\">Coloqu\u00e9 r\u00e1pidamente la c\u00e1mara en la posici\u00f3n de multidisparo y con la medici\u00f3n del autofocus en seguimiento, un sistema que por cierto en Nikon es excepcional.<\/p>\n<p style=\"text-align: justify;\">Tan solo tuve que realizar dos r\u00e1fagas, la primera en la que mi amigo puso cara de ni\u00f1o malo sabiendo lo mucho que me estaba sorprendiendo y la segunda r\u00e1faga en la que ya m\u00e1s relajado obtuve unas im\u00e1genes que transmit\u00edan precisamente lo que necesitaba el cliente, un joven con buen look, casi \u00abpijo\u00bb ya que esa marca fabrica tablas muy especiales, numeradas y con series especiales y que por ello su p\u00fablico objetivo es aqu\u00e9l que le gusta tener algo diferente aunque tenga que poner un poco m\u00e1s de dinero.<\/p>\n<div id=\"attachment_549\" style=\"width: 877px\" class=\"wp-caption aligncenter\"><img loading=\"lazy\" decoding=\"async\" aria-describedby=\"caption-attachment-549\" class=\"wp-image-549 size-full\" src=\"http:\/\/photojosebueno.com\/wp-content\/uploads\/2013\/06\/Ruben-Sepia.jpg\" alt=\"Nikon D700 - Nikkor 70-200mm VRII - f:2.8 - 1\/125s - ISO 200 \" width=\"867\" height=\"1212\" srcset=\"https:\/\/photojosebueno.com\/wp-content\/uploads\/2013\/06\/Ruben-Sepia.jpg 867w, https:\/\/photojosebueno.com\/wp-content\/uploads\/2013\/06\/Ruben-Sepia-214x300.jpg 214w, https:\/\/photojosebueno.com\/wp-content\/uploads\/2013\/06\/Ruben-Sepia-732x1024.jpg 732w\" sizes=\"auto, (max-width: 867px) 100vw, 867px\" \/><p id=\"caption-attachment-549\" class=\"wp-caption-text\">Nikon D700 &#8211; Nikkor 70-200mm VRII &#8211; f:2.8 &#8211; 1\/125s &#8211; ISO 200<\/p><\/div>\n<p style=\"text-align: justify;\">Las r\u00e1fagas las hice con el diafragma a f:2.8 con la idea de aislar a los elementos principales, la tabla y el patinador, pero envueltos en esa atm\u00f3sfera que generan los coches y su contaminaci\u00f3n. Ten\u00eda pues \u201cla foto\u201d con todos los ingredientes que me hab\u00edan pedido y todo fruto de la casualidad y la improvisaci\u00f3n.<\/p>\n<p style=\"text-align: justify;\">El tema es que no siempre la exhaustiva planificaci\u00f3n te lleva a conseguir la imagen deseada pero es cierto que ayuda bastante y tambi\u00e9n es cierto que a veces viene bien ese golpe de suerte. Gracias Rub\u00e9n, eres un crack.<\/p>\n<p style=\"text-align: justify;\">Por cierto si alguien le interesa una tabla hecha con mimo, con los mejores materiales, \u00a0maderas de primera, piel, etc., algo as\u00ed como el \u00a0\u201cRolls Royce\u201d de las tablas, que mire esta p\u00e1gina\u00a0<a title=\"longdayslongboards.com\" href=\"http:\/\/www.longdayslongboards.com\" target=\"_blank\">http:\/\/www.longdayslongboards.com<\/a><\/p>\n<p style=\"text-align: justify;\">Antes de terminar esta entrada, comentar que adem\u00e1s de las sesiones para realizadas para Longdayslongboards, tambi\u00e9n hicimos una sesi\u00f3n con la tabla y un coche deportivo. Una de las im\u00e1genes era muy planificada y realizada con el sistema rigshot. Espero pr\u00f3ximamente dedicarle una entrada a ese tipo de im\u00e1genes que estoy seguro puede interesar a m\u00e1s de uno y adem\u00e1s ser\u00e1 m\u00e1s t\u00e9cnica que este entrada.\u00a0Por cierto la foto que hice es para la revista\u00a0<a title=\"9republic\" href=\"http:\/\/www.9republic.com\" target=\"_blank\">9republic<\/a>\u00a0y en estos momentos no la puedo mostrar hasta que no sea publicada pero qued\u00f3 francamente bien y eso que ten\u00eda su dificultad de acompasar la velocidad del coche con la velocidad del patinador.<\/p>\n<p style=\"text-align: justify;\">Mi agradecimiento a todos los intervinientes, ayudantes, a la firma\u00a0\u00a0<a title=\"Longboard\" href=\"http:\/\/www.longdayslongboards.com\" target=\"_blank\">Longdayslongboards<\/a>\u00a0y como no, a mi bueno amigo Rub\u00e9n.<\/p>\n<p style=\"text-align: justify;\"><span style=\"color: #cc99ff;\">When one receives a commission of specific photographs for a catalog or a particular campaign, it is normal that the client report basic issues such as the idea you want to convey and of course the DNA of the company and its product. It is also normal that you also submit an idea developed by the creative advertising agency with history drawing board or scenes.<\/span><\/p>\n<p style=\"text-align: justify;\"><span style=\"color: #cc99ff;\">Received this, our mission is to plan the sessions millimeter or we have to do. In this planning include models actors have to sign the contract hire and prescriptive exterior according to the needs of the session, assistants, makeup, props, and of course, photography equipment and lighting. It is also important to determine the exact time of the session and leave nothing to the blossom. You also need to check the weather forecast each day fortunately are more accurate.<\/span><\/p>\n<p style=\"text-align: justify;\"><span style=\"color: #cc99ff;\">With all that we can do the session. Oh! I forgot the main actor the product, go, unforgivable failure is that planning is precisely for that, not to forget anything and let improvisation to other picture.<\/span><\/p>\n<p style=\"text-align: justify;\"><span style=\"color: #cc99ff;\">In this case the protagonist or actress is a longboard, that for those who do not know it is a table with four wheels to slide or skate without spending anything except fuel energy that you spend driving or enjoy it. Lupita was just one of the models who took part in the sessions.<\/span><br \/>\n<span style=\"color: #cc99ff;\">Now if you already have everything, go! I have a whatsapp from one of the models can not come. This sometimes happens and in the end you have to pass the session the next day as long as our agenda and participants of other permits. Again keep all material up tomorrow.<\/span><\/p>\n<p style=\"text-align: justify;\"><span style=\"color: #cc99ff;\">At last, all the planets have aligned and started the first session. I had little time to prepare everything for the model was late and also had a meeting with a good friend.<\/span><br \/>\n<span style=\"color: #cc99ff;\">Just very start of the session, my friend Ruben appeared not good if you forward to see, &#8230; leave it at that, but the fact is that Ruben is a character, restless, fun. So he knew that would annoy me more than help, but for that they are friends, right?.<\/span><br \/>\n<span style=\"color: #cc99ff;\">Indeed as the model left his table, grabbed Ruben for testing. As I know it is very bold and thought I had no idea of \u200b\u200bskating, it&#8217;s likely to be given a good thump with the damn table so I asked him was it got better still.<\/span><\/p>\n<p style=\"text-align: justify;\"><span style=\"color: #cc99ff;\">Suffice it to say one thing Reuben to do the opposite, and so maybe that&#8217;s why I love him. With its well groomed look, he had been to a meeting, without thinking twice climbs on the table and suddenly I see that not only knows to handle but its style is very, very good. Rapidly changing lenses, was working with the Nikon D700, putting the 70-200mm Nikkor. VRII. I asked her to come over to the table sliding toward me and right next to a line that was painted continuously on the road.<\/span><\/p>\n<p style=\"text-align: justify;\"><span style=\"color: #cc99ff;\">Quickly I placed the camera in the position of multi-shot measurement and tracking autofocus on a system that certainly in Nikon is exceptional.<\/span><\/p>\n<p style=\"text-align: justify;\"><span style=\"color: #cc99ff;\">Just had to make two bursts, the first in which my friend put bad boy face knowing how much I was surprise and the second burst in which more relaxed and got some images that conveyed precisely what the customer needed a Young good look, almost \u00abposh\u00bb as that very special brand manufactures tables, Numbered and special series and thus your target audience is the one who likes to have something different if I have to put a little more money.<\/span><\/p>\n<p style=\"text-align: justify;\"><span style=\"color: #cc99ff;\">The bursts the diaphragm did with af: 2.8 with the idea of \u200b\u200bisolating the main elements, the table and the skater, but wrapped in that atmosphere generated by cars and pollution. Was because \u00abthe picture\u00bb with all the ingredients that I had ordered and all coincidental and improvisation.<\/span><\/p>\n<p style=\"text-align: justify;\"><span style=\"color: #cc99ff;\">The issue is not always comprehensive planning takes to get the desired image but it certainly helps a lot and it is also true that sometimes comes well that windfall. Thanks Ruben, you&#8217;re a crack.<\/span><\/p>\n<p style=\"text-align: justify;\"><span style=\"color: #cc99ff;\">By the way if anyone is interested in a table made with care, with the best materials, wood top, skin, etc.., Something like the \u00abRolls Royce\u00bb of the tables, to look at this p\u00e1ginahttp :\/ \/ www.longdayslongboards.com<\/span><\/p>\n<p style=\"text-align: justify;\"><span style=\"color: #cc99ff;\">Before ending this post, mention that in addition to the sessions conducted for Longdayslongboards also did a session with the board and a sports car. One of the images was very planned and carried out with the system rigshot. I hope soon dedicate an entry to that kind of images that I&#8217;m sure will interest more than one and also be more technical than this entry. By the way the picture I took is for 9republic magazine and now I can not show until it is published, but it was really well and that he had difficulty pacing his car&#8217;s speed with the speed skater.<\/span><\/p>\n<p style=\"text-align: justify;\"><span style=\"color: #cc99ff;\">My thanks to all participants, helpers, for signature Longdayslongboards and of course, my good friend Ruben.<\/span><\/p>\n","protected":false},"excerpt":{"rendered":"<p>Cuando uno recibe un encargo de unas fotograf\u00edas espec\u00edficas para un cat\u00e1logo o una campa\u00f1a determinada, lo normal es que el cliente informe de temas b\u00e1sicos como la idea que quiere transmitir y por supuesto el ADN de la empresa y su producto. Adem\u00e1s es normal que tambi\u00e9n te env\u00eden una idea desarrollada por los [&hellip;]<\/p>\n","protected":false},"author":1,"featured_media":0,"parent":0,"menu_order":0,"comment_status":"closed","ping_status":"closed","template":"","meta":{"footnotes":""},"class_list":["post-1857","page","type-page","status-publish","hentry"],"_links":{"self":[{"href":"https:\/\/www.photojosebueno.com\/index.php?rest_route=\/wp\/v2\/pages\/1857","targetHints":{"allow":["GET"]}}],"collection":[{"href":"https:\/\/www.photojosebueno.com\/index.php?rest_route=\/wp\/v2\/pages"}],"about":[{"href":"https:\/\/www.photojosebueno.com\/index.php?rest_route=\/wp\/v2\/types\/page"}],"author":[{"embeddable":true,"href":"https:\/\/www.photojosebueno.com\/index.php?rest_route=\/wp\/v2\/users\/1"}],"replies":[{"embeddable":true,"href":"https:\/\/www.photojosebueno.com\/index.php?rest_route=%2Fwp%2Fv2%2Fcomments&post=1857"}],"version-history":[{"count":1,"href":"https:\/\/www.photojosebueno.com\/index.php?rest_route=\/wp\/v2\/pages\/1857\/revisions"}],"predecessor-version":[{"id":1858,"href":"https:\/\/www.photojosebueno.com\/index.php?rest_route=\/wp\/v2\/pages\/1857\/revisions\/1858"}],"wp:attachment":[{"href":"https:\/\/www.photojosebueno.com\/index.php?rest_route=%2Fwp%2Fv2%2Fmedia&parent=1857"}],"curies":[{"name":"wp","href":"https:\/\/api.w.org\/{rel}","templated":true}]}}