{"id":1851,"date":"2017-04-11T10:07:55","date_gmt":"2017-04-11T08:07:55","guid":{"rendered":"http:\/\/www.photojosebueno.com\/?page_id=1851"},"modified":"2017-04-11T10:13:20","modified_gmt":"2017-04-11T08:13:20","slug":"1851-2","status":"publish","type":"page","link":"https:\/\/www.photojosebueno.com\/?page_id=1851","title":{"rendered":"FOTOGRAFIANDO ENTRE LA MULTITUD"},"content":{"rendered":"<div id=\"attachment_565\" style=\"width: 1210px\" class=\"wp-caption aligncenter\"><img loading=\"lazy\" decoding=\"async\" aria-describedby=\"caption-attachment-565\" class=\"wp-image-565 size-full\" src=\"http:\/\/photojosebueno.com\/wp-content\/uploads\/2013\/07\/foto7c.jpg\" alt=\"\" width=\"1200\" height=\"450\" srcset=\"https:\/\/photojosebueno.com\/wp-content\/uploads\/2013\/07\/foto7c.jpg 1200w, https:\/\/photojosebueno.com\/wp-content\/uploads\/2013\/07\/foto7c-300x112.jpg 300w, https:\/\/photojosebueno.com\/wp-content\/uploads\/2013\/07\/foto7c-1024x384.jpg 1024w, https:\/\/photojosebueno.com\/wp-content\/uploads\/2013\/07\/foto7c-500x187.jpg 500w\" sizes=\"auto, (max-width: 1200px) 100vw, 1200px\" \/><p id=\"caption-attachment-565\" class=\"wp-caption-text\">Leica M8 &#8211; Zeiss 21mm &#8211; 1\/60s &#8211; f:8.0 &#8211; ISO 1250<\/p><\/div>\n<p>Antes de comenzar esta entrada, quiero que sepas que no soy muy amante de acudir a grandes eventos o manifestaciones, entre otras cosas por el agobio que siento cuando me veo rodeado entre tanta gente.\u00a0 Si a eso le sumas los casi cuarenta grados que hay en Madrid por la ola de calor, me cost\u00f3 decidirme para ir a una de las mayores e internacionales manifestaciones que hay, me refiero al Orgullo Gay. Una fiesta-manifestaci\u00f3n que cada a\u00f1o atrae a m\u00e1s p\u00fablico y que seg\u00fan la organizaci\u00f3n supera m\u00e1s de 1.200.000 asistentes.<\/p>\n<div id=\"attachment_566\" style=\"width: 1210px\" class=\"wp-caption aligncenter\"><img loading=\"lazy\" decoding=\"async\" aria-describedby=\"caption-attachment-566\" class=\" wp-image-566 size-full\" src=\"http:\/\/photojosebueno.com\/wp-content\/uploads\/2013\/07\/foto1.jpg\" alt=\"\" width=\"1200\" height=\"800\" srcset=\"https:\/\/photojosebueno.com\/wp-content\/uploads\/2013\/07\/foto1.jpg 1200w, https:\/\/photojosebueno.com\/wp-content\/uploads\/2013\/07\/foto1-300x200.jpg 300w, https:\/\/photojosebueno.com\/wp-content\/uploads\/2013\/07\/foto1-1024x682.jpg 1024w, https:\/\/photojosebueno.com\/wp-content\/uploads\/2013\/07\/foto1-450x300.jpg 450w\" sizes=\"auto, (max-width: 1200px) 100vw, 1200px\" \/><p id=\"caption-attachment-566\" class=\"wp-caption-text\">Leica M8 &#8211; Zeiss 21mm. &#8211; 1\/180s &#8211; f:4.5 &#8211; ISO 160<\/p><\/div>\n<p style=\"text-align: justify;\">Una fiesta de la que hab\u00eda o\u00eddo hablar muy bien a otros colegas fot\u00f3grafos por el color y la alegr\u00eda de los asistes y eso me anim\u00f3 a ir para comprobar el comportamiento de la Leica en esa situaci\u00f3n. Tambi\u00e9n quer\u00eda probar la Sony Nex con el gomoso sistema focus peaking y las \u00f3pticas Leica pero el adaptador no me lleg\u00f3 a tiempo. A\u00fan as\u00ed me llev\u00e9 los dos cuerpos a sabiendas que la Leica con poca luz \u2026<\/p>\n<div id=\"attachment_568\" style=\"width: 941px\" class=\"wp-caption aligncenter\"><img loading=\"lazy\" decoding=\"async\" aria-describedby=\"caption-attachment-568\" class=\" wp-image-568 size-full\" src=\"http:\/\/photojosebueno.com\/wp-content\/uploads\/2013\/07\/foto3-color.jpg\" alt=\"\" width=\"931\" height=\"1200\" srcset=\"https:\/\/photojosebueno.com\/wp-content\/uploads\/2013\/07\/foto3-color.jpg 931w, https:\/\/photojosebueno.com\/wp-content\/uploads\/2013\/07\/foto3-color-232x300.jpg 232w, https:\/\/photojosebueno.com\/wp-content\/uploads\/2013\/07\/foto3-color-794x1024.jpg 794w\" sizes=\"auto, (max-width: 931px) 100vw, 931px\" \/><p id=\"caption-attachment-568\" class=\"wp-caption-text\">Leica M8 &#8211; Zeiss 21mm. &#8211; 1\/45s &#8211; f:8.0 &#8211; ISO 1250<\/p><\/div>\n<p style=\"text-align: justify;\">Ya metido en mitad del tumulto, se ve\u00eda mucha gente y muchos planos interesantes. Adem\u00e1s todo el mundo quer\u00eda posar, especialmente los que iban disfrazados que continuamente posaban con todo aquel que se quer\u00eda hacer una foto con ellos. Con el gran angular puesto en la Leica, en concreto el 21mm de Zeiss, consegu\u00eda unos planos m\u00e1s que interesantes si bien es cierto que me costaba evitar el paso de la gente que se met\u00eda sin darse cuenta en el plano.<\/p>\n<div id=\"attachment_567\" style=\"width: 1210px\" class=\"wp-caption aligncenter\"><img loading=\"lazy\" decoding=\"async\" aria-describedby=\"caption-attachment-567\" class=\" wp-image-567 size-full\" src=\"http:\/\/photojosebueno.com\/wp-content\/uploads\/2013\/07\/foto2.jpg\" alt=\"\" width=\"1200\" height=\"800\" srcset=\"https:\/\/photojosebueno.com\/wp-content\/uploads\/2013\/07\/foto2.jpg 1200w, https:\/\/photojosebueno.com\/wp-content\/uploads\/2013\/07\/foto2-300x200.jpg 300w, https:\/\/photojosebueno.com\/wp-content\/uploads\/2013\/07\/foto2-1024x682.jpg 1024w, https:\/\/photojosebueno.com\/wp-content\/uploads\/2013\/07\/foto2-450x300.jpg 450w\" sizes=\"auto, (max-width: 1200px) 100vw, 1200px\" \/><p id=\"caption-attachment-567\" class=\"wp-caption-text\">Leica M8 &#8211; Zeiss 21mm. &#8211; 1\/45s &#8211; f:5.6 &#8211; ISO 640<\/p><\/div>\n<p style=\"text-align: justify;\">Tambi\u00e9n utilic\u00e9 el sistema hiperfocal en algunas tomas pues me resultaba divertido disparar al tumulto de gente, especialmente si hab\u00eda algo \u201cinteresante\u201d que mirase a la c\u00e1mara.<\/p>\n<div id=\"attachment_570\" style=\"width: 810px\" class=\"wp-caption aligncenter\"><img loading=\"lazy\" decoding=\"async\" aria-describedby=\"caption-attachment-570\" class=\"wp-image-570 size-full\" src=\"http:\/\/photojosebueno.com\/wp-content\/uploads\/2013\/07\/foto6.jpg\" alt=\"\" width=\"800\" height=\"1200\" srcset=\"https:\/\/photojosebueno.com\/wp-content\/uploads\/2013\/07\/foto6.jpg 800w, https:\/\/photojosebueno.com\/wp-content\/uploads\/2013\/07\/foto6-200x300.jpg 200w, https:\/\/photojosebueno.com\/wp-content\/uploads\/2013\/07\/foto6-682x1024.jpg 682w\" sizes=\"auto, (max-width: 800px) 100vw, 800px\" \/><p id=\"caption-attachment-570\" class=\"wp-caption-text\">Leica M8 &#8211; Leica Tele Elmarit 90mm. &#8211; 1\/60s &#8211; f:2.8 &#8211; ISO 1250<\/p><\/div>\n<p style=\"text-align: justify;\">No me pod\u00eda perder los planos con el tele y es que esos posados sin serlo, me resultan m\u00e1s que interesantes. Por ello puse el 90mm. Tele Elmarit, un objetivo que estoy deseando probar con la Nex.<\/p>\n<div id=\"attachment_569\" style=\"width: 910px\" class=\"wp-caption aligncenter\"><img loading=\"lazy\" decoding=\"async\" aria-describedby=\"caption-attachment-569\" class=\"wp-image-569 size-full\" src=\"http:\/\/photojosebueno.com\/wp-content\/uploads\/2013\/07\/foto4.jpg\" alt=\"\" width=\"900\" height=\"900\" srcset=\"https:\/\/photojosebueno.com\/wp-content\/uploads\/2013\/07\/foto4.jpg 900w, https:\/\/photojosebueno.com\/wp-content\/uploads\/2013\/07\/foto4-150x150.jpg 150w, https:\/\/photojosebueno.com\/wp-content\/uploads\/2013\/07\/foto4-300x300.jpg 300w\" sizes=\"auto, (max-width: 900px) 100vw, 900px\" \/><p id=\"caption-attachment-569\" class=\"wp-caption-text\">Leica M8 &#8211; Leica Tele Elmarit 90mm. &#8211; 1\/30s &#8211; f:5.6 &#8211; ISO 1250<\/p><\/div>\n<p style=\"text-align: justify;\">Bueno ese y el resto, adem\u00e1s si te interesa el tema, te adelanto que\u00a0 adem\u00e1s del adaptador para las \u00f3pticas Leica, ya tengo el adaptador para las \u00f3pticas Hasselblad y Nikon AIs. Vamos que espero divertirme de lo lindo con esa Nex, tan peque\u00f1a pero tan grande a la vez.<\/p>\n<div id=\"attachment_576\" style=\"width: 1210px\" class=\"wp-caption aligncenter\"><img loading=\"lazy\" decoding=\"async\" aria-describedby=\"caption-attachment-576\" class=\" wp-image-576 size-full\" src=\"http:\/\/photojosebueno.com\/wp-content\/uploads\/2013\/07\/foto5.jpg\" alt=\"\" width=\"1200\" height=\"800\" srcset=\"https:\/\/photojosebueno.com\/wp-content\/uploads\/2013\/07\/foto5.jpg 1200w, https:\/\/photojosebueno.com\/wp-content\/uploads\/2013\/07\/foto5-300x200.jpg 300w, https:\/\/photojosebueno.com\/wp-content\/uploads\/2013\/07\/foto5-1024x682.jpg 1024w, https:\/\/photojosebueno.com\/wp-content\/uploads\/2013\/07\/foto5-450x300.jpg 450w\" sizes=\"auto, (max-width: 1200px) 100vw, 1200px\" \/><p id=\"caption-attachment-576\" class=\"wp-caption-text\">Leica M8 &#8211; Zeiss 21mm. &#8211; 1\/45s &#8211; f:4.0 &#8211; ISO 1250<\/p><\/div>\n<p style=\"text-align: justify;\">Cuando cay\u00f3 la noche la Leica ten\u00eda sue\u00f1o y es que necesita algo de luz para no dormir. Cambi\u00e9 a la Sony Nex con la \u00f3ptica que tra\u00eda de serie, un zoom 18-55mm. poco luminoso y de diafragma variable, algo que no estoy acostumbrado pues mis \u00f3pticas Nikon son todas 2.8, pero que le vamos hacer, tocaba lidiar con eso.<\/p>\n<div id=\"attachment_562\" style=\"width: 1210px\" class=\"wp-caption aligncenter\"><img loading=\"lazy\" decoding=\"async\" aria-describedby=\"caption-attachment-562\" class=\"wp-image-562 size-full\" src=\"http:\/\/photojosebueno.com\/wp-content\/uploads\/2013\/07\/Foto0.jpg\" alt=\"\" width=\"1200\" height=\"802\" srcset=\"https:\/\/photojosebueno.com\/wp-content\/uploads\/2013\/07\/Foto0.jpg 1200w, https:\/\/photojosebueno.com\/wp-content\/uploads\/2013\/07\/Foto0-300x200.jpg 300w, https:\/\/photojosebueno.com\/wp-content\/uploads\/2013\/07\/Foto0-1024x684.jpg 1024w, https:\/\/photojosebueno.com\/wp-content\/uploads\/2013\/07\/Foto0-448x300.jpg 448w\" sizes=\"auto, (max-width: 1200px) 100vw, 1200px\" \/><p id=\"caption-attachment-562\" class=\"wp-caption-text\">Sony Nex &#8211; 18-55mm.- 1\/200s &#8211; f:3.5 &#8211; ISO 25600<\/p><\/div>\n<p style=\"text-align: justify;\">Para rematar el tema y por error, en un momento determinado, la Sony Nex cambi\u00f3 los ISO de auto a 25.600 (el m\u00e1ximo) en lugar del auto que hab\u00eda programado. Para colmo de males tambi\u00e9n olvid\u00e9 poner la grabaci\u00f3n en RAW, vamos que siendo sincero acababa de comprar la c\u00e1mara y todav\u00eda no me hab\u00eda hecho amigo de ella.<\/p>\n<p style=\"text-align: justify;\">A\u00fan as\u00ed y gracias a la inform\u00e1tica, he podido salvar algo las fotos, haciendo un procesado para el ruido y para el balance de blancos.<\/p>\n<p style=\"text-align: justify;\">Llegada la media noche, no paraban de pasar\u00a0 carrozas, algunas de partidos pol\u00edticos, algo que no me gusta. Pens\u00e9 que me hab\u00eda equivocado de sitio pero es as\u00ed y entre eso que y que se empezaba a notar un ambiente m\u00e1s cargado si cabe con mucha botella por los suelos, mucho olor a porro, decid\u00ed irme con mis c\u00e1maras y mis fotos que hoy comparto con vosotros.<\/p>\n<div id=\"attachment_571\" style=\"width: 1210px\" class=\"wp-caption aligncenter\"><img loading=\"lazy\" decoding=\"async\" aria-describedby=\"caption-attachment-571\" class=\"wp-image-571 size-full\" src=\"http:\/\/photojosebueno.com\/wp-content\/uploads\/2013\/07\/la-foto8.jpg\" alt=\"\" width=\"1200\" height=\"800\" srcset=\"https:\/\/photojosebueno.com\/wp-content\/uploads\/2013\/07\/la-foto8.jpg 1200w, https:\/\/photojosebueno.com\/wp-content\/uploads\/2013\/07\/la-foto8-300x200.jpg 300w, https:\/\/photojosebueno.com\/wp-content\/uploads\/2013\/07\/la-foto8-1024x682.jpg 1024w, https:\/\/photojosebueno.com\/wp-content\/uploads\/2013\/07\/la-foto8-450x300.jpg 450w\" sizes=\"auto, (max-width: 1200px) 100vw, 1200px\" \/><p id=\"caption-attachment-571\" class=\"wp-caption-text\">Sony Nex &#8211; 18-55mm.- 1\/160s &#8211; f:5.6 &#8211; ISO 25600<\/p><\/div>\n<p style=\"text-align: justify;\">Tambi\u00e9n hab\u00eda muchas parejas heterosexuales que les divert\u00eda la fiesta sin m\u00e1s y supongo que acud\u00edan para apoyar a los convocantes o simplemente para divertirse con el bullicio y la fiesta propiamente dicha.<\/p>\n<p style=\"text-align: justify;\">No hace falta decir que en ning\u00fan momento busque fotos con morbo pues lo que realmente quer\u00eda era comprobar como nos desenvolv\u00edamos mi telem\u00e9trica y yo en un ambiente tan cargado. Si valoro la parte positiva pues dir\u00e9 que he conseguido interesantes fotos en muy poco tiempo. Seguramente para conseguir eso al menos necesitas pasear muchas horas y frecuentar ciertos lugares y a\u00fan as\u00ed.<\/p>\n<p style=\"text-align: justify;\">Si me permites un consejo para terminar, esas tomas tienen m\u00e1s valor si las aislas del contexto.<\/p>\n<p style=\"text-align: justify;\"><span style=\"text-decoration: underline;\"><span style=\"color: #cc99ff; text-decoration: underline;\">Photographing from the crowd<\/span><\/span><\/p>\n<p style=\"text-align: justify;\"><span style=\"color: #cc99ff;\">Before starting this post, I want you to know that I am not very fond of going to big events or demonstrations, among other things by anxiety I feel when I am surrounded by so many people. If you add to that the nearly forty degrees is in Madrid for the heat wave, it cost me decide to go to one of the largest and international events there, I mean the Gay Pride. A party-event which annually attracts more people and that according to the more than 1,200,000 attendees.<\/span><\/p>\n<p style=\"text-align: justify;\"><span style=\"color: #cc99ff;\">A party who had heard very well to other fellow photographers by the color and joy of attend and that encouraged me to go to check the behavior of the Leica in that situation. I also wanted to test the Sony Nex with the gummy focus peaking system and Leica lenses but the adapter did not arrive on time. Yet I took the two bodies that Leica knowingly low light &#8230;<\/span><\/p>\n<p style=\"text-align: justify;\"><span style=\"color: #cc99ff;\">I got in the middle of the tumult, looked many people and many interesting planes. Plus everyone wanted to pose, especially those who were disguised continually posed with anyone who wanted to take a picture with them. With the wide-angle position in the Leica, specifically the Zeiss 21mm, getting more interesting planes although I could hardly avoid passing people who inadvertently got on the plane.<\/span><\/p>\n<p style=\"text-align: justify;\"><span style=\"color: #cc99ff;\">Hyperfocal system also used in some shots because I was fun shooting the crowd of people, especially if there was something \u00abinteresting\u00bb that looked at the camera.<\/span><\/p>\n<p style=\"text-align: justify;\"><span style=\"color: #cc99ff;\">I could not lose the plans with the tele and those perched without being, I find more interesting. So I put the 90mm. Tele Elmarit, a goal that I desenado try the Nex. Well that and the rest, well if this topic interests you, you also advance adapter for Leica lenses, and I have the adapter for Hasselblad lenses and Nikon AIs. Let fun hopefully the beautiful with the Nex, so small but so great at the same time.<\/span><\/p>\n<p style=\"text-align: justify;\"><span style=\"color: #cc99ff;\">When night fell the Leica was sleepy and you need some light to no sleep. I switched to the Sony Nex with serial optical brought a 18-55mm zoom. very bright and variable diaphragm, something I&#8217;m not used because my Nikon lenses are all 2.8, but we&#8217;re going to do, played deal with that.<\/span><\/p>\n<p style=\"text-align: justify;\"><span style=\"color: #cc99ff;\">To top off the theme and by mistake, at any given time, the Sony Nex changed the ISO from auto to 25,600 (max) instead of the car that had been scheduled. To make matters worse I also forgot to put the recording in RAW, which to be honest we just bought the camera and I had not yet made friends with her.<\/span><\/p>\n<p style=\"text-align: justify;\"><span style=\"color: #cc99ff;\">Yet thanks to the computer, I could save some photos, doing a processing for noise and white balance.<\/span><\/p>\n<p style=\"text-align: justify;\"><span style=\"color: #cc99ff;\">Check midnight, they kept passing floats, some political parties, something I do not like. I thought I had the wrong place but it is well and between what and who was beginning to notice a more loaded if possible with much bottle on the floor, much smell reefer, I decided to go with my camera and my photos now share with ye.<\/span><\/p>\n<p style=\"text-align: justify;\"><span style=\"color: #cc99ff;\">There were also many heterosexual couples who enjoyed the party without more and guess who came to support the organizers or just hang out with the bustle and the party itself.<\/span><\/p>\n<p style=\"text-align: justify;\"><span style=\"color: #cc99ff;\">Needless to say that at no time photos with morbid look for what I really wanted was to see how we desenvolv\u00edamos my rangefinder and I in an atmosphere as charged.<\/span><\/p>\n","protected":false},"excerpt":{"rendered":"<p>Antes de comenzar esta entrada, quiero que sepas que no soy muy amante de acudir a grandes eventos o manifestaciones, entre otras cosas por el agobio que siento cuando me veo rodeado entre tanta gente.\u00a0 Si a eso le sumas los casi cuarenta grados que hay en Madrid por la ola de calor, me cost\u00f3 [&hellip;]<\/p>\n","protected":false},"author":1,"featured_media":0,"parent":0,"menu_order":0,"comment_status":"closed","ping_status":"closed","template":"","meta":{"footnotes":""},"class_list":["post-1851","page","type-page","status-publish","hentry"],"_links":{"self":[{"href":"https:\/\/www.photojosebueno.com\/index.php?rest_route=\/wp\/v2\/pages\/1851","targetHints":{"allow":["GET"]}}],"collection":[{"href":"https:\/\/www.photojosebueno.com\/index.php?rest_route=\/wp\/v2\/pages"}],"about":[{"href":"https:\/\/www.photojosebueno.com\/index.php?rest_route=\/wp\/v2\/types\/page"}],"author":[{"embeddable":true,"href":"https:\/\/www.photojosebueno.com\/index.php?rest_route=\/wp\/v2\/users\/1"}],"replies":[{"embeddable":true,"href":"https:\/\/www.photojosebueno.com\/index.php?rest_route=%2Fwp%2Fv2%2Fcomments&post=1851"}],"version-history":[{"count":3,"href":"https:\/\/www.photojosebueno.com\/index.php?rest_route=\/wp\/v2\/pages\/1851\/revisions"}],"predecessor-version":[{"id":1854,"href":"https:\/\/www.photojosebueno.com\/index.php?rest_route=\/wp\/v2\/pages\/1851\/revisions\/1854"}],"wp:attachment":[{"href":"https:\/\/www.photojosebueno.com\/index.php?rest_route=%2Fwp%2Fv2%2Fmedia&parent=1851"}],"curies":[{"name":"wp","href":"https:\/\/api.w.org\/{rel}","templated":true}]}}