{"id":1845,"date":"2017-04-11T09:49:58","date_gmt":"2017-04-11T07:49:58","guid":{"rendered":"http:\/\/www.photojosebueno.com\/?page_id=1845"},"modified":"2017-04-11T09:49:58","modified_gmt":"2017-04-11T07:49:58","slug":"sin-descanso","status":"publish","type":"page","link":"https:\/\/www.photojosebueno.com\/?page_id=1845","title":{"rendered":"SIN DESCANSO"},"content":{"rendered":"<p style=\"text-align: justify;\">Estoy seguro que cuando llegan las vacaciones desconectas m\u00e1s o menos de tu trabajo dependiendo de tu profesi\u00f3n, responsabilidades, etc. Pues bien si eres fot\u00f3grafo, al menos en mi caso, eso es complicado ya que siempre me acompa\u00f1a una c\u00e1mara. Adem\u00e1s resultar\u00eda muy complicado explicar a la familia que en un momento determinado no puedes hacer una foto y es que la frase de \u201cen casa del herrero cuchillo de palo\u201d no colar\u00eda.<\/p>\n<div id=\"attachment_711\" style=\"width: 1210px\" class=\"wp-caption aligncenter\"><img loading=\"lazy\" decoding=\"async\" aria-describedby=\"caption-attachment-711\" class=\"wp-image-711 size-full\" src=\"http:\/\/photojosebueno.com\/wp-content\/uploads\/2013\/08\/JBM_1866.jpg\" alt=\"Nikon D4 - Nikkor 70-200VRII - 1\/3200s - f:2.8 - ISO 200\" width=\"1200\" height=\"859\" srcset=\"https:\/\/photojosebueno.com\/wp-content\/uploads\/2013\/08\/JBM_1866.jpg 1200w, https:\/\/photojosebueno.com\/wp-content\/uploads\/2013\/08\/JBM_1866-300x214.jpg 300w, https:\/\/photojosebueno.com\/wp-content\/uploads\/2013\/08\/JBM_1866-1024x733.jpg 1024w, https:\/\/photojosebueno.com\/wp-content\/uploads\/2013\/08\/JBM_1866-419x300.jpg 419w\" sizes=\"auto, (max-width: 1200px) 100vw, 1200px\" \/><p id=\"caption-attachment-711\" class=\"wp-caption-text\">Nikon D4 &#8211; Nikkor 70-200VRII &#8211; 1\/3200s &#8211; f:2.8 &#8211; ISO 200<\/p><\/div>\n<p style=\"text-align: justify;\">Por otra parte, \u00a0en ese periodo de relajaci\u00f3n, desde el minuto uno que salimos camino de la playa son miles las im\u00e1genes que pasan delante de nuestros ojos por lo que ser\u00eda una pena no recoger alguna con nuestra c\u00e1mara.<\/p>\n<p style=\"text-align: justify;\">Es cierto que muchas de esas im\u00e1genes me gusta recogerlas solo con mi mente y sin un sensor electr\u00f3nico siendo almacenadas en mi cerebro, formando parte de mis recuerdos.<\/p>\n<div id=\"attachment_713\" style=\"width: 1070px\" class=\"wp-caption aligncenter\"><img loading=\"lazy\" decoding=\"async\" aria-describedby=\"caption-attachment-713\" class=\"wp-image-713 size-full\" src=\"http:\/\/photojosebueno.com\/wp-content\/uploads\/2013\/08\/L1001171.jpg\" alt=\"Leica M8 - Leica Tele Elmarit 90mm. - 1\/360s - f:5.6 - ISO 160\" width=\"1060\" height=\"1060\" srcset=\"https:\/\/photojosebueno.com\/wp-content\/uploads\/2013\/08\/L1001171.jpg 1060w, https:\/\/photojosebueno.com\/wp-content\/uploads\/2013\/08\/L1001171-150x150.jpg 150w, https:\/\/photojosebueno.com\/wp-content\/uploads\/2013\/08\/L1001171-300x300.jpg 300w, https:\/\/photojosebueno.com\/wp-content\/uploads\/2013\/08\/L1001171-1024x1024.jpg 1024w\" sizes=\"auto, (max-width: 1060px) 100vw, 1060px\" \/><p id=\"caption-attachment-713\" class=\"wp-caption-text\">Leica M8 &#8211; Leica Tele Elmarit 90mm. &#8211; 1\/360s &#8211; f:5.6 &#8211; ISO 160<\/p><\/div>\n<p style=\"text-align: justify;\">Pero vayamos al grano, en mi caso suelo veranear en la zona de Alicante, en pleno Mediterr\u00e1neo, una zona donde casi siempre suele haber exceso de luz y color, especialmente en verano.<\/p>\n<div id=\"attachment_712\" style=\"width: 873px\" class=\"wp-caption aligncenter\"><img loading=\"lazy\" decoding=\"async\" aria-describedby=\"caption-attachment-712\" class=\"wp-image-712 size-full\" src=\"http:\/\/photojosebueno.com\/wp-content\/uploads\/2013\/08\/L1001227.jpg\" alt=\"Leica M8 - Leica Summicron 35mm. - f:4.0 - 1\/750s - ISO 160 \" width=\"863\" height=\"1200\" srcset=\"https:\/\/photojosebueno.com\/wp-content\/uploads\/2013\/08\/L1001227.jpg 863w, https:\/\/photojosebueno.com\/wp-content\/uploads\/2013\/08\/L1001227-215x300.jpg 215w, https:\/\/photojosebueno.com\/wp-content\/uploads\/2013\/08\/L1001227-736x1024.jpg 736w\" sizes=\"auto, (max-width: 863px) 100vw, 863px\" \/><p id=\"caption-attachment-712\" class=\"wp-caption-text\">Leica M8 &#8211; Leica Summicron 35mm. &#8211; f:4.0 &#8211; 1\/750s &#8211; ISO 160<\/p><\/div>\n<p style=\"text-align: justify;\">Una zona ideal para practicar y por lo tanto fotografiar todo tipo de deportes relacionados con el agua, la monta\u00f1a y el viento a cualquier hora del d\u00eda o de la noche, si bien suelo respetar una norma que dec\u00eda un buen amigo fot\u00f3grafo y es que a mediod\u00eda la c\u00e1mara donde mejor estaba era guardada en la bolsa ya que las luces de esas horas centrales no era lo mejor. En mi caso quiz\u00e1s respete esa norma para estar al menos un rato de vacaciones y de paso practicar la famosa siesta espa\u00f1ola.<\/p>\n<div id=\"attachment_717\" style=\"width: 1210px\" class=\"wp-caption aligncenter\"><img loading=\"lazy\" decoding=\"async\" aria-describedby=\"caption-attachment-717\" class=\"wp-image-717 size-full\" src=\"http:\/\/photojosebueno.com\/wp-content\/uploads\/2013\/08\/JBM_1891.jpg\" alt=\"Nikon D4 - Nikkor 70-200VRII - 1\/5000s - f:2.8 - ISO 200\" width=\"1200\" height=\"1200\" srcset=\"https:\/\/photojosebueno.com\/wp-content\/uploads\/2013\/08\/JBM_1891.jpg 1200w, https:\/\/photojosebueno.com\/wp-content\/uploads\/2013\/08\/JBM_1891-150x150.jpg 150w, https:\/\/photojosebueno.com\/wp-content\/uploads\/2013\/08\/JBM_1891-300x300.jpg 300w, https:\/\/photojosebueno.com\/wp-content\/uploads\/2013\/08\/JBM_1891-1024x1024.jpg 1024w\" sizes=\"auto, (max-width: 1200px) 100vw, 1200px\" \/><p id=\"caption-attachment-717\" class=\"wp-caption-text\">Nikon D4 &#8211; Nikkor 70-200VRII &#8211; 1\/5000s &#8211; f:2.8 &#8211; ISO 200<\/p><\/div>\n<p style=\"text-align: justify;\">Parece un mundo lleno de vigor\u00e9xicos, te encuentras gente practicando windsurf, katesurf, submarinismo, nataci\u00f3n, ciclismo, parapente, running, etc. etc., uff!, que cansancio, pero, \u2026, estos momentos generan bellas e interesantes im\u00e1genes a las que un fot\u00f3grafo dif\u00edcilmente podr\u00e1 renunciar a tomar con su c\u00e1mara.<\/p>\n<div id=\"attachment_714\" style=\"width: 1210px\" class=\"wp-caption aligncenter\"><img loading=\"lazy\" decoding=\"async\" aria-describedby=\"caption-attachment-714\" class=\"wp-image-714 size-full\" src=\"http:\/\/photojosebueno.com\/wp-content\/uploads\/2013\/08\/L1001405.jpg\" alt=\"Leica M8 - Leica Summicron 35mm. - f:8.0 - 1\/250s - ISO 160 \" width=\"1200\" height=\"867\" srcset=\"https:\/\/photojosebueno.com\/wp-content\/uploads\/2013\/08\/L1001405.jpg 1200w, https:\/\/photojosebueno.com\/wp-content\/uploads\/2013\/08\/L1001405-300x216.jpg 300w, https:\/\/photojosebueno.com\/wp-content\/uploads\/2013\/08\/L1001405-1024x739.jpg 1024w, https:\/\/photojosebueno.com\/wp-content\/uploads\/2013\/08\/L1001405-415x300.jpg 415w\" sizes=\"auto, (max-width: 1200px) 100vw, 1200px\" \/><p id=\"caption-attachment-714\" class=\"wp-caption-text\">Leica M8 &#8211; Leica Summicron 35mm. &#8211; f:8.0 &#8211; 1\/250s &#8211; ISO 160<\/p><\/div>\n<p style=\"text-align: justify;\">Pero no solo la acci\u00f3n que el deporte nos ofrece buenas im\u00e1genes pues no olvidemos una rom\u00e1ntica puesta de sol o la salida de la luna en el horizonte del mar, e incluso ese d\u00eda que amanece con niebla reduciendo as\u00ed los tonos y las altas luces a casi una pintura hecha con acuarelas.<\/p>\n<div id=\"attachment_715\" style=\"width: 1210px\" class=\"wp-caption aligncenter\"><img loading=\"lazy\" decoding=\"async\" aria-describedby=\"caption-attachment-715\" class=\"wp-image-715 size-full\" src=\"http:\/\/photojosebueno.com\/wp-content\/uploads\/2013\/08\/L1041283.jpg\" alt=\"Leica M8 - Leica Tele Elmarit 90mm. - 1\/250s - f:11 - ISO 160 - Flash Nikon SB800\" width=\"1200\" height=\"867\" srcset=\"https:\/\/photojosebueno.com\/wp-content\/uploads\/2013\/08\/L1041283.jpg 1200w, https:\/\/photojosebueno.com\/wp-content\/uploads\/2013\/08\/L1041283-300x216.jpg 300w, https:\/\/photojosebueno.com\/wp-content\/uploads\/2013\/08\/L1041283-1024x739.jpg 1024w, https:\/\/photojosebueno.com\/wp-content\/uploads\/2013\/08\/L1041283-415x300.jpg 415w\" sizes=\"auto, (max-width: 1200px) 100vw, 1200px\" \/><p id=\"caption-attachment-715\" class=\"wp-caption-text\">Leica M8 &#8211; Leica Tele Elmarit 90mm. &#8211; 1\/250s &#8211; f:11 &#8211; ISO 160 &#8211; Flash Nikon SB800<\/p><\/div>\n<p style=\"text-align: justify;\">Tambi\u00e9n encontraremos im\u00e1genes interesantes en medio de una playa, im\u00e1genes contrastadas por el contraluz de una figura frente al mar que invitan a pensar en blanco y negro en un sitio dominado por el color con luces menos contrastadas que sugieren hacer esas fotos que al principio comentaba y que tan solo suelos realizarlas con mi mente.<\/p>\n<div id=\"attachment_716\" style=\"width: 1420px\" class=\"wp-caption aligncenter\"><img loading=\"lazy\" decoding=\"async\" aria-describedby=\"caption-attachment-716\" class=\"wp-image-716 size-full\" src=\"http:\/\/photojosebueno.com\/wp-content\/uploads\/2013\/08\/IMG_0077.jpg\" alt=\"Canon PowerShot G10 - 1\/1600s - f:4.0 - ISO 100\" width=\"1410\" height=\"1110\" srcset=\"https:\/\/photojosebueno.com\/wp-content\/uploads\/2013\/08\/IMG_0077.jpg 1410w, https:\/\/photojosebueno.com\/wp-content\/uploads\/2013\/08\/IMG_0077-300x236.jpg 300w, https:\/\/photojosebueno.com\/wp-content\/uploads\/2013\/08\/IMG_0077-1024x806.jpg 1024w, https:\/\/photojosebueno.com\/wp-content\/uploads\/2013\/08\/IMG_0077-381x300.jpg 381w\" sizes=\"auto, (max-width: 1410px) 100vw, 1410px\" \/><p id=\"caption-attachment-716\" class=\"wp-caption-text\">Canon PowerShot G10 &#8211; 1\/1600s &#8211; f:4.0 &#8211; ISO 100<\/p><\/div>\n<p style=\"text-align: justify;\">Definitivamente es una \u00e9poca para disfrutar de muchos y buenos momentos junto a la familia que tambi\u00e9n reclaman sus fotos para ponerlas en ese \u00e1lbum de recuerdos, pero mi consejo es que te relajes tan solo lo suficiente para disfrutar de cada momento pero sin dejar de mantener tu dedo en plena forma actuando sobre el disparador. Ah!,\u00a0 y otro consejo, es el mejor momento para experimentar cosas nuevas con c\u00e1maras que apenas conoces o utilizas.<\/p>\n<p style=\"text-align: justify;\">Este a\u00f1o he sufrido con la fotograf\u00eda submarina y es que adem\u00e1s de ser una gran desconocida para m\u00ed, no solo cuenta el indio, tambi\u00e9n tiene mucha importancia la flecha y tan solo tengo una vieja Canon G10 compacta y una carcasa que me permite sumergir esa c\u00e1mara a pocos metros. Algo que para esta especialidad se me antoja pobre y es por eso que prefiero no compartir las fotos que hice uno de los d\u00edas que salimos con el barco hasta la isla de Tabarca.<\/p>\n<div id=\"attachment_720\" style=\"width: 1210px\" class=\"wp-caption aligncenter\"><img loading=\"lazy\" decoding=\"async\" aria-describedby=\"caption-attachment-720\" class=\"wp-image-720 size-full\" src=\"http:\/\/photojosebueno.com\/wp-content\/uploads\/2013\/08\/Angi-buzo.jpg\" alt=\"Canon PowerShot G10 - 1\/160s - f:4.0 - ISO 400\" width=\"1200\" height=\"941\" srcset=\"https:\/\/photojosebueno.com\/wp-content\/uploads\/2013\/08\/Angi-buzo.jpg 1200w, https:\/\/photojosebueno.com\/wp-content\/uploads\/2013\/08\/Angi-buzo-300x235.jpg 300w, https:\/\/photojosebueno.com\/wp-content\/uploads\/2013\/08\/Angi-buzo-1024x802.jpg 1024w, https:\/\/photojosebueno.com\/wp-content\/uploads\/2013\/08\/Angi-buzo-382x300.jpg 382w\" sizes=\"auto, (max-width: 1200px) 100vw, 1200px\" \/><p id=\"caption-attachment-720\" class=\"wp-caption-text\">Canon PowerShot G10 &#8211; 1\/160s &#8211; f:4.0 &#8211; ISO 400<\/p><\/div>\n<p style=\"text-align: justify;\">Quiz\u00e1s esta entrada ha sido menos t\u00e9cnica en comparaci\u00f3n con lo que suelo compartir en este blog, pero &#8230;, tambi\u00e9n \u00a0quiero recordar que a veces conviene relajarse un poco y hacer esas fotos m\u00e1s familiares\u00a0 que si me permites son eso, para mi familia.<\/p>\n<p style=\"text-align: justify;\">En definitiva muchos y buenos momentos vividos en apenas un mes ya que tuve que hacer un peque\u00f1o viaje de trabajo al circuito de N\u00fcrburgring en Alemania. A tan solo cinco d\u00edas para mi vuelta a Madrid, ya estoy pensando que voy a fotografiar\u00a0 estos d\u00edas, de alguna manera &#8230; siempre sin descanso.<\/p>\n<p style=\"text-align: justify;\"><span style=\"color: #cc99ff;\">I&#8217;m sure when you travel more or less disconnected from your work depending on your profession, responsibilities, etc.. Well if you are a photographer, at least in my case, that&#8217;s complicated because a camera is always with me. Also be very difficult to explain to the family that at one time you can take a picture and the phrase \u00abhome of the shoemaker stick\u00bb colar\u00eda not.<\/span><\/p>\n<p style=\"text-align: justify;\"><span style=\"color: #cc99ff;\">Moreover, in that period of relaxation, from the first minute we left the beach road are thousands of images that pass before our eyes and it would be a shame not to pick some with our camera.<\/span><\/p>\n<p style=\"text-align: justify;\"><span style=\"color: #cc99ff;\">It is true that many of the images I like to collect them only with my mind without an electronic sensor being stored in my brain, as part of my memories.<\/span><\/p>\n<p style=\"text-align: justify;\"><span style=\"color: #cc99ff;\">More to the point, in my case I often spend the summer in the area of \u200b\u200bAlicante, in the Mediterranean, an area almost always seems to be too much light and color, especially in summer.<\/span><\/p>\n<p style=\"text-align: justify;\"><span style=\"color: #cc99ff;\">An ideal area for photographing and therefore all kinds of water-related sports, the mountain and the wind at any time of day or night, while respecting a rule ground that said photographer and a good friend is that noon the chamber where best was was kept in the bag as the lights of those hours was not the best plants. In my case perhaps respect that standard to be at least a little vacation and practice passing the famous Spanish siesta.<\/span><\/p>\n<p style=\"text-align: justify;\"><span style=\"color: #cc99ff;\">It seems a world full of vigor\u00e9xicos, you find wind surfing, katesurf, diving, swimming, cycling, paragliding, running, etc.. etc.., phew, that tired, but &#8230; now generate beautiful and interesting images that a photographer is unlikely to give up take with your camera.<\/span><\/p>\n<p style=\"text-align: justify;\"><span style=\"color: #cc99ff;\">But not only the action that sports offers us good images should not forget a romantic sunset or the moonrise on the horizon of the sea, and even that day dawns with fog reducing tones and highlights to almost a painting done with watercolors.<\/span><\/p>\n<p style=\"text-align: justify;\"><span style=\"color: #cc99ff;\">We also find interesting images amid beach by backlight contrast images of a figure oceanfront us to think in black and white on a site dominated by less contrasting color lights do these pictures suggest that initially commented and soils that only perform with my mind.<\/span><\/p>\n<p style=\"text-align: justify;\"><span style=\"color: #cc99ff;\">It&#8217;s definitely a time to enjoy many good moments with family also claim their photos to put on that album of memories, but my advice is to relax just enough to enjoy every moment but still keep your acting in good shape finger on the trigger. Oh, and another tip, is the best time to experience new things with cameras you barely know or use.<\/span><\/p>\n<p style=\"text-align: justify;\"><span style=\"color: #cc99ff;\">This year I suffered with underwater photography is that besides being a great unknown for me, not only has the Indian, is also very important the arrow and only I have an old Canon G10 compact and a housing that allows me to immerse the camera a few meters. Something that strikes me this specialty poor and that is why I prefer not to share the pictures I took one of the days we went with the boat to the island of Tabarca.<\/span><\/p>\n<p style=\"text-align: justify;\"><span style=\"color: #cc99ff;\">Perhaps this technique has been less compared to what I usually share on this blog, but I recall that there is good to relax a bit and make these family photos are that if you let me, for my family.<\/span><\/p>\n<p style=\"text-align: justify;\"><span style=\"color: #cc99ff;\">Ultimately many good times in barely a month since I had to do a little work trip to Nurburgring in Germany. With only five days to my return to Madrid, and I&#8217;m thinking I&#8217;m going to photograph these days, somehow always relentlessly.<\/span><\/p>\n","protected":false},"excerpt":{"rendered":"<p>Estoy seguro que cuando llegan las vacaciones desconectas m\u00e1s o menos de tu trabajo dependiendo de tu profesi\u00f3n, responsabilidades, etc. Pues bien si eres fot\u00f3grafo, al menos en mi caso, eso es complicado ya que siempre me acompa\u00f1a una c\u00e1mara. Adem\u00e1s resultar\u00eda muy complicado explicar a la familia que en un momento determinado no puedes [&hellip;]<\/p>\n","protected":false},"author":1,"featured_media":0,"parent":0,"menu_order":0,"comment_status":"closed","ping_status":"closed","template":"","meta":{"footnotes":""},"class_list":["post-1845","page","type-page","status-publish","hentry"],"_links":{"self":[{"href":"https:\/\/www.photojosebueno.com\/index.php?rest_route=\/wp\/v2\/pages\/1845","targetHints":{"allow":["GET"]}}],"collection":[{"href":"https:\/\/www.photojosebueno.com\/index.php?rest_route=\/wp\/v2\/pages"}],"about":[{"href":"https:\/\/www.photojosebueno.com\/index.php?rest_route=\/wp\/v2\/types\/page"}],"author":[{"embeddable":true,"href":"https:\/\/www.photojosebueno.com\/index.php?rest_route=\/wp\/v2\/users\/1"}],"replies":[{"embeddable":true,"href":"https:\/\/www.photojosebueno.com\/index.php?rest_route=%2Fwp%2Fv2%2Fcomments&post=1845"}],"version-history":[{"count":1,"href":"https:\/\/www.photojosebueno.com\/index.php?rest_route=\/wp\/v2\/pages\/1845\/revisions"}],"predecessor-version":[{"id":1846,"href":"https:\/\/www.photojosebueno.com\/index.php?rest_route=\/wp\/v2\/pages\/1845\/revisions\/1846"}],"wp:attachment":[{"href":"https:\/\/www.photojosebueno.com\/index.php?rest_route=%2Fwp%2Fv2%2Fmedia&parent=1845"}],"curies":[{"name":"wp","href":"https:\/\/api.w.org\/{rel}","templated":true}]}}