{"id":1837,"date":"2017-04-10T20:50:35","date_gmt":"2017-04-10T18:50:35","guid":{"rendered":"http:\/\/www.photojosebueno.com\/?page_id=1837"},"modified":"2017-04-10T21:22:17","modified_gmt":"2017-04-10T19:22:17","slug":"volando-al-limite","status":"publish","type":"page","link":"https:\/\/www.photojosebueno.com\/?page_id=1837","title":{"rendered":"VOLANDO AL L\u00cdMITE"},"content":{"rendered":"<div id=\"attachment_1839\" style=\"width: 1210px\" class=\"wp-caption aligncenter\"><img loading=\"lazy\" decoding=\"async\" aria-describedby=\"caption-attachment-1839\" class=\"wp-image-1839 size-full\" src=\"http:\/\/photojosebueno.com\/wp-content\/uploads\/2017\/04\/JBM3896.gif\" alt=\"\" width=\"1200\" height=\"798\" \/><p id=\"caption-attachment-1839\" class=\"wp-caption-text\">Nikon D700 &#8211; Nikkor 300mm 2.8VR &#8211; f:2.8 &#8211; 1\/8000s &#8211; ISO 200<\/p><\/div>\n<p style=\"text-align: justify;\">Como comentaba en la entrada anterior, hace unas semanas tuve un peque\u00f1o par\u00e9ntesis en mis vacaciones para acudir una vez m\u00e1s a la AVD OldTimer Grand Prix que se celebra en el m\u00edtico circuito Alem\u00e1n de N\u00fcrburgring.<\/p>\n<p style=\"text-align: justify;\">Es posible que influenciado por la foto de arriba te imagines que esta entraba est\u00e1 dirigida a im\u00e1genes de coches volando pero nada m\u00e1s lejos de la realidad. Puede que entonces te preguntes que tiene que ver un viaje con el t\u00edtulo de esta entrada. Pues bien, si eres fot\u00f3grafo profesional o incluso aficionado avanzado vas a entender r\u00e1pidamente las dudas que siempre surgen a la hora de que equipo llevar cuando planificas un viaje en avi\u00f3n y especialmente si es de low cost. Estar\u00e1s de acuerdo en que es muy sencillo decidir e ir casi seguro cargado en exceso en el caso de una sesi\u00f3n en la que puedes ir con tu coche pues seguramente no escatimas al llevar muchas m\u00e1s cosas que las que vas a utilizar pero, &#8230; \u00bfqu\u00e9 sucede si vas en avi\u00f3n?<\/p>\n<p style=\"text-align: justify;\">Efectivamente suele surgir siempre el mismo problema a la hora de seleccionar el equipo necesario cuando tienes que acudir a un trabajo en el que necesitas entre otras, varias \u00f3pticas \u201cgrandes\u201d y para mal de males tienes que ir en avi\u00f3n.<\/p>\n<p style=\"text-align: justify;\"><img loading=\"lazy\" decoding=\"async\" class=\"aligncenter wp-image-739 size-full\" src=\"http:\/\/photojosebueno.com\/wp-content\/uploads\/2013\/09\/DSCF1466.jpg\" alt=\"DSCF1466\" width=\"1200\" height=\"1073\" srcset=\"https:\/\/photojosebueno.com\/wp-content\/uploads\/2013\/09\/DSCF1466.jpg 1200w, https:\/\/photojosebueno.com\/wp-content\/uploads\/2013\/09\/DSCF1466-300x268.jpg 300w, https:\/\/photojosebueno.com\/wp-content\/uploads\/2013\/09\/DSCF1466-1024x915.jpg 1024w, https:\/\/photojosebueno.com\/wp-content\/uploads\/2013\/09\/DSCF1466-335x300.jpg 335w\" sizes=\"auto, (max-width: 1200px) 100vw, 1200px\" \/><\/p>\n<p style=\"text-align: justify;\">Desde hace a\u00f1os vengo sufriendo cada vez m\u00e1s el tema de llevar todo el equipo como \u00a0equipaje de mano en los aviones y es que mi equipo fotogr\u00e1fico siempre viaja conmigo, nunca lo facturar\u00eda en una maleta que viajase alejado de mi vista.<\/p>\n<p style=\"text-align: justify;\">Quiz\u00e1s con esta breve introducci\u00f3n comprendas m\u00e1s el t\u00edtulo y las diferencias de viajar de una manera u otra. Si te resulta interesante este tema, a continuaci\u00f3n voy a darte unos consejos para pasar de una manera airosa los dichosos controles con los que algunas compa\u00f1\u00edas pretenden sacarnos m\u00e1s dinero. Junto con esos consejos tambi\u00e9n contar\u00e9 alguna que otra an\u00e9cdota aeroportuaria.<\/p>\n<p style=\"text-align: justify;\">Normalmente mis equipos fotogr\u00e1ficos est\u00e1n guardados y bien protegidos en sus correspondientes maletas. En concreto parte del equipo con el que m\u00e1s trabajo, me refiero a \u00a0Nikon est\u00e1 en una maleta de la marca Peli que es de lo mejorcito para preservar de la humedad, temperaturas exteriores e incluso golpes a unas herramientas de tanta precisi\u00f3n. Y es esa maleta la que suelo utilizar en sesiones en las que acudo a la sesi\u00f3n en \u00a0coche pero, &#8230;, nada es perfecto y esa maleta se convierte en un problema cuando quieres viajar en una compa\u00f1\u00eda lowcost y es que para empezar ella solita pesa unos 3 kilos que traducido en un avi\u00f3n es el 30% del peso de mano permitido, si has le\u00eddo bien, un 30%.<\/p>\n<p style=\"text-align: justify;\">Incluso la ventaja de su rigidez para proteger el equipo se convierte en un inconveniente si la compa\u00f1\u00eda a\u00e9rea nos obliga a probar sus medidas en unos malditos recept\u00e1culos, en este caso \u00a0su rigidez es un problema ya que no entra ni con calzador.<\/p>\n<p style=\"text-align: justify;\">Otra cosa que no me gusta de esta maleta son sus peque\u00f1as ruedas y es que aunque alguno llegu\u00e9is a pensar que soy un mani\u00e1tico, cuando llevo el equipo en esta maleta, evito llevarla rodando sobre un suelo irregular y es que no me gusta nada el traqueteo que puede llegar a transmitir al equipo y en esos casos cargo sin dudarlo la llevo del asa por mucho que pese.\u00a0Descartada la maleta Peli por lo motivos ya expuestos, para los vuelos suelo utilizar una maleta de fot\u00f3grafo Billingham o una maleta normal de la marca Puma y que compr\u00e9 hace a\u00f1os.\u00a0Ambas tienen sus ventajas e inconvenientes pero lo m\u00e1s importante es como hago para no superar los famosos 10 kilos llevando todo lo necesario incluida mi ropa interior y alguna camiseta de repuesto. Por supuesto que tengo mi truco o t\u00e9cnica para no saltar las alarmas del peso, \u00bfc\u00f3mo?, tranquilo que ahora lo explico.<\/p>\n<p style=\"text-align: justify;\"><img loading=\"lazy\" decoding=\"async\" class=\"alignleft wp-image-740 size-medium\" src=\"http:\/\/photojosebueno.com\/wp-content\/uploads\/2013\/09\/DSCF1447-300x296.jpg\" alt=\"DSCF1447\" width=\"300\" height=\"296\" srcset=\"https:\/\/photojosebueno.com\/wp-content\/uploads\/2013\/09\/DSCF1447-300x296.jpg 300w, https:\/\/photojosebueno.com\/wp-content\/uploads\/2013\/09\/DSCF1447-1024x1011.jpg 1024w, https:\/\/photojosebueno.com\/wp-content\/uploads\/2013\/09\/DSCF1447-303x300.jpg 303w, https:\/\/photojosebueno.com\/wp-content\/uploads\/2013\/09\/DSCF1447.jpg 1200w\" sizes=\"auto, (max-width: 300px) 100vw, 300px\" \/><\/p>\n<p style=\"text-align: justify;\">Lo m\u00e1s importante es que el equipo vaya lo mejor protegido y por ello suelo comprar cuando las encuentro en los bazares chinos unas bolsitas de neopreno. Las hay de distintos tama\u00f1os y colores y lo mejor su precio unos 5 euros por bolsa. Con estas bolsitas envuelvo los cuerpos y objetivos sin ning\u00fan problema. Lo de los colores me sirve para distinguir que objetivo llevo en la bolsa, f\u00e1cil y sencillo. Si ya se que hay bolsitas especiales para objetivos pero su precio no tiene nada que ver.<\/p>\n<p style=\"text-align: justify;\">Con el equipo preparado, me refiero a todo perfectamente limpio (sensores, objetivos, \u2026.), bater\u00edas cargadas y todo lo necesario para evitar problemas seguramente m\u00e1s dif\u00edciles de solventar sobre el terreno, me dispongo a colocar con esmero cada componente que voy a llevar.\u00a0A modo de ejemplo ver\u00e9is como coloqu\u00e9 el equipo que llev\u00e9 en un vuelo low cost a las 24h de N\u00fcrburgring.<\/p>\n<p style=\"text-align: justify;\"><img loading=\"lazy\" decoding=\"async\" class=\"alignright wp-image-741 size-medium\" src=\"http:\/\/photojosebueno.com\/wp-content\/uploads\/2013\/09\/DSCF1451-300x252.jpg\" alt=\"DSCF1451\" width=\"300\" height=\"252\" srcset=\"https:\/\/photojosebueno.com\/wp-content\/uploads\/2013\/09\/DSCF1451-300x252.jpg 300w, https:\/\/photojosebueno.com\/wp-content\/uploads\/2013\/09\/DSCF1451-1024x862.jpg 1024w, https:\/\/photojosebueno.com\/wp-content\/uploads\/2013\/09\/DSCF1451-356x300.jpg 356w, https:\/\/photojosebueno.com\/wp-content\/uploads\/2013\/09\/DSCF1451.jpg 1200w\" sizes=\"auto, (max-width: 300px) 100vw, 300px\" \/><\/p>\n<p style=\"text-align: justify;\">Para empezar lo primero es apartar todo aquello que m\u00e1s pesa y se puede transportar en un bolsillo, como por ejemplo bater\u00edas, cabezal del monopi\u00e9, e incluso alg\u00fan objetivo o cuerpo, para esto \u00faltimo la Nikon D700 es genial ya que permite separar el grip del cuerpo.<\/p>\n<p style=\"text-align: justify;\">Como en esa ocasi\u00f3n tambi\u00e9n necesitaba llevar el 300mm. 2.8 de Nikkor que \u00e9l solito pasa de los 3 kilos, el tema se complica y es en esos momentos donde m\u00e1s cuesta tomar decisiones sobre que dejaremos.<\/p>\n<p style=\"text-align: justify;\">M\u00ednimo voy a utilizar adem\u00e1s de uno o dos cuerpos los objetivos Nikkor 24-70mm, el Nikkor 70-200mm, el Nikkor 300mm. y el duplicador. Tambi\u00e9n me gustar\u00eda llevarme el 14-24mm. adem\u00e1s de un monopi\u00e9, pilas de repuesto, filtros, protectores para la lluvia y un flash, \u00a0ya que hay mucho trabajo nocturno en una prueba de 24 horas non stop. En la pr\u00f3xima entrada explicar\u00e9 como suelo trabajar y desenvolverme en un circuito de velocidad y seguramente entender\u00e1s el porqu\u00e9 y para qu\u00e9 tanto material.<\/p>\n<p style=\"text-align: justify;\"><img loading=\"lazy\" decoding=\"async\" class=\"aligncenter wp-image-745 size-large\" src=\"http:\/\/photojosebueno.com\/wp-content\/uploads\/2013\/09\/tres-fotos-1024x174.jpg\" alt=\"tres fotos\" width=\"625\" height=\"106\" srcset=\"https:\/\/photojosebueno.com\/wp-content\/uploads\/2013\/09\/tres-fotos-1024x174.jpg 1024w, https:\/\/photojosebueno.com\/wp-content\/uploads\/2013\/09\/tres-fotos-300x51.jpg 300w, https:\/\/photojosebueno.com\/wp-content\/uploads\/2013\/09\/tres-fotos-500x85.jpg 500w, https:\/\/photojosebueno.com\/wp-content\/uploads\/2013\/09\/tres-fotos.jpg 1200w\" sizes=\"auto, (max-width: 625px) 100vw, 625px\" \/><\/p>\n<p style=\"text-align: justify;\">Suelo empezar poniendo un monopi\u00e9 desmontado para dejarlo de base de la bolsa ya que lo sustituyo por el acolchado que lleva. A continuaci\u00f3n suelo poner calcetines, ropa interior etc. y encima los objetivos bien protegidos con alg\u00fan jersey o camiseta.<\/p>\n<p style=\"text-align: center;\">Conseguido, menos de 10 kilos:\u00a0<img loading=\"lazy\" decoding=\"async\" class=\"aligncenter wp-image-746 size-medium\" src=\"http:\/\/photojosebueno.com\/wp-content\/uploads\/2013\/09\/DSCF1448-227x300.jpg\" alt=\"DSCF1448\" width=\"227\" height=\"300\" srcset=\"https:\/\/photojosebueno.com\/wp-content\/uploads\/2013\/09\/DSCF1448-227x300.jpg 227w, https:\/\/photojosebueno.com\/wp-content\/uploads\/2013\/09\/DSCF1448-776x1024.jpg 776w, https:\/\/photojosebueno.com\/wp-content\/uploads\/2013\/09\/DSCF1448.jpg 910w\" sizes=\"auto, (max-width: 227px) 100vw, 227px\" \/><\/p>\n<p style=\"text-align: justify;\"><a href=\"http:\/\/www.photojosebueno.com\/?attachment_id=747\"><img loading=\"lazy\" decoding=\"async\" class=\"aligncenter wp-image-747 size-full\" src=\"http:\/\/photojosebueno.com\/wp-content\/uploads\/2013\/09\/Sin-t\u00edtulo-1.jpg\" alt=\"\" width=\"1321\" height=\"1200\" srcset=\"https:\/\/photojosebueno.com\/wp-content\/uploads\/2013\/09\/Sin-t\u00edtulo-1.jpg 1321w, https:\/\/photojosebueno.com\/wp-content\/uploads\/2013\/09\/Sin-t\u00edtulo-1-300x272.jpg 300w, https:\/\/photojosebueno.com\/wp-content\/uploads\/2013\/09\/Sin-t\u00edtulo-1-1024x930.jpg 1024w, https:\/\/photojosebueno.com\/wp-content\/uploads\/2013\/09\/Sin-t\u00edtulo-1-330x300.jpg 330w\" sizes=\"auto, (max-width: 1321px) 100vw, 1321px\" \/><\/a><\/p>\n<p style=\"text-align: justify;\"><a href=\"http:\/\/www.photojosebueno.com\/?attachment_id=748\"><img loading=\"lazy\" decoding=\"async\" class=\"aligncenter wp-image-748 size-full\" src=\"http:\/\/photojosebueno.com\/wp-content\/uploads\/2013\/09\/DSCF1456.jpg\" alt=\"\" width=\"893\" height=\"1200\" srcset=\"https:\/\/photojosebueno.com\/wp-content\/uploads\/2013\/09\/DSCF1456.jpg 893w, https:\/\/photojosebueno.com\/wp-content\/uploads\/2013\/09\/DSCF1456-223x300.jpg 223w, https:\/\/photojosebueno.com\/wp-content\/uploads\/2013\/09\/DSCF1456-762x1024.jpg 762w\" sizes=\"auto, (max-width: 893px) 100vw, 893px\" \/><\/a>Para el resto del equipo tengo una gran aliada, mi chaqueta de la marca Gitzo, dise\u00f1ada por y para fot\u00f3grafos. Perfecta para llevar encima todo aquello que no cabe en la bolsa o maleta y muy funcional, especialmente para trabajar bajo lluvia. Adem\u00e1s de sus innegables ventajas, tiene bolsillos de todos los tama\u00f1os, grandes medianos peque\u00f1os, y detalles como una visera para tapar el equipo si nos pilla un diluvio. \u00a0Es muy recomendable y en total son m\u00e1s de 5 kilos los que llevaremos en la genial chaqueta Gitzo.<\/p>\n<p style=\"text-align: justify;\">Otro elemento indispensable, al menos para m\u00ed es el sistema Newswear, un sistema para llevar los cuerpos y objetivos de una manera c\u00f3moda a pesar de su aspecto sospechoso cuando est\u00e1 fuera de contexto y es que parece un sistema militar en el que parece que te vas a inmolar.<\/p>\n<p style=\"text-align: justify;\"><a href=\"http:\/\/www.photojosebueno.com\/?attachment_id=750\"><img loading=\"lazy\" decoding=\"async\" class=\"aligncenter wp-image-750 size-full\" src=\"http:\/\/photojosebueno.com\/wp-content\/uploads\/2013\/09\/DSCF1479.jpg\" alt=\"\" width=\"1200\" height=\"951\" srcset=\"https:\/\/photojosebueno.com\/wp-content\/uploads\/2013\/09\/DSCF1479.jpg 1200w, https:\/\/photojosebueno.com\/wp-content\/uploads\/2013\/09\/DSCF1479-300x237.jpg 300w, https:\/\/photojosebueno.com\/wp-content\/uploads\/2013\/09\/DSCF1479-1024x811.jpg 1024w, https:\/\/photojosebueno.com\/wp-content\/uploads\/2013\/09\/DSCF1479-378x300.jpg 378w\" sizes=\"auto, (max-width: 1200px) 100vw, 1200px\" \/><\/a><\/p>\n<p style=\"text-align: justify;\">Para poner la guinda, suelo poner un sistema que me permite llevar la bolsa como mochila, algo muy c\u00f3modo en un circuito. Por cierto no hay que olvidar que las salas de prensa, adem\u00e1s de mucha informaci\u00f3n, wifi etc.suelen tener taquillas para dejar parte del material que no vallamos a utilizar.<\/p>\n<p style=\"text-align: justify;\">Y ahora toca trabajar &#8230;<\/p>\n<p style=\"text-align: justify;\"><a href=\"http:\/\/www.photojosebueno.com\/?attachment_id=751\"><img loading=\"lazy\" decoding=\"async\" class=\"wp-image-751 size-medium alignleft\" src=\"http:\/\/photojosebueno.com\/wp-content\/uploads\/2013\/09\/JBM6631-300x199.jpg\" alt=\"\" width=\"300\" height=\"199\" srcset=\"https:\/\/photojosebueno.com\/wp-content\/uploads\/2013\/09\/JBM6631-300x199.jpg 300w, https:\/\/photojosebueno.com\/wp-content\/uploads\/2013\/09\/JBM6631-451x300.jpg 451w, https:\/\/photojosebueno.com\/wp-content\/uploads\/2013\/09\/JBM6631.jpg 800w\" sizes=\"auto, (max-width: 300px) 100vw, 300px\" \/><\/a>Para terminar esta entrada decir que es muy com\u00fan que tanto al llegar como al salir de un aeropuerto alem\u00e1n me hagan una prueba de explosivos, si has le\u00eddo bien y es que tanto equipo les debe hacer sospechar. He de reconocer que la primera vez me sorprendi\u00f3 mucho el agente que amablemente me saco de la fila y me pidi\u00f3 que le acompa\u00f1ase a una habitaci\u00f3n mientras se iba poniendo unos guantes. Uff!, que mal lo pas\u00e9 pues no sab\u00eda bien que pasaba. Ya con m\u00e1s experiencia no me preocupa esta prueba pues tan solo consiste en recoger muestras con un bastoncillo de distintas partes de las c\u00e1maras y objetivos pero en aeropuertos muy peque\u00f1os como el de Weeze es inevitable. Por cierto este aeropuerto con pinta militar, es donde suele volar una famosa compa\u00f1\u00eda low cost.<\/p>\n<p style=\"text-align: justify;\">En la pr\u00f3xima entrada me gustar\u00eda que me acompa\u00f1ases al circuito para que veas como suelo trabajar a pi\u00e9 de obra y para que entiendas porqu\u00e9 llevo una bolsa\/maleta tan llena.<\/p>\n<p style=\"text-align: justify;\"><span style=\"color: #cc99ff;\">As I mentioned in the previous post , a few weeks ago I had a small break from my vacation to go once again to the AVD OldTimer Grand Prix held at the legendary German N\u00fcrburgring circuit .<\/span><\/p>\n<p style=\"text-align: justify;\"><span style=\"color: #cc99ff;\">You may be influenced by the photo above you can imagine that this coming is directed to images of cars flying but nothing is further from reality. Maybe then you wonder who has to do a trip to the title of this post . Well, if you are a professional photographer or advanced amateur you will quickly understand the questions that always arise when that team wear when you plan a trip by plane and especially if it is low cost . You will agree that it is very easy to decide and go almost certain abnormal loading in the case of a session where you can go with your car certainly not skimp thus to bring many more things that you will use but &#8230; what if you are flying ?<\/span><\/p>\n<p style=\"text-align: justify;\"><span style=\"color: #cc99ff;\">Indeed usually always the same problem arise when selecting the equipment needed when you have to go to a job where you need among others, several optical \u00abbig\u00bb and to matters worse you have to go by plane.<\/span><\/p>\n<p style=\"text-align: justify;\"><span style=\"color: #cc99ff;\">For years I suffered increasingly the subject of carrying all the equipment as hand luggage on planes and my photographic equipment is always travels with me , never invoiced in a suitcase who traveled away from my sight.<\/span><\/p>\n<p style=\"text-align: justify;\"><span style=\"color: #cc99ff;\">Perhaps with this brief introduction over the title and understand the differences of traveling in one way or another . If you find this topic interesting , then I will give you some hints for a happy graceful way the controls that companies intend to get us some more money. Along with these tips will also tell the odd anecdote airport .<\/span><\/p>\n<p style=\"text-align: justify;\"><span style=\"color: #cc99ff;\">Normally my photographic equipment are stored and well protected in their respective bags. Specifically, the team with the most work , I mean Nikon is in a Peli case that brand is the very best to preserve moisture, outdoor temperatures and even blows some tools such precision. And is that bag that I use in sessions where I go to the meeting by car but &#8230; nothing is perfect and the case becomes a problem when you travel on a lowcost company and that is to start it alone weighs about 3 kilos which resulted in an aircraft is 30 % by weight of permitted hand , if you read that right , 30% .<\/span><\/p>\n<p style=\"text-align: justify;\"><span style=\"color: #cc99ff;\">Even the advantage of stiffness to protect your computer becomes a problem if the airline requires us to test their fucking receptacles measures , in this case its rigidity is a problem because it does not enter or shoehorned.<\/span><\/p>\n<p style=\"text-align: justify;\"><span style=\"color: #cc99ff;\">Another thing I like about this bag is its small wheels is that although some ye think I&#8217;m a maniac , when I have the computer in this case , I avoid carrying rolling over uneven ground is that I do not like the rattle that can potentially transmit the team and in those cases I take office without hesitation handle much they weigh. Peli discarded the reasons given above it , for I use a suitcase flights Photographer Billingham or normal suitcase and Puma bought years ago . Both have their advantages and disadvantages but the most important is how do celebrities not to exceed 10 kilos carrying everything you need including my underwear and a spare shirt . Of course I have my trick or technique to avoid weight off alarms , how? , Quiet now explain.<\/span><\/p>\n<p style=\"text-align: justify;\"><span style=\"color: #cc99ff;\">The most important thing is keeping the team the best protected and therefore usually buy when I find them in the Chinese bazaars neoprene sachets . They come in different sizes and colors and best price 5 euros per bag . With these bags wrap the bodies and lenses without any problems. What the colors used to distinguish that I carry in my bag target , easy and simple . If already there special bags but their price targets has nothing to do .<\/span><br \/>\n<span style=\"color: #cc99ff;\">With the team ready , I mean everything perfectly clean (sensors , objectives, &#8230;.) , batteries charged and everything you need to avoid problems more difficult to resolve certainly on the ground, I am about to place each component carefully that I will take . As an example you will see how I placed the team took on a low cost flight at 24h N\u00fcrburgring\u00a0<\/span><\/p>\n<p style=\"text-align: justify;\"><span style=\"color: #cc99ff;\">To begin the first is away anything that weighs more and can be carried in a pocket , such as batteries , monopod head , and even some goal or body, for the latter the Nikon D700 is great because it allows separating the grip of body.<\/span><\/p>\n<p style=\"text-align: justify;\"><span style=\"color: #cc99ff;\">As on that occasion also needed to carry the 300mm . 2.8 Nikkor he spends alone the 3 kilos , the issue is complicated and it is in those moments where more trouble making decisions about who will leave.<\/span><\/p>\n<p style=\"text-align: justify;\"><span style=\"color: #cc99ff;\">At least I will use besides one or two bodies Nikkor 24 -70mm, 70 -200mm Nikkor , the Nikkor 300mm . and the duplicator . I would also like to take the 14 -24mm . plus a monopod , batteries, filters , protective rain and a flash , as there is much night work in a test of 24 hours non stop . In the next post I will explain how I usually work and can deal with a race track and certainly understand why and how much material.<\/span><\/p>\n<p style=\"text-align: justify;\"><span style=\"color: #cc99ff;\">I usually start getting a monopod base removed to leave the bag since I replaced it with the padding he wears. Then usually put socks, underwear etc. . above objectives and well protected with a jersey or shirt .<\/span><\/p>\n<p style=\"text-align: justify;\"><span style=\"color: #cc99ff;\">Achieved less than 10 kilos :<\/span><\/p>\n<p style=\"text-align: justify;\"><span style=\"color: #cc99ff;\">For the rest of the team I have a great ally , my Gitzo brand jacket , designed by and for photographers . Perfect to wear over anything that does not fit in a bag or suitcase and very functional , especially for work in the rain . In addition to its undeniable advantages , has pockets of all sizes , small medium large , and details like a visor to cover the team if we caught a flood. It is highly recommended and in total there are more than 5 kilos those who take on the great Gitzo jacket.<\/span><\/p>\n<p style=\"text-align: justify;\"><span style=\"color: #cc99ff;\">Another essential element , at least for me is Newswear system , a system for carrying the bodies and lenses in a comfortable despite its suspicious appearance when out of context and it seems a military system where you think you to sacrifice .<\/span><br \/>\n<span style=\"color: #cc99ff;\">To make the icing , put down a system that allows me to carry the bag as a backpack , very comfortable in a circuit. Of course we must not forget that the press rooms, and plenty of information , wifi etc.suelen have lockers for material not part of Let&#8217;s go to use .<\/span><br \/>\n<span style=\"color: #cc99ff;\">And now it work &#8230;<\/span><\/p>\n<p style=\"text-align: justify;\"><span style=\"color: #cc99ff;\">To finish this post say it is very common for both arrival and when leaving a German airport I get tested for explosives , if you read well and that therefore they should alert team . I must admit that I was surprised the first time the agent who kindly took me out of the line and asked me to accompany him to a room as he was getting some gloves. Phew , that went bad not knowing what was happening either . Now with more experience does not worry me because this test only involves collecting swab samples from different parts of the cameras and lenses but very small airports like Weeze is inevitable. Certainly this military -looking airport , is where a famous company usually flies low cost .<\/span><\/p>\n<p style=\"text-align: justify;\"><span style=\"color: #cc99ff;\">In the next post I would like to accompany me to the circuit ground to see as foot work force and to understand why I take a bag \/ suitcase so full .<\/span><\/p>\n","protected":false},"excerpt":{"rendered":"<p>Como comentaba en la entrada anterior, hace unas semanas tuve un peque\u00f1o par\u00e9ntesis en mis vacaciones para acudir una vez m\u00e1s a la AVD OldTimer Grand Prix que se celebra en el m\u00edtico circuito Alem\u00e1n de N\u00fcrburgring. Es posible que influenciado por la foto de arriba te imagines que esta entraba est\u00e1 dirigida a im\u00e1genes [&hellip;]<\/p>\n","protected":false},"author":1,"featured_media":0,"parent":0,"menu_order":0,"comment_status":"closed","ping_status":"closed","template":"","meta":{"footnotes":""},"class_list":["post-1837","page","type-page","status-publish","hentry"],"_links":{"self":[{"href":"https:\/\/www.photojosebueno.com\/index.php?rest_route=\/wp\/v2\/pages\/1837","targetHints":{"allow":["GET"]}}],"collection":[{"href":"https:\/\/www.photojosebueno.com\/index.php?rest_route=\/wp\/v2\/pages"}],"about":[{"href":"https:\/\/www.photojosebueno.com\/index.php?rest_route=\/wp\/v2\/types\/page"}],"author":[{"embeddable":true,"href":"https:\/\/www.photojosebueno.com\/index.php?rest_route=\/wp\/v2\/users\/1"}],"replies":[{"embeddable":true,"href":"https:\/\/www.photojosebueno.com\/index.php?rest_route=%2Fwp%2Fv2%2Fcomments&post=1837"}],"version-history":[{"count":3,"href":"https:\/\/www.photojosebueno.com\/index.php?rest_route=\/wp\/v2\/pages\/1837\/revisions"}],"predecessor-version":[{"id":1844,"href":"https:\/\/www.photojosebueno.com\/index.php?rest_route=\/wp\/v2\/pages\/1837\/revisions\/1844"}],"wp:attachment":[{"href":"https:\/\/www.photojosebueno.com\/index.php?rest_route=%2Fwp%2Fv2%2Fmedia&parent=1837"}],"curies":[{"name":"wp","href":"https:\/\/api.w.org\/{rel}","templated":true}]}}