{"id":1821,"date":"2017-04-10T15:22:36","date_gmt":"2017-04-10T13:22:36","guid":{"rendered":"http:\/\/www.photojosebueno.com\/?page_id=1821"},"modified":"2017-04-10T15:25:06","modified_gmt":"2017-04-10T13:25:06","slug":"circuito-y-gimnasio","status":"publish","type":"page","link":"https:\/\/www.photojosebueno.com\/?page_id=1821","title":{"rendered":"Circuito y gimnasio"},"content":{"rendered":"<div id=\"attachment_813\" style=\"width: 1210px\" class=\"wp-caption aligncenter\"><img loading=\"lazy\" decoding=\"async\" aria-describedby=\"caption-attachment-813\" class=\" wp-image-813 size-full\" src=\"http:\/\/photojosebueno.com\/wp-content\/uploads\/2013\/11\/JBM_1280.jpg\" alt=\"\" width=\"1200\" height=\"799\" srcset=\"https:\/\/photojosebueno.com\/wp-content\/uploads\/2013\/11\/JBM_1280.jpg 1200w, https:\/\/photojosebueno.com\/wp-content\/uploads\/2013\/11\/JBM_1280-300x199.jpg 300w, https:\/\/photojosebueno.com\/wp-content\/uploads\/2013\/11\/JBM_1280-1024x681.jpg 1024w, https:\/\/photojosebueno.com\/wp-content\/uploads\/2013\/11\/JBM_1280-450x300.jpg 450w\" sizes=\"auto, (max-width: 1200px) 100vw, 1200px\" \/><p id=\"caption-attachment-813\" class=\"wp-caption-text\">Old Timer Grand Prix Nikon D4 &#8211; Nikkor 70-200mm. 2.8 &#8211; f\/11 &#8211; 1\/125s &#8211; ISO 200<\/p><\/div>\n<p>En la anterior entrada fuimos a los circuitos de velocidad con objetivos angulares y vimos su utilidad en zonas como el padock pero est\u00e1s en lo cierto que con teleobjetivos\u00a0 podremos conseguir esas fotos tan espectaculares y llamativas que a todos los amantes del mundo del motor les gusta pero estas advertido ese trabajo es como ir a un gimnasio y estar toda una ma\u00f1ana haciendo ejercicio con las pesas, bueno al menos ese d\u00eda nos ahorramos el gim.<\/p>\n<div id=\"attachment_811\" style=\"width: 1210px\" class=\"wp-caption aligncenter\"><img loading=\"lazy\" decoding=\"async\" aria-describedby=\"caption-attachment-811\" class=\"wp-image-811 size-full\" src=\"http:\/\/photojosebueno.com\/wp-content\/uploads\/2013\/11\/JBM_0808.jpg\" alt=\"F1 Circuito de Jerez Nikon D700 - Nikkor VR 300mm. 2.8 - f\/20 - 1\/100s - ISO 200\" width=\"1200\" height=\"798\" srcset=\"https:\/\/photojosebueno.com\/wp-content\/uploads\/2013\/11\/JBM_0808.jpg 1200w, https:\/\/photojosebueno.com\/wp-content\/uploads\/2013\/11\/JBM_0808-300x199.jpg 300w, https:\/\/photojosebueno.com\/wp-content\/uploads\/2013\/11\/JBM_0808-1024x680.jpg 1024w, https:\/\/photojosebueno.com\/wp-content\/uploads\/2013\/11\/JBM_0808-451x300.jpg 451w\" sizes=\"auto, (max-width: 1200px) 100vw, 1200px\" \/><p id=\"caption-attachment-811\" class=\"wp-caption-text\">F1 Circuito de Jerez<br \/> Nikon D700 &#8211; Nikkor VR 300mm. 2.8 &#8211; f\/20 &#8211; 1\/100s &#8211; ISO 200<\/p><\/div>\n<p style=\"text-align: justify;\">Otro problema a\u00f1adido de los teleobjetivos es su volumen y peso a la hora de viajar pero recuerda la entrada \u00abVolando al l\u00edmite\u00bb en la que vimos como \u201celudir\u201d los controles de los dichosos vuelos lowcost, si no pudiste verlo,\u00a0<a title=\"Volando al l\u00edmite\" href=\"http:\/\/www.photojosebueno.com\/blog\/?p=737\" target=\"_blank\">aqu\u00ed<\/a>\u00a0lo tienes.<\/p>\n<div id=\"attachment_808\" style=\"width: 1210px\" class=\"wp-caption aligncenter\"><a href=\"http:\/\/www.photojosebueno.com\/?attachment_id=808\"><img loading=\"lazy\" decoding=\"async\" aria-describedby=\"caption-attachment-808\" class=\"wp-image-808 size-full\" src=\"http:\/\/photojosebueno.com\/wp-content\/uploads\/2013\/11\/JBM_0967.jpg\" alt=\"\" width=\"1200\" height=\"798\" srcset=\"https:\/\/photojosebueno.com\/wp-content\/uploads\/2013\/11\/JBM_0967.jpg 1200w, https:\/\/photojosebueno.com\/wp-content\/uploads\/2013\/11\/JBM_0967-300x199.jpg 300w, https:\/\/photojosebueno.com\/wp-content\/uploads\/2013\/11\/JBM_0967-1024x680.jpg 1024w, https:\/\/photojosebueno.com\/wp-content\/uploads\/2013\/11\/JBM_0967-451x300.jpg 451w\" sizes=\"auto, (max-width: 1200px) 100vw, 1200px\" \/><\/a><p id=\"caption-attachment-808\" class=\"wp-caption-text\">F1 Circuito de Jerez Nikon D700 &#8211; Nikkor VR 300mm. 2.8 &#8211; f\/8 &#8211; 1\/1250s &#8211; ISO 800<\/p><\/div>\n<p style=\"text-align: justify;\">Ya estamos en el circuito con nuestros teleobjetivos, bien sean fijos o con zoom, dispuestos a fotografiar esos momentos intensos en los que coches, motos o camiones van a l\u00edmite desafiando las leyes de la f\u00edsica.<\/p>\n<div id=\"attachment_804\" style=\"width: 1210px\" class=\"wp-caption aligncenter\"><img loading=\"lazy\" decoding=\"async\" aria-describedby=\"caption-attachment-804\" class=\"wp-image-804 size-full\" src=\"http:\/\/photojosebueno.com\/wp-content\/uploads\/2013\/11\/JBM2007.jpg\" alt=\"Circuito de Spa Francorchamps Nikon D700 - Nikkor 70-200mm. 2.8 - f\/3.2 - 1\/1600s - ISO 1250\" width=\"1200\" height=\"798\" srcset=\"https:\/\/photojosebueno.com\/wp-content\/uploads\/2013\/11\/JBM2007.jpg 1200w, https:\/\/photojosebueno.com\/wp-content\/uploads\/2013\/11\/JBM2007-300x199.jpg 300w, https:\/\/photojosebueno.com\/wp-content\/uploads\/2013\/11\/JBM2007-1024x680.jpg 1024w, https:\/\/photojosebueno.com\/wp-content\/uploads\/2013\/11\/JBM2007-451x300.jpg 451w\" sizes=\"auto, (max-width: 1200px) 100vw, 1200px\" \/><p id=\"caption-attachment-804\" class=\"wp-caption-text\">Circuito de Spa Francorchamps<br \/> Nikon D700 &#8211; Nikkor 70-200mm. 2.8 &#8211; f\/3.2 &#8211; 1\/1600s &#8211; ISO 1250<\/p><\/div>\n<div id=\"attachment_817\" style=\"width: 1210px\" class=\"wp-caption aligncenter\"><img loading=\"lazy\" decoding=\"async\" aria-describedby=\"caption-attachment-817\" class=\"wp-image-817 size-full\" src=\"http:\/\/photojosebueno.com\/wp-content\/uploads\/2013\/11\/JBM_0895.jpg\" alt=\"Old Timer Grand Prix - Circuto de N\u00fcrburgring Nikon D4 - Nikkor 70-200mm 2.8 - f\/5.6 - 1\/1000s - ISO 200\" width=\"1200\" height=\"799\" srcset=\"https:\/\/photojosebueno.com\/wp-content\/uploads\/2013\/11\/JBM_0895.jpg 1200w, https:\/\/photojosebueno.com\/wp-content\/uploads\/2013\/11\/JBM_0895-300x199.jpg 300w, https:\/\/photojosebueno.com\/wp-content\/uploads\/2013\/11\/JBM_0895-1024x681.jpg 1024w, https:\/\/photojosebueno.com\/wp-content\/uploads\/2013\/11\/JBM_0895-450x300.jpg 450w\" sizes=\"auto, (max-width: 1200px) 100vw, 1200px\" \/><p id=\"caption-attachment-817\" class=\"wp-caption-text\">Old Timer Grand Prix &#8211; Circuto de N\u00fcrburgring<br \/> Nikon D4 &#8211; Nikkor 70-200mm 2.8 &#8211; f\/5.6 &#8211; 1\/1000s &#8211; ISO 200<\/p><\/div>\n<p style=\"text-align: justify;\">Ya vimos en la entrada anterior que el Nikkor24-70mm era el objetivo soldado para utilizar en la zona de padock como gran angular pero como teleobjetivo el que m\u00e1s suelo utilizar es el Nikkor 70-200 VRII, uno de los mejores objetivos que hay en el mercado por su calidad y velocidad de enfoque. Es un objetivo que tiene la posibilidad de conectarlo a un monopi\u00e9 pero normalmente suelo utilizarlo a pulso sin apoyos y es que me resulta m\u00e1s c\u00f3modo para realizar el encuadre que necesito incluso en barridos con el sistema de disparo m\u00faltiple. Dependiendo del modo en el que est\u00e9 trabajando, me refiero a apertura o velocidad y por tanto con velocidades altas o bajas en barridos, utilizo el sistema VR en lugar del monopi\u00e9. Por cierto cuando utilices monopi\u00e9 el sistema VR hay que desactivarlo.<\/p>\n<div id=\"attachment_799\" style=\"width: 1210px\" class=\"wp-caption aligncenter\"><a href=\"http:\/\/www.photojosebueno.com\/?attachment_id=799\"><img loading=\"lazy\" decoding=\"async\" aria-describedby=\"caption-attachment-799\" class=\"  wp-image-799 size-full\" src=\"http:\/\/photojosebueno.com\/wp-content\/uploads\/2013\/11\/JBM_2257.jpg\" alt=\"\" width=\"1200\" height=\"797\" srcset=\"https:\/\/photojosebueno.com\/wp-content\/uploads\/2013\/11\/JBM_2257.jpg 1200w, https:\/\/photojosebueno.com\/wp-content\/uploads\/2013\/11\/JBM_2257-300x199.jpg 300w, https:\/\/photojosebueno.com\/wp-content\/uploads\/2013\/11\/JBM_2257-1024x680.jpg 1024w, https:\/\/photojosebueno.com\/wp-content\/uploads\/2013\/11\/JBM_2257-451x300.jpg 451w\" sizes=\"auto, (max-width: 1200px) 100vw, 1200px\" \/><\/a><p id=\"caption-attachment-799\" class=\"wp-caption-text\">Nikon D4 &#8211; Nikkor VR300mm. 2.8 &#8211; f\/2.8 &#8211; 1\/6400s &#8211; ISO 200<\/p><\/div>\n<p>Al igual que en angulares el Nikkor 14-24mm. lo utilizo menos pero siempre consigo esa foto que marca la diferencia, en el caso de los teles el rey es el Nikkor 300mm, tambi\u00e9n f:2.8. Este es un objetivo que abulta y pesa lo suyo para hacer fotos \u201ca pulso\u201d y en esta ocasi\u00f3n si suelo utilizar el monopi\u00e9 al menos despu\u00e9s de la primera media hora de su uso. Por cierto tambi\u00e9n tiene VR y el enfoque es incre\u00edblemente r\u00e1pido con la Nikon D4.<\/p>\n<div id=\"attachment_801\" style=\"width: 1210px\" class=\"wp-caption aligncenter\"><a href=\"http:\/\/www.photojosebueno.com\/blog\/wp-content\/uploads\/2013\/11\/JBM4582.jpg\"><img loading=\"lazy\" decoding=\"async\" aria-describedby=\"caption-attachment-801\" class=\"wp-image-801 size-full\" src=\"http:\/\/photojosebueno.com\/wp-content\/uploads\/2013\/11\/JBM4582.jpg\" alt=\"Equipo Manthey Ganador 24h. N\u00fcrburgring Nikon D700 - Nikkor VR300mm. 2.8 - f\/2.8 - 1\/5000s - ISO 800\" width=\"1200\" height=\"798\" srcset=\"https:\/\/photojosebueno.com\/wp-content\/uploads\/2013\/11\/JBM4582.jpg 1200w, https:\/\/photojosebueno.com\/wp-content\/uploads\/2013\/11\/JBM4582-300x199.jpg 300w, https:\/\/photojosebueno.com\/wp-content\/uploads\/2013\/11\/JBM4582-1024x680.jpg 1024w, https:\/\/photojosebueno.com\/wp-content\/uploads\/2013\/11\/JBM4582-451x300.jpg 451w\" sizes=\"auto, (max-width: 1200px) 100vw, 1200px\" \/><\/a><p id=\"caption-attachment-801\" class=\"wp-caption-text\">Equipo Manthey Motors ganador 24h. N\u00fcrburgring<br \/> Nikon D700 &#8211; Nikkor VR300mm. 2.8 &#8211; f\/2.8 &#8211; 1\/5000s &#8211; ISO 800<\/p><\/div>\n<p style=\"text-align: justify;\">Cuando compre el 300mm. un amigo me preguntaba si lo hab\u00eda probado a f:2,8 y la verdad es que al ser un objetivo de una focal tan larga procuraba utilizar diafragmas m\u00e1s cerrados. Ante su insistencia puse el objetivo en la Nikon D700 y en modo apertura puse f:2.8, dispar\u00e9 una foto a una moto que pasaba y cuando v\u00ed la imagen en mi ordenador entend\u00ed el motivo de su precio y es que los casi 6.000 euros que cuesta lo valen.<\/p>\n<div id=\"attachment_806\" style=\"width: 1210px\" class=\"wp-caption aligncenter\"><img loading=\"lazy\" decoding=\"async\" aria-describedby=\"caption-attachment-806\" class=\"wp-image-806 size-full\" src=\"http:\/\/photojosebueno.com\/wp-content\/uploads\/2013\/11\/JBM4813.jpg\" alt=\"Le Mans Classic Nikon D700 - Nikkor VR 300mm. 2.8 - f\/3.5 - 1\/200s - ISO 6400\" width=\"1200\" height=\"798\" srcset=\"https:\/\/photojosebueno.com\/wp-content\/uploads\/2013\/11\/JBM4813.jpg 1200w, https:\/\/photojosebueno.com\/wp-content\/uploads\/2013\/11\/JBM4813-300x199.jpg 300w, https:\/\/photojosebueno.com\/wp-content\/uploads\/2013\/11\/JBM4813-1024x680.jpg 1024w, https:\/\/photojosebueno.com\/wp-content\/uploads\/2013\/11\/JBM4813-451x300.jpg 451w\" sizes=\"auto, (max-width: 1200px) 100vw, 1200px\" \/><p id=\"caption-attachment-806\" class=\"wp-caption-text\">Le Mans Classic<br \/> Nikon D700 &#8211; Nikkor VR 300mm. 2.8 &#8211; f\/3.5 &#8211; 1\/200s &#8211; ISO 6400<\/p><\/div>\n<p style=\"text-align: justify;\">Este objetivo adem\u00e1s de conseguir fotos incre\u00edbles, te permite trabajar en zonas de circuitos donde no est\u00e1 permitido el acceso a los profesionales y si te quedas corto puedes utilizar un duplicador, en mi caso utilizo el Nikkor 1,7 y con ello conviertes el 300mm. en nada menos que un 500mm eso s\u00ed a costa de perder un poco de luminosidad pero tambi\u00e9n es cierto que el Nikkor 500mm. es f:4 y su peso y precio son ya estratosf\u00e9ricos. Hablando de peso, el 300mm. pesa casi el doble que el 70-200mm. (2900g.\u00a0 y 1450g. respectivamente).<\/p>\n<div id=\"attachment_807\" style=\"width: 1210px\" class=\"wp-caption aligncenter\"><img loading=\"lazy\" decoding=\"async\" aria-describedby=\"caption-attachment-807\" class=\"wp-image-807 size-full\" src=\"http:\/\/photojosebueno.com\/wp-content\/uploads\/2013\/11\/JBM4041.jpg\" alt=\"Le Mans Classic Nikon D700 - Nikkor VR 300mm. 2.8 - f\/16 - 1\/125s - ISO 200\" width=\"1200\" height=\"799\" srcset=\"https:\/\/photojosebueno.com\/wp-content\/uploads\/2013\/11\/JBM4041.jpg 1200w, https:\/\/photojosebueno.com\/wp-content\/uploads\/2013\/11\/JBM4041-300x199.jpg 300w, https:\/\/photojosebueno.com\/wp-content\/uploads\/2013\/11\/JBM4041-1024x681.jpg 1024w, https:\/\/photojosebueno.com\/wp-content\/uploads\/2013\/11\/JBM4041-450x300.jpg 450w\" sizes=\"auto, (max-width: 1200px) 100vw, 1200px\" \/><p id=\"caption-attachment-807\" class=\"wp-caption-text\">Le Mans Classic<br \/> Nikon D700 &#8211; Nikkor VR 300mm. 2.8 &#8211; f\/16 &#8211; 1\/125s &#8211; ISO 200<\/p><\/div>\n<p style=\"text-align: justify;\">Cuando utilizo el Nikkor 300mm. con el monopi\u00e9, suelo agarrar y disparar la c\u00e1mara con la mano derecha y la mano izquierda la coloco en la parte delantera del objetivo, en concreto en el parasol para contra restar el peso y como ayuda para mover en seguimiento todo el conjunto. Por cierto, dicho sea de paso que el parasol es de carbono, todo un detalle de calidad en los materiales utilizados por Nikon en las \u00f3pticas profesionales. Otro detalle es la goma que tiene ese parasol, pensada para que puedas dejar el objetivo apoyado en el suelo incluso con el cuerpo puesto, esos detalles se agradecen. El \u00fanico pero adem\u00e1s del precio de este objetivo es que el filtro polarizador es especial al igual que su precio y eso duele. A\u00fan as\u00ed es uno de mis objetivos favoritos aunque me complique algo la vida a la hora de viajar en avi\u00f3n. Con el 400mm. directamente lo tienes que facturar y eso no es buena idea, como ya he dicho en otras ocasiones el material viaja conmigo si o si.<\/p>\n<div id=\"attachment_800\" style=\"width: 1210px\" class=\"wp-caption aligncenter\"><img loading=\"lazy\" decoding=\"async\" aria-describedby=\"caption-attachment-800\" class=\"wp-image-800 size-full\" src=\"http:\/\/photojosebueno.com\/wp-content\/uploads\/2013\/11\/JBM3308.jpg\" alt=\"Circuito de N\u00fcrburgring Carrera CUP Nikon D700 - Nikkor VR300mm. 2.8 - f\/2.8 - 1\/8000s - ISO 200\" width=\"1200\" height=\"798\" srcset=\"https:\/\/photojosebueno.com\/wp-content\/uploads\/2013\/11\/JBM3308.jpg 1200w, https:\/\/photojosebueno.com\/wp-content\/uploads\/2013\/11\/JBM3308-300x199.jpg 300w, https:\/\/photojosebueno.com\/wp-content\/uploads\/2013\/11\/JBM3308-1024x680.jpg 1024w, https:\/\/photojosebueno.com\/wp-content\/uploads\/2013\/11\/JBM3308-451x300.jpg 451w\" sizes=\"auto, (max-width: 1200px) 100vw, 1200px\" \/><p id=\"caption-attachment-800\" class=\"wp-caption-text\">Circuito de N\u00fcrburgring Carrera CUP<br \/> Nikon D700 &#8211; Nikkor VR300mm. 2.8 &#8211; f\/2.8 &#8211; 1\/8000s &#8211; ISO 200<\/p><\/div>\n<p style=\"text-align: justify;\">Despu\u00e9s de una jornada larga de trabajo sin necesidad que del tipo 24 horas, cargando y utilizando estos objetivos, te aseguro que te sentir\u00e1s como si hubieses estado en una sesi\u00f3n intensa de gimnasio. Nunca olvidar\u00e9 lo duro que fue ir hasta la curva del Karrousel en la prueba de las 24h. de N\u00fcrburgring, cargado con dos cuerpos y casi todos los objetivos (unos 15 kilos) y es que el media shuttle (bus para prensa)\u00a0 nos dejaba en la curva Br\u00fcnnchen, nada menos que a unos 4 kil\u00f3metros llenos de subidas y bajadas hasta llegar al Karrousel. Mereci\u00f3 la pena pero la vuelta con un granizo inesperado fue muy dura y me paso factura por la noche.<\/p>\n<p style=\"text-align: justify;\"><span style=\"color: #cc99ff;\">Circuit and fitness<\/span><\/p>\n<p style=\"text-align: justify;\"><span style=\"color: #cc99ff;\">In the previous post we went to speed circuits with wide-angle lenses and saw its usefulness as the paddock areas but you&#8217;re right that we can get those pictures telephoto so spectacular and striking that all motor racing enthusiasts like but these warned that job is like going to a gym and be whole morning working out with weights , well at least that day saved the gim .<\/span><\/p>\n<p style=\"text-align: justify;\"><span style=\"color: #cc99ff;\">Another problem is the telephoto volume and weight when traveling but remember the entrance where we saw as \u00abcircumvent\u00bb the happy flight controls lowcost , if you could not see it, you\u00a0<a title=\"Volando al l\u00edmite\" href=\"http:\/\/www.photojosebueno.com\/blog\/?p=737\" target=\"_blank\">got<\/a>\u00a0it.<\/span><\/p>\n<p style=\"text-align: justify;\"><span style=\"color: #cc99ff;\">We&#8217;re in the loop with our telephoto lenses , whether fixed or zoom willing to photograph those intense moments where cars, bikes or trucks will limit defying the laws of physics.<\/span><\/p>\n<p style=\"text-align: justify;\"><span style=\"color: #cc99ff;\">We saw in the previous post that the Nikkor24 -70mm soldier was the target for use in the paddock area as wide angle and telephoto but the most I use is the Nikkor 70-200 VR II , one of the best goals to the market for its quality and focus speed . It is a goal that has the ability to connect to a monopod but usually usually use freehand without support and I find it easier to make the frame I need even sweeps with multiple trigger system . Depending on how you are working , I mean opening or speed and therefore with high or low speed sweeps, use the VR system instead of the monopod . By the way when using monopod VR system must be off.<\/span><\/p>\n<p style=\"text-align: justify;\"><span style=\"color: #cc99ff;\">As in angle Nikkor 14 -24mm . I use less but I always get that picture that makes the difference , in the case of Tele King is the Nikkor 300mm f also : 2.8. This is a goal that bulky and weighs quite a bit to take pictures \u00bb freehand \u00bb and this time if I use the monopod at least after the first half hour of use. By the way also has VR and focus is incredibly fast with the Nikon D4 .<\/span><\/p>\n<p style=\"text-align: justify;\"><span style=\"color: #cc99ff;\">When you buy the 300mm . a friend asked me if I had tried to f : 2.8 and the truth is that being a focal goal as long tried to use smaller apertures . At his insistence I put the lens on the Nikon D700 and opening mode put f : 2.8 , I shot a picture of a motorcycle passing by and when I saw the image on my computer I understood the reason for the price is that it costs about 6,000 euros worth it.<\/span><\/p>\n<p style=\"text-align: justify;\"><span style=\"color: #cc99ff;\">This goal besides getting amazing photos , you can work in areas of circuits where it is not allowed access to the professionals and if you fall short you can use a duplicator , in my case I use the Nikkor 1.7 and thus become the 300mm . in no less than 500mm albeit at the cost of losing a little light but it is also true that the Nikkor 500mm . is f : 4 and its weight and price are already stratospheric . Speaking of weight , the 300mm . weighs almost double the 70 -200mm . ( 2900g. and 1450g . Respectively).<\/span><br \/>\n<span style=\"color: #cc99ff;\">When I use the Nikkor 300mm . with the monopod , land grab and shoot camera with the right hand and the left hand placed in front of the lens , specifically against the hood to subtract the weight and move in to help track the whole. By the way , the way that the hood is carbon , a nice touch of quality in the materials used by Nikon professional lenses . Another detail is the glue that has that hood , designed so you can leave the target resting on the ground even with the body position, these details are appreciated . The only but also the price of this lens is that the polarizing filter is special as its price and it hurts. Still one of my favorite targets although I complicate life something when flying. With the 400mm . directly you have to check and that&#8217;s not a good idea , as I said before the material travels with me if or if.<\/span><\/p>\n<p style=\"text-align: justify;\"><span style=\"color: #cc99ff;\">After a long day of work without the need to type 24 hours , charging and using these goals , I guarantee you &#8216;ll feel like you&#8217;ve been in an intense session in the gym. I&#8217;ll never forget how hard it was to go up to the curve in the test Karrousel 24h. N\u00fcrburgring , carrying two bodies and almost all targets ( about 15 kilos ) and that the average shuttle bus ( to press) left us in Brunnchen curve , no less than about 4 kilometers full of ups and downs until the Karrousel . It was worth it but the return with unexpected hail was very hard and I spend the evening bill .<\/span><\/p>\n","protected":false},"excerpt":{"rendered":"<p>En la anterior entrada fuimos a los circuitos de velocidad con objetivos angulares y vimos su utilidad en zonas como el padock pero est\u00e1s en lo cierto que con teleobjetivos\u00a0 podremos conseguir esas fotos tan espectaculares y llamativas que a todos los amantes del mundo del motor les gusta pero estas advertido ese trabajo es [&hellip;]<\/p>\n","protected":false},"author":1,"featured_media":0,"parent":0,"menu_order":0,"comment_status":"closed","ping_status":"closed","template":"","meta":{"footnotes":""},"class_list":["post-1821","page","type-page","status-publish","hentry"],"_links":{"self":[{"href":"https:\/\/www.photojosebueno.com\/index.php?rest_route=\/wp\/v2\/pages\/1821","targetHints":{"allow":["GET"]}}],"collection":[{"href":"https:\/\/www.photojosebueno.com\/index.php?rest_route=\/wp\/v2\/pages"}],"about":[{"href":"https:\/\/www.photojosebueno.com\/index.php?rest_route=\/wp\/v2\/types\/page"}],"author":[{"embeddable":true,"href":"https:\/\/www.photojosebueno.com\/index.php?rest_route=\/wp\/v2\/users\/1"}],"replies":[{"embeddable":true,"href":"https:\/\/www.photojosebueno.com\/index.php?rest_route=%2Fwp%2Fv2%2Fcomments&post=1821"}],"version-history":[{"count":3,"href":"https:\/\/www.photojosebueno.com\/index.php?rest_route=\/wp\/v2\/pages\/1821\/revisions"}],"predecessor-version":[{"id":1823,"href":"https:\/\/www.photojosebueno.com\/index.php?rest_route=\/wp\/v2\/pages\/1821\/revisions\/1823"}],"wp:attachment":[{"href":"https:\/\/www.photojosebueno.com\/index.php?rest_route=%2Fwp%2Fv2%2Fmedia&parent=1821"}],"curies":[{"name":"wp","href":"https:\/\/api.w.org\/{rel}","templated":true}]}}