{"id":1807,"date":"2017-04-10T14:56:52","date_gmt":"2017-04-10T12:56:52","guid":{"rendered":"http:\/\/www.photojosebueno.com\/?page_id=1807"},"modified":"2017-04-10T14:57:14","modified_gmt":"2017-04-10T12:57:14","slug":"1807-2","status":"publish","type":"page","link":"https:\/\/www.photojosebueno.com\/?page_id=1807","title":{"rendered":"FELIZ A\u00d1O NUEVO!!"},"content":{"rendered":"<div id=\"attachment_863\" style=\"width: 860px\" class=\"wp-caption aligncenter\"><img loading=\"lazy\" decoding=\"async\" aria-describedby=\"caption-attachment-863\" class=\" wp-image-863 size-full\" src=\"http:\/\/photojosebueno.com\/wp-content\/uploads\/2013\/12\/Felicitacion-2014.jpg\" alt=\"\" width=\"850\" height=\"604\" srcset=\"https:\/\/photojosebueno.com\/wp-content\/uploads\/2013\/12\/Felicitacion-2014.jpg 850w, https:\/\/photojosebueno.com\/wp-content\/uploads\/2013\/12\/Felicitacion-2014-300x213.jpg 300w, https:\/\/photojosebueno.com\/wp-content\/uploads\/2013\/12\/Felicitacion-2014-422x300.jpg 422w\" sizes=\"auto, (max-width: 850px) 100vw, 850px\" \/><p id=\"caption-attachment-863\" class=\"wp-caption-text\">Noria situada delante del Palacio Real de Madrid Equipo: no importa. Lo importante es el mensaje<\/p><\/div>\n<p style=\"text-align: justify;\">Con mis mejores deseos damos la bienvenida al a\u00f1o 2014.<\/p>\n<p style=\"text-align: justify;\">Tambi\u00e9n con la esperanza que todos seamos capaces de remar con fuerza en la misma direcci\u00f3n, como la noria de la foto.<\/p>\n<p style=\"text-align: justify;\">Tambi\u00e9n quiero hacer una petici\u00f3n: que el 2014 sea el a\u00f1o de la empat\u00eda y la generosidad.<\/p>\n<p style=\"text-align: justify;\">Gracias a todos los que me anim\u00e1is a seguir de manera altruista este blog.<\/p>\n<p style=\"text-align: justify;\"><span style=\"color: #cc99ff;\">Best wishes to welcome 2014.<\/span><\/p>\n<p style=\"text-align: justify;\"><span style=\"color: #cc99ff;\">Also hoping that all are able to pull in the same direction, as the wheel of the photo.<\/span><\/p>\n<p style=\"text-align: justify;\"><span style=\"color: #cc99ff;\">I also want to make a request: that 2014 is the year of empathy and generosity.<\/span><\/p>\n<p style=\"text-align: justify;\"><span style=\"color: #cc99ff;\">Thanks to all those you encourage me to keep this blog altruistically.<\/span><\/p>\n","protected":false},"excerpt":{"rendered":"<p>Con mis mejores deseos damos la bienvenida al a\u00f1o 2014. Tambi\u00e9n con la esperanza que todos seamos capaces de remar con fuerza en la misma direcci\u00f3n, como la noria de la foto. Tambi\u00e9n quiero hacer una petici\u00f3n: que el 2014 sea el a\u00f1o de la empat\u00eda y la generosidad. Gracias a todos los que me [&hellip;]<\/p>\n","protected":false},"author":1,"featured_media":0,"parent":0,"menu_order":0,"comment_status":"closed","ping_status":"closed","template":"","meta":{"footnotes":""},"class_list":["post-1807","page","type-page","status-publish","hentry"],"_links":{"self":[{"href":"https:\/\/www.photojosebueno.com\/index.php?rest_route=\/wp\/v2\/pages\/1807","targetHints":{"allow":["GET"]}}],"collection":[{"href":"https:\/\/www.photojosebueno.com\/index.php?rest_route=\/wp\/v2\/pages"}],"about":[{"href":"https:\/\/www.photojosebueno.com\/index.php?rest_route=\/wp\/v2\/types\/page"}],"author":[{"embeddable":true,"href":"https:\/\/www.photojosebueno.com\/index.php?rest_route=\/wp\/v2\/users\/1"}],"replies":[{"embeddable":true,"href":"https:\/\/www.photojosebueno.com\/index.php?rest_route=%2Fwp%2Fv2%2Fcomments&post=1807"}],"version-history":[{"count":2,"href":"https:\/\/www.photojosebueno.com\/index.php?rest_route=\/wp\/v2\/pages\/1807\/revisions"}],"predecessor-version":[{"id":1810,"href":"https:\/\/www.photojosebueno.com\/index.php?rest_route=\/wp\/v2\/pages\/1807\/revisions\/1810"}],"wp:attachment":[{"href":"https:\/\/www.photojosebueno.com\/index.php?rest_route=%2Fwp%2Fv2%2Fmedia&parent=1807"}],"curies":[{"name":"wp","href":"https:\/\/api.w.org\/{rel}","templated":true}]}}