{"id":1784,"date":"2017-04-10T14:05:17","date_gmt":"2017-04-10T12:05:17","guid":{"rendered":"http:\/\/www.photojosebueno.com\/?page_id=1784"},"modified":"2017-04-10T14:13:11","modified_gmt":"2017-04-10T12:13:11","slug":"fondos-desenfoques-y-encuadres-en-el-serengueti","status":"publish","type":"page","link":"https:\/\/www.photojosebueno.com\/?page_id=1784","title":{"rendered":"FONDOS, DESENFOQUES Y ENCUADRES EN EL SERENGUETI"},"content":{"rendered":"<p style=\"text-align: justify;\">La fotograf\u00eda de naturaleza y animales seguramente es mi favorita pero desgraciadamente solo la puedo practicar espor\u00e1dicamente. Es un tipo de trabajo en el que adem\u00e1s de tener conocimientos de fotograf\u00eda, es necesario y obligatorio tener amplios conocimientos del h\u00e1bitat y todo lo que se mueve all\u00ed.<\/p>\n<div id=\"attachment_961\" style=\"width: 1210px\" class=\"wp-caption aligncenter\"><a href=\"http:\/\/www.photojosebueno.com\/?attachment_id=961\" rel=\"attachment wp-att-961\"><img loading=\"lazy\" decoding=\"async\" aria-describedby=\"caption-attachment-961\" class=\"size-full wp-image-961\" src=\"http:\/\/photojosebueno.com\/wp-content\/uploads\/2014\/02\/JBM_51831.jpg\" alt=\"\" width=\"1200\" height=\"831\" srcset=\"https:\/\/photojosebueno.com\/wp-content\/uploads\/2014\/02\/JBM_51831.jpg 1200w, https:\/\/photojosebueno.com\/wp-content\/uploads\/2014\/02\/JBM_51831-300x207.jpg 300w, https:\/\/photojosebueno.com\/wp-content\/uploads\/2014\/02\/JBM_51831-1024x709.jpg 1024w, https:\/\/photojosebueno.com\/wp-content\/uploads\/2014\/02\/JBM_51831-433x300.jpg 433w\" sizes=\"auto, (max-width: 1200px) 100vw, 1200px\" \/><\/a><p id=\"caption-attachment-961\" class=\"wp-caption-text\">Nikon D4 \u2013 Nikkor 300mm \u2013 f:2.8 \u2013 1\/8000s \u2013 ISO 200 \u2013 (-0.7EV)<\/p><\/div>\n<p style=\"text-align: justify;\">Hace poco le\u00ed una frase en Facebook que puso una amiga, Pilar Dacruz, \u00a0tambi\u00e9n muy amante de los animales que dec\u00eda \u201cel \u00fanico disparo que merece un animal es \u2026 el disparo de una c\u00e1mara de fotos\u201d.<\/p>\n<p style=\"text-align: justify;\">Pensando en esa frase, recordaba como a veces el ser humano puede ser tan \u201csalvaje\u201d e injusto con otros seres vivos.<\/p>\n<p style=\"text-align: justify;\">Tambi\u00e9n he de reconocer que me encantar\u00eda hacer un safari fotogr\u00e1fico aunque la palabra safari me ruboriza y es que \u00a0por supuesto que detesto el resto de safaris.<\/p>\n<p style=\"text-align: justify;\">Dicho esto, si os parece bien, nos centraremos en la fotograf\u00eda. \u00a0Antes quiero pedir disculpas por\u00a0 nombrar al Parque Nacional del Serengueti en el t\u00edtulo de la entrada pues las fotos que comparto aqu\u00ed est\u00e1n hechas en el zool\u00f3gico de Madrid.<\/p>\n<p style=\"text-align: justify;\">Es cierto que la elecci\u00f3n del t\u00edtulo ha sido para provocar la curiosidad pero de paso quiero que ve\u00e1is la importancia que tienen en nuestras im\u00e1genes los fondos.<\/p>\n<p style=\"text-align: justify;\">Los que me conocen saben que soy un mani\u00e1tico de los fondos en todas las im\u00e1genes y es que, siempre que sea posible, basta con un simple desenfoque m\u00e1s o menos exagerado junto con un encuadre capaz de eludir esos elementos que molestan en la imagen ofrecer\u00e1n una fotograf\u00eda digna de un safari por supuesto fotogr\u00e1fico.<\/p>\n<p style=\"text-align: justify;\">Como si de un viaje a Tanzania se tratase, en una ma\u00f1ana fr\u00eda de invierno aunque soleada me dirig\u00ed al zoo donde hab\u00eda quedado con mi amigo Adolfo para probar distintas configuraciones e incluso el duplicador. Con mi Nikon D4 el Nikkor 70-200mm y el Nikkor 300mm. ambos f:2.8. y el duplicador 1.7 tambi\u00e9n de Nikkor. No olvid\u00e9 la pila de repuesto, polarizador\u00a0 y el monopi\u00e9.<\/p>\n<p style=\"text-align: justify;\">Fue una ma\u00f1ana muy divertida en la que la mejor luz apenas dur\u00f3 una hora pero a\u00fan as\u00ed disfrutamos de lo lindo intercambiando conocimientos y disparando fotos a los distintos animales.<\/p>\n<div id=\"attachment_960\" style=\"width: 1003px\" class=\"wp-caption aligncenter\"><a href=\"http:\/\/www.photojosebueno.com\/?attachment_id=960\" rel=\"attachment wp-att-960\"><img loading=\"lazy\" decoding=\"async\" aria-describedby=\"caption-attachment-960\" class=\"size-full wp-image-960\" src=\"http:\/\/photojosebueno.com\/wp-content\/uploads\/2014\/02\/JBM_51501.jpg\" alt=\"\" width=\"993\" height=\"699\" srcset=\"https:\/\/photojosebueno.com\/wp-content\/uploads\/2014\/02\/JBM_51501.jpg 993w, https:\/\/photojosebueno.com\/wp-content\/uploads\/2014\/02\/JBM_51501-300x211.jpg 300w, https:\/\/photojosebueno.com\/wp-content\/uploads\/2014\/02\/JBM_51501-426x300.jpg 426w\" sizes=\"auto, (max-width: 993px) 100vw, 993px\" \/><\/a><p id=\"caption-attachment-960\" class=\"wp-caption-text\">Nikon D4 \u2013 Nikkor 300mm \u2013 f:2.8 \u2013 1\/1600s \u2013 ISO 200<\/p><\/div>\n<p style=\"text-align: justify;\">Nada m\u00e1s de entrar nos encontramos en un estanque con los coloridos flamencos que acud\u00edan a saludar a los visitantes a cambio de la t\u00edpica comida.\u00a0 Estas bellas aves las he intentado fotografiar en la naturaleza pero siempre me ha resultado complicado al estar en zonas con acceso restringido.<\/p>\n<p style=\"text-align: justify;\">Hice varias fotograf\u00edas de los simp\u00e1ticos flamencos, algunas con el fondo del estanque y los reflejos de los otros flamencos. Muchas de las im\u00e1genes aparecen de varios y con sus esbeltas patas pero es posible que te preguntes porqu\u00e9 eleg\u00ed el encuadre cortando precisamente las patas. Pues bien no te falta raz\u00f3n pero todas estas aves llevan un identificador a modo de DNI en una de sus patas. El foco lo realic\u00e9 a la cabeza y no es precisamente f\u00e1cil pues su peque\u00f1o tama\u00f1o sumado a que no para de moverse, es todo un desafi\u00f3 a los autofocus. Normalmente cuando tengo que hacer enfoques r\u00e1pidos suelo utilizar el sistema en enfoque cont\u00ednuo disociado del disparador.\u00a0 Respecto a la medici\u00f3n, no le prest\u00e9 mucha atenci\u00f3n y utilic\u00e9 la matricial en lugar de la puntual. Afortunadamente los Raw permiten todo tipo de correcci\u00f3n.<\/p>\n<p style=\"text-align: justify;\">Un poco m\u00e1s adelante estaban los tigres, posando y con un fondo pasable siempre y cuando hici\u00e9semos un primer plano, cosa que con el 300mm. no es\u00a0 muy complicado. Tan solo tuve que hacer un peque\u00f1o recorte y as\u00ed evitar tener que estar poniendo el duplicador. La medici\u00f3n matricial en este caso con un fondo tan uniforme era perfecto y la medici\u00f3n tambi\u00e9n utilic\u00e9 el modo cont\u00ednuo disociado del disparador a\u00fan el posado descarado de estos animales que no se mov\u00edan ante nada.<\/p>\n<div id=\"attachment_962\" style=\"width: 910px\" class=\"wp-caption aligncenter\"><a href=\"http:\/\/www.photojosebueno.com\/?attachment_id=962\" rel=\"attachment wp-att-962\"><img loading=\"lazy\" decoding=\"async\" aria-describedby=\"caption-attachment-962\" class=\"size-full wp-image-962\" src=\"http:\/\/photojosebueno.com\/wp-content\/uploads\/2014\/02\/JBM_52021.jpg\" alt=\"\" width=\"900\" height=\"627\" srcset=\"https:\/\/photojosebueno.com\/wp-content\/uploads\/2014\/02\/JBM_52021.jpg 900w, https:\/\/photojosebueno.com\/wp-content\/uploads\/2014\/02\/JBM_52021-300x209.jpg 300w, https:\/\/photojosebueno.com\/wp-content\/uploads\/2014\/02\/JBM_52021-430x300.jpg 430w\" sizes=\"auto, (max-width: 900px) 100vw, 900px\" \/><\/a><p id=\"caption-attachment-962\" class=\"wp-caption-text\">Nikon D4 \u2013 Nikkor 300mm \u2013 f:2.8 \u2013 1\/5000s \u2013 ISO 200 \u2013 (-0.7EV)<\/p><\/div>\n<p style=\"text-align: justify;\">De igual manera realic\u00e9 fotograf\u00edas al rey de la selva y a uno de los simp\u00e1ticos mandriles que esperaba de manera paciente que alguien le tirase alg\u00fan cacahuete.<\/p>\n<p style=\"text-align: justify;\">Cuando llegamos a la zona de las aves rapaces, me emocion\u00e9 pues me encantas estas maravillas de la naturaleza, capaces de lograr velocidades espectaculares con su perfecta aerodin\u00e1mica. Estaban atadas a suelo y muy tranquilas posando a todo aquel que se acercaba para hacer una foto. La \u00fanica dificultad para hacer una foto decente era tener en cuenta una vez m\u00e1s los dichosos fondos de zool\u00f3gico.<\/p>\n<div id=\"attachment_964\" style=\"width: 637px\" class=\"wp-caption aligncenter\"><a href=\"http:\/\/www.photojosebueno.com\/?attachment_id=964\" rel=\"attachment wp-att-964\"><img loading=\"lazy\" decoding=\"async\" aria-describedby=\"caption-attachment-964\" class=\"size-full wp-image-964\" src=\"http:\/\/photojosebueno.com\/wp-content\/uploads\/2014\/02\/JBM_52391.jpg\" alt=\"\" width=\"627\" height=\"900\" srcset=\"https:\/\/photojosebueno.com\/wp-content\/uploads\/2014\/02\/JBM_52391.jpg 627w, https:\/\/photojosebueno.com\/wp-content\/uploads\/2014\/02\/JBM_52391-209x300.jpg 209w\" sizes=\"auto, (max-width: 627px) 100vw, 627px\" \/><\/a><p id=\"caption-attachment-964\" class=\"wp-caption-text\">Nikon D4 \u2013 Nikkor 300mm \u2013 f:2.8 \u2013 1\/5000s \u2013 ISO 200 \u2013 (-0.7EV)<\/p><\/div>\n<div id=\"attachment_963\" style=\"width: 910px\" class=\"wp-caption aligncenter\"><a href=\"http:\/\/www.photojosebueno.com\/?attachment_id=963\" rel=\"attachment wp-att-963\"><img loading=\"lazy\" decoding=\"async\" aria-describedby=\"caption-attachment-963\" class=\"size-full wp-image-963\" src=\"http:\/\/photojosebueno.com\/wp-content\/uploads\/2014\/02\/JBM_52191.jpg\" alt=\"\" width=\"900\" height=\"627\" srcset=\"https:\/\/photojosebueno.com\/wp-content\/uploads\/2014\/02\/JBM_52191.jpg 900w, https:\/\/photojosebueno.com\/wp-content\/uploads\/2014\/02\/JBM_52191-300x209.jpg 300w, https:\/\/photojosebueno.com\/wp-content\/uploads\/2014\/02\/JBM_52191-430x300.jpg 430w\" sizes=\"auto, (max-width: 900px) 100vw, 900px\" \/><\/a><p id=\"caption-attachment-963\" class=\"wp-caption-text\">Nikon D4 \u2013 Nikkor 300mm \u2013 f:2.8 \u2013 1\/3200s \u2013 ISO 200 \u2013 (-0.7EV)<\/p><\/div>\n<p style=\"text-align: justify;\">Despu\u00e9s fuimos a ver la exhibici\u00f3n de delfines con la idea de dar un descanso a las c\u00e1maras y disfrutar con la potencia de esos mam\u00edferos saltando varios metros por encima del agua. Nuestro gozo en un pozo pues vino un se\u00f1or preguntando si podr\u00edamos hacer unas fotos a su hijo que le hab\u00edan elegido para la exhibici\u00f3n y nuestros aparatosos equipos nos delataban como fot\u00f3grafos pro. Por supuesto que las hicimos gustosos y es que su expresi\u00f3n pidi\u00e9ndonos el favor esa de hacerlo si o si.<\/p>\n<div id=\"attachment_966\" style=\"width: 910px\" class=\"wp-caption aligncenter\"><a href=\"http:\/\/www.photojosebueno.com\/?attachment_id=966\" rel=\"attachment wp-att-966\"><img loading=\"lazy\" decoding=\"async\" aria-describedby=\"caption-attachment-966\" class=\"size-full wp-image-966\" src=\"http:\/\/photojosebueno.com\/wp-content\/uploads\/2014\/02\/JBM_52681.jpg\" alt=\"\" width=\"900\" height=\"627\" srcset=\"https:\/\/photojosebueno.com\/wp-content\/uploads\/2014\/02\/JBM_52681.jpg 900w, https:\/\/photojosebueno.com\/wp-content\/uploads\/2014\/02\/JBM_52681-300x209.jpg 300w, https:\/\/photojosebueno.com\/wp-content\/uploads\/2014\/02\/JBM_52681-430x300.jpg 430w\" sizes=\"auto, (max-width: 900px) 100vw, 900px\" \/><\/a><p id=\"caption-attachment-966\" class=\"wp-caption-text\">Nikon D4 \u2013 Nikkor 300mm \u2013 f:2.8 \u2013 1\/6400s \u2013 ISO 200 \u2013 (-0.7EV)<\/p><\/div>\n<div id=\"attachment_965\" style=\"width: 910px\" class=\"wp-caption aligncenter\"><a href=\"http:\/\/www.photojosebueno.com\/?attachment_id=965\" rel=\"attachment wp-att-965\"><img loading=\"lazy\" decoding=\"async\" aria-describedby=\"caption-attachment-965\" class=\"size-full wp-image-965\" src=\"http:\/\/photojosebueno.com\/wp-content\/uploads\/2014\/02\/JBM_52471.jpg\" alt=\"\" width=\"900\" height=\"627\" srcset=\"https:\/\/photojosebueno.com\/wp-content\/uploads\/2014\/02\/JBM_52471.jpg 900w, https:\/\/photojosebueno.com\/wp-content\/uploads\/2014\/02\/JBM_52471-300x209.jpg 300w, https:\/\/photojosebueno.com\/wp-content\/uploads\/2014\/02\/JBM_52471-430x300.jpg 430w\" sizes=\"auto, (max-width: 900px) 100vw, 900px\" \/><\/a><p id=\"caption-attachment-965\" class=\"wp-caption-text\">Nikon D4 \u2013 Nikkor 300mm \u2013 f:2.8 \u2013 1\/6400s \u2013 ISO 200 \u2013 (-0.7EV)<\/p><\/div>\n<p style=\"text-align: justify;\">Para terminar, justo al lado hab\u00eda otra exhibici\u00f3n que si que era un reto para la c\u00e1mara y para nuestra destreza. Nada menos que las aves rapaces volando en alguna ocasi\u00f3n a menos de un metro de nosotros.\u00a0 En esta ocasi\u00f3n me sent\u00ed como un fot\u00f3grafo principiante y es que seguir a esos bichos a la velocidad que van y con una trayectoria imprevista, \u2026., es muy complicado. Acostumbrado a seguir un f\u00f3rmula 1 que si que va deprisa pero que sabes perfectamente su trayectoria y eso es mucho. Prometo dedicar m\u00e1s tiempo a este tipo de fotograf\u00eda hasta que consiga im\u00e1genes decentes y es que lo bueno de esta profesi\u00f3n es que siempre hay algo que aprender y practicar.<\/p>\n<div id=\"attachment_967\" style=\"width: 910px\" class=\"wp-caption aligncenter\"><a href=\"http:\/\/www.photojosebueno.com\/?attachment_id=967\" rel=\"attachment wp-att-967\"><img loading=\"lazy\" decoding=\"async\" aria-describedby=\"caption-attachment-967\" class=\"size-full wp-image-967\" src=\"http:\/\/photojosebueno.com\/wp-content\/uploads\/2014\/02\/JBM_53731.jpg\" alt=\"\" width=\"900\" height=\"627\" srcset=\"https:\/\/photojosebueno.com\/wp-content\/uploads\/2014\/02\/JBM_53731.jpg 900w, https:\/\/photojosebueno.com\/wp-content\/uploads\/2014\/02\/JBM_53731-300x209.jpg 300w, https:\/\/photojosebueno.com\/wp-content\/uploads\/2014\/02\/JBM_53731-430x300.jpg 430w\" sizes=\"auto, (max-width: 900px) 100vw, 900px\" \/><\/a><p id=\"caption-attachment-967\" class=\"wp-caption-text\">Nikon D4 \u2013 Nikkor 70-200mm \u2013 f:2.8 \u2013 1\/3200s \u2013 ISO 200<\/p><\/div>\n<div id=\"attachment_968\" style=\"width: 910px\" class=\"wp-caption aligncenter\"><a href=\"http:\/\/www.photojosebueno.com\/?attachment_id=968\" rel=\"attachment wp-att-968\"><img loading=\"lazy\" decoding=\"async\" aria-describedby=\"caption-attachment-968\" class=\"size-full wp-image-968\" src=\"http:\/\/photojosebueno.com\/wp-content\/uploads\/2014\/02\/JBM_54271.jpg\" alt=\"\" width=\"900\" height=\"627\" srcset=\"https:\/\/photojosebueno.com\/wp-content\/uploads\/2014\/02\/JBM_54271.jpg 900w, https:\/\/photojosebueno.com\/wp-content\/uploads\/2014\/02\/JBM_54271-300x209.jpg 300w, https:\/\/photojosebueno.com\/wp-content\/uploads\/2014\/02\/JBM_54271-430x300.jpg 430w\" sizes=\"auto, (max-width: 900px) 100vw, 900px\" \/><\/a><p id=\"caption-attachment-968\" class=\"wp-caption-text\">Nikon D4 \u2013 Nikkor 70-200mm \u2013 f:2.8 \u2013 1\/3200s \u2013 ISO 200<\/p><\/div>\n<p style=\"text-align: justify;\">Recuerda siempre \u00a0la frase \u00abno al maltrato animal\u00bb. Espero que este peque\u00f1o recorrido por un zool\u00f3gico haya servido para recordar que los fondos, desenfoques y encuadres son muy importantes. Tengo que reconocer que la \u00e9poca buena para visitar el Serengueti me pilla en plena temporada de circuitos pero nunca se sabe. \u00a0No olvides estar\u00a0atento \u00a0a este blog pues de se as\u00ed gustosamente \u00a0lo compartir\u00eda contigo. Ah! y si te gust\u00f3, no olvides compartir con tus amigos, llevamos casi 100.000 visitas, gracias.<\/p>\n<p><strong><span style=\"color: #cc99ff;\">Funds, blurs and frames in the Serengeti<\/span><\/strong><\/p>\n<p style=\"text-align: justify;\"><span style=\"color: #cc99ff;\">Nature photography is probably my favorite but unfortunately I can practice only sporadically. It is a type of work in addition to having knowledge of photography is necessary and required to have extensive knowledge of the habitat and everything that moves there.<\/span><\/p>\n<p style=\"text-align: justify;\"><span style=\"color: #cc99ff;\">I recently read a statement on Facebook that got a friend, Pilar Dacruz also very fond of animals saying \u00bb the only shot that deserves an animal is &#8230; the shot of a camera .\u00bb<\/span><br \/>\n<span style=\"color: #cc99ff;\">Thinking about that phrase, sometimes remembered as man can be as \u00abwild\u00bb and unfair to other living beings.<\/span><\/p>\n<p style=\"text-align: justify;\"><span style=\"color: #cc99ff;\">I must admit that I also love to do a photo safari but of course I hate the rest of safaris.<\/span><\/p>\n<p style=\"text-align: justify;\"><span style=\"color: #cc99ff;\">That said, if you think well , we will focus on photography. First I want to apologize for naming the Serengeti National Park in the post title as the photos I share here are made in the zoo in Madrid.<\/span><\/p>\n<p style=\"text-align: justify;\"><span style=\"color: #cc99ff;\">It is true that the choice of title has been to provoke curiosity but I want you to see the step importance in our images funds .<\/span><\/p>\n<p style=\"text-align: justify;\"><span style=\"color: #cc99ff;\">Those who know me know I&#8217;m a freak of funds in all pictures is that , whenever possible , just a simple more or less exaggerated blur with a frame capable of avoiding those elements that bother on the image will offer a photograph worthy of a photographic safari course .<\/span><\/p>\n<p style=\"text-align: justify;\"><span style=\"color: #cc99ff;\">Like a trip to Tanzania it were , on a cold but sunny winter morning I went to the zoo where he had stayed with my friend Adolfo to test different configurations and even the duplicator . Nikon D4 with my Nikkor 70 -200mm Nikkor and 300mm. both f : 2.8. and also 1.7 Nikkor doubler . I forgot my spare battery , polarizer and monopod .<\/span><\/p>\n<p style=\"text-align: justify;\"><span style=\"color: #cc99ff;\">It was a fun morning in the best light that only lasted an hour but we still had a great time exchanging knowledge and shooting pictures of the different animals.<\/span><\/p>\n<p style=\"text-align: justify;\"><span style=\"color: #cc99ff;\">Nothing we are entering into a pond with colorful flamingos who came to greet visitors in exchange for the typical food . These beautiful birds I have tried to photograph in nature but have always found it difficult to be in areas with restricted access.<\/span><\/p>\n<p style=\"text-align: justify;\"><span style=\"color: #cc99ff;\">I made several nice pictures of flamingos, some with the bottom of the pond and reflections from other flamingos. Many of the images appear more slender legs and but you may be wondering why I chose the frame precisely cutting the legs . Well you lack reason but all these birds carry an identifier as an ID in one leg . The focus I realized the head and is not exactly easy since its small size coupled with that does not stop moving , it&#8217;s all a challenge to autofocus . Usually when I have to do fast approaches usually use the system in continuous trigger approach dissociated . Regarding measurement, did not pay much attention and used the matrix instead of the point . Fortunately Raw allow all types of correction.<\/span><\/p>\n<p style=\"text-align: justify;\"><span style=\"color: #cc99ff;\">A little later were tigers and posing with a passable provided us do background as a foreground , which with 300mm. It is not very complicated . Just had to make a small cut to avoid having to make the duplicator. Matrix metering in this case as uniform background measurement was perfect and also used the continuous trigger mode decoupled still perched blatant of these animals that did not move at all.<\/span><\/p>\n<p style=\"text-align: justify;\"><span style=\"color: #cc99ff;\">Similarly the photographs I made the king of the jungle and one of the friendly baboons waiting patiently for someone to throw it a peanut.<\/span><\/p>\n<p style=\"text-align: justify;\"><span style=\"color: #cc99ff;\">When I got to the area of raptors , I was excited because I enchant these wonders of nature, capable of achieving speeds spectacular with its perfect aerodynamics. They were tied to ground and calm posing all who approached to take a picture . The only difficulty making a decent picture was to address once again the happy zoo funds .<\/span><\/p>\n<p style=\"text-align: justify;\"><span style=\"color: #cc99ff;\">Then we went to see the dolphin show with the idea of \u200b\u200bgiving a break to the cameras and enjoy the power of these mammals jumping several meters above the water . Our hopes were dashed when a man came asking if we could take some pictures to her son who had elected him for display. Of course I did that willingly and that its expression is asking the favor of doing that if or if.<\/span><\/p>\n<p style=\"text-align: justify;\"><span style=\"color: #cc99ff;\">To finish , just off was another exhibition that if it was a challenge for the camera and our skill. None other than raptors flying sometime within a meter of us . This time I felt like a novice photographer and is to keep those bugs at the speed they are going and with an unexpected path, &#8230;. , is very complicated. Accustomed to follow a formula 1 if going fast but you know perfectly his career and that&#8217;s plenty. I promise to devote more time to this type of photography until I get decent images and the good thing is that this profession is that there is always something to learn and practice .<\/span><\/p>\n<p style=\"text-align: justify;\"><span style=\"color: #cc99ff;\">Remember the phrase \u00abanimal abuse\u00bb.\u00a0I hope this little tour of a zoo is a reminder that the funds , blurs and frames are very important. I have to admit that the good time to visit the Serengeti catches me in season circuit but one never knows . Be sure to stay tuned to this blog because of it and will gladly share with you. Oh and if you liked it , do not forget to share with your friends , we almost 100,000 visits , thank you.<\/span><\/p>\n","protected":false},"excerpt":{"rendered":"<p>La fotograf\u00eda de naturaleza y animales seguramente es mi favorita pero desgraciadamente solo la puedo practicar espor\u00e1dicamente. Es un tipo de trabajo en el que adem\u00e1s de tener conocimientos de fotograf\u00eda, es necesario y obligatorio tener amplios conocimientos del h\u00e1bitat y todo lo que se mueve all\u00ed. Hace poco le\u00ed una frase en Facebook que [&hellip;]<\/p>\n","protected":false},"author":1,"featured_media":0,"parent":0,"menu_order":0,"comment_status":"closed","ping_status":"closed","template":"","meta":{"footnotes":""},"class_list":["post-1784","page","type-page","status-publish","hentry"],"_links":{"self":[{"href":"https:\/\/www.photojosebueno.com\/index.php?rest_route=\/wp\/v2\/pages\/1784","targetHints":{"allow":["GET"]}}],"collection":[{"href":"https:\/\/www.photojosebueno.com\/index.php?rest_route=\/wp\/v2\/pages"}],"about":[{"href":"https:\/\/www.photojosebueno.com\/index.php?rest_route=\/wp\/v2\/types\/page"}],"author":[{"embeddable":true,"href":"https:\/\/www.photojosebueno.com\/index.php?rest_route=\/wp\/v2\/users\/1"}],"replies":[{"embeddable":true,"href":"https:\/\/www.photojosebueno.com\/index.php?rest_route=%2Fwp%2Fv2%2Fcomments&post=1784"}],"version-history":[{"count":3,"href":"https:\/\/www.photojosebueno.com\/index.php?rest_route=\/wp\/v2\/pages\/1784\/revisions"}],"predecessor-version":[{"id":1787,"href":"https:\/\/www.photojosebueno.com\/index.php?rest_route=\/wp\/v2\/pages\/1784\/revisions\/1787"}],"wp:attachment":[{"href":"https:\/\/www.photojosebueno.com\/index.php?rest_route=%2Fwp%2Fv2%2Fmedia&parent=1784"}],"curies":[{"name":"wp","href":"https:\/\/api.w.org\/{rel}","templated":true}]}}