{"id":1778,"date":"2017-04-10T13:13:19","date_gmt":"2017-04-10T11:13:19","guid":{"rendered":"http:\/\/www.photojosebueno.com\/?page_id=1778"},"modified":"2017-04-10T13:13:19","modified_gmt":"2017-04-10T11:13:19","slug":"a-vueltas-con-los-fondos","status":"publish","type":"page","link":"https:\/\/www.photojosebueno.com\/?page_id=1778","title":{"rendered":"A VUELTAS CON LOS FONDOS"},"content":{"rendered":"<div id=\"attachment_987\" style=\"width: 922px\" class=\"wp-caption aligncenter\"><img loading=\"lazy\" decoding=\"async\" aria-describedby=\"caption-attachment-987\" class=\"wp-image-987 size-full\" src=\"http:\/\/photojosebueno.com\/wp-content\/uploads\/2014\/03\/JBM3991.jpg\" alt=\"Le Mans Classic - Circuito de Le Mans Nikon D700 - Nikkor 300mm. - 1\/125s - f:16 - ISO 200\" width=\"912\" height=\"467\" srcset=\"https:\/\/photojosebueno.com\/wp-content\/uploads\/2014\/03\/JBM3991.jpg 912w, https:\/\/photojosebueno.com\/wp-content\/uploads\/2014\/03\/JBM3991-300x153.jpg 300w, https:\/\/photojosebueno.com\/wp-content\/uploads\/2014\/03\/JBM3991-500x256.jpg 500w\" sizes=\"auto, (max-width: 912px) 100vw, 912px\" \/><p id=\"caption-attachment-987\" class=\"wp-caption-text\">Le Mans Classic &#8211; Circuito de Le Mans<br \/> Nikon D700 &#8211; Nikkor 300mm. &#8211; 1\/125s &#8211; f:16 &#8211; ISO 200<\/p><\/div>\n<p style=\"text-align: justify;\">Aqu\u00ed estamos de nuevo a vueltas con los fondos. Alguno se puede preguntar porque tanto inter\u00e9s en los fondos pero te aseguro que muchas fotos pierden inter\u00e9s por culpa de un fondo mal planificado.<\/p>\n<p style=\"text-align: justify;\">En la anterior entrada ya dedique como se puede evitar de una manera sencilla que los fondos de un zool\u00f3gico no arruinasen nuestros retratos de esas bellezas que forman parte de nuestro planeta tierra. Ah! y enhorabuena a todos los que detectaron que los tigres no son del Serengueti pues efectivamente la gran mayor\u00eda de esa hermosa especie es original de la India, pero como ya expliqu\u00e9 eso solo era un reclamo para recodar la importancia de los fondos en nuestras fotos.<\/p>\n<p style=\"text-align: justify;\">Hoy para variar nos iremos a distintos circuitos europeos y vuelvo a plantear un reto en este caso dirigido a los expertos en el mundo del autom\u00f3vil aprovechando que comienza el nuevo campeonato de F1.<\/p>\n<p style=\"text-align: justify;\">El reto es bien sencillo, \u00bfqui\u00e9n sabe decirme en qu\u00e9 circuito se tom\u00f3 las imagen con la que hemos comenzado esta entrada sin leer el pi\u00e9 de foto? Es posible que la pegatina te d\u00e9 alguna pista pero ojo puede ser una pegatina antigua de otra prueba.<\/p>\n<p style=\"text-align: justify;\">Tranquilo que dar\u00e9 otra pista. Esta vez de un coche en el entrado en el pit line. Es posible que este cartel te suene m\u00e1s.<\/p>\n<div id=\"attachment_989\" style=\"width: 1210px\" class=\"wp-caption aligncenter\"><img loading=\"lazy\" decoding=\"async\" aria-describedby=\"caption-attachment-989\" class=\"wp-image-989 size-full\" src=\"http:\/\/photojosebueno.com\/wp-content\/uploads\/2014\/03\/JBM8874.jpg\" alt=\"Le Mans Classic - Pit Line Nikon D300S - Nikkor 24-70mm - f: 2.8 - 1\/3200s - ISO 800\" width=\"1200\" height=\"797\" srcset=\"https:\/\/photojosebueno.com\/wp-content\/uploads\/2014\/03\/JBM8874.jpg 1200w, https:\/\/photojosebueno.com\/wp-content\/uploads\/2014\/03\/JBM8874-300x199.jpg 300w, https:\/\/photojosebueno.com\/wp-content\/uploads\/2014\/03\/JBM8874-1024x680.jpg 1024w, https:\/\/photojosebueno.com\/wp-content\/uploads\/2014\/03\/JBM8874-451x300.jpg 451w\" sizes=\"auto, (max-width: 1200px) 100vw, 1200px\" \/><p id=\"caption-attachment-989\" class=\"wp-caption-text\">Le Mans Classic &#8211; Pit Line<br \/> Nikon D300S &#8211; Nikkor 24-70mm &#8211; f: 2.8 &#8211; 1\/3200s &#8211; ISO 800<\/p><\/div>\n<p style=\"text-align: justify;\">Que todav\u00eda no sabes qu\u00e9 circuito es, pues ah\u00ed va la pista definitiva:<\/p>\n<div id=\"attachment_990\" style=\"width: 1210px\" class=\"wp-caption aligncenter\"><img loading=\"lazy\" decoding=\"async\" aria-describedby=\"caption-attachment-990\" class=\"wp-image-990 size-full\" src=\"http:\/\/photojosebueno.com\/wp-content\/uploads\/2014\/03\/JBM8392.jpg\" alt=\"Nikon D300S - Carl Zeiss 25mm - f:5.6 - 1\/500s - ISO 200\" width=\"1200\" height=\"662\" srcset=\"https:\/\/photojosebueno.com\/wp-content\/uploads\/2014\/03\/JBM8392.jpg 1200w, https:\/\/photojosebueno.com\/wp-content\/uploads\/2014\/03\/JBM8392-300x165.jpg 300w, https:\/\/photojosebueno.com\/wp-content\/uploads\/2014\/03\/JBM8392-1024x564.jpg 1024w, https:\/\/photojosebueno.com\/wp-content\/uploads\/2014\/03\/JBM8392-500x275.jpg 500w\" sizes=\"auto, (max-width: 1200px) 100vw, 1200px\" \/><p id=\"caption-attachment-990\" class=\"wp-caption-text\">Nikon D300S &#8211; Carl Zeiss 25mm &#8211; f:5.6 &#8211; 1\/500s &#8211; ISO 200<\/p><\/div>\n<p style=\"text-align: justify;\">Efectivamente es el circuito de Le Mans, un m\u00edtico circuito en el que entre otros se celebran las 24 Horas de Le Mans y Le Mans Cassic, un circuito en el que todo el mundo que le gusta el mundo del motor conoce perfectamente el famoso puente Dunlop.<\/p>\n<p style=\"text-align: justify;\">Con este ejercicio tan solo quiero transmitir que a la hora de hacer un trabajo de reportaje para una revista del motor, los lectores le encanta ver im\u00e1genes de coches en barrido, tambi\u00e9n aprecian los primeros planos y por supuesto que les enamora ver el marco donde se celebra la prueba y ese marco suele ser el fondo que identifica el lugar.<\/p>\n<p style=\"text-align: justify;\">En mi opini\u00f3n un buen reportaje debe ser capaz de relatar y transmitir al lector todo el ambiente que el reportero vive de primera mano y eso puede ser a trav\u00e9s de la pluma del escritor pero fundamentalmente es el fot\u00f3grafo el que mayor protagonismo tiene que tener en el art\u00edculo y eso se traduce en responsabilidad.<\/p>\n<p style=\"text-align: justify;\">Pero sigamos con el reto y pongamos alguna imagen m\u00e1s para ver que tal andamos de cultura automovil\u00edstica:<\/p>\n<p style=\"text-align: justify;\">Nos vamos a la F1 cl\u00e1sica, un formato de que he disfrutado en distintos circuitos europeos por lo que as\u00ed de primeras no resulta f\u00e1cil averiguar donde estaba este:<\/p>\n<div id=\"attachment_991\" style=\"width: 1210px\" class=\"wp-caption aligncenter\"><img loading=\"lazy\" decoding=\"async\" aria-describedby=\"caption-attachment-991\" class=\"wp-image-991 size-full\" src=\"http:\/\/photojosebueno.com\/wp-content\/uploads\/2014\/03\/JBM_1566.jpg\" alt=\"Old Timer Grand Prix - F1 Classic . Circuito N\u00fcrburgring Nikon D4 - Nikkor 70-200mm. - f:3.5 - 1\/320s - ISO 200\" width=\"1200\" height=\"533\" srcset=\"https:\/\/photojosebueno.com\/wp-content\/uploads\/2014\/03\/JBM_1566.jpg 1200w, https:\/\/photojosebueno.com\/wp-content\/uploads\/2014\/03\/JBM_1566-300x133.jpg 300w, https:\/\/photojosebueno.com\/wp-content\/uploads\/2014\/03\/JBM_1566-1024x454.jpg 1024w, https:\/\/photojosebueno.com\/wp-content\/uploads\/2014\/03\/JBM_1566-500x222.jpg 500w\" sizes=\"auto, (max-width: 1200px) 100vw, 1200px\" \/><p id=\"caption-attachment-991\" class=\"wp-caption-text\">Old Timer Grand Prix &#8211; F1 Classic . Circuito N\u00fcrburgring<br \/> Nikon D4 &#8211; Nikkor 70-200mm. &#8211; f:3.5 &#8211; 1\/320s &#8211; ISO 200<\/p><\/div>\n<p style=\"text-align: justify;\">Ya s\u00e9 que muchos circuitos se distinguen por su colorido caracter\u00edstico de los pianos y es por ello que en este caso he puesto una foto en blanco y negro.<\/p>\n<p style=\"text-align: justify;\">Est\u00e1 bien, ser\u00e9 m\u00e1s generoso con una foto en color y con m\u00e1s informaci\u00f3n, pianos, algo de fondo, &#8230;<\/p>\n<div id=\"attachment_998\" style=\"width: 1210px\" class=\"wp-caption aligncenter\"><img loading=\"lazy\" decoding=\"async\" aria-describedby=\"caption-attachment-998\" class=\"wp-image-998 size-full\" src=\"http:\/\/photojosebueno.com\/wp-content\/uploads\/2014\/03\/JBM5994.jpg\" alt=\"Old Timer Grand Prix - F1 Classic . Circuito N\u00fcrburgring Nikon D4 - Nikkor 70-200mm. - f:8.0 - 1\/640s - ISO 200\" width=\"1200\" height=\"745\" srcset=\"https:\/\/photojosebueno.com\/wp-content\/uploads\/2014\/03\/JBM5994.jpg 1200w, https:\/\/photojosebueno.com\/wp-content\/uploads\/2014\/03\/JBM5994-300x186.jpg 300w, https:\/\/photojosebueno.com\/wp-content\/uploads\/2014\/03\/JBM5994-1024x635.jpg 1024w, https:\/\/photojosebueno.com\/wp-content\/uploads\/2014\/03\/JBM5994-483x300.jpg 483w\" sizes=\"auto, (max-width: 1200px) 100vw, 1200px\" \/><p id=\"caption-attachment-998\" class=\"wp-caption-text\">Old Timer Grand Prix &#8211; F1 Classic . Circuito N\u00fcrburgring<br \/> Nikon D4 &#8211; Nikkor 70-200mm. &#8211; f:8.0 &#8211; 1\/640s &#8211; ISO 200<\/p><\/div>\n<p style=\"text-align: justify;\">\u00a0Mucho mejor no? pero es posible que tengamos dudas.\u00a0\u00a0Pero estoy convencido que viendo la siguiente imagen vas a conocer perfectamente el sitio y no precisamente por el color de sus pianos.<\/p>\n<div id=\"attachment_992\" style=\"width: 1210px\" class=\"wp-caption aligncenter\"><img loading=\"lazy\" decoding=\"async\" aria-describedby=\"caption-attachment-992\" class=\"wp-image-992 size-full\" src=\"http:\/\/photojosebueno.com\/wp-content\/uploads\/2014\/03\/JBM_1499.jpg\" alt=\"Old Timer Grand Prix - F1 Classic . Circuito N\u00fcrburgring Nikon D4 - Nikkor 24-70mm. - f:3.5 - 1\/1250s - ISO 200\" width=\"1200\" height=\"568\" srcset=\"https:\/\/photojosebueno.com\/wp-content\/uploads\/2014\/03\/JBM_1499.jpg 1200w, https:\/\/photojosebueno.com\/wp-content\/uploads\/2014\/03\/JBM_1499-300x142.jpg 300w, https:\/\/photojosebueno.com\/wp-content\/uploads\/2014\/03\/JBM_1499-1024x484.jpg 1024w, https:\/\/photojosebueno.com\/wp-content\/uploads\/2014\/03\/JBM_1499-500x236.jpg 500w\" sizes=\"auto, (max-width: 1200px) 100vw, 1200px\" \/><p id=\"caption-attachment-992\" class=\"wp-caption-text\">Old Timer Grand Prix &#8211; F1 Classic . Circuito N\u00fcrburgring<br \/> Nikon D4 &#8211; Nikkor 24-70mm. &#8211; f:3.5 &#8211; 1\/1250s &#8211; ISO 200<\/p><\/div>\n<p style=\"text-align: justify;\">Enhorabuena, efectivamente es N\u00fcrburgring en su trazado moderno, justo al final de recta aparece esa tribuna con esa forma tan caracter\u00edstica.<\/p>\n<div id=\"attachment_993\" style=\"width: 809px\" class=\"wp-caption aligncenter\"><img loading=\"lazy\" decoding=\"async\" aria-describedby=\"caption-attachment-993\" class=\"  wp-image-993\" src=\"http:\/\/www.photojosebueno.com\/blog\/wp-content\/uploads\/2014\/03\/JBM5514.jpg\" alt=\"Nikon D700 - Nikkor 70-200 - f:11 - 1\/640s - ISO 400\" width=\"799\" height=\"1200\" srcset=\"https:\/\/photojosebueno.com\/wp-content\/uploads\/2014\/03\/JBM5514.jpg 799w, https:\/\/photojosebueno.com\/wp-content\/uploads\/2014\/03\/JBM5514-199x300.jpg 199w, https:\/\/photojosebueno.com\/wp-content\/uploads\/2014\/03\/JBM5514-681x1024.jpg 681w\" sizes=\"auto, (max-width: 799px) 100vw, 799px\" \/><p id=\"caption-attachment-993\" class=\"wp-caption-text\">Old Timer Grand Prix &#8211; Circuito de N\u00fcrburgring &#8211; Nordschleife<br \/> Nikon D700 &#8211; Nikkor 70-200 &#8211; f:11 &#8211; 1\/640s &#8211; ISO 400<\/p><\/div>\n<p style=\"text-align: justify;\">Tambi\u00e9n el trazado viejo, conocido como la Nordschleife o el Gr\u00fcne H\u00f6lle (infierno verde) es f\u00e1cil de identificar por las pintadas caracter\u00edsticas en gran parte de su largo recorrido, nada menos que 20,8 km. Por cierto desde aqu\u00ed apoyamos su SAVE THE RING.<\/p>\n<p style=\"text-align: justify;\">Tambi\u00e9n conviene tomar esas im\u00e1genes que reflejan lo que est\u00e1 alrededor de este mundo. Me refiero a esos momentos de cansancio, de relax, &#8230;<\/p>\n<p style=\"text-align: justify;\"><img loading=\"lazy\" decoding=\"async\" class=\"aligncenter wp-image-999 size-full\" src=\"http:\/\/photojosebueno.com\/wp-content\/uploads\/2014\/03\/JBM2441.jpg\" alt=\"_JBM2441\" width=\"1200\" height=\"815\" srcset=\"https:\/\/photojosebueno.com\/wp-content\/uploads\/2014\/03\/JBM2441.jpg 1200w, https:\/\/photojosebueno.com\/wp-content\/uploads\/2014\/03\/JBM2441-300x203.jpg 300w, https:\/\/photojosebueno.com\/wp-content\/uploads\/2014\/03\/JBM2441-1024x695.jpg 1024w, https:\/\/photojosebueno.com\/wp-content\/uploads\/2014\/03\/JBM2441-441x300.jpg 441w\" sizes=\"auto, (max-width: 1200px) 100vw, 1200px\" \/><\/p>\n<p style=\"text-align: justify;\">Espero que esta entrada te haya aportado algo de c\u00f3mo planificar un reportaje en circuitos. No olvides utilizar desenfoques barridos y todo aquello que al espectador de tus fotos le haga vivir esos momentos y tranquilo pues si no dominas la t\u00e9cnica de los barridos no desesperes pues dedicar\u00e9 una entrada dedicada solo a ese tema.<\/p>\n<p style=\"text-align: justify;\"><strong><span style=\"color: #cc99ff;\">Again with the funds<\/span><\/strong><\/p>\n<p style=\"text-align: justify;\"><span style=\"color: #cc99ff;\">Here we are again returns to the funds . Some may ask why so much interest in the funds but I assure you many pictures lose interest because of a poorly planned background.<\/span><\/p>\n<p style=\"text-align: justify;\"><span style=\"color: #cc99ff;\">In the previous post and you can spend as a simple way to prevent the funds from a zoo not ruin our pictures of these beauties as part of our planet earth. Ah ! and congratulations to all who found that tigers are not actually Serengeti because the vast majority of this beautiful species is native to India, but as I said that was just a teaser for recoder the importance of the funds in our photos.<\/span><\/p>\n<p style=\"text-align: justify;\"><span style=\"color: #cc99ff;\">Today we &#8216;re going to vary at different European circuits and I again we pose a challenge in this case aimed at experts in the automotive world taking advantage starting the new F1 championship.<\/span><\/p>\n<p style=\"text-align: justify;\"><span style=\"color: #cc99ff;\">The challenge is simple , who can tell me what circuit the image with which we started this post without reading the foot picture was taken? Sticker may give you some clue but eye may be an old bumper another test.<\/span><\/p>\n<p style=\"text-align: justify;\"><span style=\"color: #cc99ff;\">Quiet you give another clue. This time the car entered the pit line . It may sound like this poster more.<\/span><\/p>\n<p style=\"text-align: justify;\"><span style=\"color: #cc99ff;\">Not yet know which circuit is then there goes the final track :<\/span><\/p>\n<p style=\"text-align: justify;\"><span style=\"color: #cc99ff;\">Indeed it is the circuit of Le Mans, a mythical circuit where among others the 24 Hours of Le Mans and Le Mans Cassic , a circuit that everyone likes motorsport perfectly knows the famous Dunlop bridge held.<\/span><\/p>\n<p style=\"text-align: justify;\"><span style=\"color: #cc99ff;\">This exercise just want to convey that the time for a job interview for a magazine motor , readers love to see pictures of cars in scanning also appreciate the close-ups and of course love them to see the frame where test and held that framework is usually the background that identifies the place.<\/span><\/p>\n<p style=\"text-align: justify;\"><span style=\"color: #cc99ff;\">In my opinion a good story should be able to relate and convey to the reader the whole atmosphere that the reporter lives first hand , and that can be through the pen of the writer but fundamentally is the photographer who needs to have a greater role in the article and that means responsibility.<\/span><\/p>\n<p style=\"text-align: justify;\"><span style=\"color: #cc99ff;\">But about the challenge and put over an image to see that such a walk of car culture :<\/span><br \/>\n<span style=\"color: #cc99ff;\">We go to the classic F1 , a format that I have enjoyed in various European circuits so well for easy first we find out where this was :<\/span><\/p>\n<p style=\"text-align: justify;\"><span style=\"color: #cc99ff;\">I know that many circuits are distinguished by their color characteristic of pianos and that is why I put a picture in black and white in this case.<\/span><\/p>\n<p style=\"text-align: justify;\"><span style=\"color: #cc99ff;\">Okay, I will be more generous with a color photo and more information, pianos, some background &#8230;<\/span><\/p>\n<p style=\"text-align: justify;\"><span style=\"color: #cc99ff;\">Much better no? but we may have doubts. But I am convinced that seeing the next picture going to be fully aware of the site and not by the color of their pianos.<\/span><\/p>\n<p style=\"text-align: justify;\"><span style=\"color: #cc99ff;\">But I am now convinced that seeing the next picture I &#8216;ll perfectly know the site and not by the color of their pianos.<\/span><\/p>\n<p style=\"text-align: justify;\"><span style=\"color: #cc99ff;\">Congratulations N\u00fcrburgring is actually in its modern layout , just down straight rostrum appears that such a characteristic shape.<\/span><\/p>\n<p style=\"text-align: justify;\"><span style=\"color: #cc99ff;\">Also the old path , known as the Nordschleife Gr\u00fcne H\u00f6lle or ( Green Hell ) is easily identified by the painted features much of its long journey , no less than 20.8 km. By the way from here support their SAVE THE RING .<\/span><\/p>\n<p><span style=\"color: #cc99ff;\">Should also take those images that reflect what&#8217;s around the world. I refer to those moments of fatigue, relax, &#8230;<\/span><\/p>\n<p><span style=\"color: #cc99ff;\">I hope this post has provided you some reportage on how to plan a circuit . Remember to use sweeps everything blurs and the viewer of your photos you do live those moments and quiet because if you do not master the art of the scans do not despair because dedicate an entry devoted solely to that topic.<\/span><\/p>\n","protected":false},"excerpt":{"rendered":"<p>Aqu\u00ed estamos de nuevo a vueltas con los fondos. Alguno se puede preguntar porque tanto inter\u00e9s en los fondos pero te aseguro que muchas fotos pierden inter\u00e9s por culpa de un fondo mal planificado. En la anterior entrada ya dedique como se puede evitar de una manera sencilla que los fondos de un zool\u00f3gico no [&hellip;]<\/p>\n","protected":false},"author":1,"featured_media":0,"parent":0,"menu_order":0,"comment_status":"closed","ping_status":"closed","template":"","meta":{"footnotes":""},"class_list":["post-1778","page","type-page","status-publish","hentry"],"_links":{"self":[{"href":"https:\/\/www.photojosebueno.com\/index.php?rest_route=\/wp\/v2\/pages\/1778","targetHints":{"allow":["GET"]}}],"collection":[{"href":"https:\/\/www.photojosebueno.com\/index.php?rest_route=\/wp\/v2\/pages"}],"about":[{"href":"https:\/\/www.photojosebueno.com\/index.php?rest_route=\/wp\/v2\/types\/page"}],"author":[{"embeddable":true,"href":"https:\/\/www.photojosebueno.com\/index.php?rest_route=\/wp\/v2\/users\/1"}],"replies":[{"embeddable":true,"href":"https:\/\/www.photojosebueno.com\/index.php?rest_route=%2Fwp%2Fv2%2Fcomments&post=1778"}],"version-history":[{"count":1,"href":"https:\/\/www.photojosebueno.com\/index.php?rest_route=\/wp\/v2\/pages\/1778\/revisions"}],"predecessor-version":[{"id":1780,"href":"https:\/\/www.photojosebueno.com\/index.php?rest_route=\/wp\/v2\/pages\/1778\/revisions\/1780"}],"wp:attachment":[{"href":"https:\/\/www.photojosebueno.com\/index.php?rest_route=%2Fwp%2Fv2%2Fmedia&parent=1778"}],"curies":[{"name":"wp","href":"https:\/\/api.w.org\/{rel}","templated":true}]}}