{"id":1759,"date":"2017-04-09T18:52:04","date_gmt":"2017-04-09T16:52:04","guid":{"rendered":"http:\/\/www.photojosebueno.com\/?page_id=1759"},"modified":"2017-04-09T19:00:33","modified_gmt":"2017-04-09T17:00:33","slug":"nos-montamos-un-trio-nikon-leica-y-sony","status":"publish","type":"page","link":"https:\/\/www.photojosebueno.com\/?page_id=1759","title":{"rendered":"NOS MONTAMOS UN TRIO? \u2026 NIKON, LEICA Y SONY"},"content":{"rendered":"<div id=\"attachment_1048\" style=\"width: 1667px\" class=\"wp-caption aligncenter\"><img loading=\"lazy\" decoding=\"async\" aria-describedby=\"caption-attachment-1048\" class=\"wp-image-1048 size-full\" src=\"http:\/\/photojosebueno.com\/wp-content\/uploads\/2014\/06\/DSC01567.jpg\" alt=\"Sony A7R - Leica R Summicron 90mm - Flash Nikon SB900 - Metabones - F:2.8 - 1\/60s - ISO 200 \" width=\"1657\" height=\"1125\" srcset=\"https:\/\/photojosebueno.com\/wp-content\/uploads\/2014\/06\/DSC01567.jpg 1657w, https:\/\/photojosebueno.com\/wp-content\/uploads\/2014\/06\/DSC01567-300x203.jpg 300w, https:\/\/photojosebueno.com\/wp-content\/uploads\/2014\/06\/DSC01567-1024x695.jpg 1024w, https:\/\/photojosebueno.com\/wp-content\/uploads\/2014\/06\/DSC01567-441x300.jpg 441w\" sizes=\"auto, (max-width: 1657px) 100vw, 1657px\" \/><p id=\"caption-attachment-1048\" class=\"wp-caption-text\">Sony A7R &#8211; Leica R Summicron 90mm &#8211; Flash Nikon SB900 &#8211; Metabones &#8211; F:2.8 &#8211; 1\/60s &#8211; ISO 200<\/p><\/div>\n<p style=\"text-align: justify;\">Se que este titular puede llevar a error a m\u00e1s de uno pero tranquilos que esa reuni\u00f3n de momento no existe aunque si se pueden dar d\u00edas muy rom\u00e1nticos si juntamos a estas marcas.<\/p>\n<p style=\"text-align: justify;\">Me explico, hace tiempo que hab\u00eda coincidido con un amigo que llevaba en su Nikon F3 un objetivo Leica Summicron de 50mm de focal. Pues bien, a la vista esa combinaci\u00f3n de equipo era \u201cpreciosa\u201d, que conste que lo pongo entrecomillado pues seguro que m\u00e1s de uno pensar\u00e1 que esa forma de ver un equipo de fotograf\u00eda como precioso cuando menos es friki pero no me importa pues reconozco sin complejos que me encantan las c\u00e1maras que usan carrete y tengo idealizadas algunas marcas que en alg\u00fan momento no me pude permitir.<\/p>\n<p style=\"text-align: justify;\">Pero prosigamos, en concreto esa combinaci\u00f3n de un cuerpo Nikon F3, y una \u00f3ptica Leica R provoc\u00f3 en mi mente un aut\u00e9ntico subid\u00f3n recordando mi Nikon F3 HP y le pregunt\u00e9 a mi amigo como hab\u00eda conseguido hacer esa combinaci\u00f3n pues como todos sabemos, cada fabricante tiene su propia bayoneta para sus equipos.<\/p>\n<div id=\"attachment_1049\" style=\"width: 1610px\" class=\"wp-caption aligncenter\"><img loading=\"lazy\" decoding=\"async\" aria-describedby=\"caption-attachment-1049\" class=\"wp-image-1049 size-full\" src=\"http:\/\/photojosebueno.com\/wp-content\/uploads\/2014\/06\/JBM_1502.jpg\" alt=\"JBM_1502\" width=\"1600\" height=\"924\" srcset=\"https:\/\/photojosebueno.com\/wp-content\/uploads\/2014\/06\/JBM_1502.jpg 1600w, https:\/\/photojosebueno.com\/wp-content\/uploads\/2014\/06\/JBM_1502-300x173.jpg 300w, https:\/\/photojosebueno.com\/wp-content\/uploads\/2014\/06\/JBM_1502-1024x591.jpg 1024w, https:\/\/photojosebueno.com\/wp-content\/uploads\/2014\/06\/JBM_1502-500x288.jpg 500w\" sizes=\"auto, (max-width: 1600px) 100vw, 1600px\" \/><p id=\"caption-attachment-1049\" class=\"wp-caption-text\">Nikon D4 &#8211; Leica R Elmarit 180mm. &#8211; f:2.8 &#8211; 1\/500 &#8211; ISO 400<\/p><\/div>\n<p style=\"text-align: justify;\">Me habl\u00f3 que era tan sencillo como cambiar una parte de la bayoneta, quitando unas piezas del objetivo Leica R y sustituy\u00e9ndolo por otro. Sinceramente en esos momentos no me pareci\u00f3 que esa transformaci\u00f3n resultase tan f\u00e1cil de realizar. Al poco tiempo veo que otro amigo vend\u00eda un teleobjetivo Elmarit 180 mm. Por cierto esa focal con esa apertura la tuve de la marca Nikon y adem\u00e1s con AF, que desgraciadamente tuve que vender y much\u00edsimas veces me he arrepentido de ello pero cuando ves que en varios viajes son otros los elegidos la decisi\u00f3n que no se puede tener todo creo que es correcta.<\/p>\n<p style=\"text-align: justify;\">Quiz\u00e1s un poco por nostalgia hacia ese 180mm. Nikkor que utilizaba poco pero que me dio grandes resultados y sobre todo las ganas de probar una \u00f3ptica Leica R en mis c\u00e1maras Nikon, tanto anal\u00f3gicas como digitales.<\/p>\n<div id=\"attachment_1051\" style=\"width: 1041px\" class=\"wp-caption aligncenter\"><img loading=\"lazy\" decoding=\"async\" aria-describedby=\"caption-attachment-1051\" class=\"wp-image-1051 size-full\" src=\"http:\/\/photojosebueno.com\/wp-content\/uploads\/2014\/06\/JBM_6909_01.jpg\" alt=\"Nikon D4 - Leica R Elamrit 180mm. - f:2.8 - 1\/1000s ISO 200\" width=\"1031\" height=\"709\" srcset=\"https:\/\/photojosebueno.com\/wp-content\/uploads\/2014\/06\/JBM_6909_01.jpg 1031w, https:\/\/photojosebueno.com\/wp-content\/uploads\/2014\/06\/JBM_6909_01-300x206.jpg 300w, https:\/\/photojosebueno.com\/wp-content\/uploads\/2014\/06\/JBM_6909_01-1024x704.jpg 1024w, https:\/\/photojosebueno.com\/wp-content\/uploads\/2014\/06\/JBM_6909_01-436x300.jpg 436w\" sizes=\"auto, (max-width: 1031px) 100vw, 1031px\" \/><p id=\"caption-attachment-1051\" class=\"wp-caption-text\">Nikon D4 &#8211; Leica R Elmarit 180mm. &#8211; f:2.8 &#8211; 1\/1000s ISO 200<\/p><\/div>\n<p style=\"text-align: justify;\">Pues al l\u00edo, compr\u00e9 el Leica Elmarit R 180mm. f:2.8 y me puse en contacto con David de Leitax, un empresario muy amable que comercializa entre otros, bayonetas para adaptar objetivos a otras marcas para los que fueron fabricados.<\/p>\n<p style=\"text-align: justify;\">Ya con el adaptador y siguiendo las instrucciones que tiene\u00a0<a title=\"Enlace Leitax\" href=\"http:\/\/www.leitax.com\" target=\"_blank\">Leitax<\/a>\u00a0en su p\u00e1gina web no me result\u00f3 tan complicado hacer el cambio, eso si con mucha calma y paciencia.<\/p>\n<p style=\"text-align: justify;\">En cuanto pude puse el objetivo en la Nikon D700 pues aunque no deb\u00eda tener problemas, si pasaba algo dentro de lo malo era mejor soluci\u00f3n que se atascase en la Nikon D4.<\/p>\n<p><img loading=\"lazy\" decoding=\"async\" class=\"aligncenter\" src=\"http:\/\/photojosebueno.com\/wp-content\/uploads\/2014\/06\/JBM_6775.jpg\" alt=\"Nikon D4 - Leica R Elmarit - Metabones - f:2.8 - 1\/3200s - ISO 200 \" width=\"1657\" height=\"1122\" \/><\/p>\n<p style=\"text-align: justify;\">Recuerdo que las primeras sensaciones fueron m\u00e1s que agradables. El objetivo se ajustaba a la c\u00e1mara con la misma precisi\u00f3n que las \u00f3pticas originales. Es cierto que el Leica Elmarit R 180mm. es muy pesado y es por eso que viene con el sistema para sujetarlo a un tr\u00edpode o monopi\u00e9. El enfoque es manual y adem\u00e1s cuando cierras diafragmas cuesta enfocar y deja de funcionar hasta la confirmaci\u00f3n de enfoque pero qui\u00e9n se compra un f:2,8 para trabajar a f:16, bueno esto es una peque\u00f1a broma pero es cierto que el potencial de esta \u00f3ptica esta en aperturas grandes.<\/p>\n<p style=\"text-align: justify;\">Evidentemente solo debes trabajar en los modos (A) apertura o (M) manual pues los modos (S) velocidad o (P) autom\u00e1tico los cuerpos no son capaces de manejar el diafragma. En mi caso casi siempre suelo trabajar en apertura y en estudio en manual. Tan solo suelo utilizar velocidad para hacer barridos o algo especial. Si quieres hacer barridos y necesitas una velocidad de por ejemplo 1\/125s, siempre puedes poner un diafragma que le venga bien a la luz y velocidad de ese momento y para afinar en la exposici\u00f3n poner el ISO en autom\u00e1tico.<\/p>\n<p style=\"text-align: justify;\">Para terminar con lo negativo tampoco se graba en los datos exif el diafragma que utilizaste, eso si, el resto de datos si que se quedan grabados.<\/p>\n<p style=\"text-align: justify;\">Con todo lo comentado alguna ventaja tendremos pues si no vaya tonter\u00eda hacer esa adaptaci\u00f3n por nostalgia o est\u00e9tica. Efectivamente esas desventajas se olvidan cuando pasas las im\u00e1genes a un ordenador y ves los resultados. Su calidad a f:2.8 y su color me gusta mucho m\u00e1s que el Nikkor f2.8. Es un objetivo que cada vez que lo utilizo disfruto much\u00edsimo aunque sufra en el enfoque, especialmente con protagonistas que se mueven como un coche o un perrito.<\/p>\n<div id=\"attachment_1053\" style=\"width: 1210px\" class=\"wp-caption aligncenter\"><img loading=\"lazy\" decoding=\"async\" aria-describedby=\"caption-attachment-1053\" class=\"wp-image-1053 size-full\" src=\"http:\/\/photojosebueno.com\/wp-content\/uploads\/2014\/06\/Terebn.jpg\" alt=\"Sony A7R - Leica R Summicron 90mm. - f:2.8 - 1\/400s - ISO 100\" width=\"1200\" height=\"801\" srcset=\"https:\/\/photojosebueno.com\/wp-content\/uploads\/2014\/06\/Terebn.jpg 1200w, https:\/\/photojosebueno.com\/wp-content\/uploads\/2014\/06\/Terebn-300x200.jpg 300w, https:\/\/photojosebueno.com\/wp-content\/uploads\/2014\/06\/Terebn-1024x683.jpg 1024w, https:\/\/photojosebueno.com\/wp-content\/uploads\/2014\/06\/Terebn-449x300.jpg 449w\" sizes=\"auto, (max-width: 1200px) 100vw, 1200px\" \/><p id=\"caption-attachment-1053\" class=\"wp-caption-text\">Sony A7R &#8211; Leica R Summicron 90mm. &#8211; Metabones &#8211; f:2.8 &#8211; 1\/400s &#8211; ISO 100<\/p><\/div>\n<p style=\"text-align: justify;\">Despu\u00e9s del \u00e9xito obtenido, mi siguiente compra fue el Leica Summicron R 90mm f:2.0. Un objetivo que siempre me tuvo enamorado y que estoy disfrutando cada vez que lo utilizo. Es un Tele muy discreto que en la Nikon D4 funciona de maravilla. Por supuesto que salvo el peso, tiene las mismas ventajas e inconvenientes que el Leica Elmarit 180mm.<\/p>\n<p style=\"text-align: justify;\">Por el mismo precio, bueno un poco m\u00e1s ya que tuve que comprar el adaptador, esas \u00f3pticas y el resto de Nikkor, las puedo utilizar en la Sony A7R. Por varios motivos, me decid\u00ed a comprar el adaptador Metabones modelo Nikon G to Emount que permite utilizar los c\u00e1sicos Nikkor Ais, as\u00ed como los modernos Nikkor G ya que trae un sistema para poder manejar la apertura de diafragmas en \u00e9stos \u00faltimos. Su calidad es excelente ya que ajusta a la perfecci\u00f3n tanto en \u00f3pticas como en el cuerpo Sony. Adem\u00e1s tiene un detalle que deber\u00edan copiar otras marcas de prestigio y es que cuenta con una rosca para poder conectar el tr\u00edpode o monopi\u00e9 y as\u00ed evitar tensiones en la bayoneta del cuerpo de la c\u00e1mara.<\/p>\n<div id=\"attachment_1052\" style=\"width: 1221px\" class=\"wp-caption aligncenter\"><img loading=\"lazy\" decoding=\"async\" aria-describedby=\"caption-attachment-1052\" class=\"wp-image-1052 size-full\" src=\"http:\/\/photojosebueno.com\/wp-content\/uploads\/2014\/06\/Nokia.jpg\" alt=\"Sony A7R - Leica Elmarit 180mm. - f:2.8 - 1\/1000\/s - ISO 100\" width=\"1211\" height=\"812\" srcset=\"https:\/\/photojosebueno.com\/wp-content\/uploads\/2014\/06\/Nokia.jpg 1211w, https:\/\/photojosebueno.com\/wp-content\/uploads\/2014\/06\/Nokia-300x201.jpg 300w, https:\/\/photojosebueno.com\/wp-content\/uploads\/2014\/06\/Nokia-1024x686.jpg 1024w, https:\/\/photojosebueno.com\/wp-content\/uploads\/2014\/06\/Nokia-447x300.jpg 447w\" sizes=\"auto, (max-width: 1211px) 100vw, 1211px\" \/><p id=\"caption-attachment-1052\" class=\"wp-caption-text\">Sony A7R &#8211; Leica Elmarit 180mm. &#8211; Metabones &#8211; f:2.8 &#8211; 1\/1000\/s &#8211; ISO 100<\/p><\/div>\n<p style=\"text-align: justify;\">Con la Sony A7R las \u00f3pticas Leica R que tengo funcionan a la perfecci\u00f3n y rinden de maravilla a los exigentes 36Mb del sensor de esta c\u00e1mara. Los pros y contras son los mismos que en Nikon aunque el enfoque me resulta m\u00e1s sencillo con el sistema Phocus Peaking.<\/p>\n<p style=\"text-align: justify;\">Otra ventaja importante de ambas \u00f3pticas Leica es que se pueden utilizar tanto en cuerpor Nikon como Sony A7R con duplicadores Nikkor TC antiguos como modernos cosa que al menos \u00e9stos \u00faltimos no es posible en muchas \u00f3pticas Nikkor. Tambi\u00e9n podemos utilizar los fuelles para macrofotograf\u00eda o los anillos de extensi\u00f3n. Vamos que es un chollo.<\/p>\n<p style=\"text-align: justify;\"><img loading=\"lazy\" decoding=\"async\" class=\"aligncenter wp-image-1057 size-full\" src=\"http:\/\/photojosebueno.com\/wp-content\/uploads\/2014\/06\/DSC00439.jpg\" alt=\"DSC00439\" width=\"857\" height=\"603\" srcset=\"https:\/\/photojosebueno.com\/wp-content\/uploads\/2014\/06\/DSC00439.jpg 857w, https:\/\/photojosebueno.com\/wp-content\/uploads\/2014\/06\/DSC00439-300x211.jpg 300w, https:\/\/photojosebueno.com\/wp-content\/uploads\/2014\/06\/DSC00439-426x300.jpg 426w\" sizes=\"auto, (max-width: 857px) 100vw, 857px\" \/><\/p>\n<p style=\"text-align: justify;\">Despu\u00e9s de contar mi experiencia con este tr\u00edo de marcas, si alguien me preguntase si merece la pena, mi respuesta es que depende mucho del tipo de fotograf\u00eda que se vaya a realizar pero si es de acci\u00f3n prefiero las \u00f3pticas autofoco pero si es para algo m\u00e1s tranquilo, y con una calidad y color excepcional, no lo dudes, adem\u00e1s est\u00e1s \u00f3pticas est\u00e1n a precios m\u00e1s que asequibles.<\/p>\n<p style=\"text-align: justify;\">Por cierto ambos objetivos Leica son como alg\u00fan amig@, que gana mucho en las distancias cortas. Los resultados que se obtienen tanto en color como en blanco y negro independientemente del cuerpo que utilices te sorprender\u00e1n pues en mi opini\u00f3n es de lo mejor que he probado.<\/p>\n<p style=\"text-align: justify;\">.<\/p>\n<p style=\"text-align: justify;\"><strong><span style=\"color: #cc99ff;\">We rode a trio? &#8230; Nikon, Leica and Sony<\/span><\/strong><\/p>\n<p style=\"text-align: justify;\"><span style=\"color: #cc99ff;\">I know this headline is misleading to more than one but assured that the meeting time does not exist but if they can give very romantic days together if these brands.<\/span><\/p>\n<p style=\"text-align: justify;\"><span style=\"color: #cc99ff;\">I mean, I have long had met a friend who had in his Nikon F3 objective Leica Summicron 50mm focal. Well, given that combination of equipment was \u00abprecious\u00bb, stating that I put quotation marks for sure more than one will think that this way of seeing photography as a team at least is beautiful geek but I do not care because I recognize without complex that I love cameras using idealized reel and have some brands that at some point I could not afford.<\/span><\/p>\n<p style=\"text-align: justify;\"><span style=\"color: #cc99ff;\">But proceed, namely the combination of a Nikon F3 body and an optical Leica R sparked in my mind a real rush remembering my Nikon F3 HP and I asked my friend how she got to do that combination because as we all know, each manufacturer has his own bayonet for their teams.<\/span><\/p>\n<p style=\"text-align: justify;\"><span style=\"color: #cc99ff;\">He told me it was as simple as changing a part of the bayonet, removing some pieces Leica R lens and replacing it with another. Honestly at the time I did not think it proves that transformation so easy to make. Soon I see that another friend was selling a 180 mm telephoto Elmarit. Incidentally this focal with that opening the I-Nikon and also with AF, which unfortunately I had to sell and many times I have regretted it but when you see that in several trips are other elected the decision can not have everything I think that is correct.<\/span><\/p>\n<p style=\"text-align: justify;\"><span style=\"color: #cc99ff;\">Maybe a little nostalgia for the 180mm. Nikkor utilizing bit but it gave me great results and especially looking forward to trying an optical Leica R on my Nikon cameras, both analog and digital.<\/span><\/p>\n<p style=\"text-align: justify;\"><span style=\"color: #cc99ff;\">Well the mess, I bought the Leica Elmarit R 180mm. f: 2.8 and I got in touch with David Leitax, very friendly businessman who sells among other objectives bayonets to adapt other brands for which they were manufactured.<\/span><\/p>\n<p style=\"text-align: justify;\"><span style=\"color: #cc99ff;\">Unlike with the adapter and follow the instructions that have\u00a0<a title=\"enlace lLeitax\" href=\"http:\/\/www.leitax.com\" target=\"_blank\">Leitax<\/a>\u00a0on your website was so difficult to make the change, so if calmly and patiently.<\/span><\/p>\n<p style=\"text-align: justify;\"><span style=\"color: #cc99ff;\">As I could put the lens on the Nikon D700 for though should not have problems if something was wrong within best solution was to jam on the Nikon D4.<\/span><\/p>\n<p style=\"text-align: justify;\"><span style=\"color: #cc99ff;\">I remember the first sensations were more than welcome. The objective fitted the camera with the same precision as the original optics. True, the Leica Elmarit R 180mm. is very heavy and that&#8217;s why it comes with the system to attach it to a tripod or monopod. The focus is manual and also when you close diaphragms cost focus and stops working until the focus confirmation but who buys af 2.8 to work af: 16, well this is a little joke but it is true that the potential of this this large optical apertures.\u00a0<\/span><\/p>\n<p style=\"text-align: justify;\"><span style=\"color: #cc99ff;\">Obviously you should only work in modes (A) open or (M) Manual modes for (S) or speed (P) Automatic bodies are not able to handle the diaphragm. In my case I usually almost always work in opening and study manual. I usually just use speed to sweep or something special. If you want to do and you need a sweep speed of 1\/125s for example, you can always put a diaphragm that comes to light and good speed and then to refine the exposure automatically set the ISO.<\/span><\/p>\n<p style=\"text-align: justify;\"><span style=\"color: #cc99ff;\">To end the negative also not recorded in the exif data that you used the diaphragm, that if the rest of the data if they are recorded.<\/span><\/p>\n<p style=\"text-align: justify;\"><span style=\"color: #cc99ff;\">With everything commented some advantage because if we are not going to make that adaptation nonsense nostalgia or aesthetics. Indeed these disadvantages forget when you pass the images to a computer and see the results. Your af quality: 2.8 and a color I like much more than the Nikkor f2.8. It is a goal that every time I use to enjoy very much but suffered focus, especially with characters that move like a car or a dog.<\/span><\/p>\n<p style=\"text-align: justify;\"><span style=\"color: #cc99ff;\">After the success of my next purchase was the Leica Summicron R 90mm f: 2.0. A goal that I always had love and I&#8217;m enjoying every time I use it. It is a very discreet Tele that the Nikon D4 works great. Of course except the weight, I have the same advantages and disadvantages that the Leica Elmarit 180mm.<\/span><\/p>\n<p style=\"text-align: justify;\"><span style=\"color: #cc99ff;\">For the same price, well a bit more as I had to buy the adapter, these optical Nikkor and the rest of the can be used in Sony A7R. For various reasons, I decided to buy the Nikon model Metabones G adapter that allows to use Emount c\u00e1sicos Nikkor Ais and modern Nikkor G because it brings a system to manage the opening of diaphragms in the latter. Their quality is great as it fits perfectly in both optical and body Sony. It also has a detail that should be copied and other prestige brands is that it has a thread to connect the tripod or monopod to avoid tensions bayonet camera body.<\/span><\/p>\n<p style=\"text-align: justify;\"><span style=\"color: #cc99ff;\">With Sony A7R optical Leica R that I have work perfectly and perform great to 36Mb demanding sensor of this camera. The pros and cons are the same as in Nikon although the approach would make it easier to Phocus Peaking system.<\/span><\/p>\n<p style=\"text-align: justify;\"><span style=\"color: #cc99ff;\">Another important advantage of both optical Leica is that you can use both Nikon and Sony cuerpor A7R with old Nikkor TC duplicators and modern thing that at least the latter is not possible in many optical Nikkor. We may also use the Macro bellows or extension rings. Let that&#8217;s a bargain.<\/span><\/p>\n<p style=\"text-align: justify;\"><span style=\"color: #cc99ff;\">After telling my experience with this trio of brands, if someone asked me if it&#8217;s worth, my answer is that it depends on the type of photography that will perform the action but if prefer optical autofocus but if it&#8217;s for something else quiet, and with exceptional quality and color, do not hesitate, you also optics are more than affordable prices.<\/span><\/p>\n<p style=\"text-align: justify;\"><span style=\"color: #cc99ff;\">Incidentally both goals are as a Leica friends, winning much at short distances. The results obtained in both color and black and white regardless of the body you use will surprise you because in my opinion is the best I&#8217;ve had.<\/span><\/p>\n","protected":false},"excerpt":{"rendered":"<p>Se que este titular puede llevar a error a m\u00e1s de uno pero tranquilos que esa reuni\u00f3n de momento no existe aunque si se pueden dar d\u00edas muy rom\u00e1nticos si juntamos a estas marcas. Me explico, hace tiempo que hab\u00eda coincidido con un amigo que llevaba en su Nikon F3 un objetivo Leica Summicron de [&hellip;]<\/p>\n","protected":false},"author":1,"featured_media":0,"parent":0,"menu_order":0,"comment_status":"closed","ping_status":"closed","template":"","meta":{"footnotes":""},"class_list":["post-1759","page","type-page","status-publish","hentry"],"_links":{"self":[{"href":"https:\/\/www.photojosebueno.com\/index.php?rest_route=\/wp\/v2\/pages\/1759","targetHints":{"allow":["GET"]}}],"collection":[{"href":"https:\/\/www.photojosebueno.com\/index.php?rest_route=\/wp\/v2\/pages"}],"about":[{"href":"https:\/\/www.photojosebueno.com\/index.php?rest_route=\/wp\/v2\/types\/page"}],"author":[{"embeddable":true,"href":"https:\/\/www.photojosebueno.com\/index.php?rest_route=\/wp\/v2\/users\/1"}],"replies":[{"embeddable":true,"href":"https:\/\/www.photojosebueno.com\/index.php?rest_route=%2Fwp%2Fv2%2Fcomments&post=1759"}],"version-history":[{"count":4,"href":"https:\/\/www.photojosebueno.com\/index.php?rest_route=\/wp\/v2\/pages\/1759\/revisions"}],"predecessor-version":[{"id":1765,"href":"https:\/\/www.photojosebueno.com\/index.php?rest_route=\/wp\/v2\/pages\/1759\/revisions\/1765"}],"wp:attachment":[{"href":"https:\/\/www.photojosebueno.com\/index.php?rest_route=%2Fwp%2Fv2%2Fmedia&parent=1759"}],"curies":[{"name":"wp","href":"https:\/\/api.w.org\/{rel}","templated":true}]}}