{"id":1755,"date":"2017-04-09T18:44:20","date_gmt":"2017-04-09T16:44:20","guid":{"rendered":"http:\/\/www.photojosebueno.com\/?page_id=1755"},"modified":"2017-04-09T18:46:11","modified_gmt":"2017-04-09T16:46:11","slug":"lo-mas-fotogenico-le-mans-classic","status":"publish","type":"page","link":"https:\/\/www.photojosebueno.com\/?page_id=1755","title":{"rendered":"LO M\u00c1S FOTOG\u00c9NICO &#8230; LE MANS CLASSIC"},"content":{"rendered":"<div id=\"attachment_1069\" style=\"width: 1638px\" class=\"wp-caption aligncenter\"><img loading=\"lazy\" decoding=\"async\" aria-describedby=\"caption-attachment-1069\" class=\"wp-image-1069 size-full\" src=\"http:\/\/photojosebueno.com\/wp-content\/uploads\/2014\/07\/JBM_1678.jpg\" alt=\"Nikon D4 - Nikkor 300mm. VR 2.8 - f:4.0 - 1\/1250s - ISO 200 - Con polarizador sin marca\" width=\"1628\" height=\"882\" srcset=\"https:\/\/photojosebueno.com\/wp-content\/uploads\/2014\/07\/JBM_1678.jpg 1628w, https:\/\/photojosebueno.com\/wp-content\/uploads\/2014\/07\/JBM_1678-300x162.jpg 300w, https:\/\/photojosebueno.com\/wp-content\/uploads\/2014\/07\/JBM_1678-1024x554.jpg 1024w, https:\/\/photojosebueno.com\/wp-content\/uploads\/2014\/07\/JBM_1678-500x270.jpg 500w\" sizes=\"auto, (max-width: 1628px) 100vw, 1628px\" \/><p id=\"caption-attachment-1069\" class=\"wp-caption-text\">Nikon D4 &#8211; Nikkor 300mm. VR 2.8 &#8211; f:4.0 &#8211; 1\/1250s &#8211; ISO 200 &#8211; Con polarizador sin marca<\/p><\/div>\n<p style=\"text-align: justify;\">Apenas ha pasado una semana y ya me he recuperado del largo viaje desde Madrid a Le Mans que hicimos varios fot\u00f3grafos en coche y es que viajar en avi\u00f3n hasta Par\u00eds significaba dejar alg\u00fan objetivo en tierra y eso si se puede evitar es impensable. Adem\u00e1s os aseguro que ha merecido la pena.<\/p>\n<p style=\"text-align: justify;\"><img loading=\"lazy\" decoding=\"async\" class=\"alignleft wp-image-1066 size-thumbnail\" src=\"http:\/\/photojosebueno.com\/wp-content\/uploads\/2014\/07\/DSC00455-150x150.jpg\" alt=\"DSC00455\" width=\"150\" height=\"150\" \/><\/p>\n<p style=\"text-align: justify;\">En mi caso pude llevar la maleta Peli cargada con dos cuerpo Nikon y \u00a0varias \u00f3pticas que cubr\u00edan desde los 14mm. hasta los 200mm. y adem\u00e1s el 300mm. que viajaba solito en su estuche. Adem\u00e1s los t\u00edpicos cachivaches de limpieza, el sistema Newswear as\u00ed como fundas de pl\u00e1stico especiales para lluvia, algo t\u00edpico de Le Mans y es que un Le Mans sin lluvia no ser\u00eda Le Mans.<\/p>\n<p style=\"text-align: justify;\">Despu\u00e9s de algo m\u00e1s de 10 horas y un mont\u00f3n de peajes, nos dirigimos al Media Center para hacer la correspondiente acreditaci\u00f3n. Afortunadamente casi todos los Media Center que conozco, disponen de armarios para dejar el material que no uses en pista como ordenador u objetivos y cuerpos y as\u00ed evitar ir todo el d\u00eda cargado. Tambi\u00e9n suelen disponer de Wiffi, hoy en d\u00eda necesario para estar en cont\u00ednua comunicaci\u00f3n con la redacci\u00f3n de tu medio e incluso suelen tener bebidas y alg\u00fan tentempi\u00e9 que sinceramente se agradece pues a veces est\u00e1s tan concentrado en tu trabajo que se olvida hasta comer.<\/p>\n<div id=\"attachment_1072\" style=\"width: 1667px\" class=\"wp-caption aligncenter\"><img loading=\"lazy\" decoding=\"async\" aria-describedby=\"caption-attachment-1072\" class=\"wp-image-1072 size-full\" src=\"http:\/\/photojosebueno.com\/wp-content\/uploads\/2014\/07\/JBM_2097.jpg\" alt=\"Nikon D4 - Nikkor 300mm. VR 2.8 - f:2.8 - 1\/2000s - ISO 200 - Con polarizador sin marca\" width=\"1657\" height=\"1257\" srcset=\"https:\/\/photojosebueno.com\/wp-content\/uploads\/2014\/07\/JBM_2097.jpg 1657w, https:\/\/photojosebueno.com\/wp-content\/uploads\/2014\/07\/JBM_2097-300x227.jpg 300w, https:\/\/photojosebueno.com\/wp-content\/uploads\/2014\/07\/JBM_2097-1024x776.jpg 1024w, https:\/\/photojosebueno.com\/wp-content\/uploads\/2014\/07\/JBM_2097-395x300.jpg 395w\" sizes=\"auto, (max-width: 1657px) 100vw, 1657px\" \/><p id=\"caption-attachment-1072\" class=\"wp-caption-text\">Nikon D4 &#8211; Nikkor 300mm. VR 2.8 &#8211; f:2.8 &#8211; 1\/2000s &#8211; ISO 200 &#8211; Con polarizador sin marca<\/p><\/div>\n<p style=\"text-align: justify;\">Antes de nada es muy aconsejable tener toda la informaci\u00f3n de los distintos eventos que se celebran para planificar bien los horarios y sitios que hay que cubrir y es que hay fotos que ser\u00eda imperdonable perderse. Tambi\u00e9n es cierto que a\u00fan teniendo todo bien amueblado en la cabeza, hay ocasiones que surge esa foto con una chispa especial que merece la pena apartarse del gui\u00f3n aunque sea solo ese\u00a0momento \u00abdiferente pero muy especial\u00bb.<\/p>\n<div id=\"attachment_1070\" style=\"width: 1610px\" class=\"wp-caption aligncenter\"><img loading=\"lazy\" decoding=\"async\" aria-describedby=\"caption-attachment-1070\" class=\"wp-image-1070 size-full\" src=\"http:\/\/photojosebueno.com\/wp-content\/uploads\/2014\/07\/JBM_1748.jpg\" alt=\"Nikon D4 - Nikkor 300mm. VR 2.8 - f:4.0 - 1\/1600s - ISO 200 - Con polarizador sin marca\" width=\"1600\" height=\"1131\" srcset=\"https:\/\/photojosebueno.com\/wp-content\/uploads\/2014\/07\/JBM_1748.jpg 1600w, https:\/\/photojosebueno.com\/wp-content\/uploads\/2014\/07\/JBM_1748-300x212.jpg 300w, https:\/\/photojosebueno.com\/wp-content\/uploads\/2014\/07\/JBM_1748-1024x723.jpg 1024w, https:\/\/photojosebueno.com\/wp-content\/uploads\/2014\/07\/JBM_1748-424x300.jpg 424w\" sizes=\"auto, (max-width: 1600px) 100vw, 1600px\" \/><p id=\"caption-attachment-1070\" class=\"wp-caption-text\">Nikon D4 &#8211; Nikkor 300mm. VR 2.8 &#8211; f:4.0 &#8211; 1\/1600s &#8211; ISO 200 &#8211; Con polarizador sin marca<\/p><\/div>\n<p style=\"text-align: justify;\">El circuito de Le Mans tiene un trazado que en ciertas curvas hasta un 300mm. se queda corto y en mi caso lo soluciono bien con un duplicador o bien con recorte pues afortunadamente hoy en d\u00eda las c\u00e1maras cuentas con suficiente calidad para hacerlo siempre y cuando la toma sea perfecta y hecha con una buena \u00f3ptica. Si utilizas \u00f3pticas menos profesionales es muy posible que esto no lo puedas realizar.<\/p>\n<p style=\"text-align: justify;\"><img loading=\"lazy\" decoding=\"async\" class=\"alignright wp-image-1077 size-medium\" src=\"http:\/\/photojosebueno.com\/wp-content\/uploads\/2014\/07\/DSC00716-300x280.jpg\" alt=\"DSC00716\" width=\"300\" height=\"280\" srcset=\"https:\/\/photojosebueno.com\/wp-content\/uploads\/2014\/07\/DSC00716-300x280.jpg 300w, https:\/\/photojosebueno.com\/wp-content\/uploads\/2014\/07\/DSC00716-321x300.jpg 321w, https:\/\/photojosebueno.com\/wp-content\/uploads\/2014\/07\/DSC00716.jpg 580w\" sizes=\"auto, (max-width: 300px) 100vw, 300px\" \/><\/p>\n<p style=\"text-align: justify;\">Se me olvidaba comentar que a la hora de fotografiar coches con la luz de d\u00eda, es necesario utilizar el filtro polarizador. Pues bien en el 24-70mm y 70-200mm no hay ning\u00fan problema ya que utilizo los polarizadores circulares de 77mm de la marca B+W. El problema surge con el 300mm. ya que utiliza un polarizador especial fabricado por Nikon y adem\u00e1s de tener un precio muy caro acorde al del objetivo (supera los 200 euros), a diferencia de su competidor Canon de precio parecido, es casi imposible localizarlo ya que siempre est\u00e1 agotado. Se\u00f1ores de Nikon creo que hay que cuidar a todos los clientes incluidos los pro que nos gastamos casi 6000 euros en un objetivo. Para salir del paso, he resuelto el problema comprando un polarizador Slim de 52mm y con una lima lo he dejado mucho m\u00e1s fino de c\u00f3mo ven\u00eda, eso s\u00ed protegiendo antes los cristales del filtro con celo Scotch Magic de 3M que por cierto tambi\u00e9n sirve para limpiar el sensor. Luego he marcado donde realiza la polarizaci\u00f3n con la c\u00e1mara en horizontal, y, \u2026 solucionado por 25 euros.<\/p>\n<p>Como ya he dicho en otras entradas, el Nikkor 24-70mm siempre viene bien para la zona de paddock. Ya para fotos m\u00e1s extremas a veces utilizo el 14-24mm. pero mucho menos. Y para planos de pilotos o detalles el 70-200 tambi\u00e9n es utilizable.<\/p>\n<div id=\"attachment_1068\" style=\"width: 1667px\" class=\"wp-caption aligncenter\"><img loading=\"lazy\" decoding=\"async\" aria-describedby=\"caption-attachment-1068\" class=\"wp-image-1068 size-full\" src=\"http:\/\/photojosebueno.com\/wp-content\/uploads\/2014\/07\/JBM_1064.jpg\" alt=\"Nikon D4 - Nikkor 70-200mm. VR 2.8 - f:8.0 - 1\/125s - ISO 200 - Con polarizador sin marca\" width=\"1657\" height=\"1122\" srcset=\"https:\/\/photojosebueno.com\/wp-content\/uploads\/2014\/07\/JBM_1064.jpg 1657w, https:\/\/photojosebueno.com\/wp-content\/uploads\/2014\/07\/JBM_1064-300x203.jpg 300w, https:\/\/photojosebueno.com\/wp-content\/uploads\/2014\/07\/JBM_1064-1024x693.jpg 1024w, https:\/\/photojosebueno.com\/wp-content\/uploads\/2014\/07\/JBM_1064-443x300.jpg 443w\" sizes=\"auto, (max-width: 1657px) 100vw, 1657px\" \/><p id=\"caption-attachment-1068\" class=\"wp-caption-text\">Nikon D4 &#8211; Nikkor 70-200mm. VR 2.8 &#8211; f:8.0 &#8211; 1\/125s &#8211; ISO 200 &#8211; \u00a0Polarizador\u00a0B+W<\/p><\/div>\n<div id=\"attachment_1071\" style=\"width: 1754px\" class=\"wp-caption aligncenter\"><img loading=\"lazy\" decoding=\"async\" aria-describedby=\"caption-attachment-1071\" class=\"wp-image-1071 size-full\" src=\"http:\/\/photojosebueno.com\/wp-content\/uploads\/2014\/07\/JBM_2006.jpg\" alt=\"Nikon D4 - Nikkor 300mm. VR 2.8 - f:8.0 - 1\/125s - ISO 200 - Con polarizador sin marca\" width=\"1744\" height=\"1344\" srcset=\"https:\/\/photojosebueno.com\/wp-content\/uploads\/2014\/07\/JBM_2006.jpg 1744w, https:\/\/photojosebueno.com\/wp-content\/uploads\/2014\/07\/JBM_2006-300x231.jpg 300w, https:\/\/photojosebueno.com\/wp-content\/uploads\/2014\/07\/JBM_2006-1024x789.jpg 1024w, https:\/\/photojosebueno.com\/wp-content\/uploads\/2014\/07\/JBM_2006-389x300.jpg 389w\" sizes=\"auto, (max-width: 1744px) 100vw, 1744px\" \/><p id=\"caption-attachment-1071\" class=\"wp-caption-text\">Nikon D4 &#8211; Nikkor 300mm. VR 2.8 &#8211; f:8.0 &#8211; 1\/125s &#8211; ISO 200 &#8211; Con polarizador sin marca<\/p><\/div>\n<p style=\"text-align: justify;\">Ya en pista, suelo llevar el Nikkor 70-200mm., el Nikkor 300mm. y un duplicador Nikkor 1.7 y como nunca se sabe, llevo memoria y pila de repuesto, ah! y una barrita energ\u00e9tica pues no se sabe cuando podr\u00e1s tomar algo.<\/p>\n<p style=\"text-align: justify;\">Llega la noche y conviene tomarse un respiro pasando por el Media Center para repostar no sin antes hacer unas cuantas fotos de paddock y es que llega un momento que este trabajo se convierte en adictivo. Ya en el Media Center, adem\u00e1s de descansar un rato, hay que hacer copia de las tarjetas y adem\u00e1s escribir una peque\u00f1a cr\u00f3nica para enviar junto con alguna foto a la redacci\u00f3n y es que hoy en d\u00eda esta informaci\u00f3n fresca es fundamental para la gente que sigue estos eventos a trav\u00e9s de las redes sociales.<\/p>\n<div id=\"attachment_1074\" style=\"width: 1667px\" class=\"wp-caption aligncenter\"><img loading=\"lazy\" decoding=\"async\" aria-describedby=\"caption-attachment-1074\" class=\"wp-image-1074 size-full\" src=\"http:\/\/photojosebueno.com\/wp-content\/uploads\/2014\/07\/JBM_2439.jpg\" alt=\"Nikon D4 - Nikkor 300mm. VR 2.8 - f:2.8 - 1\/200s - ISO 12800 \" width=\"1657\" height=\"816\" srcset=\"https:\/\/photojosebueno.com\/wp-content\/uploads\/2014\/07\/JBM_2439.jpg 1657w, https:\/\/photojosebueno.com\/wp-content\/uploads\/2014\/07\/JBM_2439-300x147.jpg 300w, https:\/\/photojosebueno.com\/wp-content\/uploads\/2014\/07\/JBM_2439-1024x504.jpg 1024w, https:\/\/photojosebueno.com\/wp-content\/uploads\/2014\/07\/JBM_2439-500x246.jpg 500w\" sizes=\"auto, (max-width: 1657px) 100vw, 1657px\" \/><p id=\"caption-attachment-1074\" class=\"wp-caption-text\">Nikon D4 &#8211; Nikkor 300mm. VR 2.8 &#8211; f:2.8 &#8211; 1\/200s &#8211; ISO 12.800<\/p><\/div>\n<p style=\"text-align: justify;\">Ya con las pilas cargadas pero cansado despu\u00e9s del largo viaje y todo un d\u00eda haciendo fotos, me dirijo a las curvas situadas a la entrada de la recta principal, empieza a chispear y me temo que pronto empezar\u00e1 a llover pero no pasa nada esto es as\u00ed. El \u00fanico problema que puedo tener es con los pantalones y es que son de verter siguiendo las normas para este evento \u201cno jeans\u201d. Pero si llueve mucho tambi\u00e9n llevo un pantal\u00f3n de nylon para ponerlo por encima del que llevo.<\/p>\n<p style=\"text-align: justify;\">Todo preparado, ya con el 300mm. puesto en la D4, un cuerpo ideal para la noche, me sit\u00fao junto a unos comisarios que me advierten que no sobrepase el l\u00edmite pues hace poco se accident\u00f3 un Ferrari justo ah\u00ed en esa zona. Esto te hace recordar alguno de los sustos que cualquier fot\u00f3grafo de circuito hemos sufrido, en mi caso en tres ocasiones pero he centrarme en mi trabajo.<\/p>\n<p style=\"text-align: justify;\">Fotos est\u00e1ticas, fotos de barrido, fotos ambientadas, fotos con momentos irrepetibles fotos de d\u00eda fotos nocturnas, con sol con lluvia, \u2026 Le Mans Classic es un evento que no hay que perderse y te aseguro que como fot\u00f3grafo es muy exigente. Muchas horas caminando con sol, lluvia pero que de va a dar las mejores fotos de coches incre\u00edbles. En mi opini\u00f3n es la Meca de la historia del autom\u00f3vil.<\/p>\n<p style=\"text-align: justify;\">Parte de las im\u00e1genes seleccionadas por mi y luego filtradas por el Editor Jefe de la redacci\u00f3n, podr\u00e1s disfrutarlas en el pr\u00f3ximo n\u00famero gratuito de\u00a0<a title=\"enlace a 9republic\" href=\"http:\/\/www.9republic.com\" target=\"_blank\">9REPUBLIC.<\/a><\/p>\n<p style=\"text-align: justify;\">Para terminar te propongo que participes en un concurso<\/p>\n<p style=\"text-align: justify;\">Se trata de averiguar que coche es el que aparece en la siguiente foto:<\/p>\n<div id=\"attachment_1067\" style=\"width: 1610px\" class=\"wp-caption aligncenter\"><img loading=\"lazy\" decoding=\"async\" aria-describedby=\"caption-attachment-1067\" class=\"wp-image-1067 size-full\" src=\"http:\/\/photojosebueno.com\/wp-content\/uploads\/2014\/07\/JBM_0414.jpg\" alt=\"JBM_0414\" width=\"1600\" height=\"835\" srcset=\"https:\/\/photojosebueno.com\/wp-content\/uploads\/2014\/07\/JBM_0414.jpg 1600w, https:\/\/photojosebueno.com\/wp-content\/uploads\/2014\/07\/JBM_0414-300x156.jpg 300w, https:\/\/photojosebueno.com\/wp-content\/uploads\/2014\/07\/JBM_0414-1024x534.jpg 1024w, https:\/\/photojosebueno.com\/wp-content\/uploads\/2014\/07\/JBM_0414-500x260.jpg 500w\" sizes=\"auto, (max-width: 1600px) 100vw, 1600px\" \/><p id=\"caption-attachment-1067\" class=\"wp-caption-text\">Nikon D4 &#8211; Nikkor 70-200mm. VR 2.8 &#8211; f:6.3 &#8211; 1\/320s &#8211; ISO 200 &#8211; Polarizador B+W<\/p><\/div>\n<p style=\"text-align: justify;\">Puedes enviarme un email a\u00a0<a href=\"mailto:info@photojosebueno.com\">info@photojosebueno.com<\/a>\u00a0y entre todos los que acierten el modelo, sortear\u00e9 un copilotaje en un Porche GT3RS. El plazo para enviar el correo es hasta el 31 de agosto de 2014. Muchas suerte.<\/p>\n<p style=\"text-align: justify;\"><strong><span style=\"color: #cc99ff;\">Most photogenic &#8230; Le Mans Classic<\/span><\/strong><\/p>\n<p style=\"text-align: justify;\"><span style=\"color: #cc99ff;\">It has barely been a week and I have already recovered from the long trip from Madrid to Le Mans we did several drive and photographers to travel by plane to Paris meant leaving a ground target and that if you can avoid it is unthinkable. Also I assure you that was worth.<\/span><\/p>\n<p style=\"text-align: justify;\"><span style=\"color: #cc99ff;\">In my case I could bring Peli case charged with two Nikon body and various lenses covering from 14mm. up to 200mm. plus the 300mm. traveling alone in its case. Besides the typical junk cleaning the system and covers Newswear special plastic rain, typical of Le Mans and Le Mans is that no rain would not be Le Mans.<\/span><\/p>\n<p style=\"text-align: justify;\"><span style=\"color: #cc99ff;\">After more than 10 hours and lots of tolls, we headed to the Media Center can do for accreditation. Fortunately almost all the Media Center that I know, have fitted in to the material that do not use the track as computer or objectives and bodies and avoid going all day loaded. They also tend to have Wiffi today need to be in continuous communication with your writing usually have medium and even some snacks and drinks to sincerely thank you for sometimes so focused on your work that you forget to eat.<\/span><\/p>\n<p style=\"text-align: justify;\"><span style=\"color: #cc99ff;\">First of all it is very advisable to have all the information from the various events held to plan well the times and locations to be covered and that any photos that would be unforgivable to miss. It is also true that even taking all well furnished to the head, there are times when that picture comes with a special spark worth departing from the script even then only \u00abdifferent but very special.\u00bb<\/span><\/p>\n<p style=\"text-align: justify;\"><span style=\"color: #cc99ff;\">The Le Mans circuit is a path that curves to a certain 300mm. falls short and in my case I solve it well with a doubler or with cut because fortunately today accounts cameras with sufficient quality to do so if the socket is perfect and made with good optics. If you use less professional optics is very possible that this can not be done.<\/span><\/p>\n<p style=\"text-align: justify;\"><span style=\"color: #cc99ff;\">I forgot to mention that when photographing cars with daylight, you must use the polarizer filter. Well in the 24-70mm and 70-200mm no problem since I use 77mm circular polarizing brand B + W. The problem arises with the 300mm. because it uses a special polarizing manufactured by Nikon and besides having a high price according to the target (over 200 euros), unlike its competitor Canon of similar price, it is almost impossible to find as it is always sold out. Lords of Nikon I think you have to take care of all customers including pro we spent almost 6000 euros a target.\u00a0To get by, I solved the problem by buying a polarizer Slim 52mm and with a file I&#8217;ve made much thinner how come, yes protecting before the glass filter with zeal Scotch Magic 3M which incidentally also serves to clean sensor. Then I marked where the polarization makes with the camera horizontal and &#8230; solved for 25 euros.<\/span><\/p>\n<p style=\"text-align: justify;\"><span style=\"color: #cc99ff;\">As I said in other posts, the Nikkor 24-70mm always good for the paddock area. Now for more photos extreme sometimes I use the 14-24mm. but much less. And pilots planes or detail the 70-200 is also usable.<\/span><\/p>\n<p style=\"text-align: justify;\"><span style=\"color: #cc99ff;\">Already on track, I usually wear the Nikkor 70-200mm., The Nikkor 300mm. and 1.7 Nikkor doubler and as you never know, I&#8217;ve memory and backup battery, ah! and an energy bar not know when it will take something.<\/span><\/p>\n<p style=\"text-align: justify;\"><span style=\"color: #cc99ff;\">Night comes and agrees to take a break through the Media Center to refuel but not before making a few pictures of paddock is that there comes a time that this work becomes addictive. Already in the Media Center, and rest a while, you have to back the cards and also post a short review to send along with any photos and Writing today is this fresh information is essential for people who still these events through social networking.<\/span><\/p>\n<p style=\"text-align: justify;\"><span style=\"color: #cc99ff;\">Now with charged batteries but tired after the long trip and a day taking pictures, I turn to the curves located at the entrance of the main straight, begins to sparkle and I fear that soon begin to rain but nothing happens this is so . The only problem I have is with pants and pouring that are following the rules for this \u00abno jeans\u00bb event. But if it rains too much wear nylon pants to put over that I wear.<\/span><\/p>\n<p style=\"text-align: justify;\"><span style=\"color: #cc99ff;\">All set, and with the 300mm. place in the D4, an ideal body for the night, I stand next to some commissioners warn me not to exceed the limit because recently a fair Ferrari crashed there in that area. This makes you remember any of the scares that have circuit any photographer experienced in my case three times but I focus on my work.<\/span><\/p>\n<p style=\"text-align: justify;\"><span style=\"color: #cc99ff;\">Static photos, scanning photos, pictures acclimated, unrepeatable moments photos night photos photos day with sunshine in the rain, &#8230; Le Mans Classic is an event not to be missed and I assure you as a photographer is very demanding. Many hours walking with sunshine, rain but that will give the best pictures of amazing cars. In my opinion it is the Mecca of automotive history.<\/span><\/p>\n<p style=\"text-align: justify;\"><span style=\"color: #cc99ff;\">Some of the images selected by me and then filtered by the Chief Editor of writing, you can enjoy them in the next issue of\u00a0<a title=\"enlace 9 republic\" href=\"http:\/\/www.9republic.com\/web\/\" target=\"_blank\">9REPUBLIC<\/a>\u00a0free.<\/span><\/p>\n<p style=\"text-align: justify;\"><span style=\"color: #cc99ff;\">Finally I propose you to participate in a contest:<\/span><\/p>\n<p style=\"text-align: justify;\"><span style=\"color: #cc99ff;\">Trying to figure out which car is the one that appears in the picture below<\/span><\/p>\n<p style=\"text-align: justify;\"><span style=\"color: #cc99ff;\">You can email me at info@photojosebueno.com and among all who match the model,&#8217;ll give away one co-driving in a Porsche GT3RS. The deadline for sending email is until 31 August 2014. Lot of luck.<\/span><\/p>\n","protected":false},"excerpt":{"rendered":"<p>Apenas ha pasado una semana y ya me he recuperado del largo viaje desde Madrid a Le Mans que hicimos varios fot\u00f3grafos en coche y es que viajar en avi\u00f3n hasta Par\u00eds significaba dejar alg\u00fan objetivo en tierra y eso si se puede evitar es impensable. Adem\u00e1s os aseguro que ha merecido la pena. En [&hellip;]<\/p>\n","protected":false},"author":1,"featured_media":0,"parent":0,"menu_order":0,"comment_status":"closed","ping_status":"closed","template":"","meta":{"footnotes":""},"class_list":["post-1755","page","type-page","status-publish","hentry"],"_links":{"self":[{"href":"https:\/\/www.photojosebueno.com\/index.php?rest_route=\/wp\/v2\/pages\/1755","targetHints":{"allow":["GET"]}}],"collection":[{"href":"https:\/\/www.photojosebueno.com\/index.php?rest_route=\/wp\/v2\/pages"}],"about":[{"href":"https:\/\/www.photojosebueno.com\/index.php?rest_route=\/wp\/v2\/types\/page"}],"author":[{"embeddable":true,"href":"https:\/\/www.photojosebueno.com\/index.php?rest_route=\/wp\/v2\/users\/1"}],"replies":[{"embeddable":true,"href":"https:\/\/www.photojosebueno.com\/index.php?rest_route=%2Fwp%2Fv2%2Fcomments&post=1755"}],"version-history":[{"count":1,"href":"https:\/\/www.photojosebueno.com\/index.php?rest_route=\/wp\/v2\/pages\/1755\/revisions"}],"predecessor-version":[{"id":1756,"href":"https:\/\/www.photojosebueno.com\/index.php?rest_route=\/wp\/v2\/pages\/1755\/revisions\/1756"}],"wp:attachment":[{"href":"https:\/\/www.photojosebueno.com\/index.php?rest_route=%2Fwp%2Fv2%2Fmedia&parent=1755"}],"curies":[{"name":"wp","href":"https:\/\/api.w.org\/{rel}","templated":true}]}}