{"id":1748,"date":"2017-04-09T18:25:39","date_gmt":"2017-04-09T16:25:39","guid":{"rendered":"http:\/\/www.photojosebueno.com\/?page_id=1748"},"modified":"2017-04-09T18:30:06","modified_gmt":"2017-04-09T16:30:06","slug":"volar-sin-salir-volando","status":"publish","type":"page","link":"https:\/\/www.photojosebueno.com\/?page_id=1748","title":{"rendered":"VOLAR SIN SALIR VOLANDO"},"content":{"rendered":"<div id=\"attachment_1094\" style=\"width: 1267px\" class=\"wp-caption aligncenter\"><img loading=\"lazy\" decoding=\"async\" aria-describedby=\"caption-attachment-1094\" class=\"wp-image-1094 size-full\" src=\"http:\/\/photojosebueno.com\/wp-content\/uploads\/2014\/09\/JBM_9294_01.jpg\" alt=\"Nikon D4 - Nikkor 24-70mm. - f:8.0 - ISO 200 - Profoto B1 de 500W \" width=\"1257\" height=\"856\" srcset=\"https:\/\/photojosebueno.com\/wp-content\/uploads\/2014\/09\/JBM_9294_01.jpg 1257w, https:\/\/photojosebueno.com\/wp-content\/uploads\/2014\/09\/JBM_9294_01-300x204.jpg 300w, https:\/\/photojosebueno.com\/wp-content\/uploads\/2014\/09\/JBM_9294_01-1024x697.jpg 1024w, https:\/\/photojosebueno.com\/wp-content\/uploads\/2014\/09\/JBM_9294_01-440x300.jpg 440w\" sizes=\"auto, (max-width: 1257px) 100vw, 1257px\" \/><p id=\"caption-attachment-1094\" class=\"wp-caption-text\">Nikon D4 &#8211; Nikkor 24-70mm. &#8211; f:8.0 &#8211; ISO 200 &#8211; Profoto B1 de 500W<\/p><\/div>\n<p style=\"text-align: justify;\">Hace unos a\u00f1os me ocurri\u00f3 un episodio que todav\u00eda recuerdo en alguna pesadilla. Ocurri\u00f3 en una sesi\u00f3n de fotos que estaba haciendo para una revista de coches, en concreto est\u00e1bamos probando el nuevo Porsche Boxster RS 60 Spyder y para ello le ped\u00ed ayuda a un buen amigo, al menos hasta ese d\u00eda, para que me llevase de copiloto en su flamante descapotable. La idea era simple pues solo ten\u00edamos que hacer las fotos en la t\u00edpica carretera de curvas a una velocidad prudente. Cuando llegamos al sitio previsto me quit\u00e9 el cintur\u00f3n (primer error) y me situ\u00e9 sentado hacia atr\u00e1s con mi c\u00e1mara disparando fotos en movimiento a ese precioso coche. En esos momentos recuerdo que iba totalmente concentrado en los fondos, el coche etc. pero de repente y sin saber porqu\u00e9, mi amigo decidi\u00f3 dar un aceler\u00f3n en plena curva, todav\u00eda no se si para demostrar lo buen piloto que era o si realmente quiso verme volar por los aires, cosa que por cierto consigui\u00f3. El susto fue tal que por un momento vi el precipicio de la carretera como mi \u00faltima foto y es que todo pas\u00f3 tan deprisa que decididamente esa forma de conseguir fotos la descart\u00e9 para siempre pues pertenezco a esa especie de fot\u00f3grafos que consideran m\u00e1s importantes aspectos de la vida que una foto por muy buena que sea.<\/p>\n<p style=\"text-align: justify;\">Todo esto me llev\u00f3 a ver otras formas de realizar esas sesiones con movimiento de una manera segura y a medida que la tecnolog\u00eda avanza me gusta probar si resulta eficaz para mi trabajo pues tampoco soy fot\u00f3grafo que le guste presumir de estar anclado en el pasado, creo que cada tiempo tiene su belleza y soy consciente que los tiempos pasados a veces los recordamos con m\u00e1s glamour del que realmente ten\u00edan, pero dejemos estos pensamientos y vamos al l\u00edo.<\/p>\n<p style=\"text-align: justify;\">Tras esta introducci\u00f3n, hoy quiero hablar de los sistemas que permiten hacer volar \u00f3rdenes, hacer volar datos y ello sin hacernos volar a nosotros, me estoy refiriendo a los sistemas inal\u00e1mbricos conocidos como tethering, wireless, etc.<\/p>\n<p style=\"text-align: justify;\">El primer sistema que comenc\u00e9 a utilizar fue el t\u00edpico disparador remoto para evitar la famosa trepidaci\u00f3n en fotos con larga exposici\u00f3n. Tambi\u00e9n ven\u00eda bien en autorretratos, lo hoy tan de moda conocidos selfies que parecen haber inventado algo al darle ese nombre.<\/p>\n<p style=\"text-align: justify;\">M\u00e1s adelante sustitu\u00ed los dichosos cables del estudio que iban de la c\u00e1mara a los cabezales de flashes por disparadores remotos, todo un lujo no volver a tropezar con los malditos cables.<\/p>\n<p style=\"text-align: justify;\">Adem\u00e1s se pod\u00edan combinar los sistemas, todo un detalle por pate de los fabricantes, es m\u00e1s mis \u00faltimos disparadores de la marca Pocket Wizard son capaces de disparar c\u00e1mara y flashes.<\/p>\n<p style=\"text-align: justify;\"><img loading=\"lazy\" decoding=\"async\" class=\"aligncenter wp-image-1093 size-full\" src=\"http:\/\/photojosebueno.com\/wp-content\/uploads\/2014\/09\/DSC01467.jpg\" alt=\"DSC01467\" width=\"657\" height=\"458\" srcset=\"https:\/\/photojosebueno.com\/wp-content\/uploads\/2014\/09\/DSC01467.jpg 657w, https:\/\/photojosebueno.com\/wp-content\/uploads\/2014\/09\/DSC01467-300x209.jpg 300w, https:\/\/photojosebueno.com\/wp-content\/uploads\/2014\/09\/DSC01467-430x300.jpg 430w\" sizes=\"auto, (max-width: 657px) 100vw, 657px\" \/><\/p>\n<p style=\"text-align: justify;\">Pero a medida que la tecnolog\u00eda avanza, los fabricantes tienden a integrar los sistemas inal\u00e1mbricos como es el caso del sistema de iluminaci\u00f3n <a title=\"Innovafoto Profoto\" href=\"http:\/\/www.innovafoto.com\/profoto\/\" target=\"_blank\">Profoto<\/a>, un cabezal de flash v\u00e1lido para estudio e incluso para campo pues lleva hasta bater\u00edas recargables para trabajar en lugares donde no hay corriente el\u00e9ctrica pero adem\u00e1s lleva integrado el sistema para trabajar de manera remota sin cables. Si a eso le sumamos su potencia y velocidad de recarga, este sistema es en mi opini\u00f3n de lo mejor ideado para la fotograf\u00eda. Tanto es as\u00ed que muy pronto dedicar\u00e9 una entrada especifica para este sistema y es que precisamente este mes sale al mercado con TTL incluido para Nikon.<\/p>\n<p style=\"text-align: justify;\">Por otra parte los fabricantes de c\u00e1maras tambi\u00e9n han hecho un esfuerzo en aplicar tecnolog\u00edas WI-FI a las nuevas c\u00e1maras que van apareciendo en el mercado. Esta tecnolog\u00eda nos permite por ejemplo realizar disparos de nuestra c\u00e1mara de manera remota con un ordenador, un tablet o un tel\u00e9fono y con la ventaja de poder ver la escena encuadre etc. en las pantallas de esos dispositivos. Permite tambi\u00e9n realizar cambios remotos en nuestra c\u00e1mara como cambiar el lugar de enfoque, cambiar la sensibilidad, la menara de medici\u00f3n y un largo etc. de posibilidades e incluso enviar \u201cvolando\u201d las im\u00e1genes captadas a otro dispositivo pero ojo no es oro todo lo que reluce pues a veces surgen peque\u00f1os retrasos en la visi\u00f3n inal\u00e1mbrica, tambi\u00e9n peque\u00f1os retrasos en el disparo m\u00e1s el tiempo que hay entre disparos. Pero me parece interesante que os cuente cu\u00e1l ha sido mi experiencia en estos sistemas WI-FI.<\/p>\n<div id=\"attachment_1098\" style=\"width: 610px\" class=\"wp-caption aligncenter\"><img loading=\"lazy\" decoding=\"async\" aria-describedby=\"caption-attachment-1098\" class=\"wp-image-1098 size-full\" src=\"http:\/\/photojosebueno.com\/wp-content\/uploads\/2014\/09\/PlayMemories.jpg\" alt=\"Imagen pantalla de Ipad con el programa Play Memories\" width=\"600\" height=\"452\" srcset=\"https:\/\/photojosebueno.com\/wp-content\/uploads\/2014\/09\/PlayMemories.jpg 600w, https:\/\/photojosebueno.com\/wp-content\/uploads\/2014\/09\/PlayMemories-300x226.jpg 300w, https:\/\/photojosebueno.com\/wp-content\/uploads\/2014\/09\/PlayMemories-398x300.jpg 398w\" sizes=\"auto, (max-width: 600px) 100vw, 600px\" \/><p id=\"caption-attachment-1098\" class=\"wp-caption-text\">Imagen pantalla de Ipad con el programa Play Memories<\/p><\/div>\n<p style=\"text-align: justify;\">La primera prueba la realic\u00e9 con una c\u00e1mara Sony A7R y un tel\u00e9fono (hay APPs para Android y Apple). Este sistema basado en el programa Play Memories de Sony est\u00e1 un poco lejos de las necesidades de un profesional pues apenas se pueden realizar iteraciones remotas y adem\u00e1s en cuanto te alejas unos metros la se\u00f1al WI-FI deja de funcionar y por ende todo el sistema.<\/p>\n<div id=\"attachment_1097\" style=\"width: 810px\" class=\"wp-caption aligncenter\"><img loading=\"lazy\" decoding=\"async\" aria-describedby=\"caption-attachment-1097\" class=\"wp-image-1097 size-full\" src=\"http:\/\/photojosebueno.com\/wp-content\/uploads\/2014\/09\/Nikon2.jpg\" alt=\"Imagen pantalla de Ipad con el programa interno de la Nikon D4\" width=\"800\" height=\"603\" srcset=\"https:\/\/photojosebueno.com\/wp-content\/uploads\/2014\/09\/Nikon2.jpg 800w, https:\/\/photojosebueno.com\/wp-content\/uploads\/2014\/09\/Nikon2-300x226.jpg 300w, https:\/\/photojosebueno.com\/wp-content\/uploads\/2014\/09\/Nikon2-398x300.jpg 398w\" sizes=\"auto, (max-width: 800px) 100vw, 800px\" \/><p id=\"caption-attachment-1097\" class=\"wp-caption-text\">Imagen pantalla de Ipad con el programa interno de la Nikon D4<\/p><\/div>\n<p style=\"text-align: justify;\">M\u00e1s profesional me ha resultado el sistema de la Nikon D4 ya que conectando un sistema WI-FI en la conexi\u00f3n Ethernet, podemos acceder a trav\u00e9s de un navegador a un programa que lleva la propia c\u00e1mara. Este programa permite desde un amplio manejo de manera remota de nuestra c\u00e1mara, hasta solo ver y transmitir las im\u00e1genes tomadas a un ordenador o Ipad. Creo que llegado a este punto, es posible que tambi\u00e9n resulte interesante ver como y cuales son las opciones para disponer este sistema en nuestra c\u00e1mara y es por ello que tambi\u00e9n creo conveniente hacer otra entrada para hablar exclusivamente de este sistema y de c\u00f3mo implementarlo.<\/p>\n<p style=\"text-align: justify;\">Ambos sistemas permiten enviar una imagen en tama\u00f1o JPG a un dispositivo y esto que parece tener poca importancia a veces se puede rentabilizar mucho m\u00e1s de lo que pensamos. Imaginemos que estamos haciendo una sesi\u00f3n con unas directrices marcadas por los del pelo verde, me refiero a esos modernos artistas de la creatividad. Pues bien si no est\u00e1n en el estudio tiene sus ventajas pero tambi\u00e9n es importante que vayan dando su ok al trabajo que estamos realizando y si est\u00e1n al otro lado del mundo, podr\u00e1n ver en tiempo real esas im\u00e1genes con el \u00fanico inconveniente de la diferencia horaria. Esta idea seguro que a tu cliente le va a gustar adem\u00e1s de dar una imagen muy profesional. Por cierto que esta idea no es m\u00eda ya que la primera vez que me ofrecieron esta posibilidad fue con mi respaldo Phase One y un programa que funcionaba con Capture One.<\/p>\n<p style=\"text-align: justify;\">Tambi\u00e9n es cierto que en el caso de Sony los programas para WI-FI son gratuitos y seg\u00fan me han comentado est\u00e1n haciendo programas m\u00e1s potentes. Respecto a Nikon es de agradecer el sistema que trae en la c\u00e1mara si bien estar\u00eda mejor que el programa que tienen para control remoto estuviese incluido en la compra de c\u00e1maras cercanas o que superan los 6.000 euros pero como siempre pasa en las empresas grandes suelen mandar los reyes del marketing aunque se est\u00e9n equivocados.<\/p>\n<p style=\"text-align: justify;\"><img loading=\"lazy\" decoding=\"async\" class=\"alignleft wp-image-1091 size-medium\" src=\"http:\/\/photojosebueno.com\/wp-content\/uploads\/2014\/09\/DSC00218-300x200.jpg\" alt=\"DSC00218\" width=\"300\" height=\"200\" srcset=\"https:\/\/photojosebueno.com\/wp-content\/uploads\/2014\/09\/DSC00218-300x200.jpg 300w, https:\/\/photojosebueno.com\/wp-content\/uploads\/2014\/09\/DSC00218-450x300.jpg 450w, https:\/\/photojosebueno.com\/wp-content\/uploads\/2014\/09\/DSC00218.jpg 600w\" sizes=\"auto, (max-width: 300px) 100vw, 300px\" \/><\/p>\n<p style=\"text-align: justify;\">Con las experiencias relatadas, decid\u00ed hacer una sesi\u00f3n con el sistema remoto Nikon y una unidad <a title=\"Innovafoto Profoto B1\" href=\"http:\/\/www.innovafoto.com\/profoto_b1\/\" target=\"_blank\">Profoto B1<\/a> de 500W. Lo primero que hice fueron unas pruebas en parado para calcular \u00f3pticas necesarias as\u00ed como potencia del flash. Ya con los resultados m\u00e1s o menos claros y con todo instalado en un remolque porta bicicletas pero perfectamente anclado a un sistema Manfrotto y as\u00ed poder hacer disparos de manera c\u00f3moda desde el puesto de copiloto con un Ipad y el cintur\u00f3n de seguridad correctamente colocado e incluso con una mano libre para tomar un caf\u00e9 o un trago de agua.<\/p>\n<p style=\"text-align: justify;\"><img loading=\"lazy\" decoding=\"async\" class=\"aligncenter wp-image-1095 size-full\" src=\"http:\/\/photojosebueno.com\/wp-content\/uploads\/2014\/09\/JBM_9344.jpg\" alt=\"JBM_9344\" width=\"1657\" height=\"1122\" srcset=\"https:\/\/photojosebueno.com\/wp-content\/uploads\/2014\/09\/JBM_9344.jpg 1657w, https:\/\/photojosebueno.com\/wp-content\/uploads\/2014\/09\/JBM_9344-300x203.jpg 300w, https:\/\/photojosebueno.com\/wp-content\/uploads\/2014\/09\/JBM_9344-1024x693.jpg 1024w, https:\/\/photojosebueno.com\/wp-content\/uploads\/2014\/09\/JBM_9344-443x300.jpg 443w\" sizes=\"auto, (max-width: 1657px) 100vw, 1657px\" \/><\/p>\n<p style=\"text-align: justify;\"><img loading=\"lazy\" decoding=\"async\" class=\"alignright wp-image-1092 size-medium\" src=\"http:\/\/photojosebueno.com\/wp-content\/uploads\/2014\/09\/DSC01465-300x226.jpg\" alt=\"DSC01465\" width=\"300\" height=\"226\" srcset=\"https:\/\/photojosebueno.com\/wp-content\/uploads\/2014\/09\/DSC01465-300x226.jpg 300w, https:\/\/photojosebueno.com\/wp-content\/uploads\/2014\/09\/DSC01465-396x300.jpg 396w, https:\/\/photojosebueno.com\/wp-content\/uploads\/2014\/09\/DSC01465.jpg 857w\" sizes=\"auto, (max-width: 300px) 100vw, 300px\" \/><\/p>\n<p style=\"text-align: justify;\">Despu\u00e9s de resolver algunos imprevistos a la hora de la instalaci\u00f3n como que el porta bicicletas ten\u00eda una peque\u00f1a holgura producida entre la bola del remolque y la pieza que engancha el porta bicicletas. Esa peque\u00f1a holgura se podr\u00eda traducir en fotos movidas y no en movimiento que era lo que necesit\u00e1bamos. Con alguna correa tensionando por aqu\u00ed y otra tensionando por all\u00ed, conseguimos reducir casi a cero esas holguras y realizamos un peque\u00f1o recorrido con resultados de momento satisfactorios pero que estoy seguro llegar\u00e1n a ser mejorados y as\u00ed conseguir lo que busco, un sistema seguro y c\u00f3modo para el fot\u00f3grafo capaz de obtener excelentes im\u00e1genes sin poner en peligro nuestra integridad ni la del equipo y sin tener que enfadarse con ese amigo que quiso verte volar en sentido literal atentando contra tu seguridad.<\/p>\n<p style=\"text-align: justify;\">Esta sesi\u00f3n fue realizada a un Porsche 911 Targa 991, un coche muy fotog\u00e9nico y tanto la prueba como las fotos realizadas las puedes ver en la revista gratuita n\u00famero 6 de <a title=\"9republic\" href=\"http:\/\/www.9republic.com\/web\/\" target=\"_blank\">9republic.com<\/a><\/p>\n<p style=\"text-align: justify;\"><strong><span style=\"color: #cc99ff;\">Fly without flying<\/span><\/strong><\/p>\n<p style=\"text-align: justify;\"><span style=\"color: #cc99ff;\">A few years ago I happened to still remember an episode in some nightmare. It happened in a photo shoot she was doing for a car magazine, specifically we were testing the new Porsche Boxster RS 60 Spyder and so we asked for help from a good friend, at least until that day, to take me to copilot his new \u00a0convertible. The idea was simple, it only had to do the photos in the typical curved road at a safe speed. When we got to the intended site took off my belt (first mistake) and stood sitting back with my camera shooting moving pictures that precious car. In those moments I remember was totally focused on the funds, the car etc. but suddenly and without knowing why, my friend decided to take a spurt in the turn, if not yet to prove how good pilot was or if he really wanted to see me fly through the air, which of course got. The shock was such that for a moment I saw the precipice of the road as my last picture and it all happened so fast that definitely that way to get photos the dismissed forever since I belong to that kind of photographers who consider the most important aspect of the life that a picture good it is.<\/span><\/p>\n<p style=\"text-align: justify;\"><span style=\"color: #cc99ff;\">All this led me to other ways to make these sessions moving safely and as technology advances like to try if it is effective for my work because I am not photographer who likes boast of being stuck in the past, I think each time has its beauty and am aware that the past sometimes remember more glamorous than it actually had, but let these thoughts and go to the mess.<\/span><\/p>\n<p style=\"text-align: justify;\"><span style=\"color: #cc99ff;\">After this introduction, today I want to talk about the systems that let you fly orders, data and blow it blow us without us, I am referring to wireless systems known as tethering, wireless, etc.<\/span><\/p>\n<p style=\"text-align: justify;\"><span style=\"color: #cc99ff;\">The first system was started using the typical remote release to avoid camera shake in the famous photos with long exposure. It also came well in self-portraits, so fashionable today as selfies known who seem to have invented something to give it that name.<\/span><\/p>\n<p style=\"text-align: justify;\"><span style=\"color: #cc99ff;\">Later I replaced the happy studio cables going from the camera flashes heads by remote triggers, a luxury not to trip over the cables cursed.<\/span><\/p>\n<p style=\"text-align: justify;\"><span style=\"color: #cc99ff;\">Also you could combine the systems, a pate detail by the manufacturer, it is my last triggers Pocket Wizard brand are able to shoot and camera flashes.<\/span><\/p>\n<p style=\"text-align: justify;\"><span style=\"color: #cc99ff;\">But as technology advances, manufacturers tend to integrate wireless systems such as B1 system Profoto 500W, a head study valid for flash and even field thus leads to rechargeable batteries to work in places where there is no power but also has an integrated system to work remotely without wires. If we add the power and reload speed, this system is in my opinion the best designed for photography. So much so that soon dedicate an entry specified for this system is that exactly hits the market this month with TTL for Nikon incl.<\/span><\/p>\n<p style=\"text-align: justify;\"><span style=\"color: #cc99ff;\">Moreover the camera manufacturers have also made an effort to apply WI-FI technologies to new cameras that are appearing on the market. This technology allows us to make such shots from our camera remotely with a computer, a tablet or a phone, and with the advantage of seeing the scene frame etc. on the screens of those devices. Also allows remote changes to our camera as changing the place of focus, change the sensitivity, menara measurement and etc. possibilities and even send \u00abflying\u00bb the captured images to another device but eye is not gold that glitters sometimes arise because small delays in the wireless vision, also slight delays in shooting over the time between shots. But I find it interesting me tell you what my experience in these WI-FI systems.<\/span><\/p>\n<p style=\"text-align: justify;\"><span style=\"color: #cc99ff;\">The first test conducted with a Sony A7R and a telephone (there APPs for Android and Apple). This based on Sony Play Memories program system is a bit far from the needs of a professional just because you can perform remote iterations and also as you walk away a few feet the WI-FI signal goes down and therefore the whole system.<\/span><\/p>\n<p style=\"text-align: justify;\"><span style=\"color: #cc99ff;\">I have been more professional system of the Nikon D4 as connecting a WI-FI system on the Ethernet connection, we can access through a browser to a program which carries the camera. This program allows from an extensive remote management of our camera, to just view and transmit images to a computer taken or Ipad. I think at this point, you may also be interesting to see how and what are the options to have this system in our camera and that is why I also do another entry convenient to talk exclusively with this system and how to implement it.<\/span><\/p>\n<p style=\"text-align: justify;\"><span style=\"color: #cc99ff;\">Both systems allow you to send an image in JPG size to a device and this seems to have little importance can sometimes be much more profitable than we think. Suppose you are doing a session with the guidelines set by the green hair, I mean those modern artists creativity. Well if they are not in the studio it has its advantages but also important to be giving his ok to work we are doing and whether they are across the world, can see in real time the images with the only drawback of the time difference. This idea sure that your client will like in addition to a very professional image. Indeed, this idea is not mine since the first time I was offered this possibility was with my Phase One and a program that worked with Capture One.<\/span><\/p>\n<p style=\"text-align: justify;\"><span style=\"color: #cc99ff;\">It is also true that in the case of Sony programs are free WI-FI and as I have said are becoming more powerful programs. Regarding Nikon is thankful the system that brings in the chamber although it would be better than the program you have for remote control I were included in the purchase of nearby cameras or exceeding 6,000 euros but as always happens in large companies often send the kings of marketing even if you are wrong.<\/span><\/p>\n<p style=\"text-align: justify;\"><span style=\"color: #cc99ff;\">With the reported experiences, I decided to do a session with the remote system Nikon and B1 Profoto 500W unit. First thing I did was a test in standing necessary to calculate optical and flash power. Now with more or less clear results and all installed on a trailer bike carrier but perfectly attached to a Manfrotto system so you can comfortably make shots from the passenger seat of an Ipad and seat belt positioned correctly and even one hand free for a coffee or a drink of water.<\/span><\/p>\n<p style=\"text-align: justify;\"><span style=\"color: #cc99ff;\">After solving some unforeseen at the time of installation and the bike rack had produced a small clearance between the ball of the trailer and the part that engages the bike rack. That little slack could translate into blur and not moving that&#8217;s what we needed. With some belt tensioning here and another stressing about, we reduce to almost zero these clearances and did a small tour with satisfactory results now but I&#8217;m sure will become improved and well get what I want, a safe and convenient system photographer able to get great images without compromising our integrity or team without getting bogged down that friend who wanted to see you fly literally attacking your safety.<\/span><\/p>\n<p style=\"text-align: justify;\"><span style=\"color: #cc99ff;\">This session was conducted at a 991 Porsche 911 Targa, a very photogenic car and both test photos taken as you can see in the free magazine number 6 <a title=\"9republic\" href=\"http:\/\/9republic.com\" target=\"_blank\">9republic.com<\/a><\/span><\/p>\n<p style=\"text-align: justify;\">\n","protected":false},"excerpt":{"rendered":"<p>Hace unos a\u00f1os me ocurri\u00f3 un episodio que todav\u00eda recuerdo en alguna pesadilla. Ocurri\u00f3 en una sesi\u00f3n de fotos que estaba haciendo para una revista de coches, en concreto est\u00e1bamos probando el nuevo Porsche Boxster RS 60 Spyder y para ello le ped\u00ed ayuda a un buen amigo, al menos hasta ese d\u00eda, para que [&hellip;]<\/p>\n","protected":false},"author":1,"featured_media":0,"parent":0,"menu_order":0,"comment_status":"closed","ping_status":"closed","template":"","meta":{"footnotes":""},"class_list":["post-1748","page","type-page","status-publish","hentry"],"_links":{"self":[{"href":"https:\/\/www.photojosebueno.com\/index.php?rest_route=\/wp\/v2\/pages\/1748","targetHints":{"allow":["GET"]}}],"collection":[{"href":"https:\/\/www.photojosebueno.com\/index.php?rest_route=\/wp\/v2\/pages"}],"about":[{"href":"https:\/\/www.photojosebueno.com\/index.php?rest_route=\/wp\/v2\/types\/page"}],"author":[{"embeddable":true,"href":"https:\/\/www.photojosebueno.com\/index.php?rest_route=\/wp\/v2\/users\/1"}],"replies":[{"embeddable":true,"href":"https:\/\/www.photojosebueno.com\/index.php?rest_route=%2Fwp%2Fv2%2Fcomments&post=1748"}],"version-history":[{"count":3,"href":"https:\/\/www.photojosebueno.com\/index.php?rest_route=\/wp\/v2\/pages\/1748\/revisions"}],"predecessor-version":[{"id":1751,"href":"https:\/\/www.photojosebueno.com\/index.php?rest_route=\/wp\/v2\/pages\/1748\/revisions\/1751"}],"wp:attachment":[{"href":"https:\/\/www.photojosebueno.com\/index.php?rest_route=%2Fwp%2Fv2%2Fmedia&parent=1748"}],"curies":[{"name":"wp","href":"https:\/\/api.w.org\/{rel}","templated":true}]}}