{"id":1741,"date":"2017-04-08T20:47:37","date_gmt":"2017-04-08T18:47:37","guid":{"rendered":"http:\/\/www.photojosebueno.com\/?page_id=1741"},"modified":"2017-04-08T21:35:53","modified_gmt":"2017-04-08T19:35:53","slug":"hoy-no-toca-fotografia-o-si","status":"publish","type":"page","link":"https:\/\/www.photojosebueno.com\/?page_id=1741","title":{"rendered":"HOY NO TOCA FOTOGRAF\u00cdA  \u2026 O S\u00cd"},"content":{"rendered":"<p style=\"text-align: justify;\">Llevo varios a\u00f1os\u00a0realizando\u00a0una colaboraci\u00f3n\u00a0altruista\u00a0de\u00a0una carrera de perros, un evento en el que tengo que hacer\u00a0fotograf\u00eda\u00a0social, captando im\u00e1genes fundamentalmente del gente famosa af\u00edn a los animales. Un evento en el que adem\u00e1s de reunir a diversas actividades del mundo animal, perros y gatos fundamentalmente, no pod\u00eda faltar las carpas con todas las ASOCIACIONES con may\u00fasculas que acogen a esos animales que de manera incre\u00edble alg\u00fan ser humano los ha maltratado o abandonado, algo por cierto, solo creo capaz a los de mi misma especie y es que el ser humano es capaz de lo mejor y de lo peor y en esta ocasi\u00f3n siento verg\u00fcenza de pertenecer a esta especie.<\/p>\n<p style=\"text-align: justify;\"><img loading=\"lazy\" decoding=\"async\" class=\"aligncenter wp-image-1118 size-full\" src=\"http:\/\/photojosebueno.com\/wp-content\/uploads\/2014\/10\/JBM2788.jpg\" alt=\"\" width=\"872\" height=\"872\" srcset=\"https:\/\/photojosebueno.com\/wp-content\/uploads\/2014\/10\/JBM2788.jpg 872w, https:\/\/photojosebueno.com\/wp-content\/uploads\/2014\/10\/JBM2788-150x150.jpg 150w, https:\/\/photojosebueno.com\/wp-content\/uploads\/2014\/10\/JBM2788-300x300.jpg 300w\" sizes=\"auto, (max-width: 872px) 100vw, 872px\" \/><\/p>\n<p style=\"text-align: justify;\">Afortunadamente en el extremo opuesto est\u00e1n esos humanos que dedican su tiempo libre e incluso mucho m\u00e1s a recoger y mantener con mucho cari\u00f1o a seres que tanto dan y siempre a cambio de nada. MIL GRACIAS POR SER ASI.<\/p>\n<p style=\"text-align: justify;\">Hoy solo quiero exponer unas fotograf\u00edas tomadas esta ma\u00f1ana de unos preciosos perros de distintas edades, con sus distintas historias que alguna he de reconocer me ha hecho soltar m\u00e1s de una l\u00e1grima.<\/p>\n<p style=\"text-align: justify;\">En esta entrada lo \u00fanico que dir\u00e9 sobre fotograf\u00eda es que en estas fotos no he usado ni una sola vez el flash y es que unos seres tan maltratados el flash les puede asustar. Te agradezco la lectura de esta entrada y te pido que tan solo mires a los ojos de estos \u201camigos del hombre\u201d y que alguno por ejemplo ha sido abandonado por su sordera o maltratado por alg\u00fan energ\u00fameno.<\/p>\n<p style=\"text-align: justify;\">Solo te pido que les mires a los ojos y si puedes ayudar a estas ASOCIACIONES e incluso mejor puedes adoptar alguna de estas preciosidades \u2026 no lo dudes pero por favor nunca abandones a un ser tan desprotegido y nunca lo maltrates.<\/p>\n<p style=\"text-align: justify;\">El evento ha sido\u00a0en el Parque del Retiro de Madrid. A continuaci\u00f3n pongo enlace a \u00a0todas las Asociaciones all\u00ed presentes y si \u00a0puedes pasar por sus p\u00e1ginas e incluso colaborar seguro que lo agradecer\u00e1n. GRACIAS<\/p>\n<p>APAP Alcal\u00e1 \u2013\u00a0<a href=\"http:\/\/www.apap-alcala.org\" target=\"_blank\">www.apap-alcala.org<\/a>,\u00a0La Voz Animal \u2013\u00a0<a href=\"http:\/\/www.lavozanimal.com\" target=\"_blank\">www.lavozanimal.com<\/a>,\u00a0ALBA \u2013\u00a0<a href=\"http:\/\/www.albaonline.org\" target=\"_blank\">www.albaonline.org<\/a>,\u00a0Fundaci\u00f3n el Arca de No\u00e9 \u2013\u00a0<a href=\"http:\/\/www.fundacionelarcadenoe.com\" target=\"_blank\">www.fundacionelarcadenoe.com<\/a>,\u00a0PROA \u2013\u00a0<a href=\"http:\/\/www.proaweb.org\" target=\"_blank\">www.proaweb.org<\/a>,\u00a0ANAA \u2013\u00a0<a href=\"http:\/\/www.anaaweb.org\" target=\"_blank\">www.anaaweb.org<\/a>,\u00a0ACUNR \u2013\u00a0<a href=\"http:\/\/www.acunr.com\" target=\"_blank\">www.acunr.com<\/a>,\u00a0Centro de Acogida \u2013\u00a0<a href=\"http:\/\/www.centrodeacogida.org\" target=\"_blank\">www.centrodeacogida.org<\/a><\/p>\n<p style=\"text-align: justify;\"><img loading=\"lazy\" decoding=\"async\" class=\"aligncenter wp-image-1116 size-full\" src=\"http:\/\/photojosebueno.com\/wp-content\/uploads\/2014\/10\/JBM2772.jpg\" alt=\"_JBM2772\" width=\"872\" height=\"872\" srcset=\"https:\/\/photojosebueno.com\/wp-content\/uploads\/2014\/10\/JBM2772.jpg 872w, https:\/\/photojosebueno.com\/wp-content\/uploads\/2014\/10\/JBM2772-150x150.jpg 150w, https:\/\/photojosebueno.com\/wp-content\/uploads\/2014\/10\/JBM2772-300x300.jpg 300w\" sizes=\"auto, (max-width: 872px) 100vw, 872px\" \/><img loading=\"lazy\" decoding=\"async\" class=\"aligncenter wp-image-1117 size-full\" src=\"http:\/\/photojosebueno.com\/wp-content\/uploads\/2014\/10\/JBM2787.jpg\" alt=\"_JBM2787\" width=\"872\" height=\"872\" srcset=\"https:\/\/photojosebueno.com\/wp-content\/uploads\/2014\/10\/JBM2787.jpg 872w, https:\/\/photojosebueno.com\/wp-content\/uploads\/2014\/10\/JBM2787-150x150.jpg 150w, https:\/\/photojosebueno.com\/wp-content\/uploads\/2014\/10\/JBM2787-300x300.jpg 300w\" sizes=\"auto, (max-width: 872px) 100vw, 872px\" \/><br \/>\n<img loading=\"lazy\" decoding=\"async\" class=\"aligncenter wp-image-1119 size-full\" src=\"http:\/\/photojosebueno.com\/wp-content\/uploads\/2014\/10\/JBM2800.jpg\" alt=\"_JBM2800\" width=\"872\" height=\"872\" srcset=\"https:\/\/photojosebueno.com\/wp-content\/uploads\/2014\/10\/JBM2800.jpg 872w, https:\/\/photojosebueno.com\/wp-content\/uploads\/2014\/10\/JBM2800-150x150.jpg 150w, https:\/\/photojosebueno.com\/wp-content\/uploads\/2014\/10\/JBM2800-300x300.jpg 300w\" sizes=\"auto, (max-width: 872px) 100vw, 872px\" \/><img loading=\"lazy\" decoding=\"async\" class=\"aligncenter wp-image-1120 size-full\" src=\"http:\/\/photojosebueno.com\/wp-content\/uploads\/2014\/10\/JBM2807.jpg\" alt=\"_JBM2807\" width=\"872\" height=\"872\" srcset=\"https:\/\/photojosebueno.com\/wp-content\/uploads\/2014\/10\/JBM2807.jpg 872w, https:\/\/photojosebueno.com\/wp-content\/uploads\/2014\/10\/JBM2807-150x150.jpg 150w, https:\/\/photojosebueno.com\/wp-content\/uploads\/2014\/10\/JBM2807-300x300.jpg 300w\" sizes=\"auto, (max-width: 872px) 100vw, 872px\" \/><img loading=\"lazy\" decoding=\"async\" class=\"aligncenter wp-image-1121 size-full\" src=\"http:\/\/photojosebueno.com\/wp-content\/uploads\/2014\/10\/JBM2819.jpg\" alt=\"_JBM2819\" width=\"872\" height=\"872\" srcset=\"https:\/\/photojosebueno.com\/wp-content\/uploads\/2014\/10\/JBM2819.jpg 872w, https:\/\/photojosebueno.com\/wp-content\/uploads\/2014\/10\/JBM2819-150x150.jpg 150w, https:\/\/photojosebueno.com\/wp-content\/uploads\/2014\/10\/JBM2819-300x300.jpg 300w\" sizes=\"auto, (max-width: 872px) 100vw, 872px\" \/><img loading=\"lazy\" decoding=\"async\" class=\"aligncenter wp-image-1122 size-full\" src=\"http:\/\/photojosebueno.com\/wp-content\/uploads\/2014\/10\/JBM2832.jpg\" alt=\"_JBM2832\" width=\"872\" height=\"872\" srcset=\"https:\/\/photojosebueno.com\/wp-content\/uploads\/2014\/10\/JBM2832.jpg 872w, https:\/\/photojosebueno.com\/wp-content\/uploads\/2014\/10\/JBM2832-150x150.jpg 150w, https:\/\/photojosebueno.com\/wp-content\/uploads\/2014\/10\/JBM2832-300x300.jpg 300w\" sizes=\"auto, (max-width: 872px) 100vw, 872px\" \/><img loading=\"lazy\" decoding=\"async\" class=\"aligncenter wp-image-1123 size-full\" src=\"http:\/\/photojosebueno.com\/wp-content\/uploads\/2014\/10\/JBM2841.jpg\" alt=\"_JBM2841\" width=\"872\" height=\"872\" srcset=\"https:\/\/photojosebueno.com\/wp-content\/uploads\/2014\/10\/JBM2841.jpg 872w, https:\/\/photojosebueno.com\/wp-content\/uploads\/2014\/10\/JBM2841-150x150.jpg 150w, https:\/\/photojosebueno.com\/wp-content\/uploads\/2014\/10\/JBM2841-300x300.jpg 300w\" sizes=\"auto, (max-width: 872px) 100vw, 872px\" \/><img loading=\"lazy\" decoding=\"async\" class=\"aligncenter wp-image-1124 size-full\" src=\"http:\/\/photojosebueno.com\/wp-content\/uploads\/2014\/10\/JBM2845.jpg\" alt=\"_JBM2845\" width=\"872\" height=\"872\" srcset=\"https:\/\/photojosebueno.com\/wp-content\/uploads\/2014\/10\/JBM2845.jpg 872w, https:\/\/photojosebueno.com\/wp-content\/uploads\/2014\/10\/JBM2845-150x150.jpg 150w, https:\/\/photojosebueno.com\/wp-content\/uploads\/2014\/10\/JBM2845-300x300.jpg 300w\" sizes=\"auto, (max-width: 872px) 100vw, 872px\" \/><img loading=\"lazy\" decoding=\"async\" class=\"aligncenter wp-image-1125 size-full\" src=\"http:\/\/photojosebueno.com\/wp-content\/uploads\/2014\/10\/JBM2848.jpg\" alt=\"_JBM2848\" width=\"872\" height=\"872\" srcset=\"https:\/\/photojosebueno.com\/wp-content\/uploads\/2014\/10\/JBM2848.jpg 872w, https:\/\/photojosebueno.com\/wp-content\/uploads\/2014\/10\/JBM2848-150x150.jpg 150w, https:\/\/photojosebueno.com\/wp-content\/uploads\/2014\/10\/JBM2848-300x300.jpg 300w\" sizes=\"auto, (max-width: 872px) 100vw, 872px\" \/><img loading=\"lazy\" decoding=\"async\" class=\"aligncenter wp-image-1126 size-full\" src=\"http:\/\/photojosebueno.com\/wp-content\/uploads\/2014\/10\/JBM2849.jpg\" alt=\"_JBM2849\" width=\"872\" height=\"872\" srcset=\"https:\/\/photojosebueno.com\/wp-content\/uploads\/2014\/10\/JBM2849.jpg 872w, https:\/\/photojosebueno.com\/wp-content\/uploads\/2014\/10\/JBM2849-150x150.jpg 150w, https:\/\/photojosebueno.com\/wp-content\/uploads\/2014\/10\/JBM2849-300x300.jpg 300w\" sizes=\"auto, (max-width: 872px) 100vw, 872px\" \/><img loading=\"lazy\" decoding=\"async\" class=\"aligncenter wp-image-1127 size-full\" src=\"http:\/\/photojosebueno.com\/wp-content\/uploads\/2014\/10\/JBM2855.jpg\" alt=\"_JBM2855\" width=\"872\" height=\"872\" srcset=\"https:\/\/photojosebueno.com\/wp-content\/uploads\/2014\/10\/JBM2855.jpg 872w, https:\/\/photojosebueno.com\/wp-content\/uploads\/2014\/10\/JBM2855-150x150.jpg 150w, https:\/\/photojosebueno.com\/wp-content\/uploads\/2014\/10\/JBM2855-300x300.jpg 300w\" sizes=\"auto, (max-width: 872px) 100vw, 872px\" \/><img loading=\"lazy\" decoding=\"async\" class=\"aligncenter wp-image-1128 size-full\" src=\"http:\/\/photojosebueno.com\/wp-content\/uploads\/2014\/10\/JBM2860.jpg\" alt=\"_JBM2860\" width=\"872\" height=\"872\" srcset=\"https:\/\/photojosebueno.com\/wp-content\/uploads\/2014\/10\/JBM2860.jpg 872w, https:\/\/photojosebueno.com\/wp-content\/uploads\/2014\/10\/JBM2860-150x150.jpg 150w, https:\/\/photojosebueno.com\/wp-content\/uploads\/2014\/10\/JBM2860-300x300.jpg 300w\" sizes=\"auto, (max-width: 872px) 100vw, 872px\" \/><\/p>\n<p><span style=\"color: #cc99ff;\"><strong>Today does not touch or photograph &#8230; yes<\/strong><\/span><\/p>\n<p style=\"text-align: justify;\"><span style=\"color: #cc99ff;\">I have been doing an altruistic collaboration of a dog race for several years, an event in which I have to do social photography, capturing images fundamentally of the famous people related to the animals. An event in which in addition to bringing together diverse activities of the animal world, dogs and cats fundamentally, could not miss the tents with all the associations with capital letters that welcome those animals that in an incredible way some human has mistreated or abandoned them, something By the way, I only think capable of the same species and is that the human being is capable of the best and the worst and this time I feel ashamed to belong to this species.<\/span><\/p>\n<p style=\"text-align: justify;\"><span style=\"color: #cc99ff;\">Fortunately at the opposite end are those humans who devote their free time and even more to collect and maintain fondly loved so much and always give nothing. THANKS FOR BEING SO.<\/span><\/p>\n<p style=\"text-align: justify;\"><span style=\"color: #cc99ff;\">Today I just want to expose some photos taken this morning in beautiful dogs of different ages, with different stories that some have to admit made \u200b\u200bme more of a tear drop.<\/span><\/p>\n<p style=\"text-align: justify;\"><span style=\"color: #cc99ff;\">In this post I&#8217;ll tell you all about photography is that these pictures have not used even once the flash is that beings so abused the flash can scare them. I thank you for reading this post and ask you to just look at the eyes of these \u00abfriends of man\u00bb and that any such has been abandoned by his deafness or mistreated by a madman.<\/span><\/p>\n<p style=\"text-align: justify;\"><span style=\"color: #cc99ff;\">I ask only that you look into his eyes and if you can help these ASSOCIATIONS and even better you can take one of these beauties &#8230; do not hesitate but please never give to be so unprotected and never mistreat.<\/span><\/p>\n<p style=\"text-align: justify;\"><span style=\"color: #cc99ff;\">The event has been in the Retiro Park in Madrid. Then I put link to all Associations were present and if you can go through your pages and even collaborate sure appreciate it. Thank you<\/span><\/p>\n<p style=\"text-align: justify;\">\n","protected":false},"excerpt":{"rendered":"<p>Llevo varios a\u00f1os\u00a0realizando\u00a0una colaboraci\u00f3n\u00a0altruista\u00a0de\u00a0una carrera de perros, un evento en el que tengo que hacer\u00a0fotograf\u00eda\u00a0social, captando im\u00e1genes fundamentalmente del gente famosa af\u00edn a los animales. Un evento en el que adem\u00e1s de reunir a diversas actividades del mundo animal, perros y gatos fundamentalmente, no pod\u00eda faltar las carpas con todas las ASOCIACIONES con may\u00fasculas que [&hellip;]<\/p>\n","protected":false},"author":1,"featured_media":0,"parent":0,"menu_order":0,"comment_status":"closed","ping_status":"closed","template":"","meta":{"footnotes":""},"class_list":["post-1741","page","type-page","status-publish","hentry"],"_links":{"self":[{"href":"https:\/\/www.photojosebueno.com\/index.php?rest_route=\/wp\/v2\/pages\/1741","targetHints":{"allow":["GET"]}}],"collection":[{"href":"https:\/\/www.photojosebueno.com\/index.php?rest_route=\/wp\/v2\/pages"}],"about":[{"href":"https:\/\/www.photojosebueno.com\/index.php?rest_route=\/wp\/v2\/types\/page"}],"author":[{"embeddable":true,"href":"https:\/\/www.photojosebueno.com\/index.php?rest_route=\/wp\/v2\/users\/1"}],"replies":[{"embeddable":true,"href":"https:\/\/www.photojosebueno.com\/index.php?rest_route=%2Fwp%2Fv2%2Fcomments&post=1741"}],"version-history":[{"count":4,"href":"https:\/\/www.photojosebueno.com\/index.php?rest_route=\/wp\/v2\/pages\/1741\/revisions"}],"predecessor-version":[{"id":1747,"href":"https:\/\/www.photojosebueno.com\/index.php?rest_route=\/wp\/v2\/pages\/1741\/revisions\/1747"}],"wp:attachment":[{"href":"https:\/\/www.photojosebueno.com\/index.php?rest_route=%2Fwp%2Fv2%2Fmedia&parent=1741"}],"curies":[{"name":"wp","href":"https:\/\/api.w.org\/{rel}","templated":true}]}}