{"id":1728,"date":"2017-04-08T14:55:39","date_gmt":"2017-04-08T14:55:39","guid":{"rendered":"http:\/\/www.photojosebueno.com\/?page_id=1728"},"modified":"2017-04-08T14:55:39","modified_gmt":"2017-04-08T14:55:39","slug":"un-paseo-por-londres","status":"publish","type":"page","link":"https:\/\/www.photojosebueno.com\/?page_id=1728","title":{"rendered":"UN PASEO POR LONDRES"},"content":{"rendered":"<div id=\"attachment_1145\" style=\"width: 1267px\" class=\"wp-caption aligncenter\"><img loading=\"lazy\" decoding=\"async\" aria-describedby=\"caption-attachment-1145\" class=\"wp-image-1145 size-full\" src=\"http:\/\/photojosebueno.com\/wp-content\/uploads\/2014\/10\/DSC02740.jpg\" alt=\"Sony A7R - Carl Zeiss 25mm. - 1\/32s. - f:n.a - ISO 200\" width=\"1257\" height=\"857\" srcset=\"https:\/\/photojosebueno.com\/wp-content\/uploads\/2014\/10\/DSC02740.jpg 1257w, https:\/\/photojosebueno.com\/wp-content\/uploads\/2014\/10\/DSC02740-300x204.jpg 300w, https:\/\/photojosebueno.com\/wp-content\/uploads\/2014\/10\/DSC02740-1024x698.jpg 1024w, https:\/\/photojosebueno.com\/wp-content\/uploads\/2014\/10\/DSC02740-440x300.jpg 440w\" sizes=\"auto, (max-width: 1257px) 100vw, 1257px\" \/><p id=\"caption-attachment-1145\" class=\"wp-caption-text\">Sony A7R &#8211; Carl Zeiss 25mm. &#8211; 1\/320s. &#8211; f:n.a &#8211; ISO 200<\/p><\/div>\n<p style=\"text-align: justify;\">En esta ocasi\u00f3n \u00a0voy a relatar mis experiencias en un viaje en el que el motivo principal era asistir al Circuito de Brands Hats para ver la \u00faltima carrera de la Porsche CUP GB en la que participaban dos buenos amigos y pilotos, Pepe Massot y V\u00edctor Jim\u00e9nez.<\/p>\n<p style=\"text-align: justify;\">En esta ocasi\u00f3n ten\u00eda acceso a la zona de paddock gracias a mis amigos pues ni tan siquiera intent\u00e9 acreditarme como profesional y es que hace un a\u00f1o lo intent\u00e9 y mi seguro de responsabilidad civil estaba lejos de los millones de libras que piden a los profesionales de la fotograf\u00eda. No se si piensan que en alg\u00fan momento podamos matar a alguien con nuestra c\u00e1mara. Lo que yo pienso sin acusar a nadie es que quiz\u00e1s sea una forma de utilizar solo a ciertos fot\u00f3grafos relacionados con la organizaci\u00f3n, eso al menos es lo que me coment\u00f3 un colega que estaba con su 200-400mm. fuera de la valla con el resto de espectadores.<\/p>\n<p style=\"text-align: justify;\">He trabajado en muchos circuitos y es normal que pidan la solicitud por parte del medio de la correspondiente acreditaci\u00f3n, tambi\u00e9n algunos trabajos publicados por parte del fot\u00f3grafo, el carnet internacional de prensa, el seguro de responsabilidad civil civilizado en cuanto a importes e incluso un seguro de accidentes espec\u00edfico para el desarrollo de mi profesi\u00f3n. Pero al menos en este circuito o ampl\u00edas el importe de responsabilidad civil al importe que dicen o mejor te dedicas hacer turismo y eso precisamente es lo que hice unos d\u00edas por Londres si bien tambi\u00e9n me pas\u00e9 como asistente a dar \u00e1nimo a mis amigos.<\/p>\n<p style=\"text-align: justify;\">Acostumbrado a tener claro que equipo llevar para mi trabajo, en este caso tuve muchas dudas ya que no quer\u00eda ir muy cargado para unas mini vacaciones.<\/p>\n<div id=\"attachment_1148\" style=\"width: 1267px\" class=\"wp-caption aligncenter\"><img loading=\"lazy\" decoding=\"async\" aria-describedby=\"caption-attachment-1148\" class=\"wp-image-1148 size-full\" src=\"http:\/\/photojosebueno.com\/wp-content\/uploads\/2014\/10\/DSC02632.jpg\" alt=\"Sony A7R - Carl Zeiss 55mm. f 1.8 - 1\/1600s. - f:1.8 - ISO 200\" width=\"1257\" height=\"857\" srcset=\"https:\/\/photojosebueno.com\/wp-content\/uploads\/2014\/10\/DSC02632.jpg 1257w, https:\/\/photojosebueno.com\/wp-content\/uploads\/2014\/10\/DSC02632-300x204.jpg 300w, https:\/\/photojosebueno.com\/wp-content\/uploads\/2014\/10\/DSC02632-1024x698.jpg 1024w, https:\/\/photojosebueno.com\/wp-content\/uploads\/2014\/10\/DSC02632-440x300.jpg 440w\" sizes=\"auto, (max-width: 1257px) 100vw, 1257px\" \/><p id=\"caption-attachment-1148\" class=\"wp-caption-text\">Sony A7R &#8211; Carl Zeiss 55mm. &#8211; 1\/1600s. &#8211; f:1.8 &#8211; ISO 200<\/p><\/div>\n<p style=\"text-align: justify;\">Despu\u00e9s de muchas dudas, me decid\u00ed a llevar la Sony A7R con el Zeiss 55mm f:1.8, un objetivo que me tiene enamorado pero que quiz\u00e1s se quedase largo para ciertas tomas o corto en alg\u00fan momento. Pues bien tambi\u00e9n ech\u00e9 a la bolsa el Zeiss 25mm, y el Leica R Summicron 90mm. y por supuesto el adaptador Metabones ya que estas \u00f3pticas llevan la bayoneta de Nikon. Aunque parezca una tonter\u00eda el peso se nota al menos en esta ocasi\u00f3n que acud\u00eda con un problema de rodilla. Es cierto que una opci\u00f3n era llevar el Sony 28-70mm pero su falta de luminosidad no me convenc\u00eda en una ciudad tan famosa por su apagada luz.<\/p>\n<p style=\"text-align: justify;\">La Sony A7R ha superado con creces el viaje pues su calidad es excelente, especialmente con el Zeiss 55mm. f:1.8 ya probado en este blog hace un tiempo.<\/p>\n<div id=\"attachment_1140\" style=\"width: 1210px\" class=\"wp-caption aligncenter\"><img loading=\"lazy\" decoding=\"async\" aria-describedby=\"caption-attachment-1140\" class=\"wp-image-1140 size-full\" src=\"http:\/\/photojosebueno.com\/wp-content\/uploads\/2014\/10\/DSC02630.jpg\" alt=\"Westminster con ampliaci\u00f3n para ver detalle Sony A7R - Carl Zeiss 55mm. f 1.8 - 1\/8000s. - f:1.8 - ISO 200\" width=\"1200\" height=\"914\" srcset=\"https:\/\/photojosebueno.com\/wp-content\/uploads\/2014\/10\/DSC02630.jpg 1200w, https:\/\/photojosebueno.com\/wp-content\/uploads\/2014\/10\/DSC02630-300x228.jpg 300w, https:\/\/photojosebueno.com\/wp-content\/uploads\/2014\/10\/DSC02630-1024x779.jpg 1024w, https:\/\/photojosebueno.com\/wp-content\/uploads\/2014\/10\/DSC02630-393x300.jpg 393w\" sizes=\"auto, (max-width: 1200px) 100vw, 1200px\" \/><p id=\"caption-attachment-1140\" class=\"wp-caption-text\">Westminster con ampliaci\u00f3n para ver detalle<br \/> Sony A7R &#8211; Carl Zeiss 55mm. &#8211; 1\/8000s. &#8211; f:1.8 &#8211; ISO 200<\/p><\/div>\n<div id=\"attachment_1142\" style=\"width: 1267px\" class=\"wp-caption aligncenter\"><img loading=\"lazy\" decoding=\"async\" aria-describedby=\"caption-attachment-1142\" class=\"wp-image-1142 size-full\" src=\"http:\/\/photojosebueno.com\/wp-content\/uploads\/2014\/10\/DSC02668.jpg\" alt=\"Sony A7R - Carl Zeiss 55mm. f 1.8 - 1\/400s. - f:3.2 - ISO 200\" width=\"1257\" height=\"857\" srcset=\"https:\/\/photojosebueno.com\/wp-content\/uploads\/2014\/10\/DSC02668.jpg 1257w, https:\/\/photojosebueno.com\/wp-content\/uploads\/2014\/10\/DSC02668-300x204.jpg 300w, https:\/\/photojosebueno.com\/wp-content\/uploads\/2014\/10\/DSC02668-1024x698.jpg 1024w, https:\/\/photojosebueno.com\/wp-content\/uploads\/2014\/10\/DSC02668-440x300.jpg 440w\" sizes=\"auto, (max-width: 1257px) 100vw, 1257px\" \/><p id=\"caption-attachment-1142\" class=\"wp-caption-text\">Sony A7R &#8211; Carl Zeiss 55mm. &#8211; 1\/400s. &#8211; f:3.2 &#8211; ISO 200<\/p><\/div>\n<p style=\"text-align: justify;\">El Zeiss 55 hace un perfecto matrimonio con la Zony A7R pues incluso en situaciones complicadas con duros contraluces, ha dado la talla sin dudas en el enfoque y con unos colores preciosos sin olvidar su excelente definici\u00f3n. Un objetivo perfecto para muchas de las fotos que he realizado si bien es cierto que en ocasiones echaba de menos el angular. He pensando en el 35mm. de Zeiss pero se me antoja poco angular y en mi opini\u00f3n hubiese sido m\u00e1s acertado comercializar un 25mm. pero afortunadamente ese objetivo lo tengo tambi\u00e9n de la prestigiosa marca Zeiss. pero con bayoneta Nikon y manual. Pero antes de comentar como me ha ido con ese objetivo y para terminar sobre el Zeiss 55, dir\u00e9 que tambi\u00e9n me encanta su bucket, su desenfoque cremoso (ver la primera foto de esta entrada) me encanta y soy consciente que este tema es muy subjetivo.<\/p>\n<div id=\"attachment_1144\" style=\"width: 1267px\" class=\"wp-caption aligncenter\"><img loading=\"lazy\" decoding=\"async\" aria-describedby=\"caption-attachment-1144\" class=\"wp-image-1144 size-full\" src=\"http:\/\/photojosebueno.com\/wp-content\/uploads\/2014\/10\/DSC02721.jpg\" alt=\"Sony A7R - Carl Zeiss 25mm. f n.a. - 1\/16s. - f:1.8 - ISO 800\" width=\"1257\" height=\"857\" srcset=\"https:\/\/photojosebueno.com\/wp-content\/uploads\/2014\/10\/DSC02721.jpg 1257w, https:\/\/photojosebueno.com\/wp-content\/uploads\/2014\/10\/DSC02721-300x204.jpg 300w, https:\/\/photojosebueno.com\/wp-content\/uploads\/2014\/10\/DSC02721-1024x698.jpg 1024w, https:\/\/photojosebueno.com\/wp-content\/uploads\/2014\/10\/DSC02721-440x300.jpg 440w\" sizes=\"auto, (max-width: 1257px) 100vw, 1257px\" \/><p id=\"caption-attachment-1144\" class=\"wp-caption-text\">Sony A7R &#8211; Carl Zeiss 25mm. f n.a. &#8211; 1\/16s. \u00a0&#8211; ISO 800<\/p><\/div>\n<div id=\"attachment_1141\" style=\"width: 1267px\" class=\"wp-caption aligncenter\"><img loading=\"lazy\" decoding=\"async\" aria-describedby=\"caption-attachment-1141\" class=\"wp-image-1141 size-full\" src=\"http:\/\/photojosebueno.com\/wp-content\/uploads\/2014\/10\/DSC02643.jpg\" alt=\"Sony A7R - Carl Zeiss 25mm. f 1.8 - 1\/160s. - f:n.a. - ISO 200\" width=\"1257\" height=\"857\" srcset=\"https:\/\/photojosebueno.com\/wp-content\/uploads\/2014\/10\/DSC02643.jpg 1257w, https:\/\/photojosebueno.com\/wp-content\/uploads\/2014\/10\/DSC02643-300x204.jpg 300w, https:\/\/photojosebueno.com\/wp-content\/uploads\/2014\/10\/DSC02643-1024x698.jpg 1024w, https:\/\/photojosebueno.com\/wp-content\/uploads\/2014\/10\/DSC02643-440x300.jpg 440w\" sizes=\"auto, (max-width: 1257px) 100vw, 1257px\" \/><p id=\"caption-attachment-1141\" class=\"wp-caption-text\">Sony A7R &#8211; Carl Zeiss 25mm. &#8211; 1\/160s. &#8211; f:n.a. &#8211; ISO 200<\/p><\/div>\n<p style=\"text-align: justify;\">Como comentaba en el p\u00e1rrafo anterior, el Zeiss 55mm. es perfecto pero para muchas fotos utilic\u00e9 el Zeiss 25mm. que tanto me gusta por su enfoque desde 1,7 cm., si has le\u00eddo bien, algo menos de 2 cm. Lo que a veces te permite hacer fotos distintas e incre\u00edbles. Este objetivo adem\u00e1s siendo un gran angular de verdad, apenas deforma las l\u00edneas extremas y se consigue un color que me encanta. Tambi\u00e9n soy consciente que esto luego se puede modificar con el \u201crevelado inform\u00e1tico\u201d pero me gusta muchos m\u00e1s que sea la toma si modificaciones la que me enamore. Respecto al enfoque es algo que en un gran angular a veces es menos importante pero no siempre ya que si enfocas algo muy cercano tambi\u00e9n se consiguen fotos con un precioso bucket.<\/p>\n<p style=\"text-align: justify;\">Tambi\u00e9n llevaba en la bolsa un Leica R 90mm. que en su d\u00eda adapt\u00e9 su bayoneta a Nikon y que con el adaptador Metabones, pude utilizar sin problemas con la Sony A7R. igual que el Zeiss 25mm.<\/p>\n<div id=\"attachment_1138\" style=\"width: 1267px\" class=\"wp-caption aligncenter\"><img loading=\"lazy\" decoding=\"async\" aria-describedby=\"caption-attachment-1138\" class=\"wp-image-1138 size-full\" src=\"http:\/\/photojosebueno.com\/wp-content\/uploads\/2014\/10\/DSC02609.jpg\" alt=\"Sony A7R - Leica R 90mm. - 1\/1600s. - f:n.a. - ISO 200\" width=\"1257\" height=\"857\" srcset=\"https:\/\/photojosebueno.com\/wp-content\/uploads\/2014\/10\/DSC02609.jpg 1257w, https:\/\/photojosebueno.com\/wp-content\/uploads\/2014\/10\/DSC02609-300x204.jpg 300w, https:\/\/photojosebueno.com\/wp-content\/uploads\/2014\/10\/DSC02609-1024x698.jpg 1024w, https:\/\/photojosebueno.com\/wp-content\/uploads\/2014\/10\/DSC02609-440x300.jpg 440w\" sizes=\"auto, (max-width: 1257px) 100vw, 1257px\" \/><p id=\"caption-attachment-1138\" class=\"wp-caption-text\">Sony A7R &#8211; Leica R 90mm. &#8211; 1\/1600s. &#8211; f:n.a. &#8211; ISO 200<\/p><\/div>\n<div id=\"attachment_1139\" style=\"width: 1267px\" class=\"wp-caption aligncenter\"><img loading=\"lazy\" decoding=\"async\" aria-describedby=\"caption-attachment-1139\" class=\"wp-image-1139 size-full\" src=\"http:\/\/photojosebueno.com\/wp-content\/uploads\/2014\/10\/DSC02615.jpg\" alt=\"DSC02615\" width=\"1257\" height=\"857\" srcset=\"https:\/\/photojosebueno.com\/wp-content\/uploads\/2014\/10\/DSC02615.jpg 1257w, https:\/\/photojosebueno.com\/wp-content\/uploads\/2014\/10\/DSC02615-300x204.jpg 300w, https:\/\/photojosebueno.com\/wp-content\/uploads\/2014\/10\/DSC02615-1024x698.jpg 1024w, https:\/\/photojosebueno.com\/wp-content\/uploads\/2014\/10\/DSC02615-440x300.jpg 440w\" sizes=\"auto, (max-width: 1257px) 100vw, 1257px\" \/><p id=\"caption-attachment-1139\" class=\"wp-caption-text\">Sony A7R &#8211; Leica R 90mm. &#8211; 1\/3200s. &#8211; f:n.a. &#8211; ISO 200<\/p><\/div>\n<p style=\"text-align: justify;\">Es cierto que el enfoque se complica en los tele objetivos pero el sistema de enfoque phocus peaking tanto con el Zeiss 25mm. y con el Leica R Summicron, ambos de enfoque manual, resulta muy c\u00f3modo incluso cuando utilizas \u00a0la pantalla en lugar del visor.<\/p>\n<div id=\"attachment_1146\" style=\"width: 1267px\" class=\"wp-caption aligncenter\"><img loading=\"lazy\" decoding=\"async\" aria-describedby=\"caption-attachment-1146\" class=\"wp-image-1146 size-full\" src=\"http:\/\/photojosebueno.com\/wp-content\/uploads\/2014\/10\/DSC02790.jpg\" alt=\"Sony A7R - Leica R 90mm. - 1\/1250s. - f:n.a. - ISO 250\" width=\"1257\" height=\"855\" srcset=\"https:\/\/photojosebueno.com\/wp-content\/uploads\/2014\/10\/DSC02790.jpg 1257w, https:\/\/photojosebueno.com\/wp-content\/uploads\/2014\/10\/DSC02790-300x204.jpg 300w, https:\/\/photojosebueno.com\/wp-content\/uploads\/2014\/10\/DSC02790-1024x696.jpg 1024w, https:\/\/photojosebueno.com\/wp-content\/uploads\/2014\/10\/DSC02790-441x300.jpg 441w\" sizes=\"auto, (max-width: 1257px) 100vw, 1257px\" \/><p id=\"caption-attachment-1146\" class=\"wp-caption-text\">Sony A7R &#8211; Leica R 90mm. &#8211; 1\/1250s. &#8211; f:n.a. &#8211; ISO 250<\/p><\/div>\n<p style=\"text-align: justify;\">Tambi\u00e9n ha sido muy c\u00f3modo el sistema de enfoque phocus peaking con el Zeiss 25mm. y el Leica R Summicron 90mm., ambos de enfoque manual, incluso cuando se utiliza el visor ocular o la pantalla. Es cierto que este tele objetivo se queda muy corto en un circuito, especialmente si est\u00e1s situado en una grada pero a fin de cuentas este viaje era de placer y no de trabajo. A\u00fan as\u00ed con una c\u00e1mara sobrada de megapixels y un objetivo sobrado de calidad pude hacer alguna foto que recortada podr\u00eda servir para un blog o una publicaci\u00f3n digital pero est\u00e1 lejos de una foto hecha en plan profesional. Espero que alg\u00fan d\u00eda primen los intereses de los lectores y nos dejen trabajar como en el resto de circuitos europeos.<\/p>\n<p><strong><span style=\"color: #cc99ff;\">A stroll around London<\/span><\/strong><\/p>\n<p style=\"text-align: justify;\"><span style=\"color: #cc99ff;\">This time I will relate my experiences in a journey that the main reason was to assist the Circuit Brands Hats for the final race of the Porsche CUP GB in involving two good friends and pilots, Pepe Massot and Victor Jim\u00e9nez.<\/span><\/p>\n<p style=\"text-align: justify;\"><span style=\"color: #cc99ff;\">This time he had access to the paddock area thanks to my friends because not even I tried to obtain accreditation as a professional is that a year ago I tried it and my liability insurance was far from the millions of pounds that ask professionals photography. Not if you think that at some point we can kill someone with our camera. What I think is without accusing anyone who might be a way to use only certain photographers associated with the organization, at least that&#8217;s what I said a colleague who was with his 200-400mm. off the fence with other viewers.<\/span><\/p>\n<p style=\"text-align: justify;\"><span style=\"color: #cc99ff;\">I have worked in many circuits and it is normal to seek an application by the means of the appropriate documentation, also some papers published by the photographer, international press card, insurance civilized liability in terms of amount and even a safe specific accidents for the development of my career. But at least in this circuit or you extend the amount of liability to the amount they say or do you do best sightseeing and that&#8217;s exactly what I did a few days in London but I also spent as assistant to give encouragement to my friends.<\/span><\/p>\n<p style=\"text-align: justify;\"><span style=\"color: #cc99ff;\">Used to be clear that team wear for my job, in this case I had many questions and did not want to go too loaded for a mini vacation.<\/span><\/p>\n<p style=\"text-align: justify;\"><span style=\"color: #cc99ff;\">After much hesitation, I decided to bring the Sony Zeiss 55mm A7R with f: 1.8, a lens that got me love but maybe he would tarry long for some short shots or sometime. Well I also started to bag the Zeiss 25mm and 90mm Leica Summicron R. and of course the Metabones adapter for these lenses bear the Nikon bayonet. Although it may seem silly weight is noticeable at least this time it came with a knee problem. It is true that one option was to bring the Sony 28-70mm but its lack of light did not convince me in such a city famous for its light off.<\/span><\/p>\n<p style=\"text-align: justify;\"><span style=\"color: #cc99ff;\">The Sony A7R has exceeded the trip because their quality is excellent, especially with the Zeiss 55mm. f: 1.8 and tested in this blog a while ago.<\/span><\/p>\n<p style=\"text-align: justify;\"><span style=\"color: #cc99ff;\">The Zeiss 55 makes a perfect marriage with the Zony A7R for even in complicated situations with harsh backlighting, has undoubtedly given size in focus and with beautiful colors without forgetting the excellent definition. A perfect target for many of the photos I made while it is true that sometimes missed the angle. I think the 35mm. Zeiss but it strikes me as somewhat angular and in my opinion it would have been wiser to market a 25mm. but fortunately I also have that goal of the prestigious Zeiss. but with Nikon bayonet and manual. But before commenting as I&#8217;ve done with that goal and end on the Zeiss 55, I will say that I also love your bucket, creamy blur I love and I know that this topic is very subjective.<\/span><\/p>\n<p style=\"text-align: justify;\"><span style=\"color: #cc99ff;\">\u00a0As I mentioned in the previous paragraph, the Zeiss 55mm. is perfect but for many photos used the Zeiss 25mm. I like it both for its focus from 1.7 cm., if you read that right, less than 2 cm. What sometimes lets you do different and amazing photos. This objective also remains a true wide angle, just deforms the extreme lines and a color that I love is achieved. I am also aware that this can then be modified with the \u00abcomputer revealed\u00bb but I like it a lot more if making the changes that I love. Regarding the approach is something that a wide angle is sometimes less important but not always because if you approach something close also get photos with beautiful bucket.<\/span><\/p>\n<p style=\"text-align: justify;\"><span style=\"color: #cc99ff;\">Also his bag a Leica R 90mm. that once adapted his bayonet to Nikon and the Metabones adapter could be used seamlessly with Sony A7R. Like the Zeiss 25mm.<\/span><\/p>\n<p style=\"text-align: justify;\"><span style=\"color: #cc99ff;\">It is true that the approach is complicated telly objectives focusing system Phocus peaking both the Zeiss 25mm. and the Leica R Summicron, both manual focus, it is very comfortable even when you use the screen instead of the viewfinder.<\/span><\/p>\n<p style=\"text-align: justify;\"><span style=\"color: #cc99ff;\">Has also been very comfortable focusing system Phocus peaking with the Zeiss 25mm. and Leica R Summicron 90mm., both manual focus, even when the eyepiece viewfinder or the screen is used. True, this goal falls far short tele in a circuit, especially if you are located in a tier but in the end this trip was for pleasure, not work. Still with ample megapixel camera and a loft goal of quality I could make a photo that could be used to cut a blog or an online publication but is far from a picture taken in a professional plan. I hope someday prevail interests of readers and let us work as in other European circuits.<\/span><\/p>\n","protected":false},"excerpt":{"rendered":"<p>En esta ocasi\u00f3n \u00a0voy a relatar mis experiencias en un viaje en el que el motivo principal era asistir al Circuito de Brands Hats para ver la \u00faltima carrera de la Porsche CUP GB en la que participaban dos buenos amigos y pilotos, Pepe Massot y V\u00edctor Jim\u00e9nez. En esta ocasi\u00f3n ten\u00eda acceso a la [&hellip;]<\/p>\n","protected":false},"author":1,"featured_media":0,"parent":0,"menu_order":0,"comment_status":"closed","ping_status":"closed","template":"","meta":{"footnotes":""},"class_list":["post-1728","page","type-page","status-publish","hentry"],"_links":{"self":[{"href":"https:\/\/www.photojosebueno.com\/index.php?rest_route=\/wp\/v2\/pages\/1728","targetHints":{"allow":["GET"]}}],"collection":[{"href":"https:\/\/www.photojosebueno.com\/index.php?rest_route=\/wp\/v2\/pages"}],"about":[{"href":"https:\/\/www.photojosebueno.com\/index.php?rest_route=\/wp\/v2\/types\/page"}],"author":[{"embeddable":true,"href":"https:\/\/www.photojosebueno.com\/index.php?rest_route=\/wp\/v2\/users\/1"}],"replies":[{"embeddable":true,"href":"https:\/\/www.photojosebueno.com\/index.php?rest_route=%2Fwp%2Fv2%2Fcomments&post=1728"}],"version-history":[{"count":1,"href":"https:\/\/www.photojosebueno.com\/index.php?rest_route=\/wp\/v2\/pages\/1728\/revisions"}],"predecessor-version":[{"id":1729,"href":"https:\/\/www.photojosebueno.com\/index.php?rest_route=\/wp\/v2\/pages\/1728\/revisions\/1729"}],"wp:attachment":[{"href":"https:\/\/www.photojosebueno.com\/index.php?rest_route=%2Fwp%2Fv2%2Fmedia&parent=1728"}],"curies":[{"name":"wp","href":"https:\/\/api.w.org\/{rel}","templated":true}]}}