{"id":1714,"date":"2017-04-08T14:34:19","date_gmt":"2017-04-08T14:34:19","guid":{"rendered":"http:\/\/www.photojosebueno.com\/?page_id=1714"},"modified":"2018-01-19T17:06:47","modified_gmt":"2018-01-19T15:06:47","slug":"nostalgia-con-el-blanco-y-negro","status":"publish","type":"page","link":"https:\/\/www.photojosebueno.com\/?page_id=1714","title":{"rendered":"NOSTALGIA CON EL BLANCO Y NEGRO"},"content":{"rendered":"<div id=\"attachment_1190\" style=\"width: 1093px\" class=\"wp-caption aligncenter\"><img loading=\"lazy\" decoding=\"async\" aria-describedby=\"caption-attachment-1190\" class=\"wp-image-1190 size-full\" src=\"http:\/\/photojosebueno.com\/wp-content\/uploads\/2015\/03\/JBM_8954.jpg\" alt=\"Nikon D4 - Nikkor 300mm f2.8 1\/160s - f:16 - ISO 400\" width=\"1083\" height=\"769\" srcset=\"https:\/\/photojosebueno.com\/wp-content\/uploads\/2015\/03\/JBM_8954.jpg 1083w, https:\/\/photojosebueno.com\/wp-content\/uploads\/2015\/03\/JBM_8954-300x213.jpg 300w, https:\/\/photojosebueno.com\/wp-content\/uploads\/2015\/03\/JBM_8954-1024x727.jpg 1024w, https:\/\/photojosebueno.com\/wp-content\/uploads\/2015\/03\/JBM_8954-422x300.jpg 422w\" sizes=\"auto, (max-width: 1083px) 100vw, 1083px\" \/><p id=\"caption-attachment-1190\" class=\"wp-caption-text\">Nikon D4 &#8211; Nikkor 300mm f2.8<br \/> 1\/160s &#8211; f:16 &#8211; ISO 400<\/p><\/div>\n<p style=\"text-align: justify;\">Empieza la temporada de pruebas automovil\u00edsticas y este a\u00f1o he comenzado por el campeonato Historic Endurance Espa\u00f1a un campeonato en el que se dan cita coches preparados para \u201ccarreras\u201d pero con solera y en esta ocasi\u00f3n bajo el parag\u00fcas del Classics &amp; Legends que acog\u00eda adem\u00e1s numerosas pruebas de coches, motos y hasta camiones, veh\u00edculos todos de \u00e9poca.<\/p>\n<p style=\"text-align: justify;\">Esta cita era una buena oportunidad para adem\u00e1s de sacar un buen trabajo, dedicar algo de tiempo c\u00e1maras ya arrinconadas por el solo hecho de utilizar carrete en lugar de bits es sus interiores.<\/p>\n<div id=\"attachment_1187\" style=\"width: 910px\" class=\"wp-caption aligncenter\"><img loading=\"lazy\" decoding=\"async\" aria-describedby=\"caption-attachment-1187\" class=\"wp-image-1187 size-full\" src=\"http:\/\/photojosebueno.com\/wp-content\/uploads\/2015\/03\/JBM_4318.jpg\" alt=\"Nikon D700 - Nikkor 70-200mm f2.8 1\/160s - f:11 - ISO 200\" width=\"900\" height=\"621\" srcset=\"https:\/\/photojosebueno.com\/wp-content\/uploads\/2015\/03\/JBM_4318.jpg 900w, https:\/\/photojosebueno.com\/wp-content\/uploads\/2015\/03\/JBM_4318-300x207.jpg 300w, https:\/\/photojosebueno.com\/wp-content\/uploads\/2015\/03\/JBM_4318-435x300.jpg 435w\" sizes=\"auto, (max-width: 900px) 100vw, 900px\" \/><p id=\"caption-attachment-1187\" class=\"wp-caption-text\">Nikon D700 &#8211; Nikkor 70-200mm f2.8<br \/> 1\/160s &#8211; f:11 &#8211; ISO 200<\/p><\/div>\n<p style=\"text-align: justify;\">Cuando me sali\u00f3 este trabajo pens\u00e9 que sin duda era la oportunidad perfecta en un circuito que suele ser muy benevolente con la climatolog\u00eda en adem\u00e1s con un poco de suerte podr\u00eda aprovechar la luz m\u00e1gica del invierno en esa zona.<\/p>\n<p style=\"text-align: justify;\">Cuando cargu\u00e9 el material necesario para el trabajo, ech\u00e9 a la maleta los tres objetivos Nikkor que cubres las focales desde 14mm. hasta 200mm. y el pesado pero m\u00e1gico 300mm., dos cuerpos y los t\u00edpicos cachivaches de limpieza, bater\u00edas, memorias etc. Con todo bien acomodado en la mochila, vi que quedaba un peque\u00f1o hueco para una c\u00e1mara como la peque\u00f1a Contax T2 e incluso hasta una Leica M.<\/p>\n<div id=\"attachment_1189\" style=\"width: 1210px\" class=\"wp-caption aligncenter\"><img loading=\"lazy\" decoding=\"async\" aria-describedby=\"caption-attachment-1189\" class=\"wp-image-1189 size-full\" src=\"http:\/\/photojosebueno.com\/wp-content\/uploads\/2015\/03\/JBM_8921.jpg\" alt=\"Nikon D4 - Nikkor 300mm f2.8 1\/8000s - f:2.8 - ISO 400\" width=\"1200\" height=\"862\" srcset=\"https:\/\/photojosebueno.com\/wp-content\/uploads\/2015\/03\/JBM_8921.jpg 1200w, https:\/\/photojosebueno.com\/wp-content\/uploads\/2015\/03\/JBM_8921-300x216.jpg 300w, https:\/\/photojosebueno.com\/wp-content\/uploads\/2015\/03\/JBM_8921-1024x736.jpg 1024w, https:\/\/photojosebueno.com\/wp-content\/uploads\/2015\/03\/JBM_8921-418x300.jpg 418w\" sizes=\"auto, (max-width: 1200px) 100vw, 1200px\" \/><p id=\"caption-attachment-1189\" class=\"wp-caption-text\">Nikon D4 &#8211; Nikkor 300mm f2.8<br \/> 1\/8000s &#8211; f:2.8 &#8211; ISO 400<\/p><\/div>\n<p style=\"text-align: justify;\">Me decid\u00ed por la Contax que tantas satisfacciones me ha dado y pensaba con nostalgia aquellos momentos en los que sacaba el carrete en el cuarto oscuro para introducirlo en la cuba de revelado para posteriormente proceder a ello con los distintos l\u00edquidos a su temperatura y tiempo exactos.<\/p>\n<p style=\"text-align: justify;\">En el viaje hacia el circuito de Cheste en Valencia, me asaltaban recuerdos especialmente buenos y tambi\u00e9n alguna mala experiencia con alg\u00fan carrete estropeado.<\/p>\n<p style=\"text-align: justify;\">Quiz\u00e1s lo que m\u00e1s echo en falta es ese momento m\u00e1gico en el que sacaba el carrete a la luz y con impaciencia pero con mucho cuidado ve\u00eda los pocos fotogramas que entraban en el aproximadamente metro de carrete.<\/p>\n<p style=\"text-align: justify;\">Pero todav\u00eda faltaba mucho por hacer ya que despu\u00e9s del secado quedaba el positivado en el cuarto oscuro.<\/p>\n<p style=\"text-align: justify;\">De todos esos procesos, tediosos en algunos momentos pero m\u00e1gicos y capaces de elevar las pulsaciones a los momentos actuales resumidos en los Selfies la fotograf\u00eda ha cambiado much\u00edsimo y en mi opini\u00f3n para bien ya que hoy en d\u00eda todo el mundo posa hace y utiliza la fotograf\u00eda. Es cierto que cuando te mueves en el \u00e1mbito profesional todo cambia y no es tan sencillo.<\/p>\n<div id=\"attachment_1188\" style=\"width: 917px\" class=\"wp-caption aligncenter\"><img loading=\"lazy\" decoding=\"async\" aria-describedby=\"caption-attachment-1188\" class=\"wp-image-1188 size-full\" src=\"http:\/\/photojosebueno.com\/wp-content\/uploads\/2015\/03\/JBM_8775.jpg\" alt=\"Nikon D4 - Nikkor 300mm f2.8 1\/5000s - f:3,5 - ISO 400\" width=\"907\" height=\"652\" srcset=\"https:\/\/photojosebueno.com\/wp-content\/uploads\/2015\/03\/JBM_8775.jpg 907w, https:\/\/photojosebueno.com\/wp-content\/uploads\/2015\/03\/JBM_8775-300x216.jpg 300w, https:\/\/photojosebueno.com\/wp-content\/uploads\/2015\/03\/JBM_8775-417x300.jpg 417w\" sizes=\"auto, (max-width: 907px) 100vw, 907px\" \/><p id=\"caption-attachment-1188\" class=\"wp-caption-text\">Nikon D4 &#8211; Nikkor 300mm f2.8<br \/> 1\/5000s &#8211; f:3,5 &#8211; ISO 400<\/p><\/div>\n<p style=\"text-align: justify;\">Pero volvamos a mi viaje a Cheste y a la vieja compacta Contax T2.<\/p>\n<p style=\"text-align: justify;\">Ya con el trabajo finalizado de los entrenamientos oficiales y la primera carrera terminada pens\u00e9 en sacar la c\u00e1mara de carrete pero mi primer fallo es que a\u00fan estando en el vial pegado a pista, su excelente Carl Zeiss de 38mm. se quedaba corto. Por otra parte el pensar que solo dispon\u00eda de 36 fotogramas tambi\u00e9n me pon\u00eda nervioso pues ya hab\u00eda hecho m\u00e1s de 500 fotos con las c\u00e1maras digitales y ya no hablo del enfoque etc. etc.<\/p>\n<p style=\"text-align: justify;\">Es por ello que decid\u00ed continuar con las r\u00e9flex y dejar el carrete para la zona de paddock.<\/p>\n<p style=\"text-align: justify;\">Ya en la zona de paddock, ten\u00eda ganas de descansar y soltar el pesado equipo que llevaba a cuestas. Vi algunas instant\u00e1neas que no me pude resistir a disparar con el objetivo que ten\u00eda puesto en ese momento, nada menos que el 300mm. y es que no ten\u00eda ganas ni de cambiar \u00f3pticas. Solt\u00e9 todo el material y me fui sin ninguna c\u00e1mara a tomar un refresco creo que merecido.<\/p>\n<div id=\"attachment_1192\" style=\"width: 917px\" class=\"wp-caption aligncenter\"><a href=\"http:\/\/www.photojosebueno.com\/?attachment_id=1192\"><img loading=\"lazy\" decoding=\"async\" aria-describedby=\"caption-attachment-1192\" class=\"wp-image-1192 size-full\" src=\"http:\/\/photojosebueno.com\/wp-content\/uploads\/2015\/03\/JBM_9032.jpg\" alt=\"\" width=\"907\" height=\"652\" srcset=\"https:\/\/photojosebueno.com\/wp-content\/uploads\/2015\/03\/JBM_9032.jpg 907w, https:\/\/photojosebueno.com\/wp-content\/uploads\/2015\/03\/JBM_9032-300x216.jpg 300w, https:\/\/photojosebueno.com\/wp-content\/uploads\/2015\/03\/JBM_9032-417x300.jpg 417w\" sizes=\"auto, (max-width: 907px) 100vw, 907px\" \/><\/a><p id=\"caption-attachment-1192\" class=\"wp-caption-text\">Nikon D4 &#8211; Nikkor 300mm f2.8 1\/250s &#8211; f:5.6 &#8211; ISO 400<\/p><\/div>\n<p style=\"text-align: justify;\">El d\u00eda siguiente fue un calco del s\u00e1bado y ya de vuelta a Madrid, muy cansado mi preocupaci\u00f3n era si los barridos habr\u00edan salido perfectos. Lo que menos me preocupaba era el no haber hecho ni una sola foto con mi c\u00e1mara de carrete.<\/p>\n<p style=\"text-align: justify;\">Soy consciente que muchos puristas se echaran la mano a la cabeza pero creo que aunque no es lo mismo, voy a compartir con vosotros distintos \u201crevelados\u201d hechos con el ordenador. Tranquilos que no cunda el p\u00e1nico pues gastar\u00e9 ese carrete en momentos m\u00e1s relajados e incluso he quedado con un buen amigo para hacer un d\u00eda fotos en el campo con las c\u00e1maras de medio formato pero con respaldo de carrete. En fin por buenas intenciones que no quede.<\/p>\n<p style=\"text-align: justify;\">De lo digital me quedo con que el domingo por la tarde ya hab\u00eda entregado a redacci\u00f3n las im\u00e1genes ya procesadas para su publicaci\u00f3n.<\/p>\n<div id=\"attachment_1193\" style=\"width: 917px\" class=\"wp-caption aligncenter\"><a href=\"http:\/\/www.photojosebueno.com\/?attachment_id=1193\"><img loading=\"lazy\" decoding=\"async\" aria-describedby=\"caption-attachment-1193\" class=\"wp-image-1193 size-full\" src=\"http:\/\/photojosebueno.com\/wp-content\/uploads\/2015\/03\/JBM_9035.jpg\" alt=\"\" width=\"907\" height=\"652\" srcset=\"https:\/\/photojosebueno.com\/wp-content\/uploads\/2015\/03\/JBM_9035.jpg 907w, https:\/\/photojosebueno.com\/wp-content\/uploads\/2015\/03\/JBM_9035-300x216.jpg 300w, https:\/\/photojosebueno.com\/wp-content\/uploads\/2015\/03\/JBM_9035-417x300.jpg 417w\" sizes=\"auto, (max-width: 907px) 100vw, 907px\" \/><\/a><p id=\"caption-attachment-1193\" class=\"wp-caption-text\">Nikon D4 &#8211; Nikkor 300mm f2.8 1\/640s &#8211; f:5.6 &#8211; ISO 400<\/p><\/div>\n<p style=\"text-align: justify;\">Para terminar pongo una foto de esas que hice de manera r\u00e1pida en paddock nada menos que con el 300mm. pero con una ventaja en el \u201crevelado\u201d. Una tiene un virado y la otra imita a esas im\u00e1genes que realmente eran en blanco y negro y despu\u00e9s se coloreaban con anilinas, un trabajo realmente solo apto para artistas pero accesible para todo el mundo en digital.<\/p>\n<p style=\"text-align: justify;\">Por cierto si quieres ver\u00a0parte de mi trabajo, puedes visitar\u00a0<a title=\"blog 9 republic\" href=\"http:\/\/www.9republic.com\/web\/index.php\/blog\/item\/historic-endurance-round-1\" target=\"_blank\" rel=\"noopener\">9republic<\/a><\/p>\n<p style=\"text-align: justify;\"><strong><span style=\"color: #cc99ff;\">Nostalgia with BN<\/span><\/strong><\/p>\n<p style=\"text-align: justify;\"><span style=\"color: #cc99ff;\">Season starts auto testing and this year I have started the championship Historic Endurance Spain a championship in which he quotes cars prepared to \u00abrace\u00bb but with character and this time are given under the umbrella of Classics &amp; Legends also hosted numerous tests cars, motorcycles and even trucks, all in time.<\/span><\/p>\n<p style=\"text-align: justify;\"><span style=\"color: #cc99ff;\">This event was a good opportunity for besides taking a good job, spend some time and cameras cornered by the mere fact of using reel instead of bits is their interiors.<\/span><\/p>\n<p style=\"text-align: justify;\"><span style=\"color: #cc99ff;\">When I came out I thought this work was definitely the perfect opportunity in a circuit that is usually very benevolent to the weather in addition with a little luck could exploit the magical winter light in that area.<\/span><\/p>\n<p style=\"text-align: justify;\"><span style=\"color: #cc99ff;\">When I loaded the necessary material for the job, threw a suitcase three you cover Nikkor 14mm focal since. up to 200mm. and heavy but magical 300mm., two bodies and typical cleaning gadgets, batteries, memories etc. With all well accommodated in the backpack, I was left a small hole for a camera like the little Contax T2 and even a Leica M.<\/span><\/p>\n<p style=\"text-align: justify;\"><span style=\"color: #cc99ff;\">I decided on the Contax so much satisfaction has given me and thought longingly those times when you pulled the reel in the darkroom for insertion in Cuba developer can then proceed to do with the different fluids to your exact temperature and time.<\/span><\/p>\n<p style=\"text-align: justify;\"><span style=\"color: #cc99ff;\">On the journey to the Cheste circuit in Valencia, especially assailed me good memories and some bad experience with a broken reel.<\/span><\/p>\n<p style=\"text-align: justify;\"><span style=\"color: #cc99ff;\">Perhaps most miss is that magical moment that pulled the reel to light and eagerly looked carefully but few frames entering the meter reel approx.<\/span><\/p>\n<p style=\"text-align: justify;\"><span style=\"color: #cc99ff;\">But there was still much to be done because after drying was the positivado in the darkroom.<\/span><\/p>\n<p style=\"text-align: justify;\"><span style=\"color: #cc99ff;\">In all these processes, tedious at times but magical and capable of raising the pulsations to the present time selfies summarized in photography has changed a lot and in my opinion for good because today everyone poses ago and uses photography . It is true that when you move into the professional world everything changes and is not that simple.<\/span><\/p>\n<p style=\"text-align: justify;\"><span style=\"color: #cc99ff;\">But back to my trip to Cheste and compact old Contax T2.<\/span><\/p>\n<p style=\"text-align: justify;\"><span style=\"color: #cc99ff;\">Since the completion of the qualifying work and finished the first race I thought the camera shows a reel but my first fault is that still in the vial attached to track, excellent Carl Zeiss 38mm. it fell short. Moreover think that only had 36 frames also made me nervous because he had already made more than 500 pictures with digital cameras and no longer speak of focus etc. etc.<\/span><\/p>\n<p style=\"text-align: justify;\"><span style=\"color: #cc99ff;\">That is why I decided to continue with the SLR and let the reel to the paddock area.<\/span><\/p>\n<p style=\"text-align: justify;\"><span style=\"color: #cc99ff;\">Already in the paddock area, I wanted to relax and release the heavy equipment that was carrying. I saw some shots that I could not resist firing order had since then, no less than 300mm. and he had no desire or to change lenses. I released all the material and went without any camera to take a drink I think it deserved.<\/span><\/p>\n<p style=\"text-align: justify;\"><span style=\"color: #cc99ff;\">The next day was a carbon copy of Saturday and now back to Madrid, very tired my concern was whether the sweeps have gone perfect. The last thing I worried about was not making a single picture with my camera reel.<\/span><\/p>\n<p style=\"text-align: justify;\"><span style=\"color: #cc99ff;\">I am aware that many purists hand to his head cast but I think that although it is not the same, I will share with you different \u00abrevealed\u00bb made with the computer. Assured that not panic because I will spend that reel in more relaxed moments and I&#8217;ve even been a good friend to make a day photos on the field with medium format cameras but backed reel. In order for good intentions that it is not.<\/span><\/p>\n<p style=\"text-align: justify;\"><span style=\"color: #cc99ff;\">Of digital I prefer the Sunday afternoon had already given to drafting the images and processed for publication.<\/span><\/p>\n<p style=\"text-align: justify;\"><span style=\"color: #cc99ff;\">Finally I put a picture of those who did rapidly in paddock with nothing less than 300mm. but with an edge in the \u00abrevealed\u00bb. One has a toning and the other mimics those images that really were in black and white and then colored with aniline, a truly suitable only for artists but accessible to everyone in digital work.<\/span><\/p>\n<p style=\"text-align: justify;\"><span style=\"color: #cc99ff;\">By the way if you want to see some of my work, please visit\u00a0<a title=\"9republic\" href=\"http:\/\/www.9republic.com\/web\/index.php\/blog\/item\/historic-endurance-round-1\">9republic<\/a><\/span><\/p>\n","protected":false},"excerpt":{"rendered":"<p>Empieza la temporada de pruebas automovil\u00edsticas y este a\u00f1o he comenzado por el campeonato Historic Endurance Espa\u00f1a un campeonato en el que se dan cita coches preparados para \u201ccarreras\u201d pero con solera y en esta ocasi\u00f3n bajo el parag\u00fcas del Classics &amp; Legends que acog\u00eda adem\u00e1s numerosas pruebas de coches, motos y hasta camiones, veh\u00edculos [&hellip;]<\/p>\n","protected":false},"author":1,"featured_media":0,"parent":0,"menu_order":0,"comment_status":"closed","ping_status":"closed","template":"","meta":{"footnotes":""},"class_list":["post-1714","page","type-page","status-publish","hentry"],"_links":{"self":[{"href":"https:\/\/www.photojosebueno.com\/index.php?rest_route=\/wp\/v2\/pages\/1714","targetHints":{"allow":["GET"]}}],"collection":[{"href":"https:\/\/www.photojosebueno.com\/index.php?rest_route=\/wp\/v2\/pages"}],"about":[{"href":"https:\/\/www.photojosebueno.com\/index.php?rest_route=\/wp\/v2\/types\/page"}],"author":[{"embeddable":true,"href":"https:\/\/www.photojosebueno.com\/index.php?rest_route=\/wp\/v2\/users\/1"}],"replies":[{"embeddable":true,"href":"https:\/\/www.photojosebueno.com\/index.php?rest_route=%2Fwp%2Fv2%2Fcomments&post=1714"}],"version-history":[{"count":4,"href":"https:\/\/www.photojosebueno.com\/index.php?rest_route=\/wp\/v2\/pages\/1714\/revisions"}],"predecessor-version":[{"id":2119,"href":"https:\/\/www.photojosebueno.com\/index.php?rest_route=\/wp\/v2\/pages\/1714\/revisions\/2119"}],"wp:attachment":[{"href":"https:\/\/www.photojosebueno.com\/index.php?rest_route=%2Fwp%2Fv2%2Fmedia&parent=1714"}],"curies":[{"name":"wp","href":"https:\/\/api.w.org\/{rel}","templated":true}]}}