{"id":1706,"date":"2017-04-08T14:05:07","date_gmt":"2017-04-08T14:05:07","guid":{"rendered":"http:\/\/www.photojosebueno.com\/?page_id=1706"},"modified":"2017-04-08T14:08:14","modified_gmt":"2017-04-08T14:08:14","slug":"el-retoque-y-la-postproduccion","status":"publish","type":"page","link":"https:\/\/www.photojosebueno.com\/?page_id=1706","title":{"rendered":"EL RETOQUE Y LA POSTPRODUCCI\u00d3N"},"content":{"rendered":"<div id=\"attachment_1208\" style=\"width: 1267px\" class=\"wp-caption aligncenter\"><img loading=\"lazy\" decoding=\"async\" aria-describedby=\"caption-attachment-1208\" class=\"wp-image-1208 size-full\" src=\"http:\/\/photojosebueno.com\/wp-content\/uploads\/2015\/04\/DSC03092retoc.jpg\" alt=\"Sony IILCE-7R - Carl Zeiss 55 f:1.8 ZA - 1\/60s - f:1.8 - ISO 250\" width=\"1257\" height=\"858\" srcset=\"https:\/\/photojosebueno.com\/wp-content\/uploads\/2015\/04\/DSC03092retoc.jpg 1257w, https:\/\/photojosebueno.com\/wp-content\/uploads\/2015\/04\/DSC03092retoc-300x205.jpg 300w, https:\/\/photojosebueno.com\/wp-content\/uploads\/2015\/04\/DSC03092retoc-1024x699.jpg 1024w, https:\/\/photojosebueno.com\/wp-content\/uploads\/2015\/04\/DSC03092retoc-440x300.jpg 440w\" sizes=\"auto, (max-width: 1257px) 100vw, 1257px\" \/><p id=\"caption-attachment-1208\" class=\"wp-caption-text\">Sony ILCE-7R &#8211; Carl Zeiss 55 f:1.8 ZA &#8211; 1\/60s &#8211; f:1.8 &#8211; ISO 250<\/p><\/div>\n<p style=\"text-align: justify;\">Hace a\u00f1os, un buen amigo pintor y cr\u00edtico de arte me hablaba de la importancia del porcentaje de inspiraci\u00f3n y transpiraci\u00f3n que se emplea en una obra de arte. Evidentemente seg\u00fan su criterio y tambi\u00e9n el m\u00edo, posiblemente es mucho mejor obra aquella que se hizo con m\u00e1s porcentaje de inspiraci\u00f3n que de transpiraci\u00f3n.<\/p>\n<p style=\"text-align: justify;\">Pues bien, dicho esto, cuando un pintor realiza su obra, \u00e9l, y solo \u00e9l, es responsable de cada pincelada donde, como y porqu\u00e9 la ha dado. En fotograf\u00eda muchas im\u00e1genes surgen y son buenas por su fuerza del momento y lo que muestran independientemente de su calidad o medios que se hayan dedicado.<\/p>\n<p style=\"text-align: justify;\">El problema surge cuando tienes que realizar una o varias im\u00e1genes por encargo o para un medio, con distintas premisas e incluso con la creatividad ya m\u00e1s o menos impuesta.<\/p>\n<p style=\"text-align: justify;\">En este tipo de trabajos por supuesto que a veces surge la creatividad por parte del fot\u00f3grafo y muchas veces por m\u00e1s que est\u00e9 todo planificado, hay que improvisar y eso a veces se convierte en un aliado o en todo lo contrario.<\/p>\n<p style=\"text-align: justify;\">Pero &#8230;, que tiene que ver todo esto con el t\u00edtulo de esta entrada?<\/p>\n<p style=\"text-align: justify;\">Seguramente me ser\u00e1 m\u00e1s f\u00e1cil contar alguna de mis experiencias en el mundo editorial para luego enlazar con la eterna discusi\u00f3n del retoque y postproducci\u00f3n si o no.<\/p>\n<p style=\"text-align: justify;\">Hace unos meses, viajamos al Porsche Museum en Stuttgart, Alemania, con la idea de hacer tres reportajes en tan solo dos d\u00edas para la revista\u00a0<a title=\"Revista 9republic\" href=\"http:\/\/9republic.com\" target=\"_blank\">9republic<\/a>. En la experiencia que voy a relatar, ten\u00edamos que ilustrar la Porsche Sound Nacht, un curioso evento, en el que en una de las salas del Museo, ante algunos invitados privilegiados, pon\u00edan en marcha los coches m\u00e1s m\u00edticos de la marca.<\/p>\n<p style=\"text-align: justify;\">Por suerte la Directora\u00a0que nos atendi\u00f3, nos invitaba a ver la trastienda donde se estaban haciendo los preparativos de esas piezas tan especiales y admiradas por cualquier amante del mundo del autom\u00f3vil.<\/p>\n<p style=\"text-align: justify;\">Ya en el patio posterior, era tanto lo que all\u00ed hab\u00eda, que mi cabeza tuvo que poner orden de que y como ten\u00eda que trabajar. El tiempo era limitado, la luz empezaba a ser escasa y afortunadamente llevaba la Nikon D4 capaz de trabajar apenas sin luz y la Sony A7R con sus 36Mb de calidad, ah! y un buen tr\u00edpode de carbono.<\/p>\n<p style=\"text-align: justify;\">Como todo era improvisado, decid\u00ed hacer fotos con planos en los que los ingenieros y mec\u00e1nicos de Porsche tocaban con mimo cada coche. Tambi\u00e9n di rienda suelta a la creatividad con alguna foto de unos espejos que hay situados en el techo del patio, algo que me copiaron otros fot\u00f3grafos y que he visto publicada en alg\u00fan sitio. Adi\u00f3s creatividad!<\/p>\n<div id=\"attachment_1204\" style=\"width: 1219px\" class=\"wp-caption aligncenter\"><img loading=\"lazy\" decoding=\"async\" aria-describedby=\"caption-attachment-1204\" class=\"wp-image-1204 size-full\" src=\"http:\/\/photojosebueno.com\/wp-content\/uploads\/2015\/04\/DSC02990.jpg\" alt=\"Sony ILCE-7R - Sony FE 28-70 OSS - 1\/70s - f:5.6 - ISO 1250\" width=\"1209\" height=\"825\" srcset=\"https:\/\/photojosebueno.com\/wp-content\/uploads\/2015\/04\/DSC02990.jpg 1209w, https:\/\/photojosebueno.com\/wp-content\/uploads\/2015\/04\/DSC02990-300x205.jpg 300w, https:\/\/photojosebueno.com\/wp-content\/uploads\/2015\/04\/DSC02990-1024x699.jpg 1024w, https:\/\/photojosebueno.com\/wp-content\/uploads\/2015\/04\/DSC02990-440x300.jpg 440w\" sizes=\"auto, (max-width: 1209px) 100vw, 1209px\" \/><p id=\"caption-attachment-1204\" class=\"wp-caption-text\">Sony ILCE-7R &#8211; Sony FE 28-70 OSS &#8211; 1\/70s &#8211; f:5.6 &#8211; ISO 1250<\/p><\/div>\n<p style=\"text-align: justify;\">Pero tambi\u00e9n era consciente que lo m\u00e1s importante eran los coches e intent\u00e9 sacar im\u00e1genes con m\u00e1s de uno totalmente aislado.<\/p>\n<p style=\"text-align: justify;\">Ya en el hotel, siempre antes de descansar, suelo hacer copia de todas las im\u00e1genes pas\u00e1ndolas a un ordenador port\u00e1til y por supuesto revisarlas.<\/p>\n<p style=\"text-align: justify;\">En la imagen situada al principio de esta entrada, realice tres fotos con distintas exposiciones e incluso en la m\u00e1s subexpuesta, el reloj aparec\u00eda con sobreexposici\u00f3n, algo que pens\u00e9 se podr\u00eda recuperar luego con el retoque.<\/p>\n<p style=\"text-align: justify;\">Ante la duda, hice una foto con el m\u00f3vil del reloj con su \u00e1ngulo y posici\u00f3n para ver si al d\u00eda siguiente localizaba uno igual que el de la foto. A fin de cuentas ten\u00eda que tomar un tren para desplazarme de Stuttgart a D\u00fcsseldorf para luego tomar el vuelo hacia Madrid y el reloj que aparec\u00eda en la foto era el de la estaci\u00f3n de tren Porsche Museum.<\/p>\n<p style=\"text-align: justify;\"><img loading=\"lazy\" decoding=\"async\" class=\"aligncenter wp-image-1207 size-full\" src=\"http:\/\/photojosebueno.com\/wp-content\/uploads\/2015\/04\/suma-dos-fotos.jpg\" alt=\"suma-dos-fotos\" width=\"1309\" height=\"400\" srcset=\"https:\/\/photojosebueno.com\/wp-content\/uploads\/2015\/04\/suma-dos-fotos.jpg 1309w, https:\/\/photojosebueno.com\/wp-content\/uploads\/2015\/04\/suma-dos-fotos-300x92.jpg 300w, https:\/\/photojosebueno.com\/wp-content\/uploads\/2015\/04\/suma-dos-fotos-1024x313.jpg 1024w, https:\/\/photojosebueno.com\/wp-content\/uploads\/2015\/04\/suma-dos-fotos-500x153.jpg 500w\" sizes=\"auto, (max-width: 1309px) 100vw, 1309px\" \/>Justo antes de entrar a la estaci\u00f3n principal de Stuttgart, vi un reloj id\u00e9ntico al de la foto. Saqu\u00e9 la c\u00e1mara de bolsillo y le hice cuatro o cinco fotos.<\/p>\n<p style=\"text-align: justify;\">Cuando llegu\u00e9 a Madrid, pas\u00e9 las fotos a la persona que me ayuda con el tema retoque y le coment\u00e9 que aparte del \u201crevelado\u201d con los t\u00edpicos ajustes de color, luz etc, ped\u00ed que sustituyese la esfera del reloj por una de las que hice por la ma\u00f1ana. El resultado fue el que ves en la imagen publicada.<\/p>\n<p style=\"text-align: justify;\">Para alg\u00fan observador entendido, es posible que se hubiese dado cuenta del enfoque del reloj en comparaci\u00f3n con lo que est\u00e1 en el mismo plano y por supuesto que eso es muy f\u00e1cil de haberlo arreglado pero cuando el retoque y la postproducci\u00f3n est\u00e1n bien hechos, esos detalles no se notan tanto como las famosas fotos que circular con alguien que le falta una mano o una pierna.<\/p>\n<p style=\"text-align: justify;\">En mi opini\u00f3n, tanto el retoque como la postproducci\u00f3n son casi siempre necesarios, al menos en el mundo editorial, pero recuerda que siempre la inspiraci\u00f3n es m\u00e1s importante que la transpiraci\u00f3n y el retoque casi siempre lleva muchas horas de trabajo.<\/p>\n<p style=\"text-align: justify;\">A continuaci\u00f3n expongo algunas\u00a0fotos tambi\u00e9n publicadas en la \u00faltima revista 9republic, como reto a que averig\u00fces donde est\u00e1 el truco del retoque. \u00bfTe atreves?<\/p>\n<div id=\"attachment_1201\" style=\"width: 2058px\" class=\"wp-caption aligncenter\"><img loading=\"lazy\" decoding=\"async\" aria-describedby=\"caption-attachment-1201\" class=\"wp-image-1201 size-full\" src=\"http:\/\/photojosebueno.com\/wp-content\/uploads\/2015\/04\/IMG_0441.png\" alt=\"IMG_0441\" width=\"2048\" height=\"1536\" srcset=\"https:\/\/photojosebueno.com\/wp-content\/uploads\/2015\/04\/IMG_0441.png 2048w, https:\/\/photojosebueno.com\/wp-content\/uploads\/2015\/04\/IMG_0441-300x225.png 300w, https:\/\/photojosebueno.com\/wp-content\/uploads\/2015\/04\/IMG_0441-1024x768.png 1024w, https:\/\/photojosebueno.com\/wp-content\/uploads\/2015\/04\/IMG_0441-400x300.png 400w\" sizes=\"auto, (max-width: 2048px) 100vw, 2048px\" \/><p id=\"caption-attachment-1201\" class=\"wp-caption-text\">Publicada en la revista 9REPUBLIC (n\u00famero 8)<\/p><\/div>\n<div id=\"attachment_1202\" style=\"width: 2058px\" class=\"wp-caption aligncenter\"><img loading=\"lazy\" decoding=\"async\" aria-describedby=\"caption-attachment-1202\" class=\"wp-image-1202 size-full\" src=\"http:\/\/photojosebueno.com\/wp-content\/uploads\/2015\/04\/IMG_0442.png\" alt=\"IMG_0442\" width=\"2048\" height=\"1536\" srcset=\"https:\/\/photojosebueno.com\/wp-content\/uploads\/2015\/04\/IMG_0442.png 2048w, https:\/\/photojosebueno.com\/wp-content\/uploads\/2015\/04\/IMG_0442-300x225.png 300w, https:\/\/photojosebueno.com\/wp-content\/uploads\/2015\/04\/IMG_0442-1024x768.png 1024w, https:\/\/photojosebueno.com\/wp-content\/uploads\/2015\/04\/IMG_0442-400x300.png 400w\" sizes=\"auto, (max-width: 2048px) 100vw, 2048px\" \/><p id=\"caption-attachment-1202\" class=\"wp-caption-text\">Publicada en la revista 9REPUBLIC (n\u00famero 8)<\/p><\/div>\n<div id=\"attachment_1206\" style=\"width: 1267px\" class=\"wp-caption aligncenter\"><img loading=\"lazy\" decoding=\"async\" aria-describedby=\"caption-attachment-1206\" class=\"wp-image-1206 size-full\" src=\"http:\/\/photojosebueno.com\/wp-content\/uploads\/2015\/04\/jarama.jpg\" alt=\"jarama\" width=\"1257\" height=\"856\" srcset=\"https:\/\/photojosebueno.com\/wp-content\/uploads\/2015\/04\/jarama.jpg 1257w, https:\/\/photojosebueno.com\/wp-content\/uploads\/2015\/04\/jarama-300x204.jpg 300w, https:\/\/photojosebueno.com\/wp-content\/uploads\/2015\/04\/jarama-1024x697.jpg 1024w, https:\/\/photojosebueno.com\/wp-content\/uploads\/2015\/04\/jarama-441x300.jpg 441w\" sizes=\"auto, (max-width: 1257px) 100vw, 1257px\" \/><p id=\"caption-attachment-1206\" class=\"wp-caption-text\">Publicada en la revista 9REPUBLIC (n\u00famero 6)<\/p><\/div>\n<p style=\"text-align: justify;\"><strong><span style=\"color: #cc99ff;\">The retouching and postproduction<\/span><\/strong><\/p>\n<p style=\"text-align: justify;\"><span style=\"color: #cc99ff;\">Years ago, a good painter and art critic friend told me about the importance of percent inspiration and perspiration that is used in a work of art. Obviously its discretion and mine, possibly better work that was done with highest percentage of inspiration perspiration.<\/span><\/p>\n<p style=\"text-align: justify;\"><span style=\"color: #cc99ff;\">Well, that said, when a painter does his work, he, and he alone is responsible for each stroke where, how and why he has given. In photography many images arise and are good for their strength when and what they show regardless of quality or means have been dedicated.<\/span><\/p>\n<p style=\"text-align: justify;\"><span style=\"color: #cc99ff;\">The problem arises when you have to perform one or more images on request or for a medium with different assumptions and even creativity more or less imposed.<\/span><\/p>\n<p style=\"text-align: justify;\"><span style=\"color: #cc99ff;\">In this type of course work that sometimes the creativity of the photographer and often arises even though everything is planned, you have to improvise and that sometimes becomes an ally or opposite.<\/span><\/p>\n<p style=\"text-align: justify;\"><span style=\"color: #cc99ff;\">But what does all this with the title of this post?<\/span><\/p>\n<p style=\"text-align: justify;\"><span style=\"color: #cc99ff;\">I&#8217;ll probably be easier to tell some of my experiences in the publishing world and then connect with the eternal discussion of retouching and postproduction yes or no.<\/span><\/p>\n<p style=\"text-align: justify;\"><span style=\"color: #cc99ff;\">A few months ago, we traveled to the Porsche Museum in Stuttgart, Germany with the idea of \u200b\u200bthree reports in just two days\u00a0<a title=\"9 republic magazine\" href=\"http:\/\/9republic.com\" target=\"_blank\">9republic<\/a>\u00a0magazine. In the experience I am about to relate, we had to illustrate the Porsche Sound Nacht, a curious event, in which one of the Museum, with some privileged guests, put up the most legendary brand cars.<\/span><\/p>\n<p style=\"text-align: justify;\"><span style=\"color: #cc99ff;\">Luckily one Director who greeted us, inviting us to see the back room where they were making preparations of these pieces so special and admired by any lover of the automotive world.<\/span><\/p>\n<p style=\"text-align: justify;\"><span style=\"color: #cc99ff;\">Already in the backyard, was both what was there, my head had to bring order to what and how he had to work. The time was limited, the light was becoming scarce and luckily I had the Nikon D4 barely able to work without light and Sony A7R with 36Mb quality, ah! and good carbon tripod.<\/span><\/p>\n<p style=\"text-align: justify;\"><span style=\"color: #cc99ff;\">As everything was improvised, I decided to take pictures with planes in which engineers and mechanics Porsche lovingly touched each car. I also gave free rein to creativity with a picture of mirrors there located on the roof of the courtyard, which I copied other photographers and I&#8217;ve seen posted somewhere. Goodbye creativity!<\/span><\/p>\n<p style=\"text-align: justify;\"><span style=\"color: #cc99ff;\">But it was also aware that the most important were the cars and tried to take pictures with more than a totally isolated.<\/span><\/p>\n<p style=\"text-align: justify;\"><span style=\"color: #cc99ff;\">Back at the hotel, always before resting, I tend to back all images passing them to a laptop and of course revision.<\/span><\/p>\n<p style=\"text-align: justify;\"><span style=\"color: #cc99ff;\">In the image at the top of this post, make three pictures with different exposures and even in the most underexposed, overexposed clock appeared, something I thought could then recover retouching.<\/span><\/p>\n<p style=\"text-align: justify;\"><span style=\"color: #cc99ff;\">When in doubt, took a picture with mobile watch your angle and position to see if the next day localized one like the photo. In the end I had to take a train to commute from Stuttgart to D\u00fcsseldorf and then take the flight to Madrid and the clock in the photo was to the train station Porsche Museum.<\/span><\/p>\n<p style=\"text-align: justify;\"><span style=\"color: #cc99ff;\">Just before entering the Stuttgart main station, I saw a picture identical to watch. I took the camera pocket and gave him four or five photos.<\/span><\/p>\n<p style=\"text-align: justify;\"><span style=\"color: #cc99ff;\">When I arrived in Madrid, I spent the photos to the person who helps me with retouching issue and told him that apart from the \u00abrevealed\u00bb with typical settings for color, light etc, ordered it to replace the watch for one that did in the morning.<\/span><br \/>\n<span style=\"color: #cc99ff;\">The result was what you see in the image shown.<\/span><\/p>\n<p style=\"text-align: justify;\"><span style=\"color: #cc99ff;\">To any who understand observer, you may be had realized the clock approach compared to what is on the same plane and of course that&#8217;s very easy to have fixed but when retouching and post production are well made, these details not noticed much as the famous photos circular someone missing a hand or leg.<\/span><\/p>\n<p style=\"text-align: justify;\"><span style=\"color: #cc99ff;\">In my opinion, both the retouching and postproduction are almost always needed, at least in the publishing world, but remember that inspiration is always more important than perspiration and retouching usually takes many hours of work.<\/span><\/p>\n<p style=\"text-align: justify;\"><span style=\"color: #cc99ff;\">Below I discuss some photos also published in the latest issue 9republic, as a challenge to find out where the trick is retouching. You dare?<\/span><\/p>\n","protected":false},"excerpt":{"rendered":"<p>Hace a\u00f1os, un buen amigo pintor y cr\u00edtico de arte me hablaba de la importancia del porcentaje de inspiraci\u00f3n y transpiraci\u00f3n que se emplea en una obra de arte. Evidentemente seg\u00fan su criterio y tambi\u00e9n el m\u00edo, posiblemente es mucho mejor obra aquella que se hizo con m\u00e1s porcentaje de inspiraci\u00f3n que de transpiraci\u00f3n. Pues [&hellip;]<\/p>\n","protected":false},"author":1,"featured_media":0,"parent":0,"menu_order":0,"comment_status":"closed","ping_status":"closed","template":"","meta":{"footnotes":""},"class_list":["post-1706","page","type-page","status-publish","hentry"],"_links":{"self":[{"href":"https:\/\/www.photojosebueno.com\/index.php?rest_route=\/wp\/v2\/pages\/1706","targetHints":{"allow":["GET"]}}],"collection":[{"href":"https:\/\/www.photojosebueno.com\/index.php?rest_route=\/wp\/v2\/pages"}],"about":[{"href":"https:\/\/www.photojosebueno.com\/index.php?rest_route=\/wp\/v2\/types\/page"}],"author":[{"embeddable":true,"href":"https:\/\/www.photojosebueno.com\/index.php?rest_route=\/wp\/v2\/users\/1"}],"replies":[{"embeddable":true,"href":"https:\/\/www.photojosebueno.com\/index.php?rest_route=%2Fwp%2Fv2%2Fcomments&post=1706"}],"version-history":[{"count":4,"href":"https:\/\/www.photojosebueno.com\/index.php?rest_route=\/wp\/v2\/pages\/1706\/revisions"}],"predecessor-version":[{"id":1711,"href":"https:\/\/www.photojosebueno.com\/index.php?rest_route=\/wp\/v2\/pages\/1706\/revisions\/1711"}],"wp:attachment":[{"href":"https:\/\/www.photojosebueno.com\/index.php?rest_route=%2Fwp%2Fv2%2Fmedia&parent=1706"}],"curies":[{"name":"wp","href":"https:\/\/api.w.org\/{rel}","templated":true}]}}