{"id":1680,"date":"2017-04-08T12:46:40","date_gmt":"2017-04-08T12:46:40","guid":{"rendered":"http:\/\/www.photojosebueno.com\/?page_id=1680"},"modified":"2017-04-08T12:46:40","modified_gmt":"2017-04-08T12:46:40","slug":"estrenamos-estudio","status":"publish","type":"page","link":"https:\/\/www.photojosebueno.com\/?page_id=1680","title":{"rendered":"ESTRENAMOS ESTUDIO"},"content":{"rendered":"<p><img loading=\"lazy\" decoding=\"async\" class=\"aligncenter wp-image-1248 size-full\" src=\"http:\/\/photojosebueno.com\/wp-content\/uploads\/2015\/11\/JBM_7024.jpg\" alt=\"\" width=\"1600\" height=\"1065\" srcset=\"https:\/\/photojosebueno.com\/wp-content\/uploads\/2015\/11\/JBM_7024.jpg 1600w, https:\/\/photojosebueno.com\/wp-content\/uploads\/2015\/11\/JBM_7024-300x200.jpg 300w, https:\/\/photojosebueno.com\/wp-content\/uploads\/2015\/11\/JBM_7024-1024x682.jpg 1024w, https:\/\/photojosebueno.com\/wp-content\/uploads\/2015\/11\/JBM_7024-451x300.jpg 451w\" sizes=\"auto, (max-width: 1600px) 100vw, 1600px\" \/><\/p>\n<p style=\"text-align: justify;\">Hace un par de meses que terminaron las obras de mi nuevo estudio, situado en Madrid. Es un estudio pensado para realizar fotos de producto y books pues desgraciadamente las dimensiones no dan para meter un coche.<\/p>\n<p style=\"text-align: justify;\">En el estudio he sido fiel a la iluminaci\u00f3n que llevo a\u00f1os utilizando, me refiero a un par de cabezales de la marca Bowens, con los nidos de abeja que ven\u00edan en la maleta . He sustituido los paraguas por los t\u00edpicos softbox y octabox que dan una luz m\u00e1s tamizada y homog\u00e9nea. Tambi\u00e9n utilizo un cabezal de la marca Multiblitz con un softbox de nada menos que 180cm.<\/p>\n<p><img loading=\"lazy\" decoding=\"async\" class=\"aligncenter wp-image-1249 size-full\" src=\"http:\/\/photojosebueno.com\/wp-content\/uploads\/2015\/11\/JBM_7080.jpg\" alt=\"\" width=\"1714\" height=\"1179\" srcset=\"https:\/\/photojosebueno.com\/wp-content\/uploads\/2015\/11\/JBM_7080.jpg 1714w, https:\/\/photojosebueno.com\/wp-content\/uploads\/2015\/11\/JBM_7080-300x206.jpg 300w, https:\/\/photojosebueno.com\/wp-content\/uploads\/2015\/11\/JBM_7080-1024x704.jpg 1024w, https:\/\/photojosebueno.com\/wp-content\/uploads\/2015\/11\/JBM_7080-436x300.jpg 436w\" sizes=\"auto, (max-width: 1714px) 100vw, 1714px\" \/><\/p>\n<p style=\"text-align: justify;\">Todos los cabezales est\u00e1n puestos en unos tr\u00edpodes de la marca Walimex, m\u00e1s fuertes que los que ten\u00eda de origen y por supuesto todos tienen sus correspondientes ruedas para moverlos de manera mucho m\u00e1s f\u00e1cil.<\/p>\n<p style=\"text-align: justify;\">Todas las paredes del estudio est\u00e1n pintadas en un gris 18% si bien es cierto que mont\u00e9 un porta fondos de casi tres metros. Normalmente utilizo el negro o blanco dependiendo de la necesidad y rara vez utilizo el croma, decididamente no me gusta.<\/p>\n<p style=\"text-align: justify;\"><img loading=\"lazy\" decoding=\"async\" class=\"aligncenter wp-image-1247 size-full\" src=\"http:\/\/photojosebueno.com\/wp-content\/uploads\/2015\/11\/DSC04572.jpg\" alt=\"\" width=\"1257\" height=\"884\" srcset=\"https:\/\/photojosebueno.com\/wp-content\/uploads\/2015\/11\/DSC04572.jpg 1257w, https:\/\/photojosebueno.com\/wp-content\/uploads\/2015\/11\/DSC04572-300x211.jpg 300w, https:\/\/photojosebueno.com\/wp-content\/uploads\/2015\/11\/DSC04572-1024x720.jpg 1024w, https:\/\/photojosebueno.com\/wp-content\/uploads\/2015\/11\/DSC04572-427x300.jpg 427w\" sizes=\"auto, (max-width: 1257px) 100vw, 1257px\" \/><\/p>\n<p style=\"text-align: justify;\">En el estudio hay tambi\u00e9n una zona para el maquillaje y en otra habitaci\u00f3n est\u00e1 la zona de postproducci\u00f3n.<\/p>\n<p style=\"text-align: justify;\">Pero, \u00bfqu\u00e9 os parece si lo utilizamos?<\/p>\n<p style=\"text-align: justify;\">He quedado con dos modelos Marta Ramirez y\u00a0Anna Coll, nuestra maquilladora Katy Coto (<a href=\"https:\/\/www.facebook.com\/messages\/KatyCotomaquilladora\" rel=\"\">katycotomaquilladora@facebook.com<\/a>)\u00a0y M\u00f3nica Plasencia. Adem\u00e1s de\u00a0la estilista y la \u00abcielitos\u00bb como la llamo cari\u00f1osamente a nuestra\u00a0experta de postproducci\u00f3n ACC.<\/p>\n<p style=\"text-align: justify;\">En esta ocasi\u00f3n tenemos que hacer cuatro fotos a cada modelo para un trabajo muy espec\u00edfico que si me permites no voy a comentar.<\/p>\n<p style=\"text-align: justify;\"><img loading=\"lazy\" decoding=\"async\" class=\"aligncenter wp-image-1250 size-full\" src=\"http:\/\/photojosebueno.com\/wp-content\/uploads\/2015\/11\/JBM_7165.jpg\" alt=\"\" width=\"872\" height=\"1268\" srcset=\"https:\/\/photojosebueno.com\/wp-content\/uploads\/2015\/11\/JBM_7165.jpg 872w, https:\/\/photojosebueno.com\/wp-content\/uploads\/2015\/11\/JBM_7165-206x300.jpg 206w, https:\/\/photojosebueno.com\/wp-content\/uploads\/2015\/11\/JBM_7165-704x1024.jpg 704w\" sizes=\"auto, (max-width: 872px) 100vw, 872px\" \/><\/p>\n<p style=\"text-align: justify;\">Mientras Katy prepara a una de las modelos, me dispongo a colocar la luces, mediciones etc. y a eso me ayuda mi disc\u00edpula aventajada Laura Moreno que con el flash\u00edmetro en mano, posa y de paso mide la luz de cada fuente de luz.<\/p>\n<p style=\"text-align: justify;\">Para esta sesi\u00f3n voy a situar el octabox grande delante de la modelo como fuente de luz principal, con una medici\u00f3n de f:11. Adem\u00e1s voy a situar a ambos lados un octabox m\u00e1s peque\u00f1o y un softbox a la altura del grande pero en la parte baja para hacer la conocida iluminaci\u00f3n concha.<\/p>\n<p style=\"text-align: justify;\">El fondo elegido es el blanco y refuerzo la iluminaci\u00f3n con dos flashes Nikon, uno a cada lado del fondo. As\u00ed conseguir\u00e9 hacer la llamada iluminaci\u00f3n a infinito.<\/p>\n<p style=\"text-align: justify;\">Modelos preparadas, activo los sistemas wifi de las c\u00e1maras que voy a utilizar, una Nikon D4 y una Nikon D810 con \u00a0Nikkor 85mm 1.4 y\u00a0Nikkor 50mm 1.4<\/p>\n<p style=\"text-align: justify;\"><img loading=\"lazy\" decoding=\"async\" class=\"aligncenter wp-image-1246 size-full\" src=\"http:\/\/photojosebueno.com\/wp-content\/uploads\/2015\/11\/JBM0265.jpg\" alt=\"\" width=\"1257\" height=\"858\" srcset=\"https:\/\/photojosebueno.com\/wp-content\/uploads\/2015\/11\/JBM0265.jpg 1257w, https:\/\/photojosebueno.com\/wp-content\/uploads\/2015\/11\/JBM0265-300x205.jpg 300w, https:\/\/photojosebueno.com\/wp-content\/uploads\/2015\/11\/JBM0265-1024x699.jpg 1024w, https:\/\/photojosebueno.com\/wp-content\/uploads\/2015\/11\/JBM0265-440x300.jpg 440w\" sizes=\"auto, (max-width: 1257px) 100vw, 1257px\" \/><\/p>\n<p style=\"text-align: justify;\">Tambi\u00e9n suelo realizar\u00a0la t\u00edpica foto con la carta de colores para \u201ccertificar\u201d los colores del maquillaje piel etc.<\/p>\n<p style=\"text-align: justify;\">Empezamos la sesi\u00f3n y a medida que voy disparando, la cielitos me va diciendo mensajes para corregir y es que nada tiene que ver lo que se ve en la pantalla de una c\u00e1mara que en un tocho Mac con pantalla Retina.<\/p>\n<p><img loading=\"lazy\" decoding=\"async\" class=\"aligncenter wp-image-1251 size-full\" src=\"http:\/\/photojosebueno.com\/wp-content\/uploads\/2015\/11\/JBM_7202.jpg\" alt=\"\" width=\"912\" height=\"1313\" srcset=\"https:\/\/photojosebueno.com\/wp-content\/uploads\/2015\/11\/JBM_7202.jpg 912w, https:\/\/photojosebueno.com\/wp-content\/uploads\/2015\/11\/JBM_7202-208x300.jpg 208w, https:\/\/photojosebueno.com\/wp-content\/uploads\/2015\/11\/JBM_7202-711x1024.jpg 711w\" sizes=\"auto, (max-width: 912px) 100vw, 912px\" \/><\/p>\n<p style=\"text-align: justify;\">Es cierto que trabajar as\u00ed te permite concentrarte en las poses de la modelo y en los encuadres y te olvidad de otros temas como colores mediciones etc. etc.<\/p>\n<p style=\"text-align: justify;\">Como conclusi\u00f3n, dir\u00e9 que trabajar con las comodidades que dan hoy los sistemas modernos es una gozada, aunque sea con cabezales de flash antiguos.<\/p>\n<p style=\"text-align: justify;\"><strong><span style=\"color: #cc99ff;\">Premiered\u00a0Photo studio<\/span><\/strong><\/p>\n<p style=\"text-align: justify;\"><span style=\"color: #cc99ff;\">A couple of months that ended the works of my new studio, located in Madrid. It is a studio designed for product photos and books because unfortunately do not give the dimensions to fit a car.<\/span><\/p>\n<p style=\"text-align: justify;\"><span style=\"color: #cc99ff;\">In the studio I have been faithful to that spent years using lighting, I mean a couple of heads of the brand Bowens with honeycombs that came in the suitcase. I replaced the typical umbrella softbox and the octabox which give a more diffused and homogeneous light. I also use a head of the brand Multiblitz with softbox no less than 180cm.<\/span><\/p>\n<p style=\"text-align: justify;\"><span style=\"color: #cc99ff;\">All heads are on some tripods, stronger than it had Walimex brand of origin and of course they all have their respective wheels to make them so much easier.<\/span><\/p>\n<p style=\"text-align: justify;\"><span style=\"color: #cc99ff;\">All studio walls are painted in a gray 18% if it is true that rode a fund carries nearly three meters. Normally I use the black or white depending on the need and rarely use chroma, definitely do not like.<\/span><\/p>\n<p style=\"text-align: justify;\"><span style=\"color: #cc99ff;\">In the studio there is also an area for makeup and in another room near post.<\/span><\/p>\n<p style=\"text-align: justify;\"><span style=\"color: #cc99ff;\">But, what do you think if we use it?<\/span><\/p>\n<p style=\"text-align: justify;\"><span style=\"color: #cc99ff;\">I am left with two models: Anna Ramirez and Marta Coll, our makeup artist Katy Coto (katycotomaquilladora@facebook.com) and Monica Plasencia. In addition to the stylist and the \u00abcielitos\u00bb as affectionately I call our expert postproduction ACC.<\/span><\/p>\n<p style=\"text-align: justify;\"><span style=\"color: #cc99ff;\">This time we have to do four pictures for each model for a specific job if I may I will not comment.<\/span><\/p>\n<p style=\"text-align: justify;\"><span style=\"color: #cc99ff;\">While Katy prepares one of the models, I am about to place the lights, measurements etc. and it helps me my vantage disciple Laura Moreno flashmeter in hand with poses and measures the light passing each light source.<\/span><\/p>\n<p style=\"text-align: justify;\"><span style=\"color: #cc99ff;\">For this session I will place the largest octabox front of the model as a main light source, with a measurement of f 11. Also I will put both sides a smaller octabox and softbox up to the large but at the bottom to make known shell lighting.<\/span><\/p>\n<p style=\"text-align: justify;\"><span style=\"color: #cc99ff;\">The chosen background is white and lighting reinforcement with two flashes Nikon, one on each side of the bottom. So I get to make the call light to infinity.<\/span><\/p>\n<p style=\"text-align: justify;\"><span style=\"color: #cc99ff;\">Prepared, active models wifi camera systems which I will use a Nikon D4 and Nikon D810 with Nikkor 85mm and Nikkor 50mm 1.4<\/span><\/p>\n<p style=\"text-align: justify;\"><span style=\"color: #cc99ff;\">I usually also do the typical picture with the color chart to \u00abcertify\u00bb skin makeup colors etc.<\/span><br \/>\n<span style=\"color: #cc99ff;\">We began the session and as I shoot, the cielitos going to correct me messages saying is that nothing has to do what is seen on the screen of a camera on a Mac screen Retina billet.<\/span><\/p>\n<p style=\"text-align: justify;\"><span style=\"color: #cc99ff;\">It is true that work and lets you focus on the poses of the model and you Forget the frames and other issues such as color measurements etc. etc.<\/span><\/p>\n<p style=\"text-align: justify;\"><span style=\"color: #cc99ff;\">In conclusion, I will say that working with the amenities that give today&#8217;s modern systems is a joy, even with old heads flash.<\/span><\/p>\n","protected":false},"excerpt":{"rendered":"<p>Hace un par de meses que terminaron las obras de mi nuevo estudio, situado en Madrid. Es un estudio pensado para realizar fotos de producto y books pues desgraciadamente las dimensiones no dan para meter un coche. En el estudio he sido fiel a la iluminaci\u00f3n que llevo a\u00f1os utilizando, me refiero a un par [&hellip;]<\/p>\n","protected":false},"author":1,"featured_media":0,"parent":0,"menu_order":0,"comment_status":"closed","ping_status":"closed","template":"","meta":{"footnotes":""},"class_list":["post-1680","page","type-page","status-publish","hentry"],"_links":{"self":[{"href":"https:\/\/www.photojosebueno.com\/index.php?rest_route=\/wp\/v2\/pages\/1680","targetHints":{"allow":["GET"]}}],"collection":[{"href":"https:\/\/www.photojosebueno.com\/index.php?rest_route=\/wp\/v2\/pages"}],"about":[{"href":"https:\/\/www.photojosebueno.com\/index.php?rest_route=\/wp\/v2\/types\/page"}],"author":[{"embeddable":true,"href":"https:\/\/www.photojosebueno.com\/index.php?rest_route=\/wp\/v2\/users\/1"}],"replies":[{"embeddable":true,"href":"https:\/\/www.photojosebueno.com\/index.php?rest_route=%2Fwp%2Fv2%2Fcomments&post=1680"}],"version-history":[{"count":1,"href":"https:\/\/www.photojosebueno.com\/index.php?rest_route=\/wp\/v2\/pages\/1680\/revisions"}],"predecessor-version":[{"id":1681,"href":"https:\/\/www.photojosebueno.com\/index.php?rest_route=\/wp\/v2\/pages\/1680\/revisions\/1681"}],"wp:attachment":[{"href":"https:\/\/www.photojosebueno.com\/index.php?rest_route=%2Fwp%2Fv2%2Fmedia&parent=1680"}],"curies":[{"name":"wp","href":"https:\/\/api.w.org\/{rel}","templated":true}]}}