{"id":1668,"date":"2017-04-08T11:53:30","date_gmt":"2017-04-08T11:53:30","guid":{"rendered":"http:\/\/www.photojosebueno.com\/?page_id=1668"},"modified":"2017-04-08T12:00:56","modified_gmt":"2017-04-08T12:00:56","slug":"todo-un-honor","status":"publish","type":"page","link":"https:\/\/www.photojosebueno.com\/?page_id=1668","title":{"rendered":"TODO UN HONOR"},"content":{"rendered":"<p><iframe loading=\"lazy\" title=\"Daylight Studios - Phase One IQ3 100MP\" width=\"625\" height=\"352\" src=\"https:\/\/www.youtube.com\/embed\/VGvvWayYiSw?feature=oembed\" frameborder=\"0\" allow=\"accelerometer; autoplay; clipboard-write; encrypted-media; gyroscope; picture-in-picture; web-share\" referrerpolicy=\"strict-origin-when-cross-origin\" allowfullscreen><\/iframe><\/p>\n<p>El pasado d\u00eda martes 9, tuve el honor de participar como fot\u00f3grafo en la presentaci\u00f3n de la que posiblemente sea en la actualidad una de las mejores c\u00e1maras para estudio del mundo, me refiero a la Phase One XF 100 MP, una c\u00e1mara que dotada de un respaldo digital de 100 megapixels y con una profundidad de campo de 16 bits.<\/p>\n<p><img loading=\"lazy\" decoding=\"async\" class=\"aligncenter wp-image-1257 size-full\" src=\"http:\/\/photojosebueno.com\/wp-content\/uploads\/2016\/02\/IMG_1273.gif\" alt=\"\" width=\"1600\" height=\"1200\" \/><\/p>\n<p style=\"text-align: justify;\">El entorno de la presentaci\u00f3n no pod\u00eda ser mejor, los estudios\u00a0<a href=\"http:\/\/daylightstudios.com\" target=\"_blank\">Daylight<\/a>\u00a0de Madrid, un sitio perfecto y muy utilizado profesionales del mundo de la moda y la publicidad.<\/p>\n<p style=\"text-align: justify;\">Adem\u00e1s ten\u00edamos todo un \u201ctop model\u201d, nada menos que uno de los mejores deportivos de la marca Ferrari, que luc\u00eda unos relucientes brillos tras pasar por el detallado de la firma\u00a0<a href=\"https:\/\/www.facebook.com\/etdetail.es\" target=\"_blank\">ET Detail<\/a>.<\/p>\n<p style=\"text-align: justify;\">Con todo preparado, iniciamos la presentaci\u00f3n y durante toda la ma\u00f1ana, sometimos a la Phase One XF 100 MP a todo tipo de pruebas como la sincronizaci\u00f3n a altas velocidades con los sistemas de flashes Profoto, luz continua, desenfoques, etc.<\/p>\n<p style=\"text-align: justify;\"><img loading=\"lazy\" decoding=\"async\" class=\"aligncenter wp-image-1260 size-full\" src=\"http:\/\/photojosebueno.com\/wp-content\/uploads\/2016\/02\/Z9A6445.gif\" alt=\"\" width=\"1200\" height=\"800\" \/><\/p>\n<p style=\"text-align: justify;\">Todos quedamos muy satisfechos con los resultados de \u00e9sta c\u00e1mara y eso que el reto en alguna de las fotos, era complicado con el Ferrari de color Rosso Corsa (rojo carrera), un color que a muchos sensores se le atraganta. Aun as\u00ed la c\u00e1mara dio la talla.<\/p>\n<p style=\"text-align: justify;\">Quiz\u00e1s lo m\u00e1s interesante del sistema XF es que han desarrollado unos impresionantes objetivos, algunos con obturaci\u00f3n central, capaces de sincronizar con los flashes Profoto hasta 1\/1600s de velocidad y \u00f3pticas de plano focal, m\u00e1s ligeras y que pueden alcanzar hasta 1\/4000s de obturaci\u00f3n. Adem\u00e1s estos objetivos, est\u00e1n optimizados para trabajar con un respaldo de tanta definici\u00f3n (100 Mp).<\/p>\n<p style=\"text-align: justify;\"><img loading=\"lazy\" decoding=\"async\" class=\"aligncenter wp-image-1261 size-full\" src=\"http:\/\/photojosebueno.com\/wp-content\/uploads\/2016\/02\/Captura-de-pantalla-2016-02-13-a-las-14.54.29.gif\" alt=\"\" width=\"1200\" height=\"750\" \/><\/p>\n<p style=\"text-align: justify;\">El \u00abrevelado\u00bb, como suele ocurrir en todas las c\u00e1maras que ven la luz, solo se puede realizar con \u00faltimas versiones de Capture One. Seguro en que un plazo corto, adem\u00e1s de el programa de la casa, tambi\u00e9n se podr\u00e1 utilizar otros como el famoso Camera Raw de la casa Adobe.<\/p>\n<p style=\"text-align: justify;\">En la sesi\u00f3n, pude comprobar en primera persona, la calidad de este sistema que cada d\u00eda evoluciona hacia la excelencia. L\u00e1stima que el precio sea acorde con lo que ofrecen pues en estos momentos es dif\u00edcil conseguir clientes dispuestos a pagar una imagen con esa calidad, pero estoy seguro que eso es cuesti\u00f3n de tiempo que el mercado vuelva a cambiar.<\/p>\n<p style=\"text-align: justify;\">Me quedo con la idea que, si quieres lo mejor en estudio, \u00e9sta es la soluci\u00f3n y en mi opini\u00f3n, si el uso, va ha ser en trabajos espor\u00e1dicos, la m\u00e1s sensato es alquilar el equipo e incluso el estudio. Por ejemplo\u00a0<a href=\"http:\/\/Daylight Studios\" target=\"_blank\">Daylight Studios<\/a>\u00a0ofrece ese alquiler e incluso personal especializado en iluminaci\u00f3n y otros campos. Todo un lujo a precios m\u00e1s asequibles e inteligentes que la inversi\u00f3n.<\/p>\n<p style=\"text-align: justify;\"><span style=\"color: #cc99ff;\"><strong>An honor<\/strong><\/span><\/p>\n<p style=\"text-align: justify;\"><span style=\"color: #cc99ff;\">Last Tuesday in September, I had the honor of participating as a photographer in presenting what is possibly now one of the best cameras to study the world, I mean the Phase One XF 100 MP, a camera equipped with a 100 megapixel digital back and a depth of field of 16 bits.<\/span><\/p>\n<p style=\"text-align: justify;\"><span style=\"color: #cc99ff;\">The setting of the presentation could not be better, the\u00a0<a href=\"http:\/\/daylightstudios.com\" target=\"_blank\">Daylight studios<\/a>\u00a0in Madrid, a perfect place and widely used professional world of fashion and advertising.<\/span><\/p>\n<p style=\"text-align: justify;\"><span style=\"color: #cc99ff;\">We also had quite a \u00abtop model\u00bb, no less than one of the best sports brand Ferrari, wearing a gleaming shine after going through the detailed signature\u00a0<a href=\"https:\/\/www.facebook.com\/etdetail.es\" target=\"_blank\">Detail ET<\/a>.<\/span><\/p>\n<p style=\"text-align: justify;\"><span style=\"color: #cc99ff;\">With everything ready, we began the presentation and throughout the morning, we submitted to the Phase One XF 100 MP to all kinds of tests such as high-speed synchronization systems Profoto Flashes, continuous light, blurs, etc.<\/span><\/p>\n<p style=\"text-align: justify;\"><span style=\"color: #cc99ff;\">All were very pleased with the results of this chamber and that the challenge in some of the photos, it was difficult with Ferrari Rosso Corsa color (red race), a color that many sensors is choking. The camera still wanting.<\/span><\/p>\n<p style=\"text-align: justify;\"><span style=\"color: #cc99ff;\">Perhaps most interesting is that the XF system have developed impressive goals, some with central shutter, capable of synchronizing with Profoto flashes up to 1 \/ 1600s speed and optical focal plane lighter and can reach up to 1 \/ 4000s in obturation. Besides these objectives are optimized to work with a backing such definition (100 Mw).<\/span><\/p>\n<p style=\"text-align: justify;\"><span style=\"color: #cc99ff;\">The \u00abit revealed\u00bb as they occur in all cameras that see the light, can only be done with latest versions of Capture One. Sure that a short-term, as well as the program of the house, also can use others like famous Adobe Camera Raw the house.<\/span><\/p>\n<p style=\"text-align: justify;\"><span style=\"color: #cc99ff;\">At the sitting, I could see firsthand the quality of this system is evolving every day towards excellence. Too bad the price is in line with what they offer because at the moment it is difficult to get customers willing to pay a picture with the quality, but I&#8217;m sure that&#8217;s a matter of time before the market turns around again.<\/span><\/p>\n<p style=\"text-align: justify;\"><span style=\"color: #cc99ff;\">I prefer the idea that if you want the best in the study, this is the solution and in my opinion, if the use has to be going on odd jobs, the more sense to rent equipment and even the study. For example the rental Daylight Studios offers and even personnel specialized in lighting and other fields. A luxury at more affordable and intelligent investment prices.<\/span><\/p>\n","protected":false},"excerpt":{"rendered":"<p>El pasado d\u00eda martes 9, tuve el honor de participar como fot\u00f3grafo en la presentaci\u00f3n de la que posiblemente sea en la actualidad una de las mejores c\u00e1maras para estudio del mundo, me refiero a la Phase One XF 100 MP, una c\u00e1mara que dotada de un respaldo digital de 100 megapixels y con una [&hellip;]<\/p>\n","protected":false},"author":1,"featured_media":0,"parent":0,"menu_order":0,"comment_status":"closed","ping_status":"closed","template":"","meta":{"footnotes":""},"class_list":["post-1668","page","type-page","status-publish","hentry"],"_links":{"self":[{"href":"https:\/\/www.photojosebueno.com\/index.php?rest_route=\/wp\/v2\/pages\/1668","targetHints":{"allow":["GET"]}}],"collection":[{"href":"https:\/\/www.photojosebueno.com\/index.php?rest_route=\/wp\/v2\/pages"}],"about":[{"href":"https:\/\/www.photojosebueno.com\/index.php?rest_route=\/wp\/v2\/types\/page"}],"author":[{"embeddable":true,"href":"https:\/\/www.photojosebueno.com\/index.php?rest_route=\/wp\/v2\/users\/1"}],"replies":[{"embeddable":true,"href":"https:\/\/www.photojosebueno.com\/index.php?rest_route=%2Fwp%2Fv2%2Fcomments&post=1668"}],"version-history":[{"count":3,"href":"https:\/\/www.photojosebueno.com\/index.php?rest_route=\/wp\/v2\/pages\/1668\/revisions"}],"predecessor-version":[{"id":1672,"href":"https:\/\/www.photojosebueno.com\/index.php?rest_route=\/wp\/v2\/pages\/1668\/revisions\/1672"}],"wp:attachment":[{"href":"https:\/\/www.photojosebueno.com\/index.php?rest_route=%2Fwp%2Fv2%2Fmedia&parent=1668"}],"curies":[{"name":"wp","href":"https:\/\/api.w.org\/{rel}","templated":true}]}}