{"id":1649,"date":"2017-04-08T08:47:18","date_gmt":"2017-04-08T08:47:18","guid":{"rendered":"http:\/\/www.photojosebueno.com\/?page_id=1649"},"modified":"2017-04-08T08:50:36","modified_gmt":"2017-04-08T08:50:36","slug":"viaje-a-le-mans-classic","status":"publish","type":"page","link":"https:\/\/www.photojosebueno.com\/?page_id=1649","title":{"rendered":"Viaje a Le Mans Classic"},"content":{"rendered":"<h1 style=\"text-align: justify;\">Viaje a Le Mans Classic<\/h1>\n<p style=\"text-align: justify;\"><img loading=\"lazy\" decoding=\"async\" class=\"aligncenter wp-image-1377 size-full\" src=\"http:\/\/photojosebueno.com\/wp-content\/uploads\/2016\/08\/JBM9624.jpg\" alt=\"\" width=\"1200\" height=\"799\" srcset=\"https:\/\/photojosebueno.com\/wp-content\/uploads\/2016\/08\/JBM9624.jpg 1200w, https:\/\/photojosebueno.com\/wp-content\/uploads\/2016\/08\/JBM9624-300x200.jpg 300w, https:\/\/photojosebueno.com\/wp-content\/uploads\/2016\/08\/JBM9624-768x511.jpg 768w, https:\/\/photojosebueno.com\/wp-content\/uploads\/2016\/08\/JBM9624-1024x682.jpg 1024w, https:\/\/photojosebueno.com\/wp-content\/uploads\/2016\/08\/JBM9624-451x300.jpg 451w\" sizes=\"auto, (max-width: 1200px) 100vw, 1200px\" \/><a href=\"http:\/\/www.photojosebueno.com\/?attachment_id=1377\" rel=\"attachment wp-att-1377\"><br \/>\n<\/a>Hace tiempo escrib\u00ed una entrada relacionada con los viajes y la forma de llevar el equipo en compa\u00f1\u00edas a\u00e9reas lowcost. Esta entrada gener\u00f3 muchas visitas y preguntas. Pues bien, en esta ocasi\u00f3n el viaje era al m\u00edtico circuito de Le Mans y aunque al principio pensaba hacerlo volando hasta Par\u00eds y luego alquilar un coche para recorrer los menos de 200km., los colegas de viaje prefer\u00edan viajar con un coche decorado con uno de los medios en los que soy colaborador 9Republic.<\/p>\n<p style=\"text-align: justify;\">Por fin iba hacer un viaje sin problemas de peso en mi equipaje, si bien es cierto que tampoco quer\u00eda llevar exceso de equipo y es que despu\u00e9s de a\u00f1os viajando, he descubierto que menos es m\u00e1s y siempre llevo \u00f3pticas que no utilizo asiduamente pero que tienen miles de kil\u00f3metros por aquello del \u201cpor si acaso\u201d<\/p>\n<p style=\"text-align: justify;\">Con las ideas claras, el primero en mi maleta ten\u00eda que ser el Nikkor 300mm f:2.8. Un objetivo muy pesado pero necesario en un circuito en el que a veces los coches est\u00e1n muy alejados de las viondas. Adem\u00e1s de llevar tambi\u00e9n el Nikkor 1,7 (dupli) para alguna zona concreta.<\/p>\n<p style=\"text-align: justify;\"><img loading=\"lazy\" decoding=\"async\" class=\"aligncenter wp-image-1370 size-full\" src=\"http:\/\/photojosebueno.com\/wp-content\/uploads\/2016\/08\/JBM0007-1.jpg\" alt=\"\" width=\"1200\" height=\"799\" srcset=\"https:\/\/photojosebueno.com\/wp-content\/uploads\/2016\/08\/JBM0007-1.jpg 1200w, https:\/\/photojosebueno.com\/wp-content\/uploads\/2016\/08\/JBM0007-1-300x200.jpg 300w, https:\/\/photojosebueno.com\/wp-content\/uploads\/2016\/08\/JBM0007-1-768x511.jpg 768w, https:\/\/photojosebueno.com\/wp-content\/uploads\/2016\/08\/JBM0007-1-1024x682.jpg 1024w, https:\/\/photojosebueno.com\/wp-content\/uploads\/2016\/08\/JBM0007-1-451x300.jpg 451w\" sizes=\"auto, (max-width: 1200px) 100vw, 1200px\" \/><\/p>\n<p style=\"text-align: justify;\"><img loading=\"lazy\" decoding=\"async\" class=\"aligncenter wp-image-1376 size-full\" src=\"http:\/\/photojosebueno.com\/wp-content\/uploads\/2016\/08\/JBM9240.jpg\" alt=\"\" width=\"1200\" height=\"799\" srcset=\"https:\/\/photojosebueno.com\/wp-content\/uploads\/2016\/08\/JBM9240.jpg 1200w, https:\/\/photojosebueno.com\/wp-content\/uploads\/2016\/08\/JBM9240-300x200.jpg 300w, https:\/\/photojosebueno.com\/wp-content\/uploads\/2016\/08\/JBM9240-768x511.jpg 768w, https:\/\/photojosebueno.com\/wp-content\/uploads\/2016\/08\/JBM9240-1024x682.jpg 1024w, https:\/\/photojosebueno.com\/wp-content\/uploads\/2016\/08\/JBM9240-451x300.jpg 451w\" sizes=\"auto, (max-width: 1200px) 100vw, 1200px\" \/><a href=\"http:\/\/www.photojosebueno.com\/blog\/?attachment_id=1370\" rel=\"attachment wp-att-1370\"><br \/>\n<\/a><img loading=\"lazy\" decoding=\"async\" class=\"aligncenter wp-image-1375 size-full\" src=\"http:\/\/photojosebueno.com\/wp-content\/uploads\/2016\/08\/JBM9191.jpg\" alt=\"\" width=\"1200\" height=\"799\" srcset=\"https:\/\/photojosebueno.com\/wp-content\/uploads\/2016\/08\/JBM9191.jpg 1200w, https:\/\/photojosebueno.com\/wp-content\/uploads\/2016\/08\/JBM9191-300x200.jpg 300w, https:\/\/photojosebueno.com\/wp-content\/uploads\/2016\/08\/JBM9191-768x511.jpg 768w, https:\/\/photojosebueno.com\/wp-content\/uploads\/2016\/08\/JBM9191-1024x682.jpg 1024w, https:\/\/photojosebueno.com\/wp-content\/uploads\/2016\/08\/JBM9191-451x300.jpg 451w\" sizes=\"auto, (max-width: 1200px) 100vw, 1200px\" \/><a href=\"http:\/\/www.photojosebueno.com\/?attachment_id=1379\" rel=\"attachment wp-att-1379\"><br \/>\n<\/a><img loading=\"lazy\" decoding=\"async\" class=\"aligncenter wp-image-1379 size-full\" src=\"http:\/\/photojosebueno.com\/wp-content\/uploads\/2016\/08\/JBM9707.jpg\" alt=\"\" width=\"1200\" height=\"799\" srcset=\"https:\/\/photojosebueno.com\/wp-content\/uploads\/2016\/08\/JBM9707.jpg 1200w, https:\/\/photojosebueno.com\/wp-content\/uploads\/2016\/08\/JBM9707-300x200.jpg 300w, https:\/\/photojosebueno.com\/wp-content\/uploads\/2016\/08\/JBM9707-768x511.jpg 768w, https:\/\/photojosebueno.com\/wp-content\/uploads\/2016\/08\/JBM9707-1024x682.jpg 1024w, https:\/\/photojosebueno.com\/wp-content\/uploads\/2016\/08\/JBM9707-451x300.jpg 451w\" sizes=\"auto, (max-width: 1200px) 100vw, 1200px\" \/><a href=\"http:\/\/www.photojosebueno.com\/blog\/?attachment_id=1376\" rel=\"attachment wp-att-1376\"><br \/>\n<\/a><\/p>\n<p style=\"text-align: justify;\">Por otra parte, para la zona de paddock, \u00faltimamente me tiene enamorado el Nikkor 14-24mm f:2.8. Este objetivo es excepcional si se sabe utilizar y pens\u00e9 que para qu\u00e9 iba a llevar el Nikkor 24-70mm. Un objetivo que antes llevaba soldado a uno de mis cuerpos pero que \u00faltimamente lo utilizo m\u00e1s para fotograf\u00eda social. Esta decisi\u00f3n fue acertada. La fotos del 14-24mm. marcan la diferencia en la mayor\u00eda de los casos. Es cierto que a veces el 14mm. deforma mucho los coches y esto puede ser bueno o malo, seg\u00fan como sea esa deformaci\u00f3n y de c\u00f3mo mire la foto el espectador, pero ciertamente, el abuso de una focal tan marcada cansa.<\/p>\n<p style=\"text-align: justify;\"><img loading=\"lazy\" decoding=\"async\" class=\"aligncenter wp-image-1373 size-full\" src=\"http:\/\/photojosebueno.com\/wp-content\/uploads\/2016\/08\/JBM4501.jpg\" alt=\"\" width=\"1200\" height=\"801\" srcset=\"https:\/\/photojosebueno.com\/wp-content\/uploads\/2016\/08\/JBM4501.jpg 1200w, https:\/\/photojosebueno.com\/wp-content\/uploads\/2016\/08\/JBM4501-300x200.jpg 300w, https:\/\/photojosebueno.com\/wp-content\/uploads\/2016\/08\/JBM4501-768x513.jpg 768w, https:\/\/photojosebueno.com\/wp-content\/uploads\/2016\/08\/JBM4501-1024x684.jpg 1024w, https:\/\/photojosebueno.com\/wp-content\/uploads\/2016\/08\/JBM4501-449x300.jpg 449w\" sizes=\"auto, (max-width: 1200px) 100vw, 1200px\" \/><a href=\"http:\/\/www.photojosebueno.com\/blog\/?attachment_id=1373\" rel=\"attachment wp-att-1373\"><br \/>\n<\/a><img loading=\"lazy\" decoding=\"async\" class=\"aligncenter wp-image-1372 size-full\" src=\"http:\/\/photojosebueno.com\/wp-content\/uploads\/2016\/08\/JBM4486-1.jpg\" alt=\"\" width=\"1200\" height=\"801\" srcset=\"https:\/\/photojosebueno.com\/wp-content\/uploads\/2016\/08\/JBM4486-1.jpg 1200w, https:\/\/photojosebueno.com\/wp-content\/uploads\/2016\/08\/JBM4486-1-300x200.jpg 300w, https:\/\/photojosebueno.com\/wp-content\/uploads\/2016\/08\/JBM4486-1-768x513.jpg 768w, https:\/\/photojosebueno.com\/wp-content\/uploads\/2016\/08\/JBM4486-1-1024x684.jpg 1024w, https:\/\/photojosebueno.com\/wp-content\/uploads\/2016\/08\/JBM4486-1-449x300.jpg 449w\" sizes=\"auto, (max-width: 1200px) 100vw, 1200px\" \/><\/p>\n<p style=\"text-align: justify;\">Otro objetivo que ten\u00eda que llevar es el famoso Nikkor 70-200mm. f:2.8. Un objetivo que utilizo asiduamente en sesiones de coches y que en este viaje pod\u00eda ser interesante en zonas en las que los coches pasan m\u00e1s cerca de las vallas.<\/p>\n<p style=\"text-align: justify;\"><img loading=\"lazy\" decoding=\"async\" class=\"aligncenter wp-image-1374 size-full\" src=\"http:\/\/photojosebueno.com\/wp-content\/uploads\/2016\/08\/JBM4635.jpg\" alt=\"\" width=\"1200\" height=\"801\" srcset=\"https:\/\/photojosebueno.com\/wp-content\/uploads\/2016\/08\/JBM4635.jpg 1200w, https:\/\/photojosebueno.com\/wp-content\/uploads\/2016\/08\/JBM4635-300x200.jpg 300w, https:\/\/photojosebueno.com\/wp-content\/uploads\/2016\/08\/JBM4635-768x513.jpg 768w, https:\/\/photojosebueno.com\/wp-content\/uploads\/2016\/08\/JBM4635-1024x684.jpg 1024w, https:\/\/photojosebueno.com\/wp-content\/uploads\/2016\/08\/JBM4635-449x300.jpg 449w\" sizes=\"auto, (max-width: 1200px) 100vw, 1200px\" \/><\/p>\n<p style=\"text-align: justify;\">Ten\u00eda claro que llevar\u00eda dos cuerpos, la D4 y la D810 y mont\u00f3n de memorias, bater\u00edas, cargadores, protectores para la lluvia, etc.<\/p>\n<p style=\"text-align: justify;\">Curiosamente donde tuve dudas fue a la hora de elegir entre tr\u00edpode o monopi\u00e9, e incluso cual de ellos. Hace poco tiempo compr\u00e9 una r\u00f3tula guimbal Wimberley para hacer los barridos con el 300mm. en un tr\u00edpode pues cuando est\u00e1s toda una ma\u00f1ana o todo un d\u00eda haciendo barridos a pulso con el 300mm. mis brazos aguantan a duras penas y en el mejor de los casos acabo con agujetas.<\/p>\n<p style=\"text-align: justify;\">Al final me decid\u00ed por llevar el tr\u00edpode que tengo para viajar en avi\u00f3n, un tr\u00edpode que nunca me han puesto pegas para llevarlo en cabina al ser de carbono y aunque en esta ocasi\u00f3n no viajaba en avi\u00f3n, pens\u00e9 que ser\u00eda lo mejor para las tomas nocturnas y para probar la guimbal.<\/p>\n<p style=\"text-align: justify;\"><img loading=\"lazy\" decoding=\"async\" class=\"aligncenter wp-image-1371 size-full\" src=\"http:\/\/photojosebueno.com\/wp-content\/uploads\/2016\/08\/JBM0191.jpg\" alt=\"\" width=\"1200\" height=\"799\" srcset=\"https:\/\/photojosebueno.com\/wp-content\/uploads\/2016\/08\/JBM0191.jpg 1200w, https:\/\/photojosebueno.com\/wp-content\/uploads\/2016\/08\/JBM0191-300x200.jpg 300w, https:\/\/photojosebueno.com\/wp-content\/uploads\/2016\/08\/JBM0191-768x511.jpg 768w, https:\/\/photojosebueno.com\/wp-content\/uploads\/2016\/08\/JBM0191-1024x682.jpg 1024w, https:\/\/photojosebueno.com\/wp-content\/uploads\/2016\/08\/JBM0191-451x300.jpg 451w\" sizes=\"auto, (max-width: 1200px) 100vw, 1200px\" \/><\/p>\n<p style=\"text-align: justify;\">Acert\u00e9 de casualidad pues en el briefing que te dan en el Media Center cuando te acreditas, nos indicaban muy claramente que este a\u00f1o estaba prohibido usar tr\u00edpodes y solo se autorizaba el uso de monopi\u00e9s. Seguro que est\u00e1s pensando que me he equivocado al escribir \u00e9ste p\u00e1rrafo pero acert\u00e9 al escoger ese tr\u00edpode que una de sus patas de convierte en un excelente monopi\u00e9 y eso me permiti\u00f3 hacer fotos sin problemas, eso si, no pude probar mi nueva Wimberley.<\/p>\n<p style=\"text-align: justify;\">En los tiempos que corren, lo que hoy se puede utilizar, en cualquier momento por temas de seguridad, las normas y eso te puede afectar a tu trabajo o forma de realizarlo. Es lo que toca en estos tiempos.<\/p>\n<p style=\"text-align: justify;\"><strong><span style=\"color: #993366;\">Trip to Le Mans Classic<\/span><\/strong><\/p>\n<p style=\"text-align: justify;\"><span style=\"color: #993366;\">Time ago I wrote an entry related to travel and how to carry equipment in lowcost airlines. This entry generated many visits and questions. Well, this time the trip was the legendary circuit of Le Mans and although at first I thought doing flying to Paris and then rent a car to travel less than 200km., Colleagues travel preferred to travel with a car decorated with one of the means in which I am partner 9Republic.<\/span><\/p>\n<p style=\"text-align: justify;\"><span style=\"color: #993366;\">Finally I am going to make a trip without weight problems in my luggage, if it is true that did not want to carry excess equipment and is that after years of traveling, I discovered that less is more and always wear lenses that do not use regularly but have thousands of kilometers by that of \u00abjust in case\u00bb<\/span><\/p>\n<p style=\"text-align: justify;\"><span style=\"color: #993366;\">With clear ideas, the first in my suitcase had to be the Nikkor 300mm f: 2.8. A very heavy but necessary goal in a circuit where cars are sometimes far removed from the viondas. In addition to also bear the Nikkor 1.7 (doppel) for any particular area.<\/span><\/p>\n<p style=\"text-align: justify;\"><span style=\"color: #993366;\">Moreover, for the paddock area, lately I have the Nikkor 14-24mm f love: 2.8. This objective is exceptional if you know how to use and I thought what was going to take the Nikkor 24-70mm. A soldier target once took one of my bodies but lately I use it more for social photography. This decision was successful. The pictures of 14-24mm. make a difference in most cases. It is true that sometimes the 14mm. deforms much cars and this can be good or bad, according as the deformation and how the viewer look at the photo, but certainly the abuse of such a marked focal tired.<\/span><\/p>\n<p style=\"text-align: justify;\"><span style=\"color: #993366;\">Another objective was to bring the famous Nikkor 70-200mm is. f: 2.8. One goal that I use regularly in sessions of cars and on this trip could be interesting in areas where cars pass closer to the fences.<\/span><\/p>\n<p style=\"text-align: justify;\"><span style=\"color: #993366;\">It was clear that it would take two bodies, the D4 and D810 and lots of memories, batteries, chargers, protective rain gear, etc.<\/span><\/p>\n<p style=\"text-align: justify;\"><span style=\"color: #993366;\">Interestingly doubt where I was at when choosing between tripod or monopod, and even which of them. recently I bought a kneecap Guimbal Wimberley for sweeps with 300mm. on a tripod because when you&#8217;re a morning or a day doing sweeps pulse with 300mm. my arms barely endure and the best just with shoelaces.<\/span><\/p>\n<p style=\"text-align: justify;\"><span style=\"color: #993366;\">In the end I decided to carry the tripod that I have to travel by plane, a tripod that have never been hit me to carry in cabin when carbon and although this time not traveling by plane, I thought it would be best for night shots and to test the Guimbal.<\/span><\/p>\n<p style=\"text-align: justify;\"><span style=\"color: #993366;\">I happened by chance as the briefing you get in the Media Center when you prove you, we indicated very clearly that this year was prohibited from using tripods and monopods only use was authorized. You&#8217;re probably thinking that I was wrong to write this paragraph but I was right to choose the tripod that one of his legs makes it an excellent monopod and that allowed me to take pictures without problems, that if I could not prove my new Wimberley.<\/span><\/p>\n<p style=\"text-align: justify;\"><span style=\"color: #993366;\">In these times, which today you can be used at any time for security, standards and that can affect you work or way to do it. It is what touches these days.<\/span><\/p>\n","protected":false},"excerpt":{"rendered":"<p>Viaje a Le Mans Classic Hace tiempo escrib\u00ed una entrada relacionada con los viajes y la forma de llevar el equipo en compa\u00f1\u00edas a\u00e9reas lowcost. Esta entrada gener\u00f3 muchas visitas y preguntas. Pues bien, en esta ocasi\u00f3n el viaje era al m\u00edtico circuito de Le Mans y aunque al principio pensaba hacerlo volando hasta Par\u00eds [&hellip;]<\/p>\n","protected":false},"author":1,"featured_media":0,"parent":0,"menu_order":0,"comment_status":"closed","ping_status":"closed","template":"page-templates\/full-width.php","meta":{"footnotes":""},"class_list":["post-1649","page","type-page","status-publish","hentry"],"_links":{"self":[{"href":"https:\/\/www.photojosebueno.com\/index.php?rest_route=\/wp\/v2\/pages\/1649","targetHints":{"allow":["GET"]}}],"collection":[{"href":"https:\/\/www.photojosebueno.com\/index.php?rest_route=\/wp\/v2\/pages"}],"about":[{"href":"https:\/\/www.photojosebueno.com\/index.php?rest_route=\/wp\/v2\/types\/page"}],"author":[{"embeddable":true,"href":"https:\/\/www.photojosebueno.com\/index.php?rest_route=\/wp\/v2\/users\/1"}],"replies":[{"embeddable":true,"href":"https:\/\/www.photojosebueno.com\/index.php?rest_route=%2Fwp%2Fv2%2Fcomments&post=1649"}],"version-history":[{"count":4,"href":"https:\/\/www.photojosebueno.com\/index.php?rest_route=\/wp\/v2\/pages\/1649\/revisions"}],"predecessor-version":[{"id":1653,"href":"https:\/\/www.photojosebueno.com\/index.php?rest_route=\/wp\/v2\/pages\/1649\/revisions\/1653"}],"wp:attachment":[{"href":"https:\/\/www.photojosebueno.com\/index.php?rest_route=%2Fwp%2Fv2%2Fmedia&parent=1649"}],"curies":[{"name":"wp","href":"https:\/\/api.w.org\/{rel}","templated":true}]}}